{"id":47679,"date":"2024-02-14T07:25:37","date_gmt":"2024-02-14T06:25:37","guid":{"rendered":"https:\/\/truusk.store\/product\/rottingfatolj-avslappningsfatolj-i-bohostil-132-cm-x-72-cm-x-83-cm-svart\/"},"modified":"2026-03-12T09:34:18","modified_gmt":"2026-03-12T08:34:18","slug":"truusk-rottingfatolj-avslappningsfatolj-i-bohostil-132-cm-x-72-cm-x-83-cm-svart","status":"publish","type":"product","link":"https:\/\/truusk.store\/sv\/produkt\/truusk-rottingfatolj-avslappningsfatolj-i-bohostil-132-cm-x-72-cm-x-83-cm-svart\/","title":{"rendered":"TRUUSK Rottingf\u00e5t\u00f6lj &#8211; Avslappningsf\u00e5t\u00f6lj i Bohostil &#8211; 132 cm x 72 cm x 83 cm &#8211; Svart"},"content":{"rendered":"<p>Letar du efter fritidsprodukter i PE-rotting till din vackra tr\u00e4dg\u00e5rd? Denna PE-rottingf\u00e5t\u00f6lj \u00e4r det b\u00e4sta valet f\u00f6r dig och din familj. F\u00e5t\u00f6ljen best\u00e5r av en st\u00e5lram med pulverlackerad finish och \u00e4r t\u00e4ckt med v\u00e4derbest\u00e4ndig, handv\u00e4vd PE-rotting, vilket garanterar \u00e5r av tillf\u00f6rlitlig anv\u00e4ndning. En bekv\u00e4m f\u00e5t\u00f6lj f\u00f6r alla utomhusomr\u00e5den.<\/p>\n<h3>Beskrivning:<\/h3>\n<ul>\n<li>Tillverkad av en st\u00e5lram med en pulverlackerad finish f\u00f6r \u00f6verl\u00e4gsen styrka och dagligt bruk<\/li>\n<li>Inslagna med UV- och vattenbest\u00e4ndig plastrotting som inte spricker, spricker, ruttnar, skalar eller f\u00f6rs\u00e4mras<\/li>\n<li>Bred sittgrupp ger rymlig plats f\u00f6r 2 personer utan att k\u00e4nna sig tr\u00e5ng<\/li>\n<li>Idealisk f\u00f6r uteplats, tr\u00e4dg\u00e5rd, d\u00e4ck, balkong, poolomr\u00e5de eller n\u00e5got annat utomhusomr\u00e5de<\/li>\n<li>Montering kr\u00e4vs<\/li>\n<\/ul>\n<h3>Teknisk data:<\/h3>\n<ul>\n<li>Svart f\u00e4rg<\/li>\n<li>Material: st\u00e5l, PE-rotting<\/li>\n<li>\u00d6vergripande m\u00e5tt: 132L x 72W x 83H cm<\/li>\n<li>Sitsstorlek: 90L x 47W cm<\/li>\n<li>Sitth\u00f6jd (utan dyna): 44 cm<\/li>\n<li>Viktkapacitet: 260 kg<\/li>\n<\/ul>\n<h3>Leveransens omfattning:<\/h3>\n<ul>\n<li>1 x tr\u00e4dg\u00e5rdsb\u00e4nk i rotting<\/li>\n<li>1 x manuell<\/li>\n<\/ul>\n","protected":false},"excerpt":{"rendered":"<p>Letar du efter fritidsprodukter i PE-rotting till din vackra tr\u00e4dg\u00e5rd? Denna PE-rottingf\u00e5t\u00f6lj \u00e4r det b\u00e4sta valet f\u00f6r dig och din&#8230;<\/p>\n","protected":false},"featured_media":47680,"template":"","meta":[],"product_brand":[],"product_cat":[435,450,455],"product_tag":[],"class_list":{"0":"post-47679","1":"product","2":"type-product","3":"status-publish","4":"has-post-thumbnail","6":"product_cat-tradgard-och-terrass","7":"product_cat-tradgardsmobler","8":"product_cat-tradgardsmobler-i-polyrattan","10":"first","11":"instock","12":"sale","13":"taxable","14":"shipping-taxable","15":"purchasable","16":"product-type-simple"},"yoast_head":"<!-- This site is optimized with the Yoast SEO plugin v25.4 - https:\/\/yoast.com\/wordpress\/plugins\/seo\/ -->\n<title>TRUUSK Rottingf\u00e5t\u00f6lj - Avslappningsf\u00e5t\u00f6lj i Bohostil - 132 cm x 72 cm x 83 cm - Svart - TRUUSK - Hem, Tr\u00e4dg\u00e5rd &amp; Fritid<\/title>\n<meta name=\"robots\" content=\"index, follow, max-snippet:-1, max-image-preview:large, max-video-preview:-1\" \/>\n<link rel=\"canonical\" href=\"https:\/\/truusk.store\/sv\/produkt\/truusk-rottingfatolj-avslappningsfatolj-i-bohostil-132-cm-x-72-cm-x-83-cm-svart\/\" \/>\n<meta property=\"og:locale\" content=\"sv_SE\" \/>\n<meta property=\"og:type\" content=\"article\" \/>\n<meta property=\"og:title\" content=\"TRUUSK Rottingf\u00e5t\u00f6lj - Avslappningsf\u00e5t\u00f6lj i Bohostil - 132 cm x 72 cm x 83 cm - Svart - TRUUSK - Hem, Tr\u00e4dg\u00e5rd &amp; Fritid\" \/>\n<meta property=\"og:description\" content=\"Letar du efter fritidsprodukter i PE-rotting till din vackra tr\u00e4dg\u00e5rd? Denna PE-rottingf\u00e5t\u00f6lj \u00e4r det b\u00e4sta valet f\u00f6r dig och din...\" \/>\n<meta property=\"og:url\" content=\"https:\/\/truusk.store\/sv\/produkt\/truusk-rottingfatolj-avslappningsfatolj-i-bohostil-132-cm-x-72-cm-x-83-cm-svart\/\" \/>\n<meta property=\"og:site_name\" content=\"TRUUSK - Hem, Tr\u00e4dg\u00e5rd &amp; Fritid\" \/>\n<meta property=\"article:modified_time\" content=\"2026-03-12T08:34:18+00:00\" \/>\n<meta property=\"og:image\" content=\"https:\/\/i0.wp.com\/truusk.se\/wp-content\/uploads\/2024\/02\/rottingfatolj-avslappningsfatolj-i-bohostil-132-cm-x-72-cm-x-83-cm-svart.webp?fit=800%2C800&ssl=1\" \/>\n\t<meta property=\"og:image:width\" content=\"800\" \/>\n\t<meta property=\"og:image:height\" content=\"800\" \/>\n\t<meta property=\"og:image:type\" content=\"image\/webp\" \/>\n<meta name=\"twitter:card\" content=\"summary_large_image\" \/>\n<meta name=\"twitter:label1\" content=\"Ber\u00e4knad l\u00e4stid\" \/>\n\t<meta name=\"twitter:data1\" content=\"1 minut\" \/>\n<!-- \/ Yoast SEO plugin. -->","yoast_head_json":{"title":"TRUUSK Rottingf\u00e5t\u00f6lj - Avslappningsf\u00e5t\u00f6lj i Bohostil - 132 cm x 72 cm x 83 cm - Svart - TRUUSK - Hem, Tr\u00e4dg\u00e5rd &amp; Fritid","robots":{"index":"index","follow":"follow","max-snippet":"max-snippet:-1","max-image-preview":"max-image-preview:large","max-video-preview":"max-video-preview:-1"},"canonical":"https:\/\/truusk.store\/sv\/produkt\/truusk-rottingfatolj-avslappningsfatolj-i-bohostil-132-cm-x-72-cm-x-83-cm-svart\/","og_locale":"sv_SE","og_type":"article","og_title":"TRUUSK Rottingf\u00e5t\u00f6lj - Avslappningsf\u00e5t\u00f6lj i Bohostil - 132 cm x 72 cm x 83 cm - Svart - TRUUSK - Hem, Tr\u00e4dg\u00e5rd &amp; Fritid","og_description":"Letar du efter fritidsprodukter i PE-rotting till din vackra tr\u00e4dg\u00e5rd? Denna PE-rottingf\u00e5t\u00f6lj \u00e4r det b\u00e4sta valet f\u00f6r dig och din...","og_url":"https:\/\/truusk.store\/sv\/produkt\/truusk-rottingfatolj-avslappningsfatolj-i-bohostil-132-cm-x-72-cm-x-83-cm-svart\/","og_site_name":"TRUUSK - Hem, Tr\u00e4dg\u00e5rd &amp; Fritid","article_modified_time":"2026-03-12T08:34:18+00:00","og_image":[{"width":800,"height":800,"url":"https:\/\/i0.wp.com\/truusk.se\/wp-content\/uploads\/2024\/02\/rottingfatolj-avslappningsfatolj-i-bohostil-132-cm-x-72-cm-x-83-cm-svart.webp?fit=800%2C800&ssl=1","type":"image\/webp"}],"twitter_card":"summary_large_image","twitter_misc":{"Ber\u00e4knad l\u00e4stid":"1 minut"},"schema":{"@context":"https:\/\/schema.org","@graph":[{"@type":"WebPage","@id":"https:\/\/truusk.store\/sv\/produkt\/truusk-rottingfatolj-avslappningsfatolj-i-bohostil-132-cm-x-72-cm-x-83-cm-svart\/","url":"https:\/\/truusk.store\/sv\/produkt\/truusk-rottingfatolj-avslappningsfatolj-i-bohostil-132-cm-x-72-cm-x-83-cm-svart\/","name":"TRUUSK Rottingf\u00e5t\u00f6lj - Avslappningsf\u00e5t\u00f6lj i Bohostil - 132 cm x 72 cm x 83 cm - Svart - TRUUSK - Hem, Tr\u00e4dg\u00e5rd &amp; Fritid","isPartOf":{"@id":"https:\/\/truusk.store\/sv\/#website"},"primaryImageOfPage":{"@id":"https:\/\/truusk.store\/sv\/produkt\/truusk-rottingfatolj-avslappningsfatolj-i-bohostil-132-cm-x-72-cm-x-83-cm-svart\/#primaryimage"},"image":{"@id":"https:\/\/truusk.store\/sv\/produkt\/truusk-rottingfatolj-avslappningsfatolj-i-bohostil-132-cm-x-72-cm-x-83-cm-svart\/#primaryimage"},"thumbnailUrl":"https:\/\/i0.wp.com\/truusk.store\/wp-content\/uploads\/2024\/02\/rottingfatolj-avslappningsfatolj-i-bohostil-132-cm-x-72-cm-x-83-cm-svart.webp?fit=800%2C800&ssl=1","datePublished":"2024-02-14T06:25:37+00:00","dateModified":"2026-03-12T08:34:18+00:00","breadcrumb":{"@id":"https:\/\/truusk.store\/sv\/produkt\/truusk-rottingfatolj-avslappningsfatolj-i-bohostil-132-cm-x-72-cm-x-83-cm-svart\/#breadcrumb"},"inLanguage":"sv-SE","potentialAction":[{"@type":"ReadAction","target":["https:\/\/truusk.store\/sv\/produkt\/truusk-rottingfatolj-avslappningsfatolj-i-bohostil-132-cm-x-72-cm-x-83-cm-svart\/"]}]},{"@type":"ImageObject","inLanguage":"sv-SE","@id":"https:\/\/truusk.store\/sv\/produkt\/truusk-rottingfatolj-avslappningsfatolj-i-bohostil-132-cm-x-72-cm-x-83-cm-svart\/#primaryimage","url":"https:\/\/i0.wp.com\/truusk.store\/wp-content\/uploads\/2024\/02\/rottingfatolj-avslappningsfatolj-i-bohostil-132-cm-x-72-cm-x-83-cm-svart.webp?fit=800%2C800&ssl=1","contentUrl":"https:\/\/i0.wp.com\/truusk.store\/wp-content\/uploads\/2024\/02\/rottingfatolj-avslappningsfatolj-i-bohostil-132-cm-x-72-cm-x-83-cm-svart.webp?fit=800%2C800&ssl=1","width":800,"height":800,"caption":"Rottingf\u00e5t\u00f6lj, Avslappningsf\u00e5t\u00f6lj I Bohostil, 132 Cm X 72 Cm X 83 Cm, Svart 1"},{"@type":"BreadcrumbList","@id":"https:\/\/truusk.store\/sv\/produkt\/truusk-rottingfatolj-avslappningsfatolj-i-bohostil-132-cm-x-72-cm-x-83-cm-svart\/#breadcrumb","itemListElement":[{"@type":"ListItem","position":1,"name":"Home","item":"https:\/\/truusk.store\/sv\/"},{"@type":"ListItem","position":2,"name":"Shop","item":"https:\/\/truusk.store\/shop\/"},{"@type":"ListItem","position":3,"name":"TRUUSK Rottingf\u00e5t\u00f6lj &#8211; Avslappningsf\u00e5t\u00f6lj i Bohostil &#8211; 132 cm x 72 cm x 83 cm &#8211; Svart"}]},{"@type":"WebSite","@id":"https:\/\/truusk.store\/sv\/#website","url":"https:\/\/truusk.store\/sv\/","name":"TRUUSK - Hem, Tr\u00e4dg\u00e5rd & Fritid","description":"","publisher":{"@id":"https:\/\/truusk.store\/sv\/#organization"},"potentialAction":[{"@type":"SearchAction","target":{"@type":"EntryPoint","urlTemplate":"https:\/\/truusk.store\/sv\/?s={search_term_string}"},"query-input":{"@type":"PropertyValueSpecification","valueRequired":true,"valueName":"search_term_string"}}],"inLanguage":"sv-SE"},{"@type":"Organization","@id":"https:\/\/truusk.store\/sv\/#organization","name":"TRUUSK - Hem, Tr\u00e4dg\u00e5rd & Fritid","url":"https:\/\/truusk.store\/sv\/","logo":{"@type":"ImageObject","inLanguage":"sv-SE","@id":"https:\/\/truusk.store\/sv\/#\/schema\/logo\/image\/","url":"https:\/\/i0.wp.com\/truusk.store\/wp-content\/uploads\/2026\/03\/cropped-TRUUSK.png?fit=2032%2C917&ssl=1","contentUrl":"https:\/\/i0.wp.com\/truusk.store\/wp-content\/uploads\/2026\/03\/cropped-TRUUSK.png?fit=2032%2C917&ssl=1","width":2032,"height":917,"caption":"TRUUSK - Hem, Tr\u00e4dg\u00e5rd & Fritid"},"image":{"@id":"https:\/\/truusk.store\/sv\/#\/schema\/logo\/image\/"}}]}},"jetpack_sharing_enabled":true,"_links":{"self":[{"href":"https:\/\/truusk.store\/sv\/wp-json\/wp\/v2\/product\/47679","targetHints":{"allow":["GET"]}}],"collection":[{"href":"https:\/\/truusk.store\/sv\/wp-json\/wp\/v2\/product"}],"about":[{"href":"https:\/\/truusk.store\/sv\/wp-json\/wp\/v2\/types\/product"}],"wp:featuredmedia":[{"embeddable":true,"href":"https:\/\/truusk.store\/sv\/wp-json\/wp\/v2\/media\/47680"}],"wp:attachment":[{"href":"https:\/\/truusk.store\/sv\/wp-json\/wp\/v2\/media?parent=47679"}],"wp:term":[{"taxonomy":"product_brand","embeddable":true,"href":"https:\/\/truusk.store\/sv\/wp-json\/wp\/v2\/product_brand?post=47679"},{"taxonomy":"product_cat","embeddable":true,"href":"https:\/\/truusk.store\/sv\/wp-json\/wp\/v2\/product_cat?post=47679"},{"taxonomy":"product_tag","embeddable":true,"href":"https:\/\/truusk.store\/sv\/wp-json\/wp\/v2\/product_tag?post=47679"}],"curies":[{"name":"wp","href":"https:\/\/api.w.org\/{rel}","templated":true}]}}