{"id":47703,"date":"2024-02-14T07:26:39","date_gmt":"2024-02-14T06:26:39","guid":{"rendered":"https:\/\/truusk.store\/product\/4-delad-tradgardsgrupp-loungemobelset-4-delar-115-cm-x-61-cm-x-65-cm-gra-vit\/"},"modified":"2026-03-12T09:34:18","modified_gmt":"2026-03-12T08:34:18","slug":"truusk-loungemobelset-for-tradgarden-4-delar-matt-115-cm-x-61-cm-x-65-cm-gra-och-vit","status":"publish","type":"product","link":"https:\/\/truusk.store\/sv\/produkt\/truusk-loungemobelset-for-tradgarden-4-delar-matt-115-cm-x-61-cm-x-65-cm-gra-och-vit\/","title":{"rendered":"TRUUSK Loungem\u00f6belset f\u00f6r Tr\u00e4dg\u00e5rden &#8211; 4 Delar &#8211; M\u00e5tt 115 cm x 61 cm x 65 cm &#8211; Gr\u00e5 och Vit"},"content":{"rendered":"<p>Njut av sommarsolen som aldrig f\u00f6rr med detta konvertibla utomhusloungeset. Ta en tupplur i den varma solen och frisk luft! Om du beh\u00f6ver mer sittutrymme, f\u00f6rvandla det helt enkelt till en mysig sittgrupp med ett brett soffbord. De tjockt vadderade kuddarna p\u00e5 sitsen och ryggen g\u00f6r att du kan mysa och koppla av i timmar. Njut av dina m\u00e5ltider utomhus!<\/p>\n<h3>Beskrivning:<\/h3>\n<ul>\n<li>4-delat set: 2 x tv\u00e5sits, 1 x h\u00f6rnsoffa, 1 x soffbord<\/li>\n<li>H\u00f6rnsoffan har en liggfunktion f\u00f6r sittande eller liggande<\/li>\n<li>Med mjukt vadderade sitt- och ryggkuddar f\u00f6r h\u00f6g sittkomfort<\/li>\n<li>Ramen i aluminium och st\u00e5l \u00e4r designad f\u00f6r att h\u00e5lla och \u00e4r l\u00e4tt att flytta<\/li>\n<li>Alla kuddar har dragkedjor och \u00f6verdragen kan tas av och tv\u00e4ttas<\/li>\n<li>Montering kr\u00e4vs<\/li>\n<\/ul>\n<h3>Teknisk data:<\/h3>\n<ul>\n<li>F\u00e4rg: Vit+Gr\u00e5<\/li>\n<li>Material: st\u00e5l, aluminium, polyester, skum<\/li>\n<li>Loveseat m\u00e5tt: 115W x 61D x 65H cm<\/li>\n<li>H\u00f6rnsoffa m\u00e5tt: 61W x 61D x 65H cm<\/li>\n<li>Soffbordsm\u00e5tt: 57L x 57W x 29H cm<\/li>\n<li>Loveseat sits storlek: 115W x 57D cm<\/li>\n<li>H\u00f6rnsoffa storlek: 57W x 57D cm<\/li>\n<li>Sitth\u00f6jd: 29 cm<\/li>\n<li>Viktkapacitet: 240 kg (lovseat), 120 kg (h\u00f6rnsoffa), 30 kg (soffbord)<\/li>\n<\/ul>\n<h3>Leveransens omfattning:<\/h3>\n<ul>\n<li>2 x loveseats<\/li>\n<li>1 x H\u00f6rnsoffa<\/li>\n<li>1 x Soffbord<\/li>\n<li>5 x sittdynor<\/li>\n<li>6 x ryggkuddar<\/li>\n<li>1 x Instruktioner<\/li>\n<\/ul>\n","protected":false},"excerpt":{"rendered":"<p>Njut av sommarsolen som aldrig f\u00f6rr med detta konvertibla utomhusloungeset. Ta en tupplur i den varma solen och frisk luft!&#8230;<\/p>\n","protected":false},"featured_media":47704,"template":"","meta":[],"product_brand":[],"product_cat":[435,450,456],"product_tag":[],"class_list":{"0":"post-47703","1":"product","2":"type-product","3":"status-publish","4":"has-post-thumbnail","6":"product_cat-tradgard-och-terrass","7":"product_cat-tradgardsmobler","8":"product_cat-tradgardsmobler-set","10":"first","11":"instock","12":"sale","13":"taxable","14":"shipping-taxable","15":"purchasable","16":"product-type-simple"},"yoast_head":"<!-- This site is optimized with the Yoast SEO plugin v25.4 - https:\/\/yoast.com\/wordpress\/plugins\/seo\/ -->\n<title>TRUUSK Loungem\u00f6belset f\u00f6r Tr\u00e4dg\u00e5rden - 4 Delar - M\u00e5tt 115 cm x 61 cm x 65 cm - Gr\u00e5 och Vit - TRUUSK - Hem, Tr\u00e4dg\u00e5rd &amp; Fritid<\/title>\n<meta name=\"robots\" content=\"index, follow, max-snippet:-1, max-image-preview:large, max-video-preview:-1\" \/>\n<link rel=\"canonical\" href=\"https:\/\/truusk.store\/sv\/produkt\/truusk-loungemobelset-for-tradgarden-4-delar-matt-115-cm-x-61-cm-x-65-cm-gra-och-vit\/\" \/>\n<meta property=\"og:locale\" content=\"sv_SE\" \/>\n<meta property=\"og:type\" content=\"article\" \/>\n<meta property=\"og:title\" content=\"TRUUSK Loungem\u00f6belset f\u00f6r Tr\u00e4dg\u00e5rden - 4 Delar - M\u00e5tt 115 cm x 61 cm x 65 cm - Gr\u00e5 och Vit - TRUUSK - Hem, Tr\u00e4dg\u00e5rd &amp; Fritid\" \/>\n<meta property=\"og:description\" content=\"Njut av sommarsolen som aldrig f\u00f6rr med detta konvertibla utomhusloungeset. Ta en tupplur i den varma solen och frisk luft!...\" \/>\n<meta property=\"og:url\" content=\"https:\/\/truusk.store\/sv\/produkt\/truusk-loungemobelset-for-tradgarden-4-delar-matt-115-cm-x-61-cm-x-65-cm-gra-och-vit\/\" \/>\n<meta property=\"og:site_name\" content=\"TRUUSK - Hem, Tr\u00e4dg\u00e5rd &amp; Fritid\" \/>\n<meta property=\"article:modified_time\" content=\"2026-03-12T08:34:18+00:00\" \/>\n<meta property=\"og:image\" content=\"https:\/\/i0.wp.com\/truusk.se\/wp-content\/uploads\/2024\/02\/4-delad-tradgardsgrupp-loungemobelset-4-delar-115-cm-x-61-cm-x-65-cm-gra-vit.webp?fit=800%2C800&ssl=1\" \/>\n\t<meta property=\"og:image:width\" content=\"800\" \/>\n\t<meta property=\"og:image:height\" content=\"800\" \/>\n\t<meta property=\"og:image:type\" content=\"image\/webp\" \/>\n<meta name=\"twitter:card\" content=\"summary_large_image\" \/>\n<meta name=\"twitter:label1\" content=\"Ber\u00e4knad l\u00e4stid\" \/>\n\t<meta name=\"twitter:data1\" content=\"1 minut\" \/>\n<!-- \/ Yoast SEO plugin. -->","yoast_head_json":{"title":"TRUUSK Loungem\u00f6belset f\u00f6r Tr\u00e4dg\u00e5rden - 4 Delar - M\u00e5tt 115 cm x 61 cm x 65 cm - Gr\u00e5 och Vit - TRUUSK - Hem, Tr\u00e4dg\u00e5rd &amp; Fritid","robots":{"index":"index","follow":"follow","max-snippet":"max-snippet:-1","max-image-preview":"max-image-preview:large","max-video-preview":"max-video-preview:-1"},"canonical":"https:\/\/truusk.store\/sv\/produkt\/truusk-loungemobelset-for-tradgarden-4-delar-matt-115-cm-x-61-cm-x-65-cm-gra-och-vit\/","og_locale":"sv_SE","og_type":"article","og_title":"TRUUSK Loungem\u00f6belset f\u00f6r Tr\u00e4dg\u00e5rden - 4 Delar - M\u00e5tt 115 cm x 61 cm x 65 cm - Gr\u00e5 och Vit - TRUUSK - Hem, Tr\u00e4dg\u00e5rd &amp; Fritid","og_description":"Njut av sommarsolen som aldrig f\u00f6rr med detta konvertibla utomhusloungeset. Ta en tupplur i den varma solen och frisk luft!...","og_url":"https:\/\/truusk.store\/sv\/produkt\/truusk-loungemobelset-for-tradgarden-4-delar-matt-115-cm-x-61-cm-x-65-cm-gra-och-vit\/","og_site_name":"TRUUSK - Hem, Tr\u00e4dg\u00e5rd &amp; Fritid","article_modified_time":"2026-03-12T08:34:18+00:00","og_image":[{"width":800,"height":800,"url":"https:\/\/i0.wp.com\/truusk.se\/wp-content\/uploads\/2024\/02\/4-delad-tradgardsgrupp-loungemobelset-4-delar-115-cm-x-61-cm-x-65-cm-gra-vit.webp?fit=800%2C800&ssl=1","type":"image\/webp"}],"twitter_card":"summary_large_image","twitter_misc":{"Ber\u00e4knad l\u00e4stid":"1 minut"},"schema":{"@context":"https:\/\/schema.org","@graph":[{"@type":"WebPage","@id":"https:\/\/truusk.store\/sv\/produkt\/truusk-loungemobelset-for-tradgarden-4-delar-matt-115-cm-x-61-cm-x-65-cm-gra-och-vit\/","url":"https:\/\/truusk.store\/sv\/produkt\/truusk-loungemobelset-for-tradgarden-4-delar-matt-115-cm-x-61-cm-x-65-cm-gra-och-vit\/","name":"TRUUSK Loungem\u00f6belset f\u00f6r Tr\u00e4dg\u00e5rden - 4 Delar - M\u00e5tt 115 cm x 61 cm x 65 cm - Gr\u00e5 och Vit - TRUUSK - Hem, Tr\u00e4dg\u00e5rd &amp; Fritid","isPartOf":{"@id":"https:\/\/truusk.store\/sv\/#website"},"primaryImageOfPage":{"@id":"https:\/\/truusk.store\/sv\/produkt\/truusk-loungemobelset-for-tradgarden-4-delar-matt-115-cm-x-61-cm-x-65-cm-gra-och-vit\/#primaryimage"},"image":{"@id":"https:\/\/truusk.store\/sv\/produkt\/truusk-loungemobelset-for-tradgarden-4-delar-matt-115-cm-x-61-cm-x-65-cm-gra-och-vit\/#primaryimage"},"thumbnailUrl":"https:\/\/i0.wp.com\/truusk.store\/wp-content\/uploads\/2024\/02\/4-delad-tradgardsgrupp-loungemobelset-4-delar-115-cm-x-61-cm-x-65-cm-gra-vit.webp?fit=800%2C800&ssl=1","datePublished":"2024-02-14T06:26:39+00:00","dateModified":"2026-03-12T08:34:18+00:00","breadcrumb":{"@id":"https:\/\/truusk.store\/sv\/produkt\/truusk-loungemobelset-for-tradgarden-4-delar-matt-115-cm-x-61-cm-x-65-cm-gra-och-vit\/#breadcrumb"},"inLanguage":"sv-SE","potentialAction":[{"@type":"ReadAction","target":["https:\/\/truusk.store\/sv\/produkt\/truusk-loungemobelset-for-tradgarden-4-delar-matt-115-cm-x-61-cm-x-65-cm-gra-och-vit\/"]}]},{"@type":"ImageObject","inLanguage":"sv-SE","@id":"https:\/\/truusk.store\/sv\/produkt\/truusk-loungemobelset-for-tradgarden-4-delar-matt-115-cm-x-61-cm-x-65-cm-gra-och-vit\/#primaryimage","url":"https:\/\/i0.wp.com\/truusk.store\/wp-content\/uploads\/2024\/02\/4-delad-tradgardsgrupp-loungemobelset-4-delar-115-cm-x-61-cm-x-65-cm-gra-vit.webp?fit=800%2C800&ssl=1","contentUrl":"https:\/\/i0.wp.com\/truusk.store\/wp-content\/uploads\/2024\/02\/4-delad-tradgardsgrupp-loungemobelset-4-delar-115-cm-x-61-cm-x-65-cm-gra-vit.webp?fit=800%2C800&ssl=1","width":800,"height":800,"caption":"4-delad Tr\u00e4dg\u00e5rdsgrupp Loungem\u00f6belset, 4 Delar, 115 Cm X 61 Cm X 65 Cm, Gr\u00e5 + Vit 1"},{"@type":"BreadcrumbList","@id":"https:\/\/truusk.store\/sv\/produkt\/truusk-loungemobelset-for-tradgarden-4-delar-matt-115-cm-x-61-cm-x-65-cm-gra-och-vit\/#breadcrumb","itemListElement":[{"@type":"ListItem","position":1,"name":"Home","item":"https:\/\/truusk.store\/sv\/"},{"@type":"ListItem","position":2,"name":"Shop","item":"https:\/\/truusk.store\/shop\/"},{"@type":"ListItem","position":3,"name":"TRUUSK Loungem\u00f6belset f\u00f6r Tr\u00e4dg\u00e5rden &#8211; 4 Delar &#8211; M\u00e5tt 115 cm x 61 cm x 65 cm &#8211; Gr\u00e5 och Vit"}]},{"@type":"WebSite","@id":"https:\/\/truusk.store\/sv\/#website","url":"https:\/\/truusk.store\/sv\/","name":"TRUUSK - Hem, Tr\u00e4dg\u00e5rd & Fritid","description":"","publisher":{"@id":"https:\/\/truusk.store\/sv\/#organization"},"potentialAction":[{"@type":"SearchAction","target":{"@type":"EntryPoint","urlTemplate":"https:\/\/truusk.store\/sv\/?s={search_term_string}"},"query-input":{"@type":"PropertyValueSpecification","valueRequired":true,"valueName":"search_term_string"}}],"inLanguage":"sv-SE"},{"@type":"Organization","@id":"https:\/\/truusk.store\/sv\/#organization","name":"TRUUSK - Hem, Tr\u00e4dg\u00e5rd & Fritid","url":"https:\/\/truusk.store\/sv\/","logo":{"@type":"ImageObject","inLanguage":"sv-SE","@id":"https:\/\/truusk.store\/sv\/#\/schema\/logo\/image\/","url":"https:\/\/i0.wp.com\/truusk.store\/wp-content\/uploads\/2026\/03\/cropped-TRUUSK.png?fit=2032%2C917&ssl=1","contentUrl":"https:\/\/i0.wp.com\/truusk.store\/wp-content\/uploads\/2026\/03\/cropped-TRUUSK.png?fit=2032%2C917&ssl=1","width":2032,"height":917,"caption":"TRUUSK - Hem, Tr\u00e4dg\u00e5rd & Fritid"},"image":{"@id":"https:\/\/truusk.store\/sv\/#\/schema\/logo\/image\/"}}]}},"jetpack_sharing_enabled":true,"_links":{"self":[{"href":"https:\/\/truusk.store\/sv\/wp-json\/wp\/v2\/product\/47703","targetHints":{"allow":["GET"]}}],"collection":[{"href":"https:\/\/truusk.store\/sv\/wp-json\/wp\/v2\/product"}],"about":[{"href":"https:\/\/truusk.store\/sv\/wp-json\/wp\/v2\/types\/product"}],"wp:featuredmedia":[{"embeddable":true,"href":"https:\/\/truusk.store\/sv\/wp-json\/wp\/v2\/media\/47704"}],"wp:attachment":[{"href":"https:\/\/truusk.store\/sv\/wp-json\/wp\/v2\/media?parent=47703"}],"wp:term":[{"taxonomy":"product_brand","embeddable":true,"href":"https:\/\/truusk.store\/sv\/wp-json\/wp\/v2\/product_brand?post=47703"},{"taxonomy":"product_cat","embeddable":true,"href":"https:\/\/truusk.store\/sv\/wp-json\/wp\/v2\/product_cat?post=47703"},{"taxonomy":"product_tag","embeddable":true,"href":"https:\/\/truusk.store\/sv\/wp-json\/wp\/v2\/product_tag?post=47703"}],"curies":[{"name":"wp","href":"https:\/\/api.w.org\/{rel}","templated":true}]}}