{"id":47721,"date":"2024-02-14T07:27:32","date_gmt":"2024-02-14T06:27:32","guid":{"rendered":"https:\/\/truusk.store\/product\/liggstol-med-liggfunktion-sovstol-knappsommar-linnelook-77-cm-x-88-cm-x-83-cm-gron\/"},"modified":"2026-03-12T09:34:19","modified_gmt":"2026-03-12T08:34:19","slug":"truusk-liggstol-med-liggfunktion-sovstol-knappsommar-linnelook-77-cm-x-88-cm-x-83-cm-gron","status":"publish","type":"product","link":"https:\/\/truusk.store\/sv\/produkt\/truusk-liggstol-med-liggfunktion-sovstol-knappsommar-linnelook-77-cm-x-88-cm-x-83-cm-gron\/","title":{"rendered":"TRUUSK Liggstol Med Liggfunktion &#8211; Sovstol &#8211; Knapps\u00f6mmar &#8211; Linnelook &#8211; 77 cm x 88 cm x 83 cm &#8211; Gr\u00f6n"},"content":{"rendered":"<p>Ta g\u00e4rna en plats och koppla av p\u00e5 ditt eget s\u00e4tt med liggdelen. Oavsett om det \u00e4r en god natts s\u00f6mn, avkoppling eller bara en stund f\u00f6r dig sj\u00e4lv, har denna m\u00e5ngsidiga m\u00f6bel allt du beh\u00f6ver. Du kan justera ryggst\u00f6det till ett av tre olika l\u00e4gen f\u00f6r att hitta den perfekta vinkeln f\u00f6r din komfort. Luta dig tillbaka, slappna av och njut av komforten i denna stols\u00e4ng.<\/p>\n<h3>Beskrivning:<\/h3>\n<ul>\n<li>Kan anv\u00e4ndas som f\u00e5t\u00f6lj, vilstol och enkels\u00e4ng f\u00f6r \u00f6vernattning<\/li>\n<li>3-stegs justerbart ryggst\u00f6d: 95, 135, 180<\/li>\n<li>Det andningsbara \u00f6verdraget i sammetslook \u00e4r mjukt, elegant och attraktivt.<\/li>\n<li>En extra dyna och vadderad sits p\u00e5 f\u00e4llstolen med fj\u00e4drar f\u00f6r behaglig komfort<\/li>\n<li>Knapps\u00f6mmen ger en elegant touch<\/li>\n<li>Elektropl\u00e4terade st\u00e5lben p\u00e5 s\u00e4ngstolen med halkfria fotkuddar f\u00f6r stabilitet och h\u00e5llbarhet<\/li>\n<li>Montering kr\u00e4vs<\/li>\n<\/ul>\n<h3>Teknisk data:<\/h3>\n<ul>\n<li>F\u00e4rg: m\u00f6rkgr\u00f6n<\/li>\n<li>Material: sammet (100% polyester), skum, st\u00e5l<\/li>\n<li>Stolens m\u00e5tt: 77L x 88W x 83H cm<\/li>\n<li>S\u00e4ngm\u00e5tt: 191W x 77D x 27H cm<\/li>\n<li>Sitsstorlek: 77W x 88D x 41H cm<\/li>\n<li>Sitstjocklek: 26 cm<\/li>\n<li>M\u00e5tt bak: 77L x 48W x 13H cm<\/li>\n<li>Kuddstorlek: 64L x 37W x 15H cm<\/li>\n<li>Benh\u00f6jd: 14 cm<\/li>\n<li>Max belastning: 120 kg<\/li>\n<\/ul>\n<h3>Leveransens omfattning:<\/h3>\n<ul>\n<li>1 x Sovstol<\/li>\n<li>1 x kudde<\/li>\n<li>1 x manuell<\/li>\n<\/ul>\n","protected":false},"excerpt":{"rendered":"<p>Ta g\u00e4rna en plats och koppla av p\u00e5 ditt eget s\u00e4tt med liggdelen. Oavsett om det \u00e4r en god natts&#8230;<\/p>\n","protected":false},"featured_media":47722,"template":"","meta":[],"product_brand":[],"product_cat":[521,485,525],"product_tag":[],"class_list":{"0":"post-47721","1":"product","2":"type-product","3":"status-publish","4":"has-post-thumbnail","6":"product_cat-fatolj","7":"product_cat-hus-bo","8":"product_cat-sovstol","10":"first","11":"instock","12":"sale","13":"taxable","14":"shipping-taxable","15":"purchasable","16":"product-type-simple"},"yoast_head":"<!-- This site is optimized with the Yoast SEO plugin v25.4 - https:\/\/yoast.com\/wordpress\/plugins\/seo\/ -->\n<title>TRUUSK Liggstol Med Liggfunktion - Sovstol - Knapps\u00f6mmar - Linnelook - 77 cm x 88 cm x 83 cm - Gr\u00f6n - TRUUSK - Hem, Tr\u00e4dg\u00e5rd &amp; Fritid<\/title>\n<meta name=\"robots\" content=\"index, follow, max-snippet:-1, max-image-preview:large, max-video-preview:-1\" \/>\n<link rel=\"canonical\" href=\"https:\/\/truusk.store\/sv\/produkt\/truusk-liggstol-med-liggfunktion-sovstol-knappsommar-linnelook-77-cm-x-88-cm-x-83-cm-gron\/\" \/>\n<meta property=\"og:locale\" content=\"sv_SE\" \/>\n<meta property=\"og:type\" content=\"article\" \/>\n<meta property=\"og:title\" content=\"TRUUSK Liggstol Med Liggfunktion - Sovstol - Knapps\u00f6mmar - Linnelook - 77 cm x 88 cm x 83 cm - Gr\u00f6n - TRUUSK - Hem, Tr\u00e4dg\u00e5rd &amp; Fritid\" \/>\n<meta property=\"og:description\" content=\"Ta g\u00e4rna en plats och koppla av p\u00e5 ditt eget s\u00e4tt med liggdelen. Oavsett om det \u00e4r en god natts...\" \/>\n<meta property=\"og:url\" content=\"https:\/\/truusk.store\/sv\/produkt\/truusk-liggstol-med-liggfunktion-sovstol-knappsommar-linnelook-77-cm-x-88-cm-x-83-cm-gron\/\" \/>\n<meta property=\"og:site_name\" content=\"TRUUSK - Hem, Tr\u00e4dg\u00e5rd &amp; Fritid\" \/>\n<meta property=\"article:modified_time\" content=\"2026-03-12T08:34:19+00:00\" \/>\n<meta property=\"og:image\" content=\"https:\/\/i0.wp.com\/truusk.se\/wp-content\/uploads\/2024\/02\/liggstol-med-liggfunktion-sovstol-knappsommar-linnelook-77-cm-x-88-cm-x-83-cm-gron.webp?fit=800%2C800&ssl=1\" \/>\n\t<meta property=\"og:image:width\" content=\"800\" \/>\n\t<meta property=\"og:image:height\" content=\"800\" \/>\n\t<meta property=\"og:image:type\" content=\"image\/webp\" \/>\n<meta name=\"twitter:card\" content=\"summary_large_image\" \/>\n<meta name=\"twitter:label1\" content=\"Ber\u00e4knad l\u00e4stid\" \/>\n\t<meta name=\"twitter:data1\" content=\"1 minut\" \/>\n<!-- \/ Yoast SEO plugin. -->","yoast_head_json":{"title":"TRUUSK Liggstol Med Liggfunktion - Sovstol - Knapps\u00f6mmar - Linnelook - 77 cm x 88 cm x 83 cm - Gr\u00f6n - TRUUSK - Hem, Tr\u00e4dg\u00e5rd &amp; Fritid","robots":{"index":"index","follow":"follow","max-snippet":"max-snippet:-1","max-image-preview":"max-image-preview:large","max-video-preview":"max-video-preview:-1"},"canonical":"https:\/\/truusk.store\/sv\/produkt\/truusk-liggstol-med-liggfunktion-sovstol-knappsommar-linnelook-77-cm-x-88-cm-x-83-cm-gron\/","og_locale":"sv_SE","og_type":"article","og_title":"TRUUSK Liggstol Med Liggfunktion - Sovstol - Knapps\u00f6mmar - Linnelook - 77 cm x 88 cm x 83 cm - Gr\u00f6n - TRUUSK - Hem, Tr\u00e4dg\u00e5rd &amp; Fritid","og_description":"Ta g\u00e4rna en plats och koppla av p\u00e5 ditt eget s\u00e4tt med liggdelen. Oavsett om det \u00e4r en god natts...","og_url":"https:\/\/truusk.store\/sv\/produkt\/truusk-liggstol-med-liggfunktion-sovstol-knappsommar-linnelook-77-cm-x-88-cm-x-83-cm-gron\/","og_site_name":"TRUUSK - Hem, Tr\u00e4dg\u00e5rd &amp; Fritid","article_modified_time":"2026-03-12T08:34:19+00:00","og_image":[{"width":800,"height":800,"url":"https:\/\/i0.wp.com\/truusk.se\/wp-content\/uploads\/2024\/02\/liggstol-med-liggfunktion-sovstol-knappsommar-linnelook-77-cm-x-88-cm-x-83-cm-gron.webp?fit=800%2C800&ssl=1","type":"image\/webp"}],"twitter_card":"summary_large_image","twitter_misc":{"Ber\u00e4knad l\u00e4stid":"1 minut"},"schema":{"@context":"https:\/\/schema.org","@graph":[{"@type":"WebPage","@id":"https:\/\/truusk.store\/sv\/produkt\/truusk-liggstol-med-liggfunktion-sovstol-knappsommar-linnelook-77-cm-x-88-cm-x-83-cm-gron\/","url":"https:\/\/truusk.store\/sv\/produkt\/truusk-liggstol-med-liggfunktion-sovstol-knappsommar-linnelook-77-cm-x-88-cm-x-83-cm-gron\/","name":"TRUUSK Liggstol Med Liggfunktion - Sovstol - Knapps\u00f6mmar - Linnelook - 77 cm x 88 cm x 83 cm - Gr\u00f6n - TRUUSK - Hem, Tr\u00e4dg\u00e5rd &amp; Fritid","isPartOf":{"@id":"https:\/\/truusk.store\/sv\/#website"},"primaryImageOfPage":{"@id":"https:\/\/truusk.store\/sv\/produkt\/truusk-liggstol-med-liggfunktion-sovstol-knappsommar-linnelook-77-cm-x-88-cm-x-83-cm-gron\/#primaryimage"},"image":{"@id":"https:\/\/truusk.store\/sv\/produkt\/truusk-liggstol-med-liggfunktion-sovstol-knappsommar-linnelook-77-cm-x-88-cm-x-83-cm-gron\/#primaryimage"},"thumbnailUrl":"https:\/\/i0.wp.com\/truusk.store\/wp-content\/uploads\/2024\/02\/liggstol-med-liggfunktion-sovstol-knappsommar-linnelook-77-cm-x-88-cm-x-83-cm-gron.webp?fit=800%2C800&ssl=1","datePublished":"2024-02-14T06:27:32+00:00","dateModified":"2026-03-12T08:34:19+00:00","breadcrumb":{"@id":"https:\/\/truusk.store\/sv\/produkt\/truusk-liggstol-med-liggfunktion-sovstol-knappsommar-linnelook-77-cm-x-88-cm-x-83-cm-gron\/#breadcrumb"},"inLanguage":"sv-SE","potentialAction":[{"@type":"ReadAction","target":["https:\/\/truusk.store\/sv\/produkt\/truusk-liggstol-med-liggfunktion-sovstol-knappsommar-linnelook-77-cm-x-88-cm-x-83-cm-gron\/"]}]},{"@type":"ImageObject","inLanguage":"sv-SE","@id":"https:\/\/truusk.store\/sv\/produkt\/truusk-liggstol-med-liggfunktion-sovstol-knappsommar-linnelook-77-cm-x-88-cm-x-83-cm-gron\/#primaryimage","url":"https:\/\/i0.wp.com\/truusk.store\/wp-content\/uploads\/2024\/02\/liggstol-med-liggfunktion-sovstol-knappsommar-linnelook-77-cm-x-88-cm-x-83-cm-gron.webp?fit=800%2C800&ssl=1","contentUrl":"https:\/\/i0.wp.com\/truusk.store\/wp-content\/uploads\/2024\/02\/liggstol-med-liggfunktion-sovstol-knappsommar-linnelook-77-cm-x-88-cm-x-83-cm-gron.webp?fit=800%2C800&ssl=1","width":800,"height":800,"caption":"Liggstol Med Liggfunktion, Sovstol, Knapps\u00f6mmar, Linnelook, 77 Cm X 88 Cm X 83 Cm, Gr\u00f6n 1"},{"@type":"BreadcrumbList","@id":"https:\/\/truusk.store\/sv\/produkt\/truusk-liggstol-med-liggfunktion-sovstol-knappsommar-linnelook-77-cm-x-88-cm-x-83-cm-gron\/#breadcrumb","itemListElement":[{"@type":"ListItem","position":1,"name":"Home","item":"https:\/\/truusk.store\/sv\/"},{"@type":"ListItem","position":2,"name":"Shop","item":"https:\/\/truusk.store\/shop\/"},{"@type":"ListItem","position":3,"name":"TRUUSK Liggstol Med Liggfunktion &#8211; Sovstol &#8211; Knapps\u00f6mmar &#8211; Linnelook &#8211; 77 cm x 88 cm x 83 cm &#8211; Gr\u00f6n"}]},{"@type":"WebSite","@id":"https:\/\/truusk.store\/sv\/#website","url":"https:\/\/truusk.store\/sv\/","name":"TRUUSK - Hem, Tr\u00e4dg\u00e5rd & Fritid","description":"","publisher":{"@id":"https:\/\/truusk.store\/sv\/#organization"},"potentialAction":[{"@type":"SearchAction","target":{"@type":"EntryPoint","urlTemplate":"https:\/\/truusk.store\/sv\/?s={search_term_string}"},"query-input":{"@type":"PropertyValueSpecification","valueRequired":true,"valueName":"search_term_string"}}],"inLanguage":"sv-SE"},{"@type":"Organization","@id":"https:\/\/truusk.store\/sv\/#organization","name":"TRUUSK - Hem, Tr\u00e4dg\u00e5rd & Fritid","url":"https:\/\/truusk.store\/sv\/","logo":{"@type":"ImageObject","inLanguage":"sv-SE","@id":"https:\/\/truusk.store\/sv\/#\/schema\/logo\/image\/","url":"https:\/\/i0.wp.com\/truusk.store\/wp-content\/uploads\/2026\/03\/cropped-TRUUSK.png?fit=2032%2C917&ssl=1","contentUrl":"https:\/\/i0.wp.com\/truusk.store\/wp-content\/uploads\/2026\/03\/cropped-TRUUSK.png?fit=2032%2C917&ssl=1","width":2032,"height":917,"caption":"TRUUSK - Hem, Tr\u00e4dg\u00e5rd & Fritid"},"image":{"@id":"https:\/\/truusk.store\/sv\/#\/schema\/logo\/image\/"}}]}},"jetpack_sharing_enabled":true,"_links":{"self":[{"href":"https:\/\/truusk.store\/sv\/wp-json\/wp\/v2\/product\/47721","targetHints":{"allow":["GET"]}}],"collection":[{"href":"https:\/\/truusk.store\/sv\/wp-json\/wp\/v2\/product"}],"about":[{"href":"https:\/\/truusk.store\/sv\/wp-json\/wp\/v2\/types\/product"}],"wp:featuredmedia":[{"embeddable":true,"href":"https:\/\/truusk.store\/sv\/wp-json\/wp\/v2\/media\/47722"}],"wp:attachment":[{"href":"https:\/\/truusk.store\/sv\/wp-json\/wp\/v2\/media?parent=47721"}],"wp:term":[{"taxonomy":"product_brand","embeddable":true,"href":"https:\/\/truusk.store\/sv\/wp-json\/wp\/v2\/product_brand?post=47721"},{"taxonomy":"product_cat","embeddable":true,"href":"https:\/\/truusk.store\/sv\/wp-json\/wp\/v2\/product_cat?post=47721"},{"taxonomy":"product_tag","embeddable":true,"href":"https:\/\/truusk.store\/sv\/wp-json\/wp\/v2\/product_tag?post=47721"}],"curies":[{"name":"wp","href":"https:\/\/api.w.org\/{rel}","templated":true}]}}