{"id":47735,"date":"2024-02-14T07:28:07","date_gmt":"2024-02-14T06:28:07","guid":{"rendered":"https:\/\/truusk.store\/product\/tradgardsgrind-las-och-nyckel-dekorativa-spetsar-rostfritt-stal-107x204cm-svart\/"},"modified":"2026-03-12T09:34:20","modified_gmt":"2026-03-12T08:34:20","slug":"truusk-tradgardsgrind-las-och-nyckel-dekorativa-spetsar-rostfritt-stal-107x204cm-svart","status":"publish","type":"product","link":"https:\/\/truusk.store\/sv\/produkt\/truusk-tradgardsgrind-las-och-nyckel-dekorativa-spetsar-rostfritt-stal-107x204cm-svart\/","title":{"rendered":"TRUUSK Tr\u00e4dg\u00e5rdsgrind &#8211; L\u00e5s Och Nyckel &#8211; Dekorativa Spetsar &#8211; Rostfritt St\u00e5l &#8211; 107x204cm &#8211; Svart"},"content":{"rendered":"<p>Denna karakt\u00e4rsfulla metallport v\u00e4lkomnar dig charmigt till ditt eget gr\u00f6nomr\u00e5de. Den robusta st\u00e5lramen med rosts\u00e4kra g\u00e5ngj\u00e4rn s\u00e4kerst\u00e4ller h\u00f6g stabilitet och l\u00e5ng livsl\u00e4ngd. De tv\u00e5 sidopelarna \u00e4r insatta djupt ner i marken &#8211; monteringen \u00e4r klar. Det medf\u00f6ljande l\u00e5set med tre matchande nycklar ger extra s\u00e4kerhet. Utrusta din tr\u00e4dg\u00e5rd med detta vackra blickf\u00e5ng, som ocks\u00e5 ger dig mer s\u00e4kerhet och trygghet.<\/p>\n<h3>Beskrivning:<\/h3>\n<ul>\n<li>Tr\u00e4dg\u00e5rdsst\u00e4ngselgrinden med spets ger din tr\u00e4dg\u00e5rd ett elegant och attraktivt utseende<\/li>\n<li>Den galvaniserade st\u00e5lramen med en m\u00e5lad yta st\u00e5r emot v\u00e4derp\u00e5verkan och s\u00e4kerst\u00e4ller en l\u00e5ng livsl\u00e4ngd<\/li>\n<li>De breda sidostolparna m\u00f6jligg\u00f6r enkel installation och s\u00e4kerst\u00e4ller stabilitet, vilket sparar tid och anstr\u00e4ngning<\/li>\n<li>Det h\u00f6gkvalitativa l\u00e5set med 3 nycklar ger dig s\u00e4kerhet och sinnesfrid utan extra kostnad<\/li>\n<li>Handtaget g\u00f6r att porten kan \u00f6ppnas och st\u00e4ngas bekv\u00e4mt, vilket g\u00f6r den dagliga anv\u00e4ndningen enklare<\/li>\n<li>Installationen \u00e4r enkel och okomplicerad, s\u00e5 du kan ta grinden i bruk<\/li>\n<\/ul>\n<h3>Teknisk data:<\/h3>\n<ul>\n<li>Svart f\u00e4rg<\/li>\n<li>Material: Galvaniserat st\u00e5l<\/li>\n<li>Totalm\u00e5tt: 107L x 204H cm<\/li>\n<li>Storlek p\u00e5 ladug\u00e5rdsd\u00f6rren: 89W x 148H cm<\/li>\n<li>Sidostolps diameter: 40 cm<\/li>\n<li>Anv\u00e4ndningsdjup: 35-53 cm<\/li>\n<\/ul>\n<h3>Leveransens omfattning:<\/h3>\n<ul>\n<li>1 x Tr\u00e4dg\u00e5rdsport<\/li>\n<li>1 x L\u00e5s med 3 nycklar<\/li>\n<li>1 x manuell<\/li>\n<\/ul>\n","protected":false},"excerpt":{"rendered":"<p>Denna karakt\u00e4rsfulla metallport v\u00e4lkomnar dig charmigt till ditt eget gr\u00f6nomr\u00e5de. Den robusta st\u00e5lramen med rosts\u00e4kra g\u00e5ngj\u00e4rn s\u00e4kerst\u00e4ller h\u00f6g stabilitet och&#8230;<\/p>\n","protected":false},"featured_media":47736,"template":"","meta":[],"product_brand":[],"product_cat":[435,464],"product_tag":[],"class_list":{"0":"post-47735","1":"product","2":"type-product","3":"status-publish","4":"has-post-thumbnail","6":"product_cat-tradgard-och-terrass","7":"product_cat-tradgardsdekoration","9":"first","10":"instock","11":"sale","12":"taxable","13":"shipping-taxable","14":"purchasable","15":"product-type-simple"},"yoast_head":"<!-- This site is optimized with the Yoast SEO plugin v25.4 - https:\/\/yoast.com\/wordpress\/plugins\/seo\/ -->\n<title>TRUUSK Tr\u00e4dg\u00e5rdsgrind - L\u00e5s Och Nyckel - Dekorativa Spetsar - Rostfritt St\u00e5l - 107x204cm - Svart - TRUUSK - Hem, Tr\u00e4dg\u00e5rd &amp; Fritid<\/title>\n<meta name=\"robots\" content=\"index, follow, max-snippet:-1, max-image-preview:large, max-video-preview:-1\" \/>\n<link rel=\"canonical\" href=\"https:\/\/truusk.store\/sv\/produkt\/truusk-tradgardsgrind-las-och-nyckel-dekorativa-spetsar-rostfritt-stal-107x204cm-svart\/\" \/>\n<meta property=\"og:locale\" content=\"sv_SE\" \/>\n<meta property=\"og:type\" content=\"article\" \/>\n<meta property=\"og:title\" content=\"TRUUSK Tr\u00e4dg\u00e5rdsgrind - L\u00e5s Och Nyckel - Dekorativa Spetsar - Rostfritt St\u00e5l - 107x204cm - Svart - TRUUSK - Hem, Tr\u00e4dg\u00e5rd &amp; Fritid\" \/>\n<meta property=\"og:description\" content=\"Denna karakt\u00e4rsfulla metallport v\u00e4lkomnar dig charmigt till ditt eget gr\u00f6nomr\u00e5de. Den robusta st\u00e5lramen med rosts\u00e4kra g\u00e5ngj\u00e4rn s\u00e4kerst\u00e4ller h\u00f6g stabilitet och...\" \/>\n<meta property=\"og:url\" content=\"https:\/\/truusk.store\/sv\/produkt\/truusk-tradgardsgrind-las-och-nyckel-dekorativa-spetsar-rostfritt-stal-107x204cm-svart\/\" \/>\n<meta property=\"og:site_name\" content=\"TRUUSK - Hem, Tr\u00e4dg\u00e5rd &amp; Fritid\" \/>\n<meta property=\"article:modified_time\" content=\"2026-03-12T08:34:20+00:00\" \/>\n<meta property=\"og:image\" content=\"https:\/\/i0.wp.com\/truusk.se\/wp-content\/uploads\/2024\/02\/tradgardsgrind-las-och-nyckel-dekorativa-spetsar-rostfritt-stal-107x204cm-svart.webp?fit=800%2C800&ssl=1\" \/>\n\t<meta property=\"og:image:width\" content=\"800\" \/>\n\t<meta property=\"og:image:height\" content=\"800\" \/>\n\t<meta property=\"og:image:type\" content=\"image\/webp\" \/>\n<meta name=\"twitter:card\" content=\"summary_large_image\" \/>\n<meta name=\"twitter:label1\" content=\"Ber\u00e4knad l\u00e4stid\" \/>\n\t<meta name=\"twitter:data1\" content=\"1 minut\" \/>\n<!-- \/ Yoast SEO plugin. -->","yoast_head_json":{"title":"TRUUSK Tr\u00e4dg\u00e5rdsgrind - L\u00e5s Och Nyckel - Dekorativa Spetsar - Rostfritt St\u00e5l - 107x204cm - Svart - TRUUSK - Hem, Tr\u00e4dg\u00e5rd &amp; Fritid","robots":{"index":"index","follow":"follow","max-snippet":"max-snippet:-1","max-image-preview":"max-image-preview:large","max-video-preview":"max-video-preview:-1"},"canonical":"https:\/\/truusk.store\/sv\/produkt\/truusk-tradgardsgrind-las-och-nyckel-dekorativa-spetsar-rostfritt-stal-107x204cm-svart\/","og_locale":"sv_SE","og_type":"article","og_title":"TRUUSK Tr\u00e4dg\u00e5rdsgrind - L\u00e5s Och Nyckel - Dekorativa Spetsar - Rostfritt St\u00e5l - 107x204cm - Svart - TRUUSK - Hem, Tr\u00e4dg\u00e5rd &amp; Fritid","og_description":"Denna karakt\u00e4rsfulla metallport v\u00e4lkomnar dig charmigt till ditt eget gr\u00f6nomr\u00e5de. Den robusta st\u00e5lramen med rosts\u00e4kra g\u00e5ngj\u00e4rn s\u00e4kerst\u00e4ller h\u00f6g stabilitet och...","og_url":"https:\/\/truusk.store\/sv\/produkt\/truusk-tradgardsgrind-las-och-nyckel-dekorativa-spetsar-rostfritt-stal-107x204cm-svart\/","og_site_name":"TRUUSK - Hem, Tr\u00e4dg\u00e5rd &amp; Fritid","article_modified_time":"2026-03-12T08:34:20+00:00","og_image":[{"width":800,"height":800,"url":"https:\/\/i0.wp.com\/truusk.se\/wp-content\/uploads\/2024\/02\/tradgardsgrind-las-och-nyckel-dekorativa-spetsar-rostfritt-stal-107x204cm-svart.webp?fit=800%2C800&ssl=1","type":"image\/webp"}],"twitter_card":"summary_large_image","twitter_misc":{"Ber\u00e4knad l\u00e4stid":"1 minut"},"schema":{"@context":"https:\/\/schema.org","@graph":[{"@type":"WebPage","@id":"https:\/\/truusk.store\/sv\/produkt\/truusk-tradgardsgrind-las-och-nyckel-dekorativa-spetsar-rostfritt-stal-107x204cm-svart\/","url":"https:\/\/truusk.store\/sv\/produkt\/truusk-tradgardsgrind-las-och-nyckel-dekorativa-spetsar-rostfritt-stal-107x204cm-svart\/","name":"TRUUSK Tr\u00e4dg\u00e5rdsgrind - L\u00e5s Och Nyckel - Dekorativa Spetsar - Rostfritt St\u00e5l - 107x204cm - Svart - TRUUSK - Hem, Tr\u00e4dg\u00e5rd &amp; Fritid","isPartOf":{"@id":"https:\/\/truusk.store\/sv\/#website"},"primaryImageOfPage":{"@id":"https:\/\/truusk.store\/sv\/produkt\/truusk-tradgardsgrind-las-och-nyckel-dekorativa-spetsar-rostfritt-stal-107x204cm-svart\/#primaryimage"},"image":{"@id":"https:\/\/truusk.store\/sv\/produkt\/truusk-tradgardsgrind-las-och-nyckel-dekorativa-spetsar-rostfritt-stal-107x204cm-svart\/#primaryimage"},"thumbnailUrl":"https:\/\/i0.wp.com\/truusk.store\/wp-content\/uploads\/2024\/02\/tradgardsgrind-las-och-nyckel-dekorativa-spetsar-rostfritt-stal-107x204cm-svart.webp?fit=800%2C800&ssl=1","datePublished":"2024-02-14T06:28:07+00:00","dateModified":"2026-03-12T08:34:20+00:00","breadcrumb":{"@id":"https:\/\/truusk.store\/sv\/produkt\/truusk-tradgardsgrind-las-och-nyckel-dekorativa-spetsar-rostfritt-stal-107x204cm-svart\/#breadcrumb"},"inLanguage":"sv-SE","potentialAction":[{"@type":"ReadAction","target":["https:\/\/truusk.store\/sv\/produkt\/truusk-tradgardsgrind-las-och-nyckel-dekorativa-spetsar-rostfritt-stal-107x204cm-svart\/"]}]},{"@type":"ImageObject","inLanguage":"sv-SE","@id":"https:\/\/truusk.store\/sv\/produkt\/truusk-tradgardsgrind-las-och-nyckel-dekorativa-spetsar-rostfritt-stal-107x204cm-svart\/#primaryimage","url":"https:\/\/i0.wp.com\/truusk.store\/wp-content\/uploads\/2024\/02\/tradgardsgrind-las-och-nyckel-dekorativa-spetsar-rostfritt-stal-107x204cm-svart.webp?fit=800%2C800&ssl=1","contentUrl":"https:\/\/i0.wp.com\/truusk.store\/wp-content\/uploads\/2024\/02\/tradgardsgrind-las-och-nyckel-dekorativa-spetsar-rostfritt-stal-107x204cm-svart.webp?fit=800%2C800&ssl=1","width":800,"height":800,"caption":"Tr\u00e4dg\u00e5rdsgrind, L\u00e5s Och Nyckel, Dekorativa Spetsar, Rostfritt St\u00e5l, 107x204cm, Svart 1"},{"@type":"BreadcrumbList","@id":"https:\/\/truusk.store\/sv\/produkt\/truusk-tradgardsgrind-las-och-nyckel-dekorativa-spetsar-rostfritt-stal-107x204cm-svart\/#breadcrumb","itemListElement":[{"@type":"ListItem","position":1,"name":"Home","item":"https:\/\/truusk.store\/sv\/"},{"@type":"ListItem","position":2,"name":"Shop","item":"https:\/\/truusk.store\/shop\/"},{"@type":"ListItem","position":3,"name":"TRUUSK Tr\u00e4dg\u00e5rdsgrind &#8211; L\u00e5s Och Nyckel &#8211; Dekorativa Spetsar &#8211; Rostfritt St\u00e5l &#8211; 107x204cm &#8211; Svart"}]},{"@type":"WebSite","@id":"https:\/\/truusk.store\/sv\/#website","url":"https:\/\/truusk.store\/sv\/","name":"TRUUSK - Hem, Tr\u00e4dg\u00e5rd & Fritid","description":"","publisher":{"@id":"https:\/\/truusk.store\/sv\/#organization"},"potentialAction":[{"@type":"SearchAction","target":{"@type":"EntryPoint","urlTemplate":"https:\/\/truusk.store\/sv\/?s={search_term_string}"},"query-input":{"@type":"PropertyValueSpecification","valueRequired":true,"valueName":"search_term_string"}}],"inLanguage":"sv-SE"},{"@type":"Organization","@id":"https:\/\/truusk.store\/sv\/#organization","name":"TRUUSK - Hem, Tr\u00e4dg\u00e5rd & Fritid","url":"https:\/\/truusk.store\/sv\/","logo":{"@type":"ImageObject","inLanguage":"sv-SE","@id":"https:\/\/truusk.store\/sv\/#\/schema\/logo\/image\/","url":"https:\/\/i0.wp.com\/truusk.store\/wp-content\/uploads\/2026\/03\/cropped-TRUUSK.png?fit=2032%2C917&ssl=1","contentUrl":"https:\/\/i0.wp.com\/truusk.store\/wp-content\/uploads\/2026\/03\/cropped-TRUUSK.png?fit=2032%2C917&ssl=1","width":2032,"height":917,"caption":"TRUUSK - Hem, Tr\u00e4dg\u00e5rd & Fritid"},"image":{"@id":"https:\/\/truusk.store\/sv\/#\/schema\/logo\/image\/"}}]}},"jetpack_sharing_enabled":true,"_links":{"self":[{"href":"https:\/\/truusk.store\/sv\/wp-json\/wp\/v2\/product\/47735","targetHints":{"allow":["GET"]}}],"collection":[{"href":"https:\/\/truusk.store\/sv\/wp-json\/wp\/v2\/product"}],"about":[{"href":"https:\/\/truusk.store\/sv\/wp-json\/wp\/v2\/types\/product"}],"wp:featuredmedia":[{"embeddable":true,"href":"https:\/\/truusk.store\/sv\/wp-json\/wp\/v2\/media\/47736"}],"wp:attachment":[{"href":"https:\/\/truusk.store\/sv\/wp-json\/wp\/v2\/media?parent=47735"}],"wp:term":[{"taxonomy":"product_brand","embeddable":true,"href":"https:\/\/truusk.store\/sv\/wp-json\/wp\/v2\/product_brand?post=47735"},{"taxonomy":"product_cat","embeddable":true,"href":"https:\/\/truusk.store\/sv\/wp-json\/wp\/v2\/product_cat?post=47735"},{"taxonomy":"product_tag","embeddable":true,"href":"https:\/\/truusk.store\/sv\/wp-json\/wp\/v2\/product_tag?post=47735"}],"curies":[{"name":"wp","href":"https:\/\/api.w.org\/{rel}","templated":true}]}}