{"id":47778,"date":"2024-02-14T07:29:46","date_gmt":"2024-02-14T06:29:46","guid":{"rendered":"https:\/\/truusk.store\/product\/ersattningskantskydd-for-studsmattor-vattentat-mogetat-244-cm-fargglad\/"},"modified":"2026-03-12T09:34:20","modified_gmt":"2026-03-12T08:34:20","slug":"truusk-vattentat-ersattningskantskydd-for-studsmattor-244-cm-mogetat-fargglad","status":"publish","type":"product","link":"https:\/\/truusk.store\/sv\/produkt\/truusk-vattentat-ersattningskantskydd-for-studsmattor-244-cm-mogetat-fargglad\/","title":{"rendered":"TRUUSK Vattent\u00e4t Ers\u00e4ttningskantskydd f\u00f6r Studsmattor &#8211; 244 cm &#8211; Moget\u00e4t &#8211; F\u00e4rgglad"},"content":{"rendered":"<p>Upplev bekymmersl\u00f6st hoppkul med trampolinkantstoppningen. Detta t\u00e4cker studsmattans fj\u00e4drar och st\u00e5lkanter f\u00f6r att s\u00e4kerst\u00e4lla en mjuk och s\u00e4ker yta. Tack vare det t\u00e5liga, st\u00f6td\u00e4mpande skummet \u00e4r kantskyddet speciellt designat f\u00f6r tr\u00e4dg\u00e5rdsstudsmattor med rund ram. Den \u00e4r vattenavvisande och beh\u00e5ller sin form f\u00f6r att s\u00e4kert skydda dina h\u00e4nder, f\u00f6tter och h\u00e5r, samt trampolinfj\u00e4drarna. S\u00e5 inget st\u00e5r i v\u00e4gen f\u00f6r gl\u00e4djen att hoppa!<\/p>\n<h3>Beskrivning:<\/h3>\n<ul>\n<li>Skyddar anv\u00e4ndare fr\u00e5n bl\u00e5m\u00e4rken och repor genom att t\u00e4cka fj\u00e4drarna och st\u00e5lkanterna p\u00e5 studsmattan och skapa en mjukare yta<\/li>\n<li>Speciellt utvecklad f\u00f6r tr\u00e4dg\u00e5rdstrampoliner med rund ram f\u00f6r en s\u00e4ker och bekv\u00e4m hoppupplevelse<\/li>\n<li>Best\u00e5r av mjuk skumvaddering som \u00e4r vattenavvisande och h\u00e5llbar<\/li>\n<\/ul>\n<h3>Teknisk data:<\/h3>\n<ul>\n<li>F\u00e4rg: Gul+Rosa+Gr\u00f6n+Bl\u00e5<\/li>\n<li>Material: plast, PE, EPE-skum<\/li>\n<li>\u00d6vergripande m\u00e5tt: 244 x 30H cm<\/li>\n<li>L\u00e4mplig f\u00f6r studsmatta: 244 cm<\/li>\n<\/ul>\n<h3>Leveransens omfattning:<\/h3>\n<ul>\n<li>1 x trampolin kantstoppning;<\/li>\n<\/ul>\n","protected":false},"excerpt":{"rendered":"<p>Upplev bekymmersl\u00f6st hoppkul med trampolinkantstoppningen. Detta t\u00e4cker studsmattans fj\u00e4drar och st\u00e5lkanter f\u00f6r att s\u00e4kerst\u00e4lla en mjuk och s\u00e4ker yta. Tack&#8230;<\/p>\n","protected":false},"featured_media":47779,"template":"","meta":[],"product_brand":[],"product_cat":[656,647,657],"product_tag":[],"class_list":{"0":"post-47778","1":"product","2":"type-product","3":"status-publish","4":"has-post-thumbnail","6":"product_cat-spel-hobby","7":"product_cat-sport-fritid","8":"product_cat-studsmattor-tillbehor","10":"first","11":"instock","12":"sale","13":"taxable","14":"shipping-taxable","15":"purchasable","16":"product-type-simple"},"yoast_head":"<!-- This site is optimized with the Yoast SEO plugin v25.4 - https:\/\/yoast.com\/wordpress\/plugins\/seo\/ -->\n<title>TRUUSK Vattent\u00e4t Ers\u00e4ttningskantskydd f\u00f6r Studsmattor - 244 cm - Moget\u00e4t - F\u00e4rgglad - TRUUSK - Hem, Tr\u00e4dg\u00e5rd &amp; Fritid<\/title>\n<meta name=\"robots\" content=\"index, follow, max-snippet:-1, max-image-preview:large, max-video-preview:-1\" \/>\n<link rel=\"canonical\" href=\"https:\/\/truusk.store\/sv\/produkt\/truusk-vattentat-ersattningskantskydd-for-studsmattor-244-cm-mogetat-fargglad\/\" \/>\n<meta property=\"og:locale\" content=\"sv_SE\" \/>\n<meta property=\"og:type\" content=\"article\" \/>\n<meta property=\"og:title\" content=\"TRUUSK Vattent\u00e4t Ers\u00e4ttningskantskydd f\u00f6r Studsmattor - 244 cm - Moget\u00e4t - F\u00e4rgglad - TRUUSK - Hem, Tr\u00e4dg\u00e5rd &amp; Fritid\" \/>\n<meta property=\"og:description\" content=\"Upplev bekymmersl\u00f6st hoppkul med trampolinkantstoppningen. Detta t\u00e4cker studsmattans fj\u00e4drar och st\u00e5lkanter f\u00f6r att s\u00e4kerst\u00e4lla en mjuk och s\u00e4ker yta. Tack...\" \/>\n<meta property=\"og:url\" content=\"https:\/\/truusk.store\/sv\/produkt\/truusk-vattentat-ersattningskantskydd-for-studsmattor-244-cm-mogetat-fargglad\/\" \/>\n<meta property=\"og:site_name\" content=\"TRUUSK - Hem, Tr\u00e4dg\u00e5rd &amp; Fritid\" \/>\n<meta property=\"article:modified_time\" content=\"2026-03-12T08:34:20+00:00\" \/>\n<meta property=\"og:image\" content=\"https:\/\/i0.wp.com\/truusk.se\/wp-content\/uploads\/2024\/02\/ersattningskantskydd-for-studsmattor-vattentat-mogetat-244-cm-fargglad.webp?fit=800%2C800&ssl=1\" \/>\n\t<meta property=\"og:image:width\" content=\"800\" \/>\n\t<meta property=\"og:image:height\" content=\"800\" \/>\n\t<meta property=\"og:image:type\" content=\"image\/webp\" \/>\n<meta name=\"twitter:card\" content=\"summary_large_image\" \/>\n<meta name=\"twitter:label1\" content=\"Ber\u00e4knad l\u00e4stid\" \/>\n\t<meta name=\"twitter:data1\" content=\"1 minut\" \/>\n<!-- \/ Yoast SEO plugin. -->","yoast_head_json":{"title":"TRUUSK Vattent\u00e4t Ers\u00e4ttningskantskydd f\u00f6r Studsmattor - 244 cm - Moget\u00e4t - F\u00e4rgglad - TRUUSK - Hem, Tr\u00e4dg\u00e5rd &amp; Fritid","robots":{"index":"index","follow":"follow","max-snippet":"max-snippet:-1","max-image-preview":"max-image-preview:large","max-video-preview":"max-video-preview:-1"},"canonical":"https:\/\/truusk.store\/sv\/produkt\/truusk-vattentat-ersattningskantskydd-for-studsmattor-244-cm-mogetat-fargglad\/","og_locale":"sv_SE","og_type":"article","og_title":"TRUUSK Vattent\u00e4t Ers\u00e4ttningskantskydd f\u00f6r Studsmattor - 244 cm - Moget\u00e4t - F\u00e4rgglad - TRUUSK - Hem, Tr\u00e4dg\u00e5rd &amp; Fritid","og_description":"Upplev bekymmersl\u00f6st hoppkul med trampolinkantstoppningen. Detta t\u00e4cker studsmattans fj\u00e4drar och st\u00e5lkanter f\u00f6r att s\u00e4kerst\u00e4lla en mjuk och s\u00e4ker yta. Tack...","og_url":"https:\/\/truusk.store\/sv\/produkt\/truusk-vattentat-ersattningskantskydd-for-studsmattor-244-cm-mogetat-fargglad\/","og_site_name":"TRUUSK - Hem, Tr\u00e4dg\u00e5rd &amp; Fritid","article_modified_time":"2026-03-12T08:34:20+00:00","og_image":[{"width":800,"height":800,"url":"https:\/\/i0.wp.com\/truusk.se\/wp-content\/uploads\/2024\/02\/ersattningskantskydd-for-studsmattor-vattentat-mogetat-244-cm-fargglad.webp?fit=800%2C800&ssl=1","type":"image\/webp"}],"twitter_card":"summary_large_image","twitter_misc":{"Ber\u00e4knad l\u00e4stid":"1 minut"},"schema":{"@context":"https:\/\/schema.org","@graph":[{"@type":"WebPage","@id":"https:\/\/truusk.store\/sv\/produkt\/truusk-vattentat-ersattningskantskydd-for-studsmattor-244-cm-mogetat-fargglad\/","url":"https:\/\/truusk.store\/sv\/produkt\/truusk-vattentat-ersattningskantskydd-for-studsmattor-244-cm-mogetat-fargglad\/","name":"TRUUSK Vattent\u00e4t Ers\u00e4ttningskantskydd f\u00f6r Studsmattor - 244 cm - Moget\u00e4t - F\u00e4rgglad - TRUUSK - Hem, Tr\u00e4dg\u00e5rd &amp; Fritid","isPartOf":{"@id":"https:\/\/truusk.store\/sv\/#website"},"primaryImageOfPage":{"@id":"https:\/\/truusk.store\/sv\/produkt\/truusk-vattentat-ersattningskantskydd-for-studsmattor-244-cm-mogetat-fargglad\/#primaryimage"},"image":{"@id":"https:\/\/truusk.store\/sv\/produkt\/truusk-vattentat-ersattningskantskydd-for-studsmattor-244-cm-mogetat-fargglad\/#primaryimage"},"thumbnailUrl":"https:\/\/i0.wp.com\/truusk.store\/wp-content\/uploads\/2024\/02\/ersattningskantskydd-for-studsmattor-vattentat-mogetat-244-cm-fargglad.webp?fit=800%2C800&ssl=1","datePublished":"2024-02-14T06:29:46+00:00","dateModified":"2026-03-12T08:34:20+00:00","breadcrumb":{"@id":"https:\/\/truusk.store\/sv\/produkt\/truusk-vattentat-ersattningskantskydd-for-studsmattor-244-cm-mogetat-fargglad\/#breadcrumb"},"inLanguage":"sv-SE","potentialAction":[{"@type":"ReadAction","target":["https:\/\/truusk.store\/sv\/produkt\/truusk-vattentat-ersattningskantskydd-for-studsmattor-244-cm-mogetat-fargglad\/"]}]},{"@type":"ImageObject","inLanguage":"sv-SE","@id":"https:\/\/truusk.store\/sv\/produkt\/truusk-vattentat-ersattningskantskydd-for-studsmattor-244-cm-mogetat-fargglad\/#primaryimage","url":"https:\/\/i0.wp.com\/truusk.store\/wp-content\/uploads\/2024\/02\/ersattningskantskydd-for-studsmattor-vattentat-mogetat-244-cm-fargglad.webp?fit=800%2C800&ssl=1","contentUrl":"https:\/\/i0.wp.com\/truusk.store\/wp-content\/uploads\/2024\/02\/ersattningskantskydd-for-studsmattor-vattentat-mogetat-244-cm-fargglad.webp?fit=800%2C800&ssl=1","width":800,"height":800,"caption":"Ers\u00e4ttningskantskydd F\u00f6r Studsmattor, Vattent\u00e4t, Moget\u00e4t, 244 Cm, F\u00e4rgglad 1"},{"@type":"BreadcrumbList","@id":"https:\/\/truusk.store\/sv\/produkt\/truusk-vattentat-ersattningskantskydd-for-studsmattor-244-cm-mogetat-fargglad\/#breadcrumb","itemListElement":[{"@type":"ListItem","position":1,"name":"Home","item":"https:\/\/truusk.store\/sv\/"},{"@type":"ListItem","position":2,"name":"Shop","item":"https:\/\/truusk.store\/shop\/"},{"@type":"ListItem","position":3,"name":"TRUUSK Vattent\u00e4t Ers\u00e4ttningskantskydd f\u00f6r Studsmattor &#8211; 244 cm &#8211; Moget\u00e4t &#8211; F\u00e4rgglad"}]},{"@type":"WebSite","@id":"https:\/\/truusk.store\/sv\/#website","url":"https:\/\/truusk.store\/sv\/","name":"TRUUSK - Hem, Tr\u00e4dg\u00e5rd & Fritid","description":"","publisher":{"@id":"https:\/\/truusk.store\/sv\/#organization"},"potentialAction":[{"@type":"SearchAction","target":{"@type":"EntryPoint","urlTemplate":"https:\/\/truusk.store\/sv\/?s={search_term_string}"},"query-input":{"@type":"PropertyValueSpecification","valueRequired":true,"valueName":"search_term_string"}}],"inLanguage":"sv-SE"},{"@type":"Organization","@id":"https:\/\/truusk.store\/sv\/#organization","name":"TRUUSK - Hem, Tr\u00e4dg\u00e5rd & Fritid","url":"https:\/\/truusk.store\/sv\/","logo":{"@type":"ImageObject","inLanguage":"sv-SE","@id":"https:\/\/truusk.store\/sv\/#\/schema\/logo\/image\/","url":"https:\/\/i0.wp.com\/truusk.store\/wp-content\/uploads\/2026\/03\/cropped-TRUUSK.png?fit=2032%2C917&ssl=1","contentUrl":"https:\/\/i0.wp.com\/truusk.store\/wp-content\/uploads\/2026\/03\/cropped-TRUUSK.png?fit=2032%2C917&ssl=1","width":2032,"height":917,"caption":"TRUUSK - Hem, Tr\u00e4dg\u00e5rd & Fritid"},"image":{"@id":"https:\/\/truusk.store\/sv\/#\/schema\/logo\/image\/"}}]}},"jetpack_sharing_enabled":true,"_links":{"self":[{"href":"https:\/\/truusk.store\/sv\/wp-json\/wp\/v2\/product\/47778","targetHints":{"allow":["GET"]}}],"collection":[{"href":"https:\/\/truusk.store\/sv\/wp-json\/wp\/v2\/product"}],"about":[{"href":"https:\/\/truusk.store\/sv\/wp-json\/wp\/v2\/types\/product"}],"wp:featuredmedia":[{"embeddable":true,"href":"https:\/\/truusk.store\/sv\/wp-json\/wp\/v2\/media\/47779"}],"wp:attachment":[{"href":"https:\/\/truusk.store\/sv\/wp-json\/wp\/v2\/media?parent=47778"}],"wp:term":[{"taxonomy":"product_brand","embeddable":true,"href":"https:\/\/truusk.store\/sv\/wp-json\/wp\/v2\/product_brand?post=47778"},{"taxonomy":"product_cat","embeddable":true,"href":"https:\/\/truusk.store\/sv\/wp-json\/wp\/v2\/product_cat?post=47778"},{"taxonomy":"product_tag","embeddable":true,"href":"https:\/\/truusk.store\/sv\/wp-json\/wp\/v2\/product_tag?post=47778"}],"curies":[{"name":"wp","href":"https:\/\/api.w.org\/{rel}","templated":true}]}}