{"id":47807,"date":"2024-02-14T07:31:01","date_gmt":"2024-02-14T06:31:01","guid":{"rendered":"https:\/\/truusk.store\/product\/tradgardsbank-for-2-personer-rustik-design-hopfallbar-naturligt-tra-122-x-63-x-83-cm-forkolnad-yta\/"},"modified":"2026-03-12T09:34:21","modified_gmt":"2026-03-12T08:34:21","slug":"truusk-tradgardsbank-for-2-personer-rustik-design-hopfallbar-naturligt-tra-122-x-63-x-83-cm-forkolnad-yta","status":"publish","type":"product","link":"https:\/\/truusk.store\/sv\/produkt\/truusk-tradgardsbank-for-2-personer-rustik-design-hopfallbar-naturligt-tra-122-x-63-x-83-cm-forkolnad-yta\/","title":{"rendered":"TRUUSK Tr\u00e4dg\u00e5rdsb\u00e4nk F\u00f6r 2 Personer &#8211; Rustik Design &#8211; Hopf\u00e4llbar &#8211; Naturligt Tr\u00e4 &#8211; 122 x 63 x 83 cm &#8211; F\u00f6rkolnad Yta"},"content":{"rendered":"<p>Uppt\u00e4ck sk\u00f6nheten och funktionaliteten hos v\u00e5r b\u00e4nk gjord av massivt gran med f\u00f6rkolningsbehandling. Lamelldesignen s\u00e4kerst\u00e4ller inte bara ett attraktivt utseende, utan m\u00f6jligg\u00f6r ocks\u00e5 effektiv dr\u00e4nering under regniga dagar. Tack vare den l\u00e4tta hopf\u00e4llbarheten kan b\u00e4nken stuvas undan f\u00f6r att spara utrymme. Perfekt f\u00f6r att l\u00e4gga till en elegant lantlig k\u00e4nsla till din uteplats, tr\u00e4dg\u00e5rd eller andra utomhusomr\u00e5den.<\/p>\n<h3>Beskrivning:<\/h3>\n<ul>\n<li>Tillverkad av massivt grantr\u00e4 med f\u00f6rkolningsbehandling f\u00f6r en rustik, vacker look<\/li>\n<li>Lamelldesign f\u00f6r ett vackert utseende, f\u00f6rhindrar vattenansamling p\u00e5 regniga dagar<\/li>\n<li>Brett ryggst\u00f6d f\u00f6r f\u00f6rvaring av sm\u00e5saker<\/li>\n<li>L\u00e4tt hopf\u00e4llbar f\u00f6r att spara utrymme<\/li>\n<li>Den rustika b\u00e4nken tillf\u00f6r en elegant, lantlig charm till din uteplats, tr\u00e4dg\u00e5rd eller andra utomhusomr\u00e5den<\/li>\n<li>Montering kr\u00e4vs<\/li>\n<\/ul>\n<h3>Teknisk data:<\/h3>\n<ul>\n<li>F\u00e4rg: F\u00f6rkolad<\/li>\n<li>Material: gran<\/li>\n<li>\u00d6vergripande m\u00e5tt: 122W x 63D x 83H cm<\/li>\n<li>Vikstorlek: 122L x 95W x 11H cm<\/li>\n<li>Sitsstorlek: 112W x 34D cm<\/li>\n<li>Sitth\u00f6jd: 40 cm<\/li>\n<li>Ryggst\u00f6dets m\u00e5tt: 122W x 34D cm<\/li>\n<li>Lastkapacitet: 250 kg<\/li>\n<\/ul>\n<h3>Leveransens omfattning:<\/h3>\n<ul>\n<li>1 x Tr\u00e4dg\u00e5rdsb\u00e4nk<\/li>\n<li>1 x manuell<\/li>\n<\/ul>\n","protected":false},"excerpt":{"rendered":"<p>Uppt\u00e4ck sk\u00f6nheten och funktionaliteten hos v\u00e5r b\u00e4nk gjord av massivt gran med f\u00f6rkolningsbehandling. Lamelldesignen s\u00e4kerst\u00e4ller inte bara ett attraktivt utseende,&#8230;<\/p>\n","protected":false},"featured_media":47808,"template":"","meta":[],"product_brand":[],"product_cat":[435,454,450],"product_tag":[],"class_list":{"0":"post-47807","1":"product","2":"type-product","3":"status-publish","4":"has-post-thumbnail","6":"product_cat-tradgard-och-terrass","7":"product_cat-tradgardsbankar","8":"product_cat-tradgardsmobler","10":"first","11":"instock","12":"sale","13":"taxable","14":"shipping-taxable","15":"purchasable","16":"product-type-simple"},"yoast_head":"<!-- This site is optimized with the Yoast SEO plugin v25.4 - https:\/\/yoast.com\/wordpress\/plugins\/seo\/ -->\n<title>TRUUSK Tr\u00e4dg\u00e5rdsb\u00e4nk F\u00f6r 2 Personer - Rustik Design - Hopf\u00e4llbar - Naturligt Tr\u00e4 - 122 x 63 x 83 cm - F\u00f6rkolnad Yta - TRUUSK - Hem, Tr\u00e4dg\u00e5rd &amp; Fritid<\/title>\n<meta name=\"robots\" content=\"index, follow, max-snippet:-1, max-image-preview:large, max-video-preview:-1\" \/>\n<link rel=\"canonical\" href=\"https:\/\/truusk.store\/sv\/produkt\/truusk-tradgardsbank-for-2-personer-rustik-design-hopfallbar-naturligt-tra-122-x-63-x-83-cm-forkolnad-yta\/\" \/>\n<meta property=\"og:locale\" content=\"sv_SE\" \/>\n<meta property=\"og:type\" content=\"article\" \/>\n<meta property=\"og:title\" content=\"TRUUSK Tr\u00e4dg\u00e5rdsb\u00e4nk F\u00f6r 2 Personer - Rustik Design - Hopf\u00e4llbar - Naturligt Tr\u00e4 - 122 x 63 x 83 cm - F\u00f6rkolnad Yta - TRUUSK - Hem, Tr\u00e4dg\u00e5rd &amp; Fritid\" \/>\n<meta property=\"og:description\" content=\"Uppt\u00e4ck sk\u00f6nheten och funktionaliteten hos v\u00e5r b\u00e4nk gjord av massivt gran med f\u00f6rkolningsbehandling. Lamelldesignen s\u00e4kerst\u00e4ller inte bara ett attraktivt utseende,...\" \/>\n<meta property=\"og:url\" content=\"https:\/\/truusk.store\/sv\/produkt\/truusk-tradgardsbank-for-2-personer-rustik-design-hopfallbar-naturligt-tra-122-x-63-x-83-cm-forkolnad-yta\/\" \/>\n<meta property=\"og:site_name\" content=\"TRUUSK - Hem, Tr\u00e4dg\u00e5rd &amp; Fritid\" \/>\n<meta property=\"article:modified_time\" content=\"2026-03-12T08:34:21+00:00\" \/>\n<meta property=\"og:image\" content=\"https:\/\/i0.wp.com\/truusk.se\/wp-content\/uploads\/2024\/02\/tradgardsbank-for-2-personer-rustik-design-hopfallbar-naturligt-tra-122-x-63-x-83-cm-forkolnad-yta.webp?fit=800%2C800&ssl=1\" \/>\n\t<meta property=\"og:image:width\" content=\"800\" \/>\n\t<meta property=\"og:image:height\" content=\"800\" \/>\n\t<meta property=\"og:image:type\" content=\"image\/webp\" \/>\n<meta name=\"twitter:card\" content=\"summary_large_image\" \/>\n<meta name=\"twitter:label1\" content=\"Ber\u00e4knad l\u00e4stid\" \/>\n\t<meta name=\"twitter:data1\" content=\"1 minut\" \/>\n<!-- \/ Yoast SEO plugin. -->","yoast_head_json":{"title":"TRUUSK Tr\u00e4dg\u00e5rdsb\u00e4nk F\u00f6r 2 Personer - Rustik Design - Hopf\u00e4llbar - Naturligt Tr\u00e4 - 122 x 63 x 83 cm - F\u00f6rkolnad Yta - TRUUSK - Hem, Tr\u00e4dg\u00e5rd &amp; Fritid","robots":{"index":"index","follow":"follow","max-snippet":"max-snippet:-1","max-image-preview":"max-image-preview:large","max-video-preview":"max-video-preview:-1"},"canonical":"https:\/\/truusk.store\/sv\/produkt\/truusk-tradgardsbank-for-2-personer-rustik-design-hopfallbar-naturligt-tra-122-x-63-x-83-cm-forkolnad-yta\/","og_locale":"sv_SE","og_type":"article","og_title":"TRUUSK Tr\u00e4dg\u00e5rdsb\u00e4nk F\u00f6r 2 Personer - Rustik Design - Hopf\u00e4llbar - Naturligt Tr\u00e4 - 122 x 63 x 83 cm - F\u00f6rkolnad Yta - TRUUSK - Hem, Tr\u00e4dg\u00e5rd &amp; Fritid","og_description":"Uppt\u00e4ck sk\u00f6nheten och funktionaliteten hos v\u00e5r b\u00e4nk gjord av massivt gran med f\u00f6rkolningsbehandling. Lamelldesignen s\u00e4kerst\u00e4ller inte bara ett attraktivt utseende,...","og_url":"https:\/\/truusk.store\/sv\/produkt\/truusk-tradgardsbank-for-2-personer-rustik-design-hopfallbar-naturligt-tra-122-x-63-x-83-cm-forkolnad-yta\/","og_site_name":"TRUUSK - Hem, Tr\u00e4dg\u00e5rd &amp; Fritid","article_modified_time":"2026-03-12T08:34:21+00:00","og_image":[{"width":800,"height":800,"url":"https:\/\/i0.wp.com\/truusk.se\/wp-content\/uploads\/2024\/02\/tradgardsbank-for-2-personer-rustik-design-hopfallbar-naturligt-tra-122-x-63-x-83-cm-forkolnad-yta.webp?fit=800%2C800&ssl=1","type":"image\/webp"}],"twitter_card":"summary_large_image","twitter_misc":{"Ber\u00e4knad l\u00e4stid":"1 minut"},"schema":{"@context":"https:\/\/schema.org","@graph":[{"@type":"WebPage","@id":"https:\/\/truusk.store\/sv\/produkt\/truusk-tradgardsbank-for-2-personer-rustik-design-hopfallbar-naturligt-tra-122-x-63-x-83-cm-forkolnad-yta\/","url":"https:\/\/truusk.store\/sv\/produkt\/truusk-tradgardsbank-for-2-personer-rustik-design-hopfallbar-naturligt-tra-122-x-63-x-83-cm-forkolnad-yta\/","name":"TRUUSK Tr\u00e4dg\u00e5rdsb\u00e4nk F\u00f6r 2 Personer - Rustik Design - Hopf\u00e4llbar - Naturligt Tr\u00e4 - 122 x 63 x 83 cm - F\u00f6rkolnad Yta - TRUUSK - Hem, Tr\u00e4dg\u00e5rd &amp; Fritid","isPartOf":{"@id":"https:\/\/truusk.store\/sv\/#website"},"primaryImageOfPage":{"@id":"https:\/\/truusk.store\/sv\/produkt\/truusk-tradgardsbank-for-2-personer-rustik-design-hopfallbar-naturligt-tra-122-x-63-x-83-cm-forkolnad-yta\/#primaryimage"},"image":{"@id":"https:\/\/truusk.store\/sv\/produkt\/truusk-tradgardsbank-for-2-personer-rustik-design-hopfallbar-naturligt-tra-122-x-63-x-83-cm-forkolnad-yta\/#primaryimage"},"thumbnailUrl":"https:\/\/i0.wp.com\/truusk.store\/wp-content\/uploads\/2024\/02\/tradgardsbank-for-2-personer-rustik-design-hopfallbar-naturligt-tra-122-x-63-x-83-cm-forkolnad-yta.webp?fit=800%2C800&ssl=1","datePublished":"2024-02-14T06:31:01+00:00","dateModified":"2026-03-12T08:34:21+00:00","breadcrumb":{"@id":"https:\/\/truusk.store\/sv\/produkt\/truusk-tradgardsbank-for-2-personer-rustik-design-hopfallbar-naturligt-tra-122-x-63-x-83-cm-forkolnad-yta\/#breadcrumb"},"inLanguage":"sv-SE","potentialAction":[{"@type":"ReadAction","target":["https:\/\/truusk.store\/sv\/produkt\/truusk-tradgardsbank-for-2-personer-rustik-design-hopfallbar-naturligt-tra-122-x-63-x-83-cm-forkolnad-yta\/"]}]},{"@type":"ImageObject","inLanguage":"sv-SE","@id":"https:\/\/truusk.store\/sv\/produkt\/truusk-tradgardsbank-for-2-personer-rustik-design-hopfallbar-naturligt-tra-122-x-63-x-83-cm-forkolnad-yta\/#primaryimage","url":"https:\/\/i0.wp.com\/truusk.store\/wp-content\/uploads\/2024\/02\/tradgardsbank-for-2-personer-rustik-design-hopfallbar-naturligt-tra-122-x-63-x-83-cm-forkolnad-yta.webp?fit=800%2C800&ssl=1","contentUrl":"https:\/\/i0.wp.com\/truusk.store\/wp-content\/uploads\/2024\/02\/tradgardsbank-for-2-personer-rustik-design-hopfallbar-naturligt-tra-122-x-63-x-83-cm-forkolnad-yta.webp?fit=800%2C800&ssl=1","width":800,"height":800,"caption":"Tr\u00e4dg\u00e5rdsb\u00e4nk F\u00f6r 2 Personer, Rustik Design, Hopf\u00e4llbar, Naturligt Tr\u00e4, 122 X 63 X 83 Cm, F\u00f6rkolnad Yta 1"},{"@type":"BreadcrumbList","@id":"https:\/\/truusk.store\/sv\/produkt\/truusk-tradgardsbank-for-2-personer-rustik-design-hopfallbar-naturligt-tra-122-x-63-x-83-cm-forkolnad-yta\/#breadcrumb","itemListElement":[{"@type":"ListItem","position":1,"name":"Home","item":"https:\/\/truusk.store\/sv\/"},{"@type":"ListItem","position":2,"name":"Shop","item":"https:\/\/truusk.store\/shop\/"},{"@type":"ListItem","position":3,"name":"TRUUSK Tr\u00e4dg\u00e5rdsb\u00e4nk F\u00f6r 2 Personer &#8211; Rustik Design &#8211; Hopf\u00e4llbar &#8211; Naturligt Tr\u00e4 &#8211; 122 x 63 x 83 cm &#8211; F\u00f6rkolnad Yta"}]},{"@type":"WebSite","@id":"https:\/\/truusk.store\/sv\/#website","url":"https:\/\/truusk.store\/sv\/","name":"TRUUSK - Hem, Tr\u00e4dg\u00e5rd & Fritid","description":"","publisher":{"@id":"https:\/\/truusk.store\/sv\/#organization"},"potentialAction":[{"@type":"SearchAction","target":{"@type":"EntryPoint","urlTemplate":"https:\/\/truusk.store\/sv\/?s={search_term_string}"},"query-input":{"@type":"PropertyValueSpecification","valueRequired":true,"valueName":"search_term_string"}}],"inLanguage":"sv-SE"},{"@type":"Organization","@id":"https:\/\/truusk.store\/sv\/#organization","name":"TRUUSK - Hem, Tr\u00e4dg\u00e5rd & Fritid","url":"https:\/\/truusk.store\/sv\/","logo":{"@type":"ImageObject","inLanguage":"sv-SE","@id":"https:\/\/truusk.store\/sv\/#\/schema\/logo\/image\/","url":"https:\/\/i0.wp.com\/truusk.store\/wp-content\/uploads\/2026\/03\/cropped-TRUUSK.png?fit=2032%2C917&ssl=1","contentUrl":"https:\/\/i0.wp.com\/truusk.store\/wp-content\/uploads\/2026\/03\/cropped-TRUUSK.png?fit=2032%2C917&ssl=1","width":2032,"height":917,"caption":"TRUUSK - Hem, Tr\u00e4dg\u00e5rd & Fritid"},"image":{"@id":"https:\/\/truusk.store\/sv\/#\/schema\/logo\/image\/"}}]}},"jetpack_sharing_enabled":true,"_links":{"self":[{"href":"https:\/\/truusk.store\/sv\/wp-json\/wp\/v2\/product\/47807","targetHints":{"allow":["GET"]}}],"collection":[{"href":"https:\/\/truusk.store\/sv\/wp-json\/wp\/v2\/product"}],"about":[{"href":"https:\/\/truusk.store\/sv\/wp-json\/wp\/v2\/types\/product"}],"wp:featuredmedia":[{"embeddable":true,"href":"https:\/\/truusk.store\/sv\/wp-json\/wp\/v2\/media\/47808"}],"wp:attachment":[{"href":"https:\/\/truusk.store\/sv\/wp-json\/wp\/v2\/media?parent=47807"}],"wp:term":[{"taxonomy":"product_brand","embeddable":true,"href":"https:\/\/truusk.store\/sv\/wp-json\/wp\/v2\/product_brand?post=47807"},{"taxonomy":"product_cat","embeddable":true,"href":"https:\/\/truusk.store\/sv\/wp-json\/wp\/v2\/product_cat?post=47807"},{"taxonomy":"product_tag","embeddable":true,"href":"https:\/\/truusk.store\/sv\/wp-json\/wp\/v2\/product_tag?post=47807"}],"curies":[{"name":"wp","href":"https:\/\/api.w.org\/{rel}","templated":true}]}}