{"id":47814,"date":"2024-02-14T07:31:20","date_gmt":"2024-02-14T06:31:20","guid":{"rendered":"https:\/\/truusk.store\/product\/solo-4-sektioner-utdragbart-tak-5-kuddar-rottinglook-178w-x-85d-x-665h-cm-beige\/"},"modified":"2026-03-12T09:34:22","modified_gmt":"2026-03-12T08:34:22","slug":"truusk-solo-soffa-4-sektioner-utdragbart-tak-5-kuddar-rottinglook-178w-x-85d-x-665h-cm-beige","status":"publish","type":"product","link":"https:\/\/truusk.store\/sv\/produkt\/truusk-solo-soffa-4-sektioner-utdragbart-tak-5-kuddar-rottinglook-178w-x-85d-x-665h-cm-beige\/","title":{"rendered":"TRUUSK Sol\u00f6 Soffa &#8211; 4 sektioner &#8211; Utdragbart tak &#8211; 5 kuddar &#8211; Rottinglook &#8211; 178W x 85D x 66,5H cm &#8211; Beige"},"content":{"rendered":"<p>Upplev odelad utomhuskomfort med TRUUSKs modul\u00e4ra sol\u00f6! Tr\u00e4dg\u00e5rdsskalet har ett utdragbart soltak och fj\u00e4dermjuk stoppning f\u00f6r att sjunka in och m\u00e5 bra. S\u00e4tt ihop alla de enskilda elementen f\u00f6r att skapa en loungedel, eller tryck is\u00e4r dem f\u00f6r att skapa en soffa, tv\u00e5 pallar och ett sidobord, som var och en kan anv\u00e4ndas som sittplatser. S\u00e5 fungerar ren utomhusavslappning!<\/p>\n<h3>Beskrivning:<\/h3>\n<ul>\n<li>Soffa med tak, tv\u00e5 pallar och matchande soffbord<\/li>\n<li>Utdragbart tak p\u00e5 tr\u00e4dg\u00e5rdsm\u00f6belset f\u00f6r bekv\u00e4m justering av skuggaomr\u00e5det<\/li>\n<li>Metallram med v\u00e4der- och UV-best\u00e4ndig rotting \u00e4r robust och h\u00e5llbar<\/li>\n<li>Mjuka liggdynor och ryggkuddar ger optimal komfort<\/li>\n<li>Tv\u00e4ttbara kuddfodral av polyester f\u00f6r utomhusbruk f\u00f6r enkel reng\u00f6ring<\/li>\n<li>Sol\u00f6ns justerbara f\u00f6tter \u00e4r halkfria f\u00f6r att ge ett stadigt grepp p\u00e5 oj\u00e4mnt underlag<\/li>\n<li>Montering kr\u00e4vs<\/li>\n<\/ul>\n<h3>Teknisk data:<\/h3>\n<ul>\n<li>F\u00e4rg: Natural+Cream<\/li>\n<li>Material: PE, galvaniserat st\u00e5l, polyester, skum<\/li>\n<li>Soffa med tak: 178W x 85D x 66,5H cm<\/li>\n<li>Pall: 114W x 53D x 30H cm<\/li>\n<li>Soffbord: 55L x 55W x 30H cm<\/li>\n<li>Kuddens tjocklek: 6 cm<\/li>\n<li>Kuddens m\u00e5tt: 43W x 43D cm<\/li>\n<li>Lastkapacitet: 240 kg (soffa), 120 kg (pall), 50 kg (soffbord)<\/li>\n<\/ul>\n<h3>Leveransens omfattning:<\/h3>\n<ul>\n<li>1 x Soffa med tak<\/li>\n<li>1 x Soffbord<\/li>\n<li>2 x pallar<\/li>\n<li>5 x sittdynor<\/li>\n<li>1 x Instruktioner<\/li>\n<\/ul>\n","protected":false},"excerpt":{"rendered":"<p>Upplev odelad utomhuskomfort med TRUUSKs modul\u00e4ra sol\u00f6! Tr\u00e4dg\u00e5rdsskalet har ett utdragbart soltak och fj\u00e4dermjuk stoppning f\u00f6r att sjunka in och&#8230;<\/p>\n","protected":false},"featured_media":47815,"template":"","meta":[],"product_brand":[],"product_cat":[435,450,456],"product_tag":[],"class_list":{"0":"post-47814","1":"product","2":"type-product","3":"status-publish","4":"has-post-thumbnail","6":"product_cat-tradgard-och-terrass","7":"product_cat-tradgardsmobler","8":"product_cat-tradgardsmobler-set","10":"first","11":"instock","12":"sale","13":"taxable","14":"shipping-taxable","15":"purchasable","16":"product-type-simple"},"yoast_head":"<!-- This site is optimized with the Yoast SEO plugin v25.4 - https:\/\/yoast.com\/wordpress\/plugins\/seo\/ -->\n<title>TRUUSK Sol\u00f6 Soffa - 4 sektioner - Utdragbart tak - 5 kuddar - Rottinglook - 178W x 85D x 66,5H cm - Beige - TRUUSK - Hem, Tr\u00e4dg\u00e5rd &amp; Fritid<\/title>\n<meta name=\"robots\" content=\"index, follow, max-snippet:-1, max-image-preview:large, max-video-preview:-1\" \/>\n<link rel=\"canonical\" href=\"https:\/\/truusk.store\/sv\/produkt\/truusk-solo-soffa-4-sektioner-utdragbart-tak-5-kuddar-rottinglook-178w-x-85d-x-665h-cm-beige\/\" \/>\n<meta property=\"og:locale\" content=\"sv_SE\" \/>\n<meta property=\"og:type\" content=\"article\" \/>\n<meta property=\"og:title\" content=\"TRUUSK Sol\u00f6 Soffa - 4 sektioner - Utdragbart tak - 5 kuddar - Rottinglook - 178W x 85D x 66,5H cm - Beige - TRUUSK - Hem, Tr\u00e4dg\u00e5rd &amp; Fritid\" \/>\n<meta property=\"og:description\" content=\"Upplev odelad utomhuskomfort med TRUUSKs modul\u00e4ra sol\u00f6! Tr\u00e4dg\u00e5rdsskalet har ett utdragbart soltak och fj\u00e4dermjuk stoppning f\u00f6r att sjunka in och...\" \/>\n<meta property=\"og:url\" content=\"https:\/\/truusk.store\/sv\/produkt\/truusk-solo-soffa-4-sektioner-utdragbart-tak-5-kuddar-rottinglook-178w-x-85d-x-665h-cm-beige\/\" \/>\n<meta property=\"og:site_name\" content=\"TRUUSK - Hem, Tr\u00e4dg\u00e5rd &amp; Fritid\" \/>\n<meta property=\"article:modified_time\" content=\"2026-03-12T08:34:22+00:00\" \/>\n<meta property=\"og:image\" content=\"https:\/\/i0.wp.com\/truusk.se\/wp-content\/uploads\/2024\/02\/solo-4-sektioner-utdragbart-tak-5-kuddar-rottinglook-178w-x-85d-x-665h-cm-beige.webp?fit=800%2C800&ssl=1\" \/>\n\t<meta property=\"og:image:width\" content=\"800\" \/>\n\t<meta property=\"og:image:height\" content=\"800\" \/>\n\t<meta property=\"og:image:type\" content=\"image\/webp\" \/>\n<meta name=\"twitter:card\" content=\"summary_large_image\" \/>\n<meta name=\"twitter:label1\" content=\"Ber\u00e4knad l\u00e4stid\" \/>\n\t<meta name=\"twitter:data1\" content=\"1 minut\" \/>\n<!-- \/ Yoast SEO plugin. -->","yoast_head_json":{"title":"TRUUSK Sol\u00f6 Soffa - 4 sektioner - Utdragbart tak - 5 kuddar - Rottinglook - 178W x 85D x 66,5H cm - Beige - TRUUSK - Hem, Tr\u00e4dg\u00e5rd &amp; Fritid","robots":{"index":"index","follow":"follow","max-snippet":"max-snippet:-1","max-image-preview":"max-image-preview:large","max-video-preview":"max-video-preview:-1"},"canonical":"https:\/\/truusk.store\/sv\/produkt\/truusk-solo-soffa-4-sektioner-utdragbart-tak-5-kuddar-rottinglook-178w-x-85d-x-665h-cm-beige\/","og_locale":"sv_SE","og_type":"article","og_title":"TRUUSK Sol\u00f6 Soffa - 4 sektioner - Utdragbart tak - 5 kuddar - Rottinglook - 178W x 85D x 66,5H cm - Beige - TRUUSK - Hem, Tr\u00e4dg\u00e5rd &amp; Fritid","og_description":"Upplev odelad utomhuskomfort med TRUUSKs modul\u00e4ra sol\u00f6! Tr\u00e4dg\u00e5rdsskalet har ett utdragbart soltak och fj\u00e4dermjuk stoppning f\u00f6r att sjunka in och...","og_url":"https:\/\/truusk.store\/sv\/produkt\/truusk-solo-soffa-4-sektioner-utdragbart-tak-5-kuddar-rottinglook-178w-x-85d-x-665h-cm-beige\/","og_site_name":"TRUUSK - Hem, Tr\u00e4dg\u00e5rd &amp; Fritid","article_modified_time":"2026-03-12T08:34:22+00:00","og_image":[{"width":800,"height":800,"url":"https:\/\/i0.wp.com\/truusk.se\/wp-content\/uploads\/2024\/02\/solo-4-sektioner-utdragbart-tak-5-kuddar-rottinglook-178w-x-85d-x-665h-cm-beige.webp?fit=800%2C800&ssl=1","type":"image\/webp"}],"twitter_card":"summary_large_image","twitter_misc":{"Ber\u00e4knad l\u00e4stid":"1 minut"},"schema":{"@context":"https:\/\/schema.org","@graph":[{"@type":"WebPage","@id":"https:\/\/truusk.store\/sv\/produkt\/truusk-solo-soffa-4-sektioner-utdragbart-tak-5-kuddar-rottinglook-178w-x-85d-x-665h-cm-beige\/","url":"https:\/\/truusk.store\/sv\/produkt\/truusk-solo-soffa-4-sektioner-utdragbart-tak-5-kuddar-rottinglook-178w-x-85d-x-665h-cm-beige\/","name":"TRUUSK Sol\u00f6 Soffa - 4 sektioner - Utdragbart tak - 5 kuddar - Rottinglook - 178W x 85D x 66,5H cm - Beige - TRUUSK - Hem, Tr\u00e4dg\u00e5rd &amp; Fritid","isPartOf":{"@id":"https:\/\/truusk.store\/sv\/#website"},"primaryImageOfPage":{"@id":"https:\/\/truusk.store\/sv\/produkt\/truusk-solo-soffa-4-sektioner-utdragbart-tak-5-kuddar-rottinglook-178w-x-85d-x-665h-cm-beige\/#primaryimage"},"image":{"@id":"https:\/\/truusk.store\/sv\/produkt\/truusk-solo-soffa-4-sektioner-utdragbart-tak-5-kuddar-rottinglook-178w-x-85d-x-665h-cm-beige\/#primaryimage"},"thumbnailUrl":"https:\/\/i0.wp.com\/truusk.store\/wp-content\/uploads\/2024\/02\/solo-4-sektioner-utdragbart-tak-5-kuddar-rottinglook-178w-x-85d-x-665h-cm-beige.webp?fit=800%2C800&ssl=1","datePublished":"2024-02-14T06:31:20+00:00","dateModified":"2026-03-12T08:34:22+00:00","breadcrumb":{"@id":"https:\/\/truusk.store\/sv\/produkt\/truusk-solo-soffa-4-sektioner-utdragbart-tak-5-kuddar-rottinglook-178w-x-85d-x-665h-cm-beige\/#breadcrumb"},"inLanguage":"sv-SE","potentialAction":[{"@type":"ReadAction","target":["https:\/\/truusk.store\/sv\/produkt\/truusk-solo-soffa-4-sektioner-utdragbart-tak-5-kuddar-rottinglook-178w-x-85d-x-665h-cm-beige\/"]}]},{"@type":"ImageObject","inLanguage":"sv-SE","@id":"https:\/\/truusk.store\/sv\/produkt\/truusk-solo-soffa-4-sektioner-utdragbart-tak-5-kuddar-rottinglook-178w-x-85d-x-665h-cm-beige\/#primaryimage","url":"https:\/\/i0.wp.com\/truusk.store\/wp-content\/uploads\/2024\/02\/solo-4-sektioner-utdragbart-tak-5-kuddar-rottinglook-178w-x-85d-x-665h-cm-beige.webp?fit=800%2C800&ssl=1","contentUrl":"https:\/\/i0.wp.com\/truusk.store\/wp-content\/uploads\/2024\/02\/solo-4-sektioner-utdragbart-tak-5-kuddar-rottinglook-178w-x-85d-x-665h-cm-beige.webp?fit=800%2C800&ssl=1","width":800,"height":800,"caption":"Sol\u00f6, 4 Sektioner, Utdragbart Tak, 5 Kuddar, Rottinglook, 178W X 85D X 66,5H Cm, Beige 1"},{"@type":"BreadcrumbList","@id":"https:\/\/truusk.store\/sv\/produkt\/truusk-solo-soffa-4-sektioner-utdragbart-tak-5-kuddar-rottinglook-178w-x-85d-x-665h-cm-beige\/#breadcrumb","itemListElement":[{"@type":"ListItem","position":1,"name":"Home","item":"https:\/\/truusk.store\/sv\/"},{"@type":"ListItem","position":2,"name":"Shop","item":"https:\/\/truusk.store\/shop\/"},{"@type":"ListItem","position":3,"name":"TRUUSK Sol\u00f6 Soffa &#8211; 4 sektioner &#8211; Utdragbart tak &#8211; 5 kuddar &#8211; Rottinglook &#8211; 178W x 85D x 66,5H cm &#8211; Beige"}]},{"@type":"WebSite","@id":"https:\/\/truusk.store\/sv\/#website","url":"https:\/\/truusk.store\/sv\/","name":"TRUUSK - Hem, Tr\u00e4dg\u00e5rd & Fritid","description":"","publisher":{"@id":"https:\/\/truusk.store\/sv\/#organization"},"potentialAction":[{"@type":"SearchAction","target":{"@type":"EntryPoint","urlTemplate":"https:\/\/truusk.store\/sv\/?s={search_term_string}"},"query-input":{"@type":"PropertyValueSpecification","valueRequired":true,"valueName":"search_term_string"}}],"inLanguage":"sv-SE"},{"@type":"Organization","@id":"https:\/\/truusk.store\/sv\/#organization","name":"TRUUSK - Hem, Tr\u00e4dg\u00e5rd & Fritid","url":"https:\/\/truusk.store\/sv\/","logo":{"@type":"ImageObject","inLanguage":"sv-SE","@id":"https:\/\/truusk.store\/sv\/#\/schema\/logo\/image\/","url":"https:\/\/i0.wp.com\/truusk.store\/wp-content\/uploads\/2026\/03\/cropped-TRUUSK.png?fit=2032%2C917&ssl=1","contentUrl":"https:\/\/i0.wp.com\/truusk.store\/wp-content\/uploads\/2026\/03\/cropped-TRUUSK.png?fit=2032%2C917&ssl=1","width":2032,"height":917,"caption":"TRUUSK - Hem, Tr\u00e4dg\u00e5rd & Fritid"},"image":{"@id":"https:\/\/truusk.store\/sv\/#\/schema\/logo\/image\/"}}]}},"jetpack_sharing_enabled":true,"_links":{"self":[{"href":"https:\/\/truusk.store\/sv\/wp-json\/wp\/v2\/product\/47814","targetHints":{"allow":["GET"]}}],"collection":[{"href":"https:\/\/truusk.store\/sv\/wp-json\/wp\/v2\/product"}],"about":[{"href":"https:\/\/truusk.store\/sv\/wp-json\/wp\/v2\/types\/product"}],"wp:featuredmedia":[{"embeddable":true,"href":"https:\/\/truusk.store\/sv\/wp-json\/wp\/v2\/media\/47815"}],"wp:attachment":[{"href":"https:\/\/truusk.store\/sv\/wp-json\/wp\/v2\/media?parent=47814"}],"wp:term":[{"taxonomy":"product_brand","embeddable":true,"href":"https:\/\/truusk.store\/sv\/wp-json\/wp\/v2\/product_brand?post=47814"},{"taxonomy":"product_cat","embeddable":true,"href":"https:\/\/truusk.store\/sv\/wp-json\/wp\/v2\/product_cat?post=47814"},{"taxonomy":"product_tag","embeddable":true,"href":"https:\/\/truusk.store\/sv\/wp-json\/wp\/v2\/product_tag?post=47814"}],"curies":[{"name":"wp","href":"https:\/\/api.w.org\/{rel}","templated":true}]}}