{"id":47846,"date":"2024-02-14T07:32:33","date_gmt":"2024-02-14T06:32:33","guid":{"rendered":"https:\/\/truusk.store\/product\/planttrappa-blomtrappor-planteringslada-stapelbar-vaderbestandig-76cm-x-79cm-x-162cm-brun\/"},"modified":"2026-03-12T09:34:23","modified_gmt":"2026-03-12T08:34:23","slug":"truusk-planttrappa-blomtrappor-planteringslada-stapelbar-vaderbestandig-76cm-x-79cm-x-162cm-brun","status":"publish","type":"product","link":"https:\/\/truusk.store\/sv\/produkt\/truusk-planttrappa-blomtrappor-planteringslada-stapelbar-vaderbestandig-76cm-x-79cm-x-162cm-brun\/","title":{"rendered":"TRUUSK Planttrappa &#8211; Blomtrappor &#8211; Planteringsl\u00e5da &#8211; Stapelbar &#8211; V\u00e4derbest\u00e4ndig &#8211; 76cm X 79cm X 162cm &#8211; Brun"},"content":{"rendered":"<p>En v\u00e4xtstege \u00e4r ett b\u00e4ttre s\u00e4tt att odla v\u00e4xter hemma. V\u00e4xtl\u00e5dorna \u00e4r designade f\u00f6r att vara b\u00e5de praktiska och dekorativa. Den \u00f6kade planteringsytan skyddar dina v\u00e4xter fr\u00e5n ogr\u00e4s, vattensjuka och andra o\u00f6nskade influenser. Den upph\u00f6jda designen \u00e4r idealisk f\u00f6r att visa dina v\u00e4xter och \u00e4r den idealiska l\u00f6sningen f\u00f6r omr\u00e5den med begr\u00e4nsat utrymme. F\u00f6rsk\u00f6na din tr\u00e4dg\u00e5rd, terrass, balkong eller veranda.<\/p>\n<h3>Beskrivning:<\/h3>\n<ul>\n<li>V\u00e4xttrappa med 4 v\u00e4xtl\u00e5dor<\/li>\n<li>Den vertikala versionen \u00e4r idealisk f\u00f6r tr\u00e5nga utrymmen<\/li>\n<li>B\u00f6jning undviks genom korrekt h\u00f6jd<\/li>\n<li>Blomstativets dr\u00e4neringsh\u00e5l i basen s\u00e4kerst\u00e4ller snabb dr\u00e4nering<\/li>\n<li>Krukorna \u00e4r staplingsbara, vilket sparar utrymme under f\u00f6rvaring och transport<\/li>\n<li>St\u00e5lramen och plastbeh\u00e5llarna \u00e4r l\u00e4mpliga f\u00f6r utomhusbruk<\/li>\n<\/ul>\n<h3>Teknisk data:<\/h3>\n<ul>\n<li>F\u00e4rg: m\u00f6rkbrun, svart<\/li>\n<li>Material: st\u00e5l, plast<\/li>\n<li>\u00d6vergripande m\u00e5tt: 76L x 79W x 162H cm<\/li>\n<li>Planteringsl\u00e5da innerm\u00e5tt: 64\/58L x 21\/14B x 19H cm<\/li>\n<li>Planth\u00f6jd till mark: 140cm, 106cm, 106cm, 72cm<\/li>\n<li>Piph\u00e5lstorlek: 15 mm<\/li>\n<li>Vikt Kapacitet: Enkel plantering: 15 kg<\/li>\n<\/ul>\n<h3>Leveransens omfattning:<\/h3>\n<ul>\n<li>1 x Blomsterst\u00e4ll;<\/li>\n<\/ul>\n","protected":false},"excerpt":{"rendered":"<p>En v\u00e4xtstege \u00e4r ett b\u00e4ttre s\u00e4tt att odla v\u00e4xter hemma. V\u00e4xtl\u00e5dorna \u00e4r designade f\u00f6r att vara b\u00e5de praktiska och dekorativa&#8230;.<\/p>\n","protected":false},"featured_media":47847,"template":"","meta":[],"product_brand":[],"product_cat":[448,435,443],"product_tag":[],"class_list":{"0":"post-47846","1":"product","2":"type-product","3":"status-publish","4":"has-post-thumbnail","6":"product_cat-plantera-trappor-hyllor","7":"product_cat-tradgard-och-terrass","8":"product_cat-vaxthus-tradgardsskotsel","10":"first","11":"instock","12":"sale","13":"taxable","14":"shipping-taxable","15":"purchasable","16":"product-type-simple"},"yoast_head":"<!-- This site is optimized with the Yoast SEO plugin v25.4 - https:\/\/yoast.com\/wordpress\/plugins\/seo\/ -->\n<title>TRUUSK Planttrappa - Blomtrappor - Planteringsl\u00e5da - Stapelbar - V\u00e4derbest\u00e4ndig - 76cm X 79cm X 162cm - Brun - TRUUSK - Hem, Tr\u00e4dg\u00e5rd &amp; Fritid<\/title>\n<meta name=\"robots\" content=\"index, follow, max-snippet:-1, max-image-preview:large, max-video-preview:-1\" \/>\n<link rel=\"canonical\" href=\"https:\/\/truusk.store\/sv\/produkt\/truusk-planttrappa-blomtrappor-planteringslada-stapelbar-vaderbestandig-76cm-x-79cm-x-162cm-brun\/\" \/>\n<meta property=\"og:locale\" content=\"sv_SE\" \/>\n<meta property=\"og:type\" content=\"article\" \/>\n<meta property=\"og:title\" content=\"TRUUSK Planttrappa - Blomtrappor - Planteringsl\u00e5da - Stapelbar - V\u00e4derbest\u00e4ndig - 76cm X 79cm X 162cm - Brun - TRUUSK - Hem, Tr\u00e4dg\u00e5rd &amp; Fritid\" \/>\n<meta property=\"og:description\" content=\"En v\u00e4xtstege \u00e4r ett b\u00e4ttre s\u00e4tt att odla v\u00e4xter hemma. V\u00e4xtl\u00e5dorna \u00e4r designade f\u00f6r att vara b\u00e5de praktiska och dekorativa....\" \/>\n<meta property=\"og:url\" content=\"https:\/\/truusk.store\/sv\/produkt\/truusk-planttrappa-blomtrappor-planteringslada-stapelbar-vaderbestandig-76cm-x-79cm-x-162cm-brun\/\" \/>\n<meta property=\"og:site_name\" content=\"TRUUSK - Hem, Tr\u00e4dg\u00e5rd &amp; Fritid\" \/>\n<meta property=\"article:modified_time\" content=\"2026-03-12T08:34:23+00:00\" \/>\n<meta property=\"og:image\" content=\"https:\/\/i0.wp.com\/truusk.se\/wp-content\/uploads\/2024\/02\/planttrappa-blomtrappor-planteringslada-stapelbar-vaderbestandig-76cm-x-79cm-x-162cm-brun.webp?fit=800%2C800&ssl=1\" \/>\n\t<meta property=\"og:image:width\" content=\"800\" \/>\n\t<meta property=\"og:image:height\" content=\"800\" \/>\n\t<meta property=\"og:image:type\" content=\"image\/webp\" \/>\n<meta name=\"twitter:card\" content=\"summary_large_image\" \/>\n<meta name=\"twitter:label1\" content=\"Ber\u00e4knad l\u00e4stid\" \/>\n\t<meta name=\"twitter:data1\" content=\"1 minut\" \/>\n<!-- \/ Yoast SEO plugin. -->","yoast_head_json":{"title":"TRUUSK Planttrappa - Blomtrappor - Planteringsl\u00e5da - Stapelbar - V\u00e4derbest\u00e4ndig - 76cm X 79cm X 162cm - Brun - TRUUSK - Hem, Tr\u00e4dg\u00e5rd &amp; Fritid","robots":{"index":"index","follow":"follow","max-snippet":"max-snippet:-1","max-image-preview":"max-image-preview:large","max-video-preview":"max-video-preview:-1"},"canonical":"https:\/\/truusk.store\/sv\/produkt\/truusk-planttrappa-blomtrappor-planteringslada-stapelbar-vaderbestandig-76cm-x-79cm-x-162cm-brun\/","og_locale":"sv_SE","og_type":"article","og_title":"TRUUSK Planttrappa - Blomtrappor - Planteringsl\u00e5da - Stapelbar - V\u00e4derbest\u00e4ndig - 76cm X 79cm X 162cm - Brun - TRUUSK - Hem, Tr\u00e4dg\u00e5rd &amp; Fritid","og_description":"En v\u00e4xtstege \u00e4r ett b\u00e4ttre s\u00e4tt att odla v\u00e4xter hemma. V\u00e4xtl\u00e5dorna \u00e4r designade f\u00f6r att vara b\u00e5de praktiska och dekorativa....","og_url":"https:\/\/truusk.store\/sv\/produkt\/truusk-planttrappa-blomtrappor-planteringslada-stapelbar-vaderbestandig-76cm-x-79cm-x-162cm-brun\/","og_site_name":"TRUUSK - Hem, Tr\u00e4dg\u00e5rd &amp; Fritid","article_modified_time":"2026-03-12T08:34:23+00:00","og_image":[{"width":800,"height":800,"url":"https:\/\/i0.wp.com\/truusk.se\/wp-content\/uploads\/2024\/02\/planttrappa-blomtrappor-planteringslada-stapelbar-vaderbestandig-76cm-x-79cm-x-162cm-brun.webp?fit=800%2C800&ssl=1","type":"image\/webp"}],"twitter_card":"summary_large_image","twitter_misc":{"Ber\u00e4knad l\u00e4stid":"1 minut"},"schema":{"@context":"https:\/\/schema.org","@graph":[{"@type":"WebPage","@id":"https:\/\/truusk.store\/sv\/produkt\/truusk-planttrappa-blomtrappor-planteringslada-stapelbar-vaderbestandig-76cm-x-79cm-x-162cm-brun\/","url":"https:\/\/truusk.store\/sv\/produkt\/truusk-planttrappa-blomtrappor-planteringslada-stapelbar-vaderbestandig-76cm-x-79cm-x-162cm-brun\/","name":"TRUUSK Planttrappa - Blomtrappor - Planteringsl\u00e5da - Stapelbar - V\u00e4derbest\u00e4ndig - 76cm X 79cm X 162cm - Brun - TRUUSK - Hem, Tr\u00e4dg\u00e5rd &amp; Fritid","isPartOf":{"@id":"https:\/\/truusk.store\/sv\/#website"},"primaryImageOfPage":{"@id":"https:\/\/truusk.store\/sv\/produkt\/truusk-planttrappa-blomtrappor-planteringslada-stapelbar-vaderbestandig-76cm-x-79cm-x-162cm-brun\/#primaryimage"},"image":{"@id":"https:\/\/truusk.store\/sv\/produkt\/truusk-planttrappa-blomtrappor-planteringslada-stapelbar-vaderbestandig-76cm-x-79cm-x-162cm-brun\/#primaryimage"},"thumbnailUrl":"https:\/\/i0.wp.com\/truusk.store\/wp-content\/uploads\/2024\/02\/planttrappa-blomtrappor-planteringslada-stapelbar-vaderbestandig-76cm-x-79cm-x-162cm-brun.webp?fit=800%2C800&ssl=1","datePublished":"2024-02-14T06:32:33+00:00","dateModified":"2026-03-12T08:34:23+00:00","breadcrumb":{"@id":"https:\/\/truusk.store\/sv\/produkt\/truusk-planttrappa-blomtrappor-planteringslada-stapelbar-vaderbestandig-76cm-x-79cm-x-162cm-brun\/#breadcrumb"},"inLanguage":"sv-SE","potentialAction":[{"@type":"ReadAction","target":["https:\/\/truusk.store\/sv\/produkt\/truusk-planttrappa-blomtrappor-planteringslada-stapelbar-vaderbestandig-76cm-x-79cm-x-162cm-brun\/"]}]},{"@type":"ImageObject","inLanguage":"sv-SE","@id":"https:\/\/truusk.store\/sv\/produkt\/truusk-planttrappa-blomtrappor-planteringslada-stapelbar-vaderbestandig-76cm-x-79cm-x-162cm-brun\/#primaryimage","url":"https:\/\/i0.wp.com\/truusk.store\/wp-content\/uploads\/2024\/02\/planttrappa-blomtrappor-planteringslada-stapelbar-vaderbestandig-76cm-x-79cm-x-162cm-brun.webp?fit=800%2C800&ssl=1","contentUrl":"https:\/\/i0.wp.com\/truusk.store\/wp-content\/uploads\/2024\/02\/planttrappa-blomtrappor-planteringslada-stapelbar-vaderbestandig-76cm-x-79cm-x-162cm-brun.webp?fit=800%2C800&ssl=1","width":800,"height":800,"caption":"Planttrappa Blomtrappor Planteringsl\u00e5da Stapelbar V\u00e4derbest\u00e4ndig 76cm X 79cm X 162cm Brun 1"},{"@type":"BreadcrumbList","@id":"https:\/\/truusk.store\/sv\/produkt\/truusk-planttrappa-blomtrappor-planteringslada-stapelbar-vaderbestandig-76cm-x-79cm-x-162cm-brun\/#breadcrumb","itemListElement":[{"@type":"ListItem","position":1,"name":"Home","item":"https:\/\/truusk.store\/sv\/"},{"@type":"ListItem","position":2,"name":"Shop","item":"https:\/\/truusk.store\/shop\/"},{"@type":"ListItem","position":3,"name":"TRUUSK Planttrappa &#8211; Blomtrappor &#8211; Planteringsl\u00e5da &#8211; Stapelbar &#8211; V\u00e4derbest\u00e4ndig &#8211; 76cm X 79cm X 162cm &#8211; Brun"}]},{"@type":"WebSite","@id":"https:\/\/truusk.store\/sv\/#website","url":"https:\/\/truusk.store\/sv\/","name":"TRUUSK - Hem, Tr\u00e4dg\u00e5rd & Fritid","description":"","publisher":{"@id":"https:\/\/truusk.store\/sv\/#organization"},"potentialAction":[{"@type":"SearchAction","target":{"@type":"EntryPoint","urlTemplate":"https:\/\/truusk.store\/sv\/?s={search_term_string}"},"query-input":{"@type":"PropertyValueSpecification","valueRequired":true,"valueName":"search_term_string"}}],"inLanguage":"sv-SE"},{"@type":"Organization","@id":"https:\/\/truusk.store\/sv\/#organization","name":"TRUUSK - Hem, Tr\u00e4dg\u00e5rd & Fritid","url":"https:\/\/truusk.store\/sv\/","logo":{"@type":"ImageObject","inLanguage":"sv-SE","@id":"https:\/\/truusk.store\/sv\/#\/schema\/logo\/image\/","url":"https:\/\/i0.wp.com\/truusk.store\/wp-content\/uploads\/2026\/03\/cropped-TRUUSK.png?fit=2032%2C917&ssl=1","contentUrl":"https:\/\/i0.wp.com\/truusk.store\/wp-content\/uploads\/2026\/03\/cropped-TRUUSK.png?fit=2032%2C917&ssl=1","width":2032,"height":917,"caption":"TRUUSK - Hem, Tr\u00e4dg\u00e5rd & Fritid"},"image":{"@id":"https:\/\/truusk.store\/sv\/#\/schema\/logo\/image\/"}}]}},"jetpack_sharing_enabled":true,"_links":{"self":[{"href":"https:\/\/truusk.store\/sv\/wp-json\/wp\/v2\/product\/47846","targetHints":{"allow":["GET"]}}],"collection":[{"href":"https:\/\/truusk.store\/sv\/wp-json\/wp\/v2\/product"}],"about":[{"href":"https:\/\/truusk.store\/sv\/wp-json\/wp\/v2\/types\/product"}],"wp:featuredmedia":[{"embeddable":true,"href":"https:\/\/truusk.store\/sv\/wp-json\/wp\/v2\/media\/47847"}],"wp:attachment":[{"href":"https:\/\/truusk.store\/sv\/wp-json\/wp\/v2\/media?parent=47846"}],"wp:term":[{"taxonomy":"product_brand","embeddable":true,"href":"https:\/\/truusk.store\/sv\/wp-json\/wp\/v2\/product_brand?post=47846"},{"taxonomy":"product_cat","embeddable":true,"href":"https:\/\/truusk.store\/sv\/wp-json\/wp\/v2\/product_cat?post=47846"},{"taxonomy":"product_tag","embeddable":true,"href":"https:\/\/truusk.store\/sv\/wp-json\/wp\/v2\/product_tag?post=47846"}],"curies":[{"name":"wp","href":"https:\/\/api.w.org\/{rel}","templated":true}]}}