{"id":47857,"date":"2024-02-14T07:32:55","date_gmt":"2024-02-14T06:32:55","guid":{"rendered":"https:\/\/truusk.store\/product\/planttrappa-blomtrappa-planteringslada-stapelbar-vaderbestandig-65-x-67-x-145-cm-gra-svart\/"},"modified":"2026-03-12T09:34:24","modified_gmt":"2026-03-12T08:34:24","slug":"truusk-stapelbar-planttrappa-vaderbestandig-planteringslada-gra-svart-65-x-67-x-145-cm","status":"publish","type":"product","link":"https:\/\/truusk.store\/sv\/produkt\/truusk-stapelbar-planttrappa-vaderbestandig-planteringslada-gra-svart-65-x-67-x-145-cm\/","title":{"rendered":"TRUUSK Stapelbar Planttrappa &#8211; V\u00e4derbest\u00e4ndig Planteringsl\u00e5da &#8211; Gr\u00e5 + Svart &#8211; 65 x 67 x 145 cm"},"content":{"rendered":"<p>En v\u00e4xtstege \u00e4r ett b\u00e4ttre s\u00e4tt att odla v\u00e4xter hemma. Blomsterst\u00e4llet \u00e4r designat f\u00f6r att vara b\u00e5de praktiskt och dekorativt. Den \u00f6kade planteringsytan skyddar dina v\u00e4xter fr\u00e5n ogr\u00e4s, vattensjuka och andra o\u00f6nskade influenser. Plantst\u00e4llningens upph\u00f6jda design \u00e4r idealisk f\u00f6r att visa dina v\u00e4xter och \u00e4r den idealiska l\u00f6sningen f\u00f6r omr\u00e5den med begr\u00e4nsat utrymme. F\u00f6rsk\u00f6na din tr\u00e4dg\u00e5rd, terrass, balkong eller veranda.<\/p>\n<h3>Beskrivning:<\/h3>\n<ul>\n<li>V\u00e4xttrappa med 5 v\u00e4xtl\u00e5dor<\/li>\n<li>Den vertikala versionen \u00e4r idealisk f\u00f6r tr\u00e5nga utrymmen<\/li>\n<li>B\u00f6jning undviks genom korrekt h\u00f6jd<\/li>\n<li>Dr\u00e4neringsh\u00e5len i basen s\u00e4kerst\u00e4ller snabb dr\u00e4nering<\/li>\n<li>Krukorna p\u00e5 v\u00e4xthyllan \u00e4r staplingsbara, vilket sparar utrymme under f\u00f6rvaring och transport<\/li>\n<li>St\u00e5lramen och plastbeh\u00e5llarna \u00e4r l\u00e4mpliga f\u00f6r utomhusbruk<\/li>\n<\/ul>\n<h3>Teknisk data:<\/h3>\n<ul>\n<li>F\u00e4rg gr\u00e5<\/li>\n<li>Material: st\u00e5l, plast<\/li>\n<li>\u00d6vergripande m\u00e5tt: 65W x 67D x 145H cm<\/li>\n<li>Planteringsl\u00e5da inre m\u00e5tt: 56\/47,5W x 18\/9D x 15,5H cm<\/li>\n<li>Planth\u00f6jd till mark: 143 cm, 118 cm, 92,5 cm, 67 cm, 41 cm<\/li>\n<li>Piph\u00e5lstorlek: 12 mm<\/li>\n<li>Vikt Kapacitet: Enkel plantering: 10 kg<\/li>\n<\/ul>\n<h3>Leveransens omfattning:<\/h3>\n<ul>\n<li>1 x Blomsterst\u00e4ll;<\/li>\n<\/ul>\n","protected":false},"excerpt":{"rendered":"<p>En v\u00e4xtstege \u00e4r ett b\u00e4ttre s\u00e4tt att odla v\u00e4xter hemma. Blomsterst\u00e4llet \u00e4r designat f\u00f6r att vara b\u00e5de praktiskt och dekorativt&#8230;.<\/p>\n","protected":false},"featured_media":47858,"template":"","meta":[],"product_brand":[],"product_cat":[448,435,443],"product_tag":[],"class_list":{"0":"post-47857","1":"product","2":"type-product","3":"status-publish","4":"has-post-thumbnail","6":"product_cat-plantera-trappor-hyllor","7":"product_cat-tradgard-och-terrass","8":"product_cat-vaxthus-tradgardsskotsel","10":"first","11":"instock","12":"sale","13":"taxable","14":"shipping-taxable","15":"purchasable","16":"product-type-simple"},"yoast_head":"<!-- This site is optimized with the Yoast SEO plugin v25.4 - https:\/\/yoast.com\/wordpress\/plugins\/seo\/ -->\n<title>TRUUSK Stapelbar Planttrappa - V\u00e4derbest\u00e4ndig Planteringsl\u00e5da - Gr\u00e5 + Svart - 65 x 67 x 145 cm - TRUUSK - Hem, Tr\u00e4dg\u00e5rd &amp; Fritid<\/title>\n<meta name=\"robots\" content=\"index, follow, max-snippet:-1, max-image-preview:large, max-video-preview:-1\" \/>\n<link rel=\"canonical\" href=\"https:\/\/truusk.store\/sv\/produkt\/truusk-stapelbar-planttrappa-vaderbestandig-planteringslada-gra-svart-65-x-67-x-145-cm\/\" \/>\n<meta property=\"og:locale\" content=\"sv_SE\" \/>\n<meta property=\"og:type\" content=\"article\" \/>\n<meta property=\"og:title\" content=\"TRUUSK Stapelbar Planttrappa - V\u00e4derbest\u00e4ndig Planteringsl\u00e5da - Gr\u00e5 + Svart - 65 x 67 x 145 cm - TRUUSK - Hem, Tr\u00e4dg\u00e5rd &amp; Fritid\" \/>\n<meta property=\"og:description\" content=\"En v\u00e4xtstege \u00e4r ett b\u00e4ttre s\u00e4tt att odla v\u00e4xter hemma. Blomsterst\u00e4llet \u00e4r designat f\u00f6r att vara b\u00e5de praktiskt och dekorativt....\" \/>\n<meta property=\"og:url\" content=\"https:\/\/truusk.store\/sv\/produkt\/truusk-stapelbar-planttrappa-vaderbestandig-planteringslada-gra-svart-65-x-67-x-145-cm\/\" \/>\n<meta property=\"og:site_name\" content=\"TRUUSK - Hem, Tr\u00e4dg\u00e5rd &amp; Fritid\" \/>\n<meta property=\"article:modified_time\" content=\"2026-03-12T08:34:24+00:00\" \/>\n<meta property=\"og:image\" content=\"https:\/\/i0.wp.com\/truusk.se\/wp-content\/uploads\/2024\/02\/planttrappa-blomtrappa-planteringslada-stapelbar-vaderbestandig-65-x-67-x-145-cm-gra-svart.webp?fit=800%2C800&ssl=1\" \/>\n\t<meta property=\"og:image:width\" content=\"800\" \/>\n\t<meta property=\"og:image:height\" content=\"800\" \/>\n\t<meta property=\"og:image:type\" content=\"image\/webp\" \/>\n<meta name=\"twitter:card\" content=\"summary_large_image\" \/>\n<meta name=\"twitter:label1\" content=\"Ber\u00e4knad l\u00e4stid\" \/>\n\t<meta name=\"twitter:data1\" content=\"1 minut\" \/>\n<!-- \/ Yoast SEO plugin. -->","yoast_head_json":{"title":"TRUUSK Stapelbar Planttrappa - V\u00e4derbest\u00e4ndig Planteringsl\u00e5da - Gr\u00e5 + Svart - 65 x 67 x 145 cm - TRUUSK - Hem, Tr\u00e4dg\u00e5rd &amp; Fritid","robots":{"index":"index","follow":"follow","max-snippet":"max-snippet:-1","max-image-preview":"max-image-preview:large","max-video-preview":"max-video-preview:-1"},"canonical":"https:\/\/truusk.store\/sv\/produkt\/truusk-stapelbar-planttrappa-vaderbestandig-planteringslada-gra-svart-65-x-67-x-145-cm\/","og_locale":"sv_SE","og_type":"article","og_title":"TRUUSK Stapelbar Planttrappa - V\u00e4derbest\u00e4ndig Planteringsl\u00e5da - Gr\u00e5 + Svart - 65 x 67 x 145 cm - TRUUSK - Hem, Tr\u00e4dg\u00e5rd &amp; Fritid","og_description":"En v\u00e4xtstege \u00e4r ett b\u00e4ttre s\u00e4tt att odla v\u00e4xter hemma. Blomsterst\u00e4llet \u00e4r designat f\u00f6r att vara b\u00e5de praktiskt och dekorativt....","og_url":"https:\/\/truusk.store\/sv\/produkt\/truusk-stapelbar-planttrappa-vaderbestandig-planteringslada-gra-svart-65-x-67-x-145-cm\/","og_site_name":"TRUUSK - Hem, Tr\u00e4dg\u00e5rd &amp; Fritid","article_modified_time":"2026-03-12T08:34:24+00:00","og_image":[{"width":800,"height":800,"url":"https:\/\/i0.wp.com\/truusk.se\/wp-content\/uploads\/2024\/02\/planttrappa-blomtrappa-planteringslada-stapelbar-vaderbestandig-65-x-67-x-145-cm-gra-svart.webp?fit=800%2C800&ssl=1","type":"image\/webp"}],"twitter_card":"summary_large_image","twitter_misc":{"Ber\u00e4knad l\u00e4stid":"1 minut"},"schema":{"@context":"https:\/\/schema.org","@graph":[{"@type":"WebPage","@id":"https:\/\/truusk.store\/sv\/produkt\/truusk-stapelbar-planttrappa-vaderbestandig-planteringslada-gra-svart-65-x-67-x-145-cm\/","url":"https:\/\/truusk.store\/sv\/produkt\/truusk-stapelbar-planttrappa-vaderbestandig-planteringslada-gra-svart-65-x-67-x-145-cm\/","name":"TRUUSK Stapelbar Planttrappa - V\u00e4derbest\u00e4ndig Planteringsl\u00e5da - Gr\u00e5 + Svart - 65 x 67 x 145 cm - TRUUSK - Hem, Tr\u00e4dg\u00e5rd &amp; Fritid","isPartOf":{"@id":"https:\/\/truusk.store\/sv\/#website"},"primaryImageOfPage":{"@id":"https:\/\/truusk.store\/sv\/produkt\/truusk-stapelbar-planttrappa-vaderbestandig-planteringslada-gra-svart-65-x-67-x-145-cm\/#primaryimage"},"image":{"@id":"https:\/\/truusk.store\/sv\/produkt\/truusk-stapelbar-planttrappa-vaderbestandig-planteringslada-gra-svart-65-x-67-x-145-cm\/#primaryimage"},"thumbnailUrl":"https:\/\/i0.wp.com\/truusk.store\/wp-content\/uploads\/2024\/02\/planttrappa-blomtrappa-planteringslada-stapelbar-vaderbestandig-65-x-67-x-145-cm-gra-svart.webp?fit=800%2C800&ssl=1","datePublished":"2024-02-14T06:32:55+00:00","dateModified":"2026-03-12T08:34:24+00:00","breadcrumb":{"@id":"https:\/\/truusk.store\/sv\/produkt\/truusk-stapelbar-planttrappa-vaderbestandig-planteringslada-gra-svart-65-x-67-x-145-cm\/#breadcrumb"},"inLanguage":"sv-SE","potentialAction":[{"@type":"ReadAction","target":["https:\/\/truusk.store\/sv\/produkt\/truusk-stapelbar-planttrappa-vaderbestandig-planteringslada-gra-svart-65-x-67-x-145-cm\/"]}]},{"@type":"ImageObject","inLanguage":"sv-SE","@id":"https:\/\/truusk.store\/sv\/produkt\/truusk-stapelbar-planttrappa-vaderbestandig-planteringslada-gra-svart-65-x-67-x-145-cm\/#primaryimage","url":"https:\/\/i0.wp.com\/truusk.store\/wp-content\/uploads\/2024\/02\/planttrappa-blomtrappa-planteringslada-stapelbar-vaderbestandig-65-x-67-x-145-cm-gra-svart.webp?fit=800%2C800&ssl=1","contentUrl":"https:\/\/i0.wp.com\/truusk.store\/wp-content\/uploads\/2024\/02\/planttrappa-blomtrappa-planteringslada-stapelbar-vaderbestandig-65-x-67-x-145-cm-gra-svart.webp?fit=800%2C800&ssl=1","width":800,"height":800,"caption":"Planttrappa Blomtrappa Planteringsl\u00e5da Stapelbar V\u00e4derbest\u00e4ndig 65 X 67 X 145 Cm Gr\u00e5 + Svart 1"},{"@type":"BreadcrumbList","@id":"https:\/\/truusk.store\/sv\/produkt\/truusk-stapelbar-planttrappa-vaderbestandig-planteringslada-gra-svart-65-x-67-x-145-cm\/#breadcrumb","itemListElement":[{"@type":"ListItem","position":1,"name":"Home","item":"https:\/\/truusk.store\/sv\/"},{"@type":"ListItem","position":2,"name":"Shop","item":"https:\/\/truusk.store\/shop\/"},{"@type":"ListItem","position":3,"name":"TRUUSK Stapelbar Planttrappa &#8211; V\u00e4derbest\u00e4ndig Planteringsl\u00e5da &#8211; Gr\u00e5 + Svart &#8211; 65 x 67 x 145 cm"}]},{"@type":"WebSite","@id":"https:\/\/truusk.store\/sv\/#website","url":"https:\/\/truusk.store\/sv\/","name":"TRUUSK - Hem, Tr\u00e4dg\u00e5rd & Fritid","description":"","publisher":{"@id":"https:\/\/truusk.store\/sv\/#organization"},"potentialAction":[{"@type":"SearchAction","target":{"@type":"EntryPoint","urlTemplate":"https:\/\/truusk.store\/sv\/?s={search_term_string}"},"query-input":{"@type":"PropertyValueSpecification","valueRequired":true,"valueName":"search_term_string"}}],"inLanguage":"sv-SE"},{"@type":"Organization","@id":"https:\/\/truusk.store\/sv\/#organization","name":"TRUUSK - Hem, Tr\u00e4dg\u00e5rd & Fritid","url":"https:\/\/truusk.store\/sv\/","logo":{"@type":"ImageObject","inLanguage":"sv-SE","@id":"https:\/\/truusk.store\/sv\/#\/schema\/logo\/image\/","url":"https:\/\/i0.wp.com\/truusk.store\/wp-content\/uploads\/2026\/03\/cropped-TRUUSK.png?fit=2032%2C917&ssl=1","contentUrl":"https:\/\/i0.wp.com\/truusk.store\/wp-content\/uploads\/2026\/03\/cropped-TRUUSK.png?fit=2032%2C917&ssl=1","width":2032,"height":917,"caption":"TRUUSK - Hem, Tr\u00e4dg\u00e5rd & Fritid"},"image":{"@id":"https:\/\/truusk.store\/sv\/#\/schema\/logo\/image\/"}}]}},"jetpack_sharing_enabled":true,"_links":{"self":[{"href":"https:\/\/truusk.store\/sv\/wp-json\/wp\/v2\/product\/47857","targetHints":{"allow":["GET"]}}],"collection":[{"href":"https:\/\/truusk.store\/sv\/wp-json\/wp\/v2\/product"}],"about":[{"href":"https:\/\/truusk.store\/sv\/wp-json\/wp\/v2\/types\/product"}],"wp:featuredmedia":[{"embeddable":true,"href":"https:\/\/truusk.store\/sv\/wp-json\/wp\/v2\/media\/47858"}],"wp:attachment":[{"href":"https:\/\/truusk.store\/sv\/wp-json\/wp\/v2\/media?parent=47857"}],"wp:term":[{"taxonomy":"product_brand","embeddable":true,"href":"https:\/\/truusk.store\/sv\/wp-json\/wp\/v2\/product_brand?post=47857"},{"taxonomy":"product_cat","embeddable":true,"href":"https:\/\/truusk.store\/sv\/wp-json\/wp\/v2\/product_cat?post=47857"},{"taxonomy":"product_tag","embeddable":true,"href":"https:\/\/truusk.store\/sv\/wp-json\/wp\/v2\/product_tag?post=47857"}],"curies":[{"name":"wp","href":"https:\/\/api.w.org\/{rel}","templated":true}]}}