{"id":47870,"date":"2024-02-14T07:33:30","date_gmt":"2024-02-14T06:33:30","guid":{"rendered":"https:\/\/truusk.store\/product\/forvaringslada-tradgardslada-450l-forvaringsutrymme-2-hjul-stalram-125x61x70-cm-morkgra\/"},"modified":"2026-03-12T09:34:25","modified_gmt":"2026-03-12T08:34:25","slug":"truusk-forvaringslada-med-stalram-450l-kapacitet-2-hjul-125x61x70-cm-morkgra","status":"publish","type":"product","link":"https:\/\/truusk.store\/sv\/produkt\/truusk-forvaringslada-med-stalram-450l-kapacitet-2-hjul-125x61x70-cm-morkgra\/","title":{"rendered":"TRUUSK F\u00f6rvaringsl\u00e5da med St\u00e5lram &#8211; 450L Kapacitet &#8211; 2 Hjul &#8211; 125x61x70 Cm &#8211; M\u00f6rkgr\u00e5"},"content":{"rendered":"<p>Denna metallf\u00f6rvaringsl\u00e5da \u00e4r den idealiska f\u00f6rvaringsl\u00f6sningen f\u00f6r din tr\u00e4dg\u00e5rd eller terrass. Med en kapacitet p\u00e5 450 liter ger den tillr\u00e4ckligt med utrymme f\u00f6r sittdynor, tr\u00e4dg\u00e5rdsredskap och mycket mer. Boxen \u00e4r tillverkad av robust st\u00e5l och \u00e4r t\u00e5lig och har ett lock med luftpumpsassisterad \u00f6ppnings- och st\u00e4ngningshj\u00e4lp. Tack vare de tv\u00e5 handtagen och hjulen kan l\u00e5dan flyttas utan anstr\u00e4ngning, oavsett om den \u00e4r tom eller full.<\/p>\n<h3>Beskrivning:<\/h3>\n<ul>\n<li>450 liters kapacitet f\u00f6r gott om f\u00f6rvaringsutrymme inuti<\/li>\n<li>Integrerade handtag och tv\u00e5 hjul f\u00f6r enkel transport<\/li>\n<li>Luftpumpsystem f\u00f6r att l\u00e5ngsamt st\u00e4nga locket<\/li>\n<li>V\u00e4derbest\u00e4ndig st\u00e5lram med h\u00f6g h\u00e5llbarhet<\/li>\n<li>L\u00e4ttsk\u00f6tt och l\u00e4tt att reng\u00f6ra<\/li>\n<li>Montering kr\u00e4vs<\/li>\n<\/ul>\n<h3>Teknisk data:<\/h3>\n<ul>\n<li>F\u00e4rg: M\u00f6rkgr\u00e5<\/li>\n<li>Material: st\u00e5l, plast<\/li>\n<li>Kapacitet: 450 liter<\/li>\n<li>\u00d6vergripande m\u00e5tt: 125,5L x 61,5W x 70H cm<\/li>\n<li>Innerm\u00e5tt: 120L x 57W x 65H cm<\/li>\n<li>Lastkapacitet: 100 kg (inv\u00e4ndigt), 75 kg (\u00f6verst)<\/li>\n<\/ul>\n<h3>Leveransens omfattning:<\/h3>\n<ul>\n<li>1 x tr\u00e4dg\u00e5rdsl\u00e5da<\/li>\n<li>1 x manuell<\/li>\n<\/ul>\n","protected":false},"excerpt":{"rendered":"<p>Denna metallf\u00f6rvaringsl\u00e5da \u00e4r den idealiska f\u00f6rvaringsl\u00f6sningen f\u00f6r din tr\u00e4dg\u00e5rd eller terrass. Med en kapacitet p\u00e5 450 liter ger den tillr\u00e4ckligt&#8230;<\/p>\n","protected":false},"featured_media":47871,"template":"","meta":[],"product_brand":[],"product_cat":[436,435,437],"product_tag":[],"class_list":{"0":"post-47870","1":"product","2":"type-product","3":"status-publish","4":"has-post-thumbnail","6":"product_cat-bestall-i-tradgarden","7":"product_cat-tradgard-och-terrass","8":"product_cat-tradgardsskap","10":"first","11":"instock","12":"sale","13":"taxable","14":"shipping-taxable","15":"purchasable","16":"product-type-simple"},"yoast_head":"<!-- This site is optimized with the Yoast SEO plugin v25.4 - https:\/\/yoast.com\/wordpress\/plugins\/seo\/ -->\n<title>TRUUSK F\u00f6rvaringsl\u00e5da med St\u00e5lram - 450L Kapacitet - 2 Hjul - 125x61x70 Cm - M\u00f6rkgr\u00e5 - TRUUSK - Hem, Tr\u00e4dg\u00e5rd &amp; Fritid<\/title>\n<meta name=\"robots\" content=\"index, follow, max-snippet:-1, max-image-preview:large, max-video-preview:-1\" \/>\n<link rel=\"canonical\" href=\"https:\/\/truusk.store\/sv\/produkt\/truusk-forvaringslada-med-stalram-450l-kapacitet-2-hjul-125x61x70-cm-morkgra\/\" \/>\n<meta property=\"og:locale\" content=\"sv_SE\" \/>\n<meta property=\"og:type\" content=\"article\" \/>\n<meta property=\"og:title\" content=\"TRUUSK F\u00f6rvaringsl\u00e5da med St\u00e5lram - 450L Kapacitet - 2 Hjul - 125x61x70 Cm - M\u00f6rkgr\u00e5 - TRUUSK - Hem, Tr\u00e4dg\u00e5rd &amp; Fritid\" \/>\n<meta property=\"og:description\" content=\"Denna metallf\u00f6rvaringsl\u00e5da \u00e4r den idealiska f\u00f6rvaringsl\u00f6sningen f\u00f6r din tr\u00e4dg\u00e5rd eller terrass. Med en kapacitet p\u00e5 450 liter ger den tillr\u00e4ckligt...\" \/>\n<meta property=\"og:url\" content=\"https:\/\/truusk.store\/sv\/produkt\/truusk-forvaringslada-med-stalram-450l-kapacitet-2-hjul-125x61x70-cm-morkgra\/\" \/>\n<meta property=\"og:site_name\" content=\"TRUUSK - Hem, Tr\u00e4dg\u00e5rd &amp; Fritid\" \/>\n<meta property=\"article:modified_time\" content=\"2026-03-12T08:34:25+00:00\" \/>\n<meta property=\"og:image\" content=\"https:\/\/i0.wp.com\/truusk.se\/wp-content\/uploads\/2024\/02\/forvaringslada-tradgardslada-450l-forvaringsutrymme-2-hjul-stalram-125x61x70-cm-morkgra.webp?fit=800%2C800&ssl=1\" \/>\n\t<meta property=\"og:image:width\" content=\"800\" \/>\n\t<meta property=\"og:image:height\" content=\"800\" \/>\n\t<meta property=\"og:image:type\" content=\"image\/webp\" \/>\n<meta name=\"twitter:card\" content=\"summary_large_image\" \/>\n<meta name=\"twitter:label1\" content=\"Ber\u00e4knad l\u00e4stid\" \/>\n\t<meta name=\"twitter:data1\" content=\"1 minut\" \/>\n<!-- \/ Yoast SEO plugin. -->","yoast_head_json":{"title":"TRUUSK F\u00f6rvaringsl\u00e5da med St\u00e5lram - 450L Kapacitet - 2 Hjul - 125x61x70 Cm - M\u00f6rkgr\u00e5 - TRUUSK - Hem, Tr\u00e4dg\u00e5rd &amp; Fritid","robots":{"index":"index","follow":"follow","max-snippet":"max-snippet:-1","max-image-preview":"max-image-preview:large","max-video-preview":"max-video-preview:-1"},"canonical":"https:\/\/truusk.store\/sv\/produkt\/truusk-forvaringslada-med-stalram-450l-kapacitet-2-hjul-125x61x70-cm-morkgra\/","og_locale":"sv_SE","og_type":"article","og_title":"TRUUSK F\u00f6rvaringsl\u00e5da med St\u00e5lram - 450L Kapacitet - 2 Hjul - 125x61x70 Cm - M\u00f6rkgr\u00e5 - TRUUSK - Hem, Tr\u00e4dg\u00e5rd &amp; Fritid","og_description":"Denna metallf\u00f6rvaringsl\u00e5da \u00e4r den idealiska f\u00f6rvaringsl\u00f6sningen f\u00f6r din tr\u00e4dg\u00e5rd eller terrass. Med en kapacitet p\u00e5 450 liter ger den tillr\u00e4ckligt...","og_url":"https:\/\/truusk.store\/sv\/produkt\/truusk-forvaringslada-med-stalram-450l-kapacitet-2-hjul-125x61x70-cm-morkgra\/","og_site_name":"TRUUSK - Hem, Tr\u00e4dg\u00e5rd &amp; Fritid","article_modified_time":"2026-03-12T08:34:25+00:00","og_image":[{"width":800,"height":800,"url":"https:\/\/i0.wp.com\/truusk.se\/wp-content\/uploads\/2024\/02\/forvaringslada-tradgardslada-450l-forvaringsutrymme-2-hjul-stalram-125x61x70-cm-morkgra.webp?fit=800%2C800&ssl=1","type":"image\/webp"}],"twitter_card":"summary_large_image","twitter_misc":{"Ber\u00e4knad l\u00e4stid":"1 minut"},"schema":{"@context":"https:\/\/schema.org","@graph":[{"@type":"WebPage","@id":"https:\/\/truusk.store\/sv\/produkt\/truusk-forvaringslada-med-stalram-450l-kapacitet-2-hjul-125x61x70-cm-morkgra\/","url":"https:\/\/truusk.store\/sv\/produkt\/truusk-forvaringslada-med-stalram-450l-kapacitet-2-hjul-125x61x70-cm-morkgra\/","name":"TRUUSK F\u00f6rvaringsl\u00e5da med St\u00e5lram - 450L Kapacitet - 2 Hjul - 125x61x70 Cm - M\u00f6rkgr\u00e5 - TRUUSK - Hem, Tr\u00e4dg\u00e5rd &amp; Fritid","isPartOf":{"@id":"https:\/\/truusk.store\/sv\/#website"},"primaryImageOfPage":{"@id":"https:\/\/truusk.store\/sv\/produkt\/truusk-forvaringslada-med-stalram-450l-kapacitet-2-hjul-125x61x70-cm-morkgra\/#primaryimage"},"image":{"@id":"https:\/\/truusk.store\/sv\/produkt\/truusk-forvaringslada-med-stalram-450l-kapacitet-2-hjul-125x61x70-cm-morkgra\/#primaryimage"},"thumbnailUrl":"https:\/\/i0.wp.com\/truusk.store\/wp-content\/uploads\/2024\/02\/forvaringslada-tradgardslada-450l-forvaringsutrymme-2-hjul-stalram-125x61x70-cm-morkgra.webp?fit=800%2C800&ssl=1","datePublished":"2024-02-14T06:33:30+00:00","dateModified":"2026-03-12T08:34:25+00:00","breadcrumb":{"@id":"https:\/\/truusk.store\/sv\/produkt\/truusk-forvaringslada-med-stalram-450l-kapacitet-2-hjul-125x61x70-cm-morkgra\/#breadcrumb"},"inLanguage":"sv-SE","potentialAction":[{"@type":"ReadAction","target":["https:\/\/truusk.store\/sv\/produkt\/truusk-forvaringslada-med-stalram-450l-kapacitet-2-hjul-125x61x70-cm-morkgra\/"]}]},{"@type":"ImageObject","inLanguage":"sv-SE","@id":"https:\/\/truusk.store\/sv\/produkt\/truusk-forvaringslada-med-stalram-450l-kapacitet-2-hjul-125x61x70-cm-morkgra\/#primaryimage","url":"https:\/\/i0.wp.com\/truusk.store\/wp-content\/uploads\/2024\/02\/forvaringslada-tradgardslada-450l-forvaringsutrymme-2-hjul-stalram-125x61x70-cm-morkgra.webp?fit=800%2C800&ssl=1","contentUrl":"https:\/\/i0.wp.com\/truusk.store\/wp-content\/uploads\/2024\/02\/forvaringslada-tradgardslada-450l-forvaringsutrymme-2-hjul-stalram-125x61x70-cm-morkgra.webp?fit=800%2C800&ssl=1","width":800,"height":800,"caption":"F\u00f6rvaringsl\u00e5da, Tr\u00e4dg\u00e5rdsl\u00e5da, 450L F\u00f6rvaringsutrymme, 2 Hjul, St\u00e5lram, 125x61x70 Cm, M\u00f6rkgr\u00e5 1"},{"@type":"BreadcrumbList","@id":"https:\/\/truusk.store\/sv\/produkt\/truusk-forvaringslada-med-stalram-450l-kapacitet-2-hjul-125x61x70-cm-morkgra\/#breadcrumb","itemListElement":[{"@type":"ListItem","position":1,"name":"Home","item":"https:\/\/truusk.store\/sv\/"},{"@type":"ListItem","position":2,"name":"Shop","item":"https:\/\/truusk.store\/shop\/"},{"@type":"ListItem","position":3,"name":"TRUUSK F\u00f6rvaringsl\u00e5da med St\u00e5lram &#8211; 450L Kapacitet &#8211; 2 Hjul &#8211; 125x61x70 Cm &#8211; M\u00f6rkgr\u00e5"}]},{"@type":"WebSite","@id":"https:\/\/truusk.store\/sv\/#website","url":"https:\/\/truusk.store\/sv\/","name":"TRUUSK - Hem, Tr\u00e4dg\u00e5rd & Fritid","description":"","publisher":{"@id":"https:\/\/truusk.store\/sv\/#organization"},"potentialAction":[{"@type":"SearchAction","target":{"@type":"EntryPoint","urlTemplate":"https:\/\/truusk.store\/sv\/?s={search_term_string}"},"query-input":{"@type":"PropertyValueSpecification","valueRequired":true,"valueName":"search_term_string"}}],"inLanguage":"sv-SE"},{"@type":"Organization","@id":"https:\/\/truusk.store\/sv\/#organization","name":"TRUUSK - Hem, Tr\u00e4dg\u00e5rd & Fritid","url":"https:\/\/truusk.store\/sv\/","logo":{"@type":"ImageObject","inLanguage":"sv-SE","@id":"https:\/\/truusk.store\/sv\/#\/schema\/logo\/image\/","url":"https:\/\/i0.wp.com\/truusk.store\/wp-content\/uploads\/2026\/03\/cropped-TRUUSK.png?fit=2032%2C917&ssl=1","contentUrl":"https:\/\/i0.wp.com\/truusk.store\/wp-content\/uploads\/2026\/03\/cropped-TRUUSK.png?fit=2032%2C917&ssl=1","width":2032,"height":917,"caption":"TRUUSK - Hem, Tr\u00e4dg\u00e5rd & Fritid"},"image":{"@id":"https:\/\/truusk.store\/sv\/#\/schema\/logo\/image\/"}}]}},"jetpack_sharing_enabled":true,"_links":{"self":[{"href":"https:\/\/truusk.store\/sv\/wp-json\/wp\/v2\/product\/47870","targetHints":{"allow":["GET"]}}],"collection":[{"href":"https:\/\/truusk.store\/sv\/wp-json\/wp\/v2\/product"}],"about":[{"href":"https:\/\/truusk.store\/sv\/wp-json\/wp\/v2\/types\/product"}],"wp:featuredmedia":[{"embeddable":true,"href":"https:\/\/truusk.store\/sv\/wp-json\/wp\/v2\/media\/47871"}],"wp:attachment":[{"href":"https:\/\/truusk.store\/sv\/wp-json\/wp\/v2\/media?parent=47870"}],"wp:term":[{"taxonomy":"product_brand","embeddable":true,"href":"https:\/\/truusk.store\/sv\/wp-json\/wp\/v2\/product_brand?post=47870"},{"taxonomy":"product_cat","embeddable":true,"href":"https:\/\/truusk.store\/sv\/wp-json\/wp\/v2\/product_cat?post=47870"},{"taxonomy":"product_tag","embeddable":true,"href":"https:\/\/truusk.store\/sv\/wp-json\/wp\/v2\/product_tag?post=47870"}],"curies":[{"name":"wp","href":"https:\/\/api.w.org\/{rel}","templated":true}]}}