{"id":47909,"date":"2024-02-14T07:35:04","date_gmt":"2024-02-14T06:35:04","guid":{"rendered":"https:\/\/truusk.store\/product\/utomhushangande-stol-hangstol-inklusive-kuddar-aggstol-120-cm-x-106-cm-x-188-cm-gra\/"},"modified":"2026-03-12T09:34:26","modified_gmt":"2026-03-12T08:34:26","slug":"truusk-hangstol-for-utomhusbruk-inklusive-kuddar-aggstol-120x106x188-cm-gra","status":"publish","type":"product","link":"https:\/\/truusk.store\/sv\/produkt\/truusk-hangstol-for-utomhusbruk-inklusive-kuddar-aggstol-120x106x188-cm-gra\/","title":{"rendered":"TRUUSK H\u00e4ngstol f\u00f6r Utomhusbruk &#8211; Inklusive Kuddar &#8211; \u00e4ggstol &#8211; 120x106x188 cm &#8211; Gr\u00e5"},"content":{"rendered":"<p>L\u00e4gg till enkel elegans till dina inomhus- och utomhusutrymmen med v\u00e5r h\u00e4ngstol. Det b\u00f6jda ryggst\u00f6det, den rymliga sitsen och den tjockt vadderade kudden ger en bekv\u00e4m sittupplevelse. Det h\u00e4ngande stativet \u00e4r tillverkat av en st\u00e5lram som enkelt kan b\u00e4ra upp till 120 kg s\u00e4kert, vilket ger dig fullst\u00e4ndig s\u00e4kerhet n\u00e4r du sitter. Tack vare den f\u00e4llbara sittkorgen kan den h\u00e4ngande stolen enkelt stuvas undan, vilket sparar utrymme och \u00e4r bekv\u00e4m.<\/p>\n<h3>Beskrivning:<\/h3>\n<ul>\n<li>Den rymliga sitsen, det b\u00f6jda ryggst\u00f6det och den tjocka kudden garanterar komfort<\/li>\n<li>Tillverkad av st\u00e5lram med repn\u00e4t<\/li>\n<li>Vikbar h\u00e4ngmatta stolskorg f\u00f6r enkel f\u00f6rvaring<\/li>\n<li>Sidofickor p\u00e5 h\u00e4ngstolen av mesh ger f\u00f6rvaringsutrymme<\/li>\n<li>L\u00e4mplig f\u00f6r inomhus- och utomhusbruk<\/li>\n<li>Montering kr\u00e4vs<\/li>\n<\/ul>\n<h3>Teknisk data:<\/h3>\n<ul>\n<li>F\u00e4rg gr\u00e5<\/li>\n<li>Material: st\u00e5l, polyester, PP-skum, polypropenrep<\/li>\n<li>\u00d6vergripande m\u00e5tt: 120L x 106W x 188H cm<\/li>\n<li>M\u00e5tt korg: 90W x 66D x 113H cm<\/li>\n<li>Hopf\u00e4llbar korg: 90L x 66W x 22H cm<\/li>\n<li>Ryggst\u00f6dsstorlek: 74W x 107H cm<\/li>\n<li>Sitsstorlek: 74W x 56D cm<\/li>\n<li>Sitth\u00f6jd: 42 cm<\/li>\n<li>Viktkapacitet: 120 kg<\/li>\n<\/ul>\n<h3>Leveransens omfattning:<\/h3>\n<ul>\n<li>1 x h\u00e4ngstol<\/li>\n<li>1 x kudde<\/li>\n<li>1 x Nackst\u00f6d<\/li>\n<li>1 x manuell<\/li>\n<\/ul>\n","protected":false},"excerpt":{"rendered":"<p>L\u00e4gg till enkel elegans till dina inomhus- och utomhusutrymmen med v\u00e5r h\u00e4ngstol. Det b\u00f6jda ryggst\u00f6det, den rymliga sitsen och den&#8230;<\/p>\n","protected":false},"featured_media":47910,"template":"","meta":[],"product_brand":[],"product_cat":[460,435,450],"product_tag":[],"class_list":{"0":"post-47909","1":"product","2":"type-product","3":"status-publish","4":"has-post-thumbnail","6":"product_cat-hangmattor-hangstolar","7":"product_cat-tradgard-och-terrass","8":"product_cat-tradgardsmobler","10":"first","11":"instock","12":"sale","13":"taxable","14":"shipping-taxable","15":"purchasable","16":"product-type-simple"},"yoast_head":"<!-- This site is optimized with the Yoast SEO plugin v25.4 - https:\/\/yoast.com\/wordpress\/plugins\/seo\/ -->\n<title>TRUUSK H\u00e4ngstol f\u00f6r Utomhusbruk - Inklusive Kuddar - \u00e4ggstol - 120x106x188 cm - Gr\u00e5 - TRUUSK - Hem, Tr\u00e4dg\u00e5rd &amp; Fritid<\/title>\n<meta name=\"robots\" content=\"index, follow, max-snippet:-1, max-image-preview:large, max-video-preview:-1\" \/>\n<link rel=\"canonical\" href=\"https:\/\/truusk.store\/sv\/produkt\/truusk-hangstol-for-utomhusbruk-inklusive-kuddar-aggstol-120x106x188-cm-gra\/\" \/>\n<meta property=\"og:locale\" content=\"sv_SE\" \/>\n<meta property=\"og:type\" content=\"article\" \/>\n<meta property=\"og:title\" content=\"TRUUSK H\u00e4ngstol f\u00f6r Utomhusbruk - Inklusive Kuddar - \u00e4ggstol - 120x106x188 cm - Gr\u00e5 - TRUUSK - Hem, Tr\u00e4dg\u00e5rd &amp; Fritid\" \/>\n<meta property=\"og:description\" content=\"L\u00e4gg till enkel elegans till dina inomhus- och utomhusutrymmen med v\u00e5r h\u00e4ngstol. Det b\u00f6jda ryggst\u00f6det, den rymliga sitsen och den...\" \/>\n<meta property=\"og:url\" content=\"https:\/\/truusk.store\/sv\/produkt\/truusk-hangstol-for-utomhusbruk-inklusive-kuddar-aggstol-120x106x188-cm-gra\/\" \/>\n<meta property=\"og:site_name\" content=\"TRUUSK - Hem, Tr\u00e4dg\u00e5rd &amp; Fritid\" \/>\n<meta property=\"article:modified_time\" content=\"2026-03-12T08:34:26+00:00\" \/>\n<meta property=\"og:image\" content=\"https:\/\/i0.wp.com\/truusk.se\/wp-content\/uploads\/2024\/02\/utomhushangande-stol-hangstol-inklusive-kuddar-aggstol-120-cm-x-106-cm-x-188-cm-gra.webp?fit=800%2C800&ssl=1\" \/>\n\t<meta property=\"og:image:width\" content=\"800\" \/>\n\t<meta property=\"og:image:height\" content=\"800\" \/>\n\t<meta property=\"og:image:type\" content=\"image\/webp\" \/>\n<meta name=\"twitter:card\" content=\"summary_large_image\" \/>\n<meta name=\"twitter:label1\" content=\"Ber\u00e4knad l\u00e4stid\" \/>\n\t<meta name=\"twitter:data1\" content=\"1 minut\" \/>\n<!-- \/ Yoast SEO plugin. -->","yoast_head_json":{"title":"TRUUSK H\u00e4ngstol f\u00f6r Utomhusbruk - Inklusive Kuddar - \u00e4ggstol - 120x106x188 cm - Gr\u00e5 - TRUUSK - Hem, Tr\u00e4dg\u00e5rd &amp; Fritid","robots":{"index":"index","follow":"follow","max-snippet":"max-snippet:-1","max-image-preview":"max-image-preview:large","max-video-preview":"max-video-preview:-1"},"canonical":"https:\/\/truusk.store\/sv\/produkt\/truusk-hangstol-for-utomhusbruk-inklusive-kuddar-aggstol-120x106x188-cm-gra\/","og_locale":"sv_SE","og_type":"article","og_title":"TRUUSK H\u00e4ngstol f\u00f6r Utomhusbruk - Inklusive Kuddar - \u00e4ggstol - 120x106x188 cm - Gr\u00e5 - TRUUSK - Hem, Tr\u00e4dg\u00e5rd &amp; Fritid","og_description":"L\u00e4gg till enkel elegans till dina inomhus- och utomhusutrymmen med v\u00e5r h\u00e4ngstol. Det b\u00f6jda ryggst\u00f6det, den rymliga sitsen och den...","og_url":"https:\/\/truusk.store\/sv\/produkt\/truusk-hangstol-for-utomhusbruk-inklusive-kuddar-aggstol-120x106x188-cm-gra\/","og_site_name":"TRUUSK - Hem, Tr\u00e4dg\u00e5rd &amp; Fritid","article_modified_time":"2026-03-12T08:34:26+00:00","og_image":[{"width":800,"height":800,"url":"https:\/\/i0.wp.com\/truusk.se\/wp-content\/uploads\/2024\/02\/utomhushangande-stol-hangstol-inklusive-kuddar-aggstol-120-cm-x-106-cm-x-188-cm-gra.webp?fit=800%2C800&ssl=1","type":"image\/webp"}],"twitter_card":"summary_large_image","twitter_misc":{"Ber\u00e4knad l\u00e4stid":"1 minut"},"schema":{"@context":"https:\/\/schema.org","@graph":[{"@type":"WebPage","@id":"https:\/\/truusk.store\/sv\/produkt\/truusk-hangstol-for-utomhusbruk-inklusive-kuddar-aggstol-120x106x188-cm-gra\/","url":"https:\/\/truusk.store\/sv\/produkt\/truusk-hangstol-for-utomhusbruk-inklusive-kuddar-aggstol-120x106x188-cm-gra\/","name":"TRUUSK H\u00e4ngstol f\u00f6r Utomhusbruk - Inklusive Kuddar - \u00e4ggstol - 120x106x188 cm - Gr\u00e5 - TRUUSK - Hem, Tr\u00e4dg\u00e5rd &amp; Fritid","isPartOf":{"@id":"https:\/\/truusk.store\/sv\/#website"},"primaryImageOfPage":{"@id":"https:\/\/truusk.store\/sv\/produkt\/truusk-hangstol-for-utomhusbruk-inklusive-kuddar-aggstol-120x106x188-cm-gra\/#primaryimage"},"image":{"@id":"https:\/\/truusk.store\/sv\/produkt\/truusk-hangstol-for-utomhusbruk-inklusive-kuddar-aggstol-120x106x188-cm-gra\/#primaryimage"},"thumbnailUrl":"https:\/\/i0.wp.com\/truusk.store\/wp-content\/uploads\/2024\/02\/utomhushangande-stol-hangstol-inklusive-kuddar-aggstol-120-cm-x-106-cm-x-188-cm-gra.webp?fit=800%2C800&ssl=1","datePublished":"2024-02-14T06:35:04+00:00","dateModified":"2026-03-12T08:34:26+00:00","breadcrumb":{"@id":"https:\/\/truusk.store\/sv\/produkt\/truusk-hangstol-for-utomhusbruk-inklusive-kuddar-aggstol-120x106x188-cm-gra\/#breadcrumb"},"inLanguage":"sv-SE","potentialAction":[{"@type":"ReadAction","target":["https:\/\/truusk.store\/sv\/produkt\/truusk-hangstol-for-utomhusbruk-inklusive-kuddar-aggstol-120x106x188-cm-gra\/"]}]},{"@type":"ImageObject","inLanguage":"sv-SE","@id":"https:\/\/truusk.store\/sv\/produkt\/truusk-hangstol-for-utomhusbruk-inklusive-kuddar-aggstol-120x106x188-cm-gra\/#primaryimage","url":"https:\/\/i0.wp.com\/truusk.store\/wp-content\/uploads\/2024\/02\/utomhushangande-stol-hangstol-inklusive-kuddar-aggstol-120-cm-x-106-cm-x-188-cm-gra.webp?fit=800%2C800&ssl=1","contentUrl":"https:\/\/i0.wp.com\/truusk.store\/wp-content\/uploads\/2024\/02\/utomhushangande-stol-hangstol-inklusive-kuddar-aggstol-120-cm-x-106-cm-x-188-cm-gra.webp?fit=800%2C800&ssl=1","width":800,"height":800,"caption":"Utomhush\u00e4ngande Stol H\u00e4ngstol, Inklusive Kuddar, \u00e4ggstol, 120 Cm X 106 Cm X 188 Cm, Gr\u00e5 1"},{"@type":"BreadcrumbList","@id":"https:\/\/truusk.store\/sv\/produkt\/truusk-hangstol-for-utomhusbruk-inklusive-kuddar-aggstol-120x106x188-cm-gra\/#breadcrumb","itemListElement":[{"@type":"ListItem","position":1,"name":"Home","item":"https:\/\/truusk.store\/sv\/"},{"@type":"ListItem","position":2,"name":"Shop","item":"https:\/\/truusk.store\/shop\/"},{"@type":"ListItem","position":3,"name":"TRUUSK H\u00e4ngstol f\u00f6r Utomhusbruk &#8211; Inklusive Kuddar &#8211; \u00e4ggstol &#8211; 120x106x188 cm &#8211; Gr\u00e5"}]},{"@type":"WebSite","@id":"https:\/\/truusk.store\/sv\/#website","url":"https:\/\/truusk.store\/sv\/","name":"TRUUSK - Hem, Tr\u00e4dg\u00e5rd & Fritid","description":"","publisher":{"@id":"https:\/\/truusk.store\/sv\/#organization"},"potentialAction":[{"@type":"SearchAction","target":{"@type":"EntryPoint","urlTemplate":"https:\/\/truusk.store\/sv\/?s={search_term_string}"},"query-input":{"@type":"PropertyValueSpecification","valueRequired":true,"valueName":"search_term_string"}}],"inLanguage":"sv-SE"},{"@type":"Organization","@id":"https:\/\/truusk.store\/sv\/#organization","name":"TRUUSK - Hem, Tr\u00e4dg\u00e5rd & Fritid","url":"https:\/\/truusk.store\/sv\/","logo":{"@type":"ImageObject","inLanguage":"sv-SE","@id":"https:\/\/truusk.store\/sv\/#\/schema\/logo\/image\/","url":"https:\/\/i0.wp.com\/truusk.store\/wp-content\/uploads\/2026\/03\/cropped-TRUUSK.png?fit=2032%2C917&ssl=1","contentUrl":"https:\/\/i0.wp.com\/truusk.store\/wp-content\/uploads\/2026\/03\/cropped-TRUUSK.png?fit=2032%2C917&ssl=1","width":2032,"height":917,"caption":"TRUUSK - Hem, Tr\u00e4dg\u00e5rd & Fritid"},"image":{"@id":"https:\/\/truusk.store\/sv\/#\/schema\/logo\/image\/"}}]}},"jetpack_sharing_enabled":true,"_links":{"self":[{"href":"https:\/\/truusk.store\/sv\/wp-json\/wp\/v2\/product\/47909","targetHints":{"allow":["GET"]}}],"collection":[{"href":"https:\/\/truusk.store\/sv\/wp-json\/wp\/v2\/product"}],"about":[{"href":"https:\/\/truusk.store\/sv\/wp-json\/wp\/v2\/types\/product"}],"wp:featuredmedia":[{"embeddable":true,"href":"https:\/\/truusk.store\/sv\/wp-json\/wp\/v2\/media\/47910"}],"wp:attachment":[{"href":"https:\/\/truusk.store\/sv\/wp-json\/wp\/v2\/media?parent=47909"}],"wp:term":[{"taxonomy":"product_brand","embeddable":true,"href":"https:\/\/truusk.store\/sv\/wp-json\/wp\/v2\/product_brand?post=47909"},{"taxonomy":"product_cat","embeddable":true,"href":"https:\/\/truusk.store\/sv\/wp-json\/wp\/v2\/product_cat?post=47909"},{"taxonomy":"product_tag","embeddable":true,"href":"https:\/\/truusk.store\/sv\/wp-json\/wp\/v2\/product_tag?post=47909"}],"curies":[{"name":"wp","href":"https:\/\/api.w.org\/{rel}","templated":true}]}}