{"id":47916,"date":"2024-02-14T07:35:20","date_gmt":"2024-02-14T06:35:20","guid":{"rendered":"https:\/\/truusk.store\/product\/parasollstall-parasollhallare-vaderbestandig-fyllbar-51x-36h-cm-svart\/"},"modified":"2026-03-12T09:34:27","modified_gmt":"2026-03-12T08:34:27","slug":"truusk-parasollstall-vaderbestandig-fyllbar-51x36h-cm-svart","status":"publish","type":"product","link":"https:\/\/truusk.store\/sv\/produkt\/truusk-parasollstall-vaderbestandig-fyllbar-51x36h-cm-svart\/","title":{"rendered":"TRUUSK Parasollst\u00e4ll &#8211; V\u00e4derbest\u00e4ndig &#8211; Fyllbar &#8211; 51x36H cm &#8211; Svart"},"content":{"rendered":"<p>F\u00f6rsk\u00f6na din uteplats med det eleganta och funktionella parasollst\u00e4llet. Parasollst\u00e4llet \u00e4r inte bara ett dekorativt blickf\u00e5ng, utan ser ocks\u00e5 till att ditt parasoll alltid sitter s\u00e4kert p\u00e5 sin plats. Den har stor kapacitet och kan fyllas med upp till 22 kg vatten eller 29 kg sand. Designen i rottinglook \u00e4r stilren och passar bra till dina tr\u00e4dg\u00e5rdsm\u00f6bler. Njut av dina dagar i skuggan med denna parasollbas i plast.<\/p>\n<h3>Beskrivning:<\/h3>\n<ul>\n<li>Denna h\u00e5llare \u00e4r l\u00e4mplig f\u00f6r parasoll med en maximal h\u00f6jd p\u00e5 3 m och en diameter p\u00e5 38 mm eller 48 mm<\/li>\n<li>Utrustad med tv\u00e5 l\u00e5sskruvar f\u00f6r att f\u00e4sta parasollst\u00e4ngerna<\/li>\n<li>Tillverkad av HDPE och pulverlackerat st\u00e5l f\u00f6r utomhusbruk.<\/li>\n<li>P\u00e5fyllningshals f\u00f6r vatten och sand<\/li>\n<li>Integrerat handtag f\u00f6r enkel transport<\/li>\n<li>L\u00e4mplig f\u00f6r anv\u00e4ndning i tr\u00e4dg\u00e5rden, uteplatsen, poolen eller andra utomhusomr\u00e5den<\/li>\n<li>Montering kr\u00e4vs<\/li>\n<\/ul>\n<h3>Teknisk data:<\/h3>\n<ul>\n<li>Svart f\u00e4rg<\/li>\n<li>Material: HDPE, st\u00e5l<\/li>\n<li>\u00d6vergripande m\u00e5tt: 51 x 36H cm<\/li>\n<li>Storlek p\u00e5 basen: 50 x14H cm<\/li>\n<li>St\u00e5ngstorlek: 5,6 x 35H cm<\/li>\n<li>Vikt efter fyllning: 29 kg (sand), 22 kg (vatten)<\/li>\n<li>Passar paraplyst\u00e4nger: 38mm, 48mm<\/li>\n<li>Obs: V\u00e4nligen m\u00e4t din paraplyst\u00e5ngs diameter i f\u00f6rv\u00e4g f\u00f6r att s\u00e4kerst\u00e4lla att v\u00e5r bas kan passa bra<\/li>\n<\/ul>\n<h3>Leveransens omfattning:<\/h3>\n<ul>\n<li>1 x Parasollst\u00e4ll<\/li>\n<li>1 x Instruktioner<\/li>\n<\/ul>\n","protected":false},"excerpt":{"rendered":"<p>F\u00f6rsk\u00f6na din uteplats med det eleganta och funktionella parasollst\u00e4llet. Parasollst\u00e4llet \u00e4r inte bara ett dekorativt blickf\u00e5ng, utan ser ocks\u00e5 till&#8230;<\/p>\n","protected":false},"featured_media":47917,"template":"","meta":[],"product_brand":[],"product_cat":[723,472,471,435],"product_tag":[],"class_list":{"0":"post-47916","1":"product","2":"type-product","3":"status-publish","4":"has-post-thumbnail","6":"product_cat-paraplystall","7":"product_cat-parasoller","8":"product_cat-solskydd-integritetsskydd","9":"product_cat-tradgard-och-terrass","11":"first","12":"instock","13":"sale","14":"taxable","15":"shipping-taxable","16":"purchasable","17":"product-type-simple"},"yoast_head":"<!-- This site is optimized with the Yoast SEO plugin v25.4 - https:\/\/yoast.com\/wordpress\/plugins\/seo\/ -->\n<title>TRUUSK Parasollst\u00e4ll - V\u00e4derbest\u00e4ndig - Fyllbar - 51x36H cm - Svart - TRUUSK - Hem, Tr\u00e4dg\u00e5rd &amp; Fritid<\/title>\n<meta name=\"robots\" content=\"index, follow, max-snippet:-1, max-image-preview:large, max-video-preview:-1\" \/>\n<link rel=\"canonical\" href=\"https:\/\/truusk.store\/sv\/produkt\/truusk-parasollstall-vaderbestandig-fyllbar-51x36h-cm-svart\/\" \/>\n<meta property=\"og:locale\" content=\"sv_SE\" \/>\n<meta property=\"og:type\" content=\"article\" \/>\n<meta property=\"og:title\" content=\"TRUUSK Parasollst\u00e4ll - V\u00e4derbest\u00e4ndig - Fyllbar - 51x36H cm - Svart - TRUUSK - Hem, Tr\u00e4dg\u00e5rd &amp; Fritid\" \/>\n<meta property=\"og:description\" content=\"F\u00f6rsk\u00f6na din uteplats med det eleganta och funktionella parasollst\u00e4llet. Parasollst\u00e4llet \u00e4r inte bara ett dekorativt blickf\u00e5ng, utan ser ocks\u00e5 till...\" \/>\n<meta property=\"og:url\" content=\"https:\/\/truusk.store\/sv\/produkt\/truusk-parasollstall-vaderbestandig-fyllbar-51x36h-cm-svart\/\" \/>\n<meta property=\"og:site_name\" content=\"TRUUSK - Hem, Tr\u00e4dg\u00e5rd &amp; Fritid\" \/>\n<meta property=\"article:modified_time\" content=\"2026-03-12T08:34:27+00:00\" \/>\n<meta property=\"og:image\" content=\"https:\/\/i0.wp.com\/truusk.se\/wp-content\/uploads\/2024\/02\/parasollstall-parasollhallare-vaderbestandig-fyllbar-51x-36h-cm-svart.webp?fit=800%2C800&ssl=1\" \/>\n\t<meta property=\"og:image:width\" content=\"800\" \/>\n\t<meta property=\"og:image:height\" content=\"800\" \/>\n\t<meta property=\"og:image:type\" content=\"image\/webp\" \/>\n<meta name=\"twitter:card\" content=\"summary_large_image\" \/>\n<meta name=\"twitter:label1\" content=\"Ber\u00e4knad l\u00e4stid\" \/>\n\t<meta name=\"twitter:data1\" content=\"1 minut\" \/>\n<!-- \/ Yoast SEO plugin. -->","yoast_head_json":{"title":"TRUUSK Parasollst\u00e4ll - V\u00e4derbest\u00e4ndig - Fyllbar - 51x36H cm - Svart - TRUUSK - Hem, Tr\u00e4dg\u00e5rd &amp; Fritid","robots":{"index":"index","follow":"follow","max-snippet":"max-snippet:-1","max-image-preview":"max-image-preview:large","max-video-preview":"max-video-preview:-1"},"canonical":"https:\/\/truusk.store\/sv\/produkt\/truusk-parasollstall-vaderbestandig-fyllbar-51x36h-cm-svart\/","og_locale":"sv_SE","og_type":"article","og_title":"TRUUSK Parasollst\u00e4ll - V\u00e4derbest\u00e4ndig - Fyllbar - 51x36H cm - Svart - TRUUSK - Hem, Tr\u00e4dg\u00e5rd &amp; Fritid","og_description":"F\u00f6rsk\u00f6na din uteplats med det eleganta och funktionella parasollst\u00e4llet. Parasollst\u00e4llet \u00e4r inte bara ett dekorativt blickf\u00e5ng, utan ser ocks\u00e5 till...","og_url":"https:\/\/truusk.store\/sv\/produkt\/truusk-parasollstall-vaderbestandig-fyllbar-51x36h-cm-svart\/","og_site_name":"TRUUSK - Hem, Tr\u00e4dg\u00e5rd &amp; Fritid","article_modified_time":"2026-03-12T08:34:27+00:00","og_image":[{"width":800,"height":800,"url":"https:\/\/i0.wp.com\/truusk.se\/wp-content\/uploads\/2024\/02\/parasollstall-parasollhallare-vaderbestandig-fyllbar-51x-36h-cm-svart.webp?fit=800%2C800&ssl=1","type":"image\/webp"}],"twitter_card":"summary_large_image","twitter_misc":{"Ber\u00e4knad l\u00e4stid":"1 minut"},"schema":{"@context":"https:\/\/schema.org","@graph":[{"@type":"WebPage","@id":"https:\/\/truusk.store\/sv\/produkt\/truusk-parasollstall-vaderbestandig-fyllbar-51x36h-cm-svart\/","url":"https:\/\/truusk.store\/sv\/produkt\/truusk-parasollstall-vaderbestandig-fyllbar-51x36h-cm-svart\/","name":"TRUUSK Parasollst\u00e4ll - V\u00e4derbest\u00e4ndig - Fyllbar - 51x36H cm - Svart - TRUUSK - Hem, Tr\u00e4dg\u00e5rd &amp; Fritid","isPartOf":{"@id":"https:\/\/truusk.store\/sv\/#website"},"primaryImageOfPage":{"@id":"https:\/\/truusk.store\/sv\/produkt\/truusk-parasollstall-vaderbestandig-fyllbar-51x36h-cm-svart\/#primaryimage"},"image":{"@id":"https:\/\/truusk.store\/sv\/produkt\/truusk-parasollstall-vaderbestandig-fyllbar-51x36h-cm-svart\/#primaryimage"},"thumbnailUrl":"https:\/\/i0.wp.com\/truusk.store\/wp-content\/uploads\/2024\/02\/parasollstall-parasollhallare-vaderbestandig-fyllbar-51x-36h-cm-svart.webp?fit=800%2C800&ssl=1","datePublished":"2024-02-14T06:35:20+00:00","dateModified":"2026-03-12T08:34:27+00:00","breadcrumb":{"@id":"https:\/\/truusk.store\/sv\/produkt\/truusk-parasollstall-vaderbestandig-fyllbar-51x36h-cm-svart\/#breadcrumb"},"inLanguage":"sv-SE","potentialAction":[{"@type":"ReadAction","target":["https:\/\/truusk.store\/sv\/produkt\/truusk-parasollstall-vaderbestandig-fyllbar-51x36h-cm-svart\/"]}]},{"@type":"ImageObject","inLanguage":"sv-SE","@id":"https:\/\/truusk.store\/sv\/produkt\/truusk-parasollstall-vaderbestandig-fyllbar-51x36h-cm-svart\/#primaryimage","url":"https:\/\/i0.wp.com\/truusk.store\/wp-content\/uploads\/2024\/02\/parasollstall-parasollhallare-vaderbestandig-fyllbar-51x-36h-cm-svart.webp?fit=800%2C800&ssl=1","contentUrl":"https:\/\/i0.wp.com\/truusk.store\/wp-content\/uploads\/2024\/02\/parasollstall-parasollhallare-vaderbestandig-fyllbar-51x-36h-cm-svart.webp?fit=800%2C800&ssl=1","width":800,"height":800,"caption":"Parasollst\u00e4ll Parasollh\u00e5llare, V\u00e4derbest\u00e4ndig, Fyllbar, 51x 36H Cm, Svart 1"},{"@type":"BreadcrumbList","@id":"https:\/\/truusk.store\/sv\/produkt\/truusk-parasollstall-vaderbestandig-fyllbar-51x36h-cm-svart\/#breadcrumb","itemListElement":[{"@type":"ListItem","position":1,"name":"Home","item":"https:\/\/truusk.store\/sv\/"},{"@type":"ListItem","position":2,"name":"Shop","item":"https:\/\/truusk.store\/shop\/"},{"@type":"ListItem","position":3,"name":"TRUUSK Parasollst\u00e4ll &#8211; V\u00e4derbest\u00e4ndig &#8211; Fyllbar &#8211; 51x36H cm &#8211; Svart"}]},{"@type":"WebSite","@id":"https:\/\/truusk.store\/sv\/#website","url":"https:\/\/truusk.store\/sv\/","name":"TRUUSK - Hem, Tr\u00e4dg\u00e5rd & Fritid","description":"","publisher":{"@id":"https:\/\/truusk.store\/sv\/#organization"},"potentialAction":[{"@type":"SearchAction","target":{"@type":"EntryPoint","urlTemplate":"https:\/\/truusk.store\/sv\/?s={search_term_string}"},"query-input":{"@type":"PropertyValueSpecification","valueRequired":true,"valueName":"search_term_string"}}],"inLanguage":"sv-SE"},{"@type":"Organization","@id":"https:\/\/truusk.store\/sv\/#organization","name":"TRUUSK - Hem, Tr\u00e4dg\u00e5rd & Fritid","url":"https:\/\/truusk.store\/sv\/","logo":{"@type":"ImageObject","inLanguage":"sv-SE","@id":"https:\/\/truusk.store\/sv\/#\/schema\/logo\/image\/","url":"https:\/\/i0.wp.com\/truusk.store\/wp-content\/uploads\/2026\/03\/cropped-TRUUSK.png?fit=2032%2C917&ssl=1","contentUrl":"https:\/\/i0.wp.com\/truusk.store\/wp-content\/uploads\/2026\/03\/cropped-TRUUSK.png?fit=2032%2C917&ssl=1","width":2032,"height":917,"caption":"TRUUSK - Hem, Tr\u00e4dg\u00e5rd & Fritid"},"image":{"@id":"https:\/\/truusk.store\/sv\/#\/schema\/logo\/image\/"}}]}},"jetpack_sharing_enabled":true,"_links":{"self":[{"href":"https:\/\/truusk.store\/sv\/wp-json\/wp\/v2\/product\/47916","targetHints":{"allow":["GET"]}}],"collection":[{"href":"https:\/\/truusk.store\/sv\/wp-json\/wp\/v2\/product"}],"about":[{"href":"https:\/\/truusk.store\/sv\/wp-json\/wp\/v2\/types\/product"}],"wp:featuredmedia":[{"embeddable":true,"href":"https:\/\/truusk.store\/sv\/wp-json\/wp\/v2\/media\/47917"}],"wp:attachment":[{"href":"https:\/\/truusk.store\/sv\/wp-json\/wp\/v2\/media?parent=47916"}],"wp:term":[{"taxonomy":"product_brand","embeddable":true,"href":"https:\/\/truusk.store\/sv\/wp-json\/wp\/v2\/product_brand?post=47916"},{"taxonomy":"product_cat","embeddable":true,"href":"https:\/\/truusk.store\/sv\/wp-json\/wp\/v2\/product_cat?post=47916"},{"taxonomy":"product_tag","embeddable":true,"href":"https:\/\/truusk.store\/sv\/wp-json\/wp\/v2\/product_tag?post=47916"}],"curies":[{"name":"wp","href":"https:\/\/api.w.org\/{rel}","templated":true}]}}