{"id":47923,"date":"2024-02-14T07:35:36","date_gmt":"2024-02-14T06:35:36","guid":{"rendered":"https:\/\/truusk.store\/product\/vaxtskyddsnat-gronsaksskydd-dragkedja-stalram-125x125x625-cm-gron-silver\/"},"modified":"2026-03-12T09:34:28","modified_gmt":"2026-03-12T08:34:28","slug":"truusk-vaxtskyddsnat-gronsaksskydd-med-dragkedja-stalram-125x125x625-cm-gron-silver-2","status":"publish","type":"product","link":"https:\/\/truusk.store\/sv\/produkt\/truusk-vaxtskyddsnat-gronsaksskydd-med-dragkedja-stalram-125x125x625-cm-gron-silver-2\/","title":{"rendered":"TRUUSK V\u00e4xtskyddsn\u00e4t &#8211; Gr\u00f6nsaksskydd med Dragkedja &#8211; St\u00e5lram &#8211; 125x125x62,5 cm &#8211; Gr\u00f6n\/silver"},"content":{"rendered":"<p>Om du har problem med f\u00e5glar eller andra sm\u00e5 frukttjuvar, erbjuder f\u00e5gelskyddsn\u00e4tet dig en effektiv l\u00f6sning. N\u00e4tet l\u00e5ter naturligt ljus och luft passera fritt och skyddar samtidigt mot o\u00f6nskade g\u00e4ster. Den stora \u00f6ppningen \u00f6ppnas utan anstr\u00e4ngning s\u00e5 att du enkelt kan sk\u00e4ra, ta hand om och sk\u00f6rda frukt och gr\u00f6nsaker inuti. V\u00e5rt v\u00e4xtskyddsn\u00e4t kan snabbt monteras och anpassas efter \u00f6nskad planteringsyta.<\/p>\n<h3>Beskrivning:<\/h3>\n<ul>\n<li>Skydda dina v\u00e4xter och frukter fr\u00e5n f\u00e5glar, kaniner och sm\u00e5 djur<\/li>\n<li>Blixtl\u00e5s\u00f6ppning f\u00f6r bekv\u00e4m sk\u00f6tsel av dina v\u00e4xter<\/li>\n<li>L\u00e4tt att s\u00e4tta upp och l\u00e4tt att ta ner och f\u00f6rvara i slutet av s\u00e4songen<\/li>\n<li>F\u00f6rankra i marken f\u00f6r stabilitet<\/li>\n<li>Galvaniserade st\u00e5lr\u00f6r f\u00f6r h\u00f6g stabilitet<\/li>\n<li>St\u00e4ll upp med 1-2 personer<\/li>\n<\/ul>\n<h3>Teknisk data:<\/h3>\n<ul>\n<li>F\u00e4rg: gr\u00f6n<\/li>\n<li>Material: Galvaniserat st\u00e5l, HDPE<\/li>\n<li>\u00d6vergripande m\u00e5tt: 125L x 125W x 62,5H cm<\/li>\n<li>Tr storlek: 105W x 56H cm<\/li>\n<li>Vindt\u00e4t niv\u00e5: 4<\/li>\n<\/ul>\n<h3>Leveransens omfattning:<\/h3>\n<ul>\n<li>1 x V\u00e4xtskyddsn\u00e4t<\/li>\n<li>Plastkontakt<\/li>\n<li>1 x manuell<\/li>\n<li><\/li>\n<\/ul>\n","protected":false},"excerpt":{"rendered":"<p>Om du har problem med f\u00e5glar eller andra sm\u00e5 frukttjuvar, erbjuder f\u00e5gelskyddsn\u00e4tet dig en effektiv l\u00f6sning. N\u00e4tet l\u00e5ter naturligt ljus&#8230;<\/p>\n","protected":false},"featured_media":47924,"template":"","meta":[],"product_brand":[],"product_cat":[435,443],"product_tag":[],"class_list":{"0":"post-47923","1":"product","2":"type-product","3":"status-publish","4":"has-post-thumbnail","6":"product_cat-tradgard-och-terrass","7":"product_cat-vaxthus-tradgardsskotsel","9":"first","10":"instock","11":"sale","12":"taxable","13":"shipping-taxable","14":"purchasable","15":"product-type-simple"},"yoast_head":"<!-- This site is optimized with the Yoast SEO plugin v25.4 - https:\/\/yoast.com\/wordpress\/plugins\/seo\/ -->\n<title>TRUUSK V\u00e4xtskyddsn\u00e4t - Gr\u00f6nsaksskydd med Dragkedja - St\u00e5lram - 125x125x62,5 cm - Gr\u00f6n\/silver - TRUUSK - Hem, Tr\u00e4dg\u00e5rd &amp; Fritid<\/title>\n<meta name=\"robots\" content=\"index, follow, max-snippet:-1, max-image-preview:large, max-video-preview:-1\" \/>\n<link rel=\"canonical\" href=\"https:\/\/truusk.store\/sv\/produkt\/truusk-vaxtskyddsnat-gronsaksskydd-med-dragkedja-stalram-125x125x625-cm-gron-silver-2\/\" \/>\n<meta property=\"og:locale\" content=\"sv_SE\" \/>\n<meta property=\"og:type\" content=\"article\" \/>\n<meta property=\"og:title\" content=\"TRUUSK V\u00e4xtskyddsn\u00e4t - Gr\u00f6nsaksskydd med Dragkedja - St\u00e5lram - 125x125x62,5 cm - Gr\u00f6n\/silver - TRUUSK - Hem, Tr\u00e4dg\u00e5rd &amp; Fritid\" \/>\n<meta property=\"og:description\" content=\"Om du har problem med f\u00e5glar eller andra sm\u00e5 frukttjuvar, erbjuder f\u00e5gelskyddsn\u00e4tet dig en effektiv l\u00f6sning. N\u00e4tet l\u00e5ter naturligt ljus...\" \/>\n<meta property=\"og:url\" content=\"https:\/\/truusk.store\/sv\/produkt\/truusk-vaxtskyddsnat-gronsaksskydd-med-dragkedja-stalram-125x125x625-cm-gron-silver-2\/\" \/>\n<meta property=\"og:site_name\" content=\"TRUUSK - Hem, Tr\u00e4dg\u00e5rd &amp; Fritid\" \/>\n<meta property=\"article:modified_time\" content=\"2026-03-12T08:34:28+00:00\" \/>\n<meta property=\"og:image\" content=\"https:\/\/i0.wp.com\/truusk.se\/wp-content\/uploads\/2024\/02\/vaxtskyddsnat-gronsaksskydd-dragkedja-stalram-125x125x625-cm-gron-silver.webp?fit=800%2C800&ssl=1\" \/>\n\t<meta property=\"og:image:width\" content=\"800\" \/>\n\t<meta property=\"og:image:height\" content=\"800\" \/>\n\t<meta property=\"og:image:type\" content=\"image\/webp\" \/>\n<meta name=\"twitter:card\" content=\"summary_large_image\" \/>\n<meta name=\"twitter:label1\" content=\"Ber\u00e4knad l\u00e4stid\" \/>\n\t<meta name=\"twitter:data1\" content=\"1 minut\" \/>\n<!-- \/ Yoast SEO plugin. -->","yoast_head_json":{"title":"TRUUSK V\u00e4xtskyddsn\u00e4t - Gr\u00f6nsaksskydd med Dragkedja - St\u00e5lram - 125x125x62,5 cm - Gr\u00f6n\/silver - TRUUSK - Hem, Tr\u00e4dg\u00e5rd &amp; Fritid","robots":{"index":"index","follow":"follow","max-snippet":"max-snippet:-1","max-image-preview":"max-image-preview:large","max-video-preview":"max-video-preview:-1"},"canonical":"https:\/\/truusk.store\/sv\/produkt\/truusk-vaxtskyddsnat-gronsaksskydd-med-dragkedja-stalram-125x125x625-cm-gron-silver-2\/","og_locale":"sv_SE","og_type":"article","og_title":"TRUUSK V\u00e4xtskyddsn\u00e4t - Gr\u00f6nsaksskydd med Dragkedja - St\u00e5lram - 125x125x62,5 cm - Gr\u00f6n\/silver - TRUUSK - Hem, Tr\u00e4dg\u00e5rd &amp; Fritid","og_description":"Om du har problem med f\u00e5glar eller andra sm\u00e5 frukttjuvar, erbjuder f\u00e5gelskyddsn\u00e4tet dig en effektiv l\u00f6sning. N\u00e4tet l\u00e5ter naturligt ljus...","og_url":"https:\/\/truusk.store\/sv\/produkt\/truusk-vaxtskyddsnat-gronsaksskydd-med-dragkedja-stalram-125x125x625-cm-gron-silver-2\/","og_site_name":"TRUUSK - Hem, Tr\u00e4dg\u00e5rd &amp; Fritid","article_modified_time":"2026-03-12T08:34:28+00:00","og_image":[{"width":800,"height":800,"url":"https:\/\/i0.wp.com\/truusk.se\/wp-content\/uploads\/2024\/02\/vaxtskyddsnat-gronsaksskydd-dragkedja-stalram-125x125x625-cm-gron-silver.webp?fit=800%2C800&ssl=1","type":"image\/webp"}],"twitter_card":"summary_large_image","twitter_misc":{"Ber\u00e4knad l\u00e4stid":"1 minut"},"schema":{"@context":"https:\/\/schema.org","@graph":[{"@type":"WebPage","@id":"https:\/\/truusk.store\/sv\/produkt\/truusk-vaxtskyddsnat-gronsaksskydd-med-dragkedja-stalram-125x125x625-cm-gron-silver-2\/","url":"https:\/\/truusk.store\/sv\/produkt\/truusk-vaxtskyddsnat-gronsaksskydd-med-dragkedja-stalram-125x125x625-cm-gron-silver-2\/","name":"TRUUSK V\u00e4xtskyddsn\u00e4t - Gr\u00f6nsaksskydd med Dragkedja - St\u00e5lram - 125x125x62,5 cm - Gr\u00f6n\/silver - TRUUSK - Hem, Tr\u00e4dg\u00e5rd &amp; Fritid","isPartOf":{"@id":"https:\/\/truusk.store\/sv\/#website"},"primaryImageOfPage":{"@id":"https:\/\/truusk.store\/sv\/produkt\/truusk-vaxtskyddsnat-gronsaksskydd-med-dragkedja-stalram-125x125x625-cm-gron-silver-2\/#primaryimage"},"image":{"@id":"https:\/\/truusk.store\/sv\/produkt\/truusk-vaxtskyddsnat-gronsaksskydd-med-dragkedja-stalram-125x125x625-cm-gron-silver-2\/#primaryimage"},"thumbnailUrl":"https:\/\/i0.wp.com\/truusk.store\/wp-content\/uploads\/2024\/02\/vaxtskyddsnat-gronsaksskydd-dragkedja-stalram-125x125x625-cm-gron-silver.webp?fit=800%2C800&ssl=1","datePublished":"2024-02-14T06:35:36+00:00","dateModified":"2026-03-12T08:34:28+00:00","breadcrumb":{"@id":"https:\/\/truusk.store\/sv\/produkt\/truusk-vaxtskyddsnat-gronsaksskydd-med-dragkedja-stalram-125x125x625-cm-gron-silver-2\/#breadcrumb"},"inLanguage":"sv-SE","potentialAction":[{"@type":"ReadAction","target":["https:\/\/truusk.store\/sv\/produkt\/truusk-vaxtskyddsnat-gronsaksskydd-med-dragkedja-stalram-125x125x625-cm-gron-silver-2\/"]}]},{"@type":"ImageObject","inLanguage":"sv-SE","@id":"https:\/\/truusk.store\/sv\/produkt\/truusk-vaxtskyddsnat-gronsaksskydd-med-dragkedja-stalram-125x125x625-cm-gron-silver-2\/#primaryimage","url":"https:\/\/i0.wp.com\/truusk.store\/wp-content\/uploads\/2024\/02\/vaxtskyddsnat-gronsaksskydd-dragkedja-stalram-125x125x625-cm-gron-silver.webp?fit=800%2C800&ssl=1","contentUrl":"https:\/\/i0.wp.com\/truusk.store\/wp-content\/uploads\/2024\/02\/vaxtskyddsnat-gronsaksskydd-dragkedja-stalram-125x125x625-cm-gron-silver.webp?fit=800%2C800&ssl=1","width":800,"height":800,"caption":"V\u00e4xtskyddsn\u00e4t, Gr\u00f6nsaksskydd, Dragkedja, St\u00e5lram, 125x125x62,5 Cm, Gr\u00f6n\/silver 1"},{"@type":"BreadcrumbList","@id":"https:\/\/truusk.store\/sv\/produkt\/truusk-vaxtskyddsnat-gronsaksskydd-med-dragkedja-stalram-125x125x625-cm-gron-silver-2\/#breadcrumb","itemListElement":[{"@type":"ListItem","position":1,"name":"Home","item":"https:\/\/truusk.store\/sv\/"},{"@type":"ListItem","position":2,"name":"Shop","item":"https:\/\/truusk.store\/shop\/"},{"@type":"ListItem","position":3,"name":"TRUUSK V\u00e4xtskyddsn\u00e4t &#8211; Gr\u00f6nsaksskydd med Dragkedja &#8211; St\u00e5lram &#8211; 125x125x62,5 cm &#8211; Gr\u00f6n\/silver"}]},{"@type":"WebSite","@id":"https:\/\/truusk.store\/sv\/#website","url":"https:\/\/truusk.store\/sv\/","name":"TRUUSK - Hem, Tr\u00e4dg\u00e5rd & Fritid","description":"","publisher":{"@id":"https:\/\/truusk.store\/sv\/#organization"},"potentialAction":[{"@type":"SearchAction","target":{"@type":"EntryPoint","urlTemplate":"https:\/\/truusk.store\/sv\/?s={search_term_string}"},"query-input":{"@type":"PropertyValueSpecification","valueRequired":true,"valueName":"search_term_string"}}],"inLanguage":"sv-SE"},{"@type":"Organization","@id":"https:\/\/truusk.store\/sv\/#organization","name":"TRUUSK - Hem, Tr\u00e4dg\u00e5rd & Fritid","url":"https:\/\/truusk.store\/sv\/","logo":{"@type":"ImageObject","inLanguage":"sv-SE","@id":"https:\/\/truusk.store\/sv\/#\/schema\/logo\/image\/","url":"https:\/\/i0.wp.com\/truusk.store\/wp-content\/uploads\/2026\/03\/cropped-TRUUSK.png?fit=2032%2C917&ssl=1","contentUrl":"https:\/\/i0.wp.com\/truusk.store\/wp-content\/uploads\/2026\/03\/cropped-TRUUSK.png?fit=2032%2C917&ssl=1","width":2032,"height":917,"caption":"TRUUSK - Hem, Tr\u00e4dg\u00e5rd & Fritid"},"image":{"@id":"https:\/\/truusk.store\/sv\/#\/schema\/logo\/image\/"}}]}},"jetpack_sharing_enabled":true,"_links":{"self":[{"href":"https:\/\/truusk.store\/sv\/wp-json\/wp\/v2\/product\/47923","targetHints":{"allow":["GET"]}}],"collection":[{"href":"https:\/\/truusk.store\/sv\/wp-json\/wp\/v2\/product"}],"about":[{"href":"https:\/\/truusk.store\/sv\/wp-json\/wp\/v2\/types\/product"}],"wp:featuredmedia":[{"embeddable":true,"href":"https:\/\/truusk.store\/sv\/wp-json\/wp\/v2\/media\/47924"}],"wp:attachment":[{"href":"https:\/\/truusk.store\/sv\/wp-json\/wp\/v2\/media?parent=47923"}],"wp:term":[{"taxonomy":"product_brand","embeddable":true,"href":"https:\/\/truusk.store\/sv\/wp-json\/wp\/v2\/product_brand?post=47923"},{"taxonomy":"product_cat","embeddable":true,"href":"https:\/\/truusk.store\/sv\/wp-json\/wp\/v2\/product_cat?post=47923"},{"taxonomy":"product_tag","embeddable":true,"href":"https:\/\/truusk.store\/sv\/wp-json\/wp\/v2\/product_tag?post=47923"}],"curies":[{"name":"wp","href":"https:\/\/api.w.org\/{rel}","templated":true}]}}