{"id":47970,"date":"2024-02-14T07:37:26","date_gmt":"2024-02-14T06:37:26","guid":{"rendered":"https:\/\/truusk.store\/product\/upphojd-sang-3-vanings-vagnhjul-dekor-naturtra-62-x-61-x-57-cm\/"},"modified":"2026-03-12T09:34:29","modified_gmt":"2026-03-12T08:34:29","slug":"truusk-upphojd-sang-3-vanings-vagnhjul-dekor-naturtra-matt-62-x-61-x-57-cm-stilfull-och-bekvam-perfekt-for-husdjur-upp","status":"publish","type":"product","link":"https:\/\/truusk.store\/sv\/produkt\/truusk-upphojd-sang-3-vanings-vagnhjul-dekor-naturtra-matt-62-x-61-x-57-cm-stilfull-och-bekvam-perfekt-for-husdjur-upp\/","title":{"rendered":"TRUUSK Upph\u00f6jd S\u00e4ng 3-v\u00e5nings Vagnhjul &#8211; Dekor Naturtr\u00e4 &#8211; M\u00e5tt 62 x 61 x 57 cm &#8211; Stilfull och Bekv\u00e4m &#8211; Perfekt f\u00f6r Husdjur upp"},"content":{"rendered":"<p>L\u00e4gg till en underbart rustik accent till din tr\u00e4dg\u00e5rd med v\u00e5r trev\u00e5nings upph\u00f6jda s\u00e4ng med vagnhjulsdekor. Den rymliga designen ger tillr\u00e4ckligt med utrymme f\u00f6r blommor, gr\u00f6nsaker och \u00f6rter att v\u00e4xa och frodas. Tillverkad av robust gran, garanterar ramen stabilitet och l\u00e5ng livsl\u00e4ngd. Dr\u00e4neringsh\u00e5len p\u00e5 botten m\u00f6jligg\u00f6r optimal vattendr\u00e4nering, medan de stabila f\u00f6tterna s\u00e4kerst\u00e4ller ett s\u00e4kert fotf\u00e4ste &#8211; ett blommande paradis i kompakt format!<\/p>\n<h3>Beskrivning:<\/h3>\n<ul>\n<li>Med tre rymliga v\u00e4xtl\u00e5dor ger h\u00f6gb\u00e4dden tillr\u00e4ckligt med utrymme f\u00f6r plantering av gr\u00f6nsaker, blommor och \u00f6rter<\/li>\n<li>Inredningen av vagnhjul i vintagestil ger tr\u00e4dg\u00e5rden ett unikt utseende<\/li>\n<li>Tack vare dr\u00e4neringsh\u00e5len f\u00f6rhindras vattensjuka n\u00e4r det regnar<\/li>\n<li>Tillverkad av v\u00e4derbest\u00e4ndig gran och d\u00e4rf\u00f6r idealisk f\u00f6r utomhusbruk<\/li>\n<li>Monteringen \u00e4r snabb och enkel att utf\u00f6ra<\/li>\n<\/ul>\n<h3>Teknisk data:<\/h3>\n<ul>\n<li>F\u00e4rg: teak<\/li>\n<li>Material: gran<\/li>\n<li>Totala m\u00e5tt: 62L x 61W x 57H cm<\/li>\n<li>M\u00e5tt per planteringsl\u00e5da: 56W x 20D x 15H cm<\/li>\n<li>Innerm\u00e5tt: 53W x 17D x 13H cm<\/li>\n<li>Hjulstorlek: 54 cm<\/li>\n<li>Lastkapacitet: 25 kg (per l\u00e5da)<\/li>\n<\/ul>\n<h3>Leveransens omfattning:<\/h3>\n<ul>\n<li>1 x tr\u00e4dg\u00e5rdss\u00e4ng<\/li>\n<li>1 x manuell<\/li>\n<\/ul>\n","protected":false},"excerpt":{"rendered":"<p>L\u00e4gg till en underbart rustik accent till din tr\u00e4dg\u00e5rd med v\u00e5r trev\u00e5nings upph\u00f6jda s\u00e4ng med vagnhjulsdekor. Den rymliga designen ger&#8230;<\/p>\n","protected":false},"featured_media":47971,"template":"","meta":[],"product_brand":[],"product_cat":[445,435,443],"product_tag":[],"class_list":{"0":"post-47970","1":"product","2":"type-product","3":"status-publish","4":"has-post-thumbnail","6":"product_cat-kalla-ramar","7":"product_cat-tradgard-och-terrass","8":"product_cat-vaxthus-tradgardsskotsel","10":"first","11":"instock","12":"sale","13":"taxable","14":"shipping-taxable","15":"purchasable","16":"product-type-simple"},"yoast_head":"<!-- This site is optimized with the Yoast SEO plugin v25.4 - https:\/\/yoast.com\/wordpress\/plugins\/seo\/ -->\n<title>TRUUSK Upph\u00f6jd S\u00e4ng 3-v\u00e5nings Vagnhjul - Dekor Naturtr\u00e4 - M\u00e5tt 62 x 61 x 57 cm - Stilfull och Bekv\u00e4m - Perfekt f\u00f6r Husdjur upp - TRUUSK - Hem, Tr\u00e4dg\u00e5rd &amp; Fritid<\/title>\n<meta name=\"robots\" content=\"index, follow, max-snippet:-1, max-image-preview:large, max-video-preview:-1\" \/>\n<link rel=\"canonical\" href=\"https:\/\/truusk.store\/sv\/produkt\/truusk-upphojd-sang-3-vanings-vagnhjul-dekor-naturtra-matt-62-x-61-x-57-cm-stilfull-och-bekvam-perfekt-for-husdjur-upp\/\" \/>\n<meta property=\"og:locale\" content=\"sv_SE\" \/>\n<meta property=\"og:type\" content=\"article\" \/>\n<meta property=\"og:title\" content=\"TRUUSK Upph\u00f6jd S\u00e4ng 3-v\u00e5nings Vagnhjul - Dekor Naturtr\u00e4 - M\u00e5tt 62 x 61 x 57 cm - Stilfull och Bekv\u00e4m - Perfekt f\u00f6r Husdjur upp - TRUUSK - Hem, Tr\u00e4dg\u00e5rd &amp; Fritid\" \/>\n<meta property=\"og:description\" content=\"L\u00e4gg till en underbart rustik accent till din tr\u00e4dg\u00e5rd med v\u00e5r trev\u00e5nings upph\u00f6jda s\u00e4ng med vagnhjulsdekor. Den rymliga designen ger...\" \/>\n<meta property=\"og:url\" content=\"https:\/\/truusk.store\/sv\/produkt\/truusk-upphojd-sang-3-vanings-vagnhjul-dekor-naturtra-matt-62-x-61-x-57-cm-stilfull-och-bekvam-perfekt-for-husdjur-upp\/\" \/>\n<meta property=\"og:site_name\" content=\"TRUUSK - Hem, Tr\u00e4dg\u00e5rd &amp; Fritid\" \/>\n<meta property=\"article:modified_time\" content=\"2026-03-12T08:34:29+00:00\" \/>\n<meta property=\"og:image\" content=\"https:\/\/i0.wp.com\/truusk.se\/wp-content\/uploads\/2024\/02\/upphojd-sang-3-vanings-vagnhjul-dekor-naturtra-62-x-61-x-57-cm.webp?fit=800%2C800&ssl=1\" \/>\n\t<meta property=\"og:image:width\" content=\"800\" \/>\n\t<meta property=\"og:image:height\" content=\"800\" \/>\n\t<meta property=\"og:image:type\" content=\"image\/webp\" \/>\n<meta name=\"twitter:card\" content=\"summary_large_image\" \/>\n<meta name=\"twitter:label1\" content=\"Ber\u00e4knad l\u00e4stid\" \/>\n\t<meta name=\"twitter:data1\" content=\"1 minut\" \/>\n<!-- \/ Yoast SEO plugin. -->","yoast_head_json":{"title":"TRUUSK Upph\u00f6jd S\u00e4ng 3-v\u00e5nings Vagnhjul - Dekor Naturtr\u00e4 - M\u00e5tt 62 x 61 x 57 cm - Stilfull och Bekv\u00e4m - Perfekt f\u00f6r Husdjur upp - TRUUSK - Hem, Tr\u00e4dg\u00e5rd &amp; Fritid","robots":{"index":"index","follow":"follow","max-snippet":"max-snippet:-1","max-image-preview":"max-image-preview:large","max-video-preview":"max-video-preview:-1"},"canonical":"https:\/\/truusk.store\/sv\/produkt\/truusk-upphojd-sang-3-vanings-vagnhjul-dekor-naturtra-matt-62-x-61-x-57-cm-stilfull-och-bekvam-perfekt-for-husdjur-upp\/","og_locale":"sv_SE","og_type":"article","og_title":"TRUUSK Upph\u00f6jd S\u00e4ng 3-v\u00e5nings Vagnhjul - Dekor Naturtr\u00e4 - M\u00e5tt 62 x 61 x 57 cm - Stilfull och Bekv\u00e4m - Perfekt f\u00f6r Husdjur upp - TRUUSK - Hem, Tr\u00e4dg\u00e5rd &amp; Fritid","og_description":"L\u00e4gg till en underbart rustik accent till din tr\u00e4dg\u00e5rd med v\u00e5r trev\u00e5nings upph\u00f6jda s\u00e4ng med vagnhjulsdekor. Den rymliga designen ger...","og_url":"https:\/\/truusk.store\/sv\/produkt\/truusk-upphojd-sang-3-vanings-vagnhjul-dekor-naturtra-matt-62-x-61-x-57-cm-stilfull-och-bekvam-perfekt-for-husdjur-upp\/","og_site_name":"TRUUSK - Hem, Tr\u00e4dg\u00e5rd &amp; Fritid","article_modified_time":"2026-03-12T08:34:29+00:00","og_image":[{"width":800,"height":800,"url":"https:\/\/i0.wp.com\/truusk.se\/wp-content\/uploads\/2024\/02\/upphojd-sang-3-vanings-vagnhjul-dekor-naturtra-62-x-61-x-57-cm.webp?fit=800%2C800&ssl=1","type":"image\/webp"}],"twitter_card":"summary_large_image","twitter_misc":{"Ber\u00e4knad l\u00e4stid":"1 minut"},"schema":{"@context":"https:\/\/schema.org","@graph":[{"@type":"WebPage","@id":"https:\/\/truusk.store\/sv\/produkt\/truusk-upphojd-sang-3-vanings-vagnhjul-dekor-naturtra-matt-62-x-61-x-57-cm-stilfull-och-bekvam-perfekt-for-husdjur-upp\/","url":"https:\/\/truusk.store\/sv\/produkt\/truusk-upphojd-sang-3-vanings-vagnhjul-dekor-naturtra-matt-62-x-61-x-57-cm-stilfull-och-bekvam-perfekt-for-husdjur-upp\/","name":"TRUUSK Upph\u00f6jd S\u00e4ng 3-v\u00e5nings Vagnhjul - Dekor Naturtr\u00e4 - M\u00e5tt 62 x 61 x 57 cm - Stilfull och Bekv\u00e4m - Perfekt f\u00f6r Husdjur upp - TRUUSK - Hem, Tr\u00e4dg\u00e5rd &amp; Fritid","isPartOf":{"@id":"https:\/\/truusk.store\/sv\/#website"},"primaryImageOfPage":{"@id":"https:\/\/truusk.store\/sv\/produkt\/truusk-upphojd-sang-3-vanings-vagnhjul-dekor-naturtra-matt-62-x-61-x-57-cm-stilfull-och-bekvam-perfekt-for-husdjur-upp\/#primaryimage"},"image":{"@id":"https:\/\/truusk.store\/sv\/produkt\/truusk-upphojd-sang-3-vanings-vagnhjul-dekor-naturtra-matt-62-x-61-x-57-cm-stilfull-och-bekvam-perfekt-for-husdjur-upp\/#primaryimage"},"thumbnailUrl":"https:\/\/i0.wp.com\/truusk.store\/wp-content\/uploads\/2024\/02\/upphojd-sang-3-vanings-vagnhjul-dekor-naturtra-62-x-61-x-57-cm.webp?fit=800%2C800&ssl=1","datePublished":"2024-02-14T06:37:26+00:00","dateModified":"2026-03-12T08:34:29+00:00","breadcrumb":{"@id":"https:\/\/truusk.store\/sv\/produkt\/truusk-upphojd-sang-3-vanings-vagnhjul-dekor-naturtra-matt-62-x-61-x-57-cm-stilfull-och-bekvam-perfekt-for-husdjur-upp\/#breadcrumb"},"inLanguage":"sv-SE","potentialAction":[{"@type":"ReadAction","target":["https:\/\/truusk.store\/sv\/produkt\/truusk-upphojd-sang-3-vanings-vagnhjul-dekor-naturtra-matt-62-x-61-x-57-cm-stilfull-och-bekvam-perfekt-for-husdjur-upp\/"]}]},{"@type":"ImageObject","inLanguage":"sv-SE","@id":"https:\/\/truusk.store\/sv\/produkt\/truusk-upphojd-sang-3-vanings-vagnhjul-dekor-naturtra-matt-62-x-61-x-57-cm-stilfull-och-bekvam-perfekt-for-husdjur-upp\/#primaryimage","url":"https:\/\/i0.wp.com\/truusk.store\/wp-content\/uploads\/2024\/02\/upphojd-sang-3-vanings-vagnhjul-dekor-naturtra-62-x-61-x-57-cm.webp?fit=800%2C800&ssl=1","contentUrl":"https:\/\/i0.wp.com\/truusk.store\/wp-content\/uploads\/2024\/02\/upphojd-sang-3-vanings-vagnhjul-dekor-naturtra-62-x-61-x-57-cm.webp?fit=800%2C800&ssl=1","width":800,"height":800,"caption":"Upph\u00f6jd S\u00e4ng 3-v\u00e5nings Vagnhjul Dekor Naturtr\u00e4 62 X 61 X 57 Cm 1"},{"@type":"BreadcrumbList","@id":"https:\/\/truusk.store\/sv\/produkt\/truusk-upphojd-sang-3-vanings-vagnhjul-dekor-naturtra-matt-62-x-61-x-57-cm-stilfull-och-bekvam-perfekt-for-husdjur-upp\/#breadcrumb","itemListElement":[{"@type":"ListItem","position":1,"name":"Home","item":"https:\/\/truusk.store\/sv\/"},{"@type":"ListItem","position":2,"name":"Shop","item":"https:\/\/truusk.store\/shop\/"},{"@type":"ListItem","position":3,"name":"TRUUSK Upph\u00f6jd S\u00e4ng 3-v\u00e5nings Vagnhjul &#8211; Dekor Naturtr\u00e4 &#8211; M\u00e5tt 62 x 61 x 57 cm &#8211; Stilfull och Bekv\u00e4m &#8211; Perfekt f\u00f6r Husdjur upp"}]},{"@type":"WebSite","@id":"https:\/\/truusk.store\/sv\/#website","url":"https:\/\/truusk.store\/sv\/","name":"TRUUSK - Hem, Tr\u00e4dg\u00e5rd & Fritid","description":"","publisher":{"@id":"https:\/\/truusk.store\/sv\/#organization"},"potentialAction":[{"@type":"SearchAction","target":{"@type":"EntryPoint","urlTemplate":"https:\/\/truusk.store\/sv\/?s={search_term_string}"},"query-input":{"@type":"PropertyValueSpecification","valueRequired":true,"valueName":"search_term_string"}}],"inLanguage":"sv-SE"},{"@type":"Organization","@id":"https:\/\/truusk.store\/sv\/#organization","name":"TRUUSK - Hem, Tr\u00e4dg\u00e5rd & Fritid","url":"https:\/\/truusk.store\/sv\/","logo":{"@type":"ImageObject","inLanguage":"sv-SE","@id":"https:\/\/truusk.store\/sv\/#\/schema\/logo\/image\/","url":"https:\/\/i0.wp.com\/truusk.store\/wp-content\/uploads\/2026\/03\/cropped-TRUUSK.png?fit=2032%2C917&ssl=1","contentUrl":"https:\/\/i0.wp.com\/truusk.store\/wp-content\/uploads\/2026\/03\/cropped-TRUUSK.png?fit=2032%2C917&ssl=1","width":2032,"height":917,"caption":"TRUUSK - Hem, Tr\u00e4dg\u00e5rd & Fritid"},"image":{"@id":"https:\/\/truusk.store\/sv\/#\/schema\/logo\/image\/"}}]}},"jetpack_sharing_enabled":true,"_links":{"self":[{"href":"https:\/\/truusk.store\/sv\/wp-json\/wp\/v2\/product\/47970","targetHints":{"allow":["GET"]}}],"collection":[{"href":"https:\/\/truusk.store\/sv\/wp-json\/wp\/v2\/product"}],"about":[{"href":"https:\/\/truusk.store\/sv\/wp-json\/wp\/v2\/types\/product"}],"wp:featuredmedia":[{"embeddable":true,"href":"https:\/\/truusk.store\/sv\/wp-json\/wp\/v2\/media\/47971"}],"wp:attachment":[{"href":"https:\/\/truusk.store\/sv\/wp-json\/wp\/v2\/media?parent=47970"}],"wp:term":[{"taxonomy":"product_brand","embeddable":true,"href":"https:\/\/truusk.store\/sv\/wp-json\/wp\/v2\/product_brand?post=47970"},{"taxonomy":"product_cat","embeddable":true,"href":"https:\/\/truusk.store\/sv\/wp-json\/wp\/v2\/product_cat?post=47970"},{"taxonomy":"product_tag","embeddable":true,"href":"https:\/\/truusk.store\/sv\/wp-json\/wp\/v2\/product_tag?post=47970"}],"curies":[{"name":"wp","href":"https:\/\/api.w.org\/{rel}","templated":true}]}}