{"id":47977,"date":"2024-02-14T07:37:42","date_gmt":"2024-02-14T06:37:42","guid":{"rendered":"https:\/\/truusk.store\/product\/tunnelvaxthus-walk-in-transparent-film-galvaniserad-stalram-3-x-2-x-2m\/"},"modified":"2026-03-12T09:34:29","modified_gmt":"2026-03-12T08:34:29","slug":"truusk-tunnelvaxthus-walk-in-transparent-film-galvaniserad-stalram-3x2x2m","status":"publish","type":"product","link":"https:\/\/truusk.store\/sv\/produkt\/truusk-tunnelvaxthus-walk-in-transparent-film-galvaniserad-stalram-3x2x2m\/","title":{"rendered":"TRUUSK Tunnelv\u00e4xthus Walk-in &#8211; Transparent Film &#8211; Galvaniserad St\u00e5lram &#8211; 3x2x2m"},"content":{"rendered":"<p>L\u00e5t inte kallt och ogynnsamt v\u00e4der hindra dig fr\u00e5n din gr\u00f6na favorithobby! Detta walk-in v\u00e4xthus ger dina gr\u00f6na optimala odlingsf\u00f6rh\u00e5llanden, s\u00e5 att du kan njuta av f\u00e4rska gr\u00f6nsaker, frukt eller \u00f6rter \u00e5ret runt. Uppfriskande tv\u00e4rventilation \u00e4r m\u00f6jlig med upprullade v\u00e4ggar i v\u00e4xthuset &#8211; s\u00e5 att du har v\u00e4rme, UV-str\u00e5lning och fukt under kontroll. Vintern kan nu f\u00f6rklaras som tr\u00e4dg\u00e5rdss\u00e4song!<\/p>\n<h3>Beskrivning:<\/h3>\n<ul>\n<li>Tack vare tomathusets genomskinliga plastpresenning kan solljus komma in obehindrat<\/li>\n<li>D\u00f6rren ger b\u00e4ttre tv\u00e4rventilation och hj\u00e4lper till att reglera temperatur och luftfuktighet<\/li>\n<li>Det b\u00f6jda taket f\u00f6rhindrar ansamling av regnvatten<\/li>\n<li>F\u00f6rl\u00e4ngd kant p\u00e5 presenningen s\u00e4kerst\u00e4ller b\u00e4ttre t\u00e4tning och stabilitet av v\u00e4xthuset genom att gr\u00e4va ner det i marken<\/li>\n<li>Den galvaniserade st\u00e5lramen s\u00e4kerst\u00e4ller en stadig st\u00e4llning<\/li>\n<li>L\u00e4tt att montera med medf\u00f6ljande skruvar och foliekl\u00e4mmor, monteringen ska utf\u00f6ras av 2 eller 3 personer<\/li>\n<\/ul>\n<h3>Teknisk data:<\/h3>\n<ul>\n<li>F\u00e4rg: Transparent<\/li>\n<li>Material: Galvaniserat st\u00e5l, PE<\/li>\n<li>\u00d6vergripande m\u00e5tt: 300L x 200W x 195H cm<\/li>\n<li>Travm\u00e5tt: 100W x 190H cm<\/li>\n<li>Kantl\u00e4ngd: 50 cm<\/li>\n<li>Vindmotst\u00e5nd: niv\u00e5 5<\/li>\n<\/ul>\n<h3>Leveransens omfattning:<\/h3>\n<ul>\n<li>1 x V\u00e4xthus<\/li>\n<li>40 x fixeringskl\u00e4mmor<\/li>\n<\/ul>\n","protected":false},"excerpt":{"rendered":"<p>L\u00e5t inte kallt och ogynnsamt v\u00e4der hindra dig fr\u00e5n din gr\u00f6na favorithobby! Detta walk-in v\u00e4xthus ger dina gr\u00f6na optimala odlingsf\u00f6rh\u00e5llanden,&#8230;<\/p>\n","protected":false},"featured_media":47978,"template":"","meta":[],"product_brand":[],"product_cat":[444,435,443],"product_tag":[],"class_list":{"0":"post-47977","1":"product","2":"type-product","3":"status-publish","4":"has-post-thumbnail","6":"product_cat-filma-vaxthus","7":"product_cat-tradgard-och-terrass","8":"product_cat-vaxthus-tradgardsskotsel","10":"first","11":"instock","12":"sale","13":"taxable","14":"shipping-taxable","15":"purchasable","16":"product-type-simple"},"yoast_head":"<!-- This site is optimized with the Yoast SEO plugin v25.4 - https:\/\/yoast.com\/wordpress\/plugins\/seo\/ -->\n<title>TRUUSK Tunnelv\u00e4xthus Walk-in - Transparent Film - Galvaniserad St\u00e5lram - 3x2x2m - TRUUSK - Hem, Tr\u00e4dg\u00e5rd &amp; Fritid<\/title>\n<meta name=\"robots\" content=\"index, follow, max-snippet:-1, max-image-preview:large, max-video-preview:-1\" \/>\n<link rel=\"canonical\" href=\"https:\/\/truusk.store\/sv\/produkt\/truusk-tunnelvaxthus-walk-in-transparent-film-galvaniserad-stalram-3x2x2m\/\" \/>\n<meta property=\"og:locale\" content=\"sv_SE\" \/>\n<meta property=\"og:type\" content=\"article\" \/>\n<meta property=\"og:title\" content=\"TRUUSK Tunnelv\u00e4xthus Walk-in - Transparent Film - Galvaniserad St\u00e5lram - 3x2x2m - TRUUSK - Hem, Tr\u00e4dg\u00e5rd &amp; Fritid\" \/>\n<meta property=\"og:description\" content=\"L\u00e5t inte kallt och ogynnsamt v\u00e4der hindra dig fr\u00e5n din gr\u00f6na favorithobby! Detta walk-in v\u00e4xthus ger dina gr\u00f6na optimala odlingsf\u00f6rh\u00e5llanden,...\" \/>\n<meta property=\"og:url\" content=\"https:\/\/truusk.store\/sv\/produkt\/truusk-tunnelvaxthus-walk-in-transparent-film-galvaniserad-stalram-3x2x2m\/\" \/>\n<meta property=\"og:site_name\" content=\"TRUUSK - Hem, Tr\u00e4dg\u00e5rd &amp; Fritid\" \/>\n<meta property=\"article:modified_time\" content=\"2026-03-12T08:34:29+00:00\" \/>\n<meta property=\"og:image\" content=\"https:\/\/i0.wp.com\/truusk.se\/wp-content\/uploads\/2024\/02\/tunnelvaxthus-walk-in-transparent-film-galvaniserad-stalram-3-x-2-x-2m.webp?fit=800%2C800&ssl=1\" \/>\n\t<meta property=\"og:image:width\" content=\"800\" \/>\n\t<meta property=\"og:image:height\" content=\"800\" \/>\n\t<meta property=\"og:image:type\" content=\"image\/webp\" \/>\n<meta name=\"twitter:card\" content=\"summary_large_image\" \/>\n<meta name=\"twitter:label1\" content=\"Ber\u00e4knad l\u00e4stid\" \/>\n\t<meta name=\"twitter:data1\" content=\"1 minut\" \/>\n<!-- \/ Yoast SEO plugin. -->","yoast_head_json":{"title":"TRUUSK Tunnelv\u00e4xthus Walk-in - Transparent Film - Galvaniserad St\u00e5lram - 3x2x2m - TRUUSK - Hem, Tr\u00e4dg\u00e5rd &amp; Fritid","robots":{"index":"index","follow":"follow","max-snippet":"max-snippet:-1","max-image-preview":"max-image-preview:large","max-video-preview":"max-video-preview:-1"},"canonical":"https:\/\/truusk.store\/sv\/produkt\/truusk-tunnelvaxthus-walk-in-transparent-film-galvaniserad-stalram-3x2x2m\/","og_locale":"sv_SE","og_type":"article","og_title":"TRUUSK Tunnelv\u00e4xthus Walk-in - Transparent Film - Galvaniserad St\u00e5lram - 3x2x2m - TRUUSK - Hem, Tr\u00e4dg\u00e5rd &amp; Fritid","og_description":"L\u00e5t inte kallt och ogynnsamt v\u00e4der hindra dig fr\u00e5n din gr\u00f6na favorithobby! Detta walk-in v\u00e4xthus ger dina gr\u00f6na optimala odlingsf\u00f6rh\u00e5llanden,...","og_url":"https:\/\/truusk.store\/sv\/produkt\/truusk-tunnelvaxthus-walk-in-transparent-film-galvaniserad-stalram-3x2x2m\/","og_site_name":"TRUUSK - Hem, Tr\u00e4dg\u00e5rd &amp; Fritid","article_modified_time":"2026-03-12T08:34:29+00:00","og_image":[{"width":800,"height":800,"url":"https:\/\/i0.wp.com\/truusk.se\/wp-content\/uploads\/2024\/02\/tunnelvaxthus-walk-in-transparent-film-galvaniserad-stalram-3-x-2-x-2m.webp?fit=800%2C800&ssl=1","type":"image\/webp"}],"twitter_card":"summary_large_image","twitter_misc":{"Ber\u00e4knad l\u00e4stid":"1 minut"},"schema":{"@context":"https:\/\/schema.org","@graph":[{"@type":"WebPage","@id":"https:\/\/truusk.store\/sv\/produkt\/truusk-tunnelvaxthus-walk-in-transparent-film-galvaniserad-stalram-3x2x2m\/","url":"https:\/\/truusk.store\/sv\/produkt\/truusk-tunnelvaxthus-walk-in-transparent-film-galvaniserad-stalram-3x2x2m\/","name":"TRUUSK Tunnelv\u00e4xthus Walk-in - Transparent Film - Galvaniserad St\u00e5lram - 3x2x2m - TRUUSK - Hem, Tr\u00e4dg\u00e5rd &amp; Fritid","isPartOf":{"@id":"https:\/\/truusk.store\/sv\/#website"},"primaryImageOfPage":{"@id":"https:\/\/truusk.store\/sv\/produkt\/truusk-tunnelvaxthus-walk-in-transparent-film-galvaniserad-stalram-3x2x2m\/#primaryimage"},"image":{"@id":"https:\/\/truusk.store\/sv\/produkt\/truusk-tunnelvaxthus-walk-in-transparent-film-galvaniserad-stalram-3x2x2m\/#primaryimage"},"thumbnailUrl":"https:\/\/i0.wp.com\/truusk.store\/wp-content\/uploads\/2024\/02\/tunnelvaxthus-walk-in-transparent-film-galvaniserad-stalram-3-x-2-x-2m.webp?fit=800%2C800&ssl=1","datePublished":"2024-02-14T06:37:42+00:00","dateModified":"2026-03-12T08:34:29+00:00","breadcrumb":{"@id":"https:\/\/truusk.store\/sv\/produkt\/truusk-tunnelvaxthus-walk-in-transparent-film-galvaniserad-stalram-3x2x2m\/#breadcrumb"},"inLanguage":"sv-SE","potentialAction":[{"@type":"ReadAction","target":["https:\/\/truusk.store\/sv\/produkt\/truusk-tunnelvaxthus-walk-in-transparent-film-galvaniserad-stalram-3x2x2m\/"]}]},{"@type":"ImageObject","inLanguage":"sv-SE","@id":"https:\/\/truusk.store\/sv\/produkt\/truusk-tunnelvaxthus-walk-in-transparent-film-galvaniserad-stalram-3x2x2m\/#primaryimage","url":"https:\/\/i0.wp.com\/truusk.store\/wp-content\/uploads\/2024\/02\/tunnelvaxthus-walk-in-transparent-film-galvaniserad-stalram-3-x-2-x-2m.webp?fit=800%2C800&ssl=1","contentUrl":"https:\/\/i0.wp.com\/truusk.store\/wp-content\/uploads\/2024\/02\/tunnelvaxthus-walk-in-transparent-film-galvaniserad-stalram-3-x-2-x-2m.webp?fit=800%2C800&ssl=1","width":800,"height":800,"caption":"Tunnelv\u00e4xthus, Walk-in, Transparent Film, Galvaniserad St\u00e5lram, 3 X 2 X 2m 1"},{"@type":"BreadcrumbList","@id":"https:\/\/truusk.store\/sv\/produkt\/truusk-tunnelvaxthus-walk-in-transparent-film-galvaniserad-stalram-3x2x2m\/#breadcrumb","itemListElement":[{"@type":"ListItem","position":1,"name":"Home","item":"https:\/\/truusk.store\/sv\/"},{"@type":"ListItem","position":2,"name":"Shop","item":"https:\/\/truusk.store\/shop\/"},{"@type":"ListItem","position":3,"name":"TRUUSK Tunnelv\u00e4xthus Walk-in &#8211; Transparent Film &#8211; Galvaniserad St\u00e5lram &#8211; 3x2x2m"}]},{"@type":"WebSite","@id":"https:\/\/truusk.store\/sv\/#website","url":"https:\/\/truusk.store\/sv\/","name":"TRUUSK - Hem, Tr\u00e4dg\u00e5rd & Fritid","description":"","publisher":{"@id":"https:\/\/truusk.store\/sv\/#organization"},"potentialAction":[{"@type":"SearchAction","target":{"@type":"EntryPoint","urlTemplate":"https:\/\/truusk.store\/sv\/?s={search_term_string}"},"query-input":{"@type":"PropertyValueSpecification","valueRequired":true,"valueName":"search_term_string"}}],"inLanguage":"sv-SE"},{"@type":"Organization","@id":"https:\/\/truusk.store\/sv\/#organization","name":"TRUUSK - Hem, Tr\u00e4dg\u00e5rd & Fritid","url":"https:\/\/truusk.store\/sv\/","logo":{"@type":"ImageObject","inLanguage":"sv-SE","@id":"https:\/\/truusk.store\/sv\/#\/schema\/logo\/image\/","url":"https:\/\/i0.wp.com\/truusk.store\/wp-content\/uploads\/2026\/03\/cropped-TRUUSK.png?fit=2032%2C917&ssl=1","contentUrl":"https:\/\/i0.wp.com\/truusk.store\/wp-content\/uploads\/2026\/03\/cropped-TRUUSK.png?fit=2032%2C917&ssl=1","width":2032,"height":917,"caption":"TRUUSK - Hem, Tr\u00e4dg\u00e5rd & Fritid"},"image":{"@id":"https:\/\/truusk.store\/sv\/#\/schema\/logo\/image\/"}}]}},"jetpack_sharing_enabled":true,"_links":{"self":[{"href":"https:\/\/truusk.store\/sv\/wp-json\/wp\/v2\/product\/47977","targetHints":{"allow":["GET"]}}],"collection":[{"href":"https:\/\/truusk.store\/sv\/wp-json\/wp\/v2\/product"}],"about":[{"href":"https:\/\/truusk.store\/sv\/wp-json\/wp\/v2\/types\/product"}],"wp:featuredmedia":[{"embeddable":true,"href":"https:\/\/truusk.store\/sv\/wp-json\/wp\/v2\/media\/47978"}],"wp:attachment":[{"href":"https:\/\/truusk.store\/sv\/wp-json\/wp\/v2\/media?parent=47977"}],"wp:term":[{"taxonomy":"product_brand","embeddable":true,"href":"https:\/\/truusk.store\/sv\/wp-json\/wp\/v2\/product_brand?post=47977"},{"taxonomy":"product_cat","embeddable":true,"href":"https:\/\/truusk.store\/sv\/wp-json\/wp\/v2\/product_cat?post=47977"},{"taxonomy":"product_tag","embeddable":true,"href":"https:\/\/truusk.store\/sv\/wp-json\/wp\/v2\/product_tag?post=47977"}],"curies":[{"name":"wp","href":"https:\/\/api.w.org\/{rel}","templated":true}]}}