{"id":48020,"date":"2024-02-14T07:39:17","date_gmt":"2024-02-14T06:39:17","guid":{"rendered":"https:\/\/truusk.store\/product\/vaxtskyddsnat-fagelskydd-med-dorr-och-kraftig-stalram-12x15x15m-svart-silver\/"},"modified":"2026-03-12T09:34:32","modified_gmt":"2026-03-12T08:34:32","slug":"truusk-vaxtnat-med-dorr-fagelskydd-kraftig-stalram-12x15x15m-svart-silver","status":"publish","type":"product","link":"https:\/\/truusk.store\/sv\/produkt\/truusk-vaxtnat-med-dorr-fagelskydd-kraftig-stalram-12x15x15m-svart-silver\/","title":{"rendered":"TRUUSK V\u00e4xtn\u00e4t med d\u00f6rr &#8211; F\u00e5gelskydd &#8211; Kraftig st\u00e5lram &#8211; 1,2&#215;1,5&#215;1,5m &#8211; Svart\/silver"},"content":{"rendered":"<p>V\u00e4xtskyddsgallren \u00e4r den idealiska l\u00f6sningen f\u00f6r tr\u00e4dg\u00e5rds\u00e4lskare som letar efter en effektiv metod f\u00f6r att skydda och v\u00e5rda sina v\u00e4xter. Buren sl\u00e4pper in naturligt ljus och luft samtidigt som den skyddar mot f\u00e5glar och andra djur. Den praktiska d\u00f6rren s\u00e4kerst\u00e4ller enkel \u00e5tkomst. L\u00e4tt att montera och demontera, denna fruktbur ger en underbart skyddad milj\u00f6 f\u00f6r dina gr\u00f6nsaker, frukter, blommor och andra v\u00e4xter.<\/p>\n<h3>Beskrivning:<\/h3>\n<ul>\n<li>Skyddar p\u00e5 ett tillf\u00f6rlitligt s\u00e4tt dina v\u00e4xande v\u00e4xter fr\u00e5n f\u00e5glar och andra djur<\/li>\n<li>Praktisk d\u00f6rr med dragkedja f\u00f6r enkel sk\u00f6tsel av dina v\u00e4xter<\/li>\n<li>L\u00e4tt att montera och demontera tack vare en genomt\u00e4nkt design<\/li>\n<li>Stabil galvaniserad st\u00e5lram med slipade st\u00e4nger<\/li>\n<li>Rekommenderas f\u00f6r montering av 1-2 personer<\/li>\n<\/ul>\n<h3>Teknisk data:<\/h3>\n<ul>\n<li>Svart f\u00e4rg<\/li>\n<li>Material: Galvaniserat st\u00e5l, HDPE<\/li>\n<li>\u00d6vergripande m\u00e5tt: 120L x 150W x 146H cm<\/li>\n<li>Tr storlek: 70W cm x 127H cm<\/li>\n<li>Vindt\u00e4t niv\u00e5: 4<\/li>\n<\/ul>\n<h3>Leveransens omfattning:<\/h3>\n<ul>\n<li>1 x Tr\u00e4dg\u00e5rdsn\u00e4t<\/li>\n<li>1 x manuell<\/li>\n<\/ul>\n","protected":false},"excerpt":{"rendered":"<p>V\u00e4xtskyddsgallren \u00e4r den idealiska l\u00f6sningen f\u00f6r tr\u00e4dg\u00e5rds\u00e4lskare som letar efter en effektiv metod f\u00f6r att skydda och v\u00e5rda sina v\u00e4xter&#8230;.<\/p>\n","protected":false},"featured_media":48021,"template":"","meta":[],"product_brand":[],"product_cat":[435,443],"product_tag":[],"class_list":{"0":"post-48020","1":"product","2":"type-product","3":"status-publish","4":"has-post-thumbnail","6":"product_cat-tradgard-och-terrass","7":"product_cat-vaxthus-tradgardsskotsel","9":"first","10":"instock","11":"sale","12":"taxable","13":"shipping-taxable","14":"purchasable","15":"product-type-simple"},"yoast_head":"<!-- This site is optimized with the Yoast SEO plugin v25.4 - https:\/\/yoast.com\/wordpress\/plugins\/seo\/ -->\n<title>TRUUSK V\u00e4xtn\u00e4t med d\u00f6rr - F\u00e5gelskydd - Kraftig st\u00e5lram - 1,2x1,5x1,5m - Svart\/silver - TRUUSK - Hem, Tr\u00e4dg\u00e5rd &amp; Fritid<\/title>\n<meta name=\"robots\" content=\"index, follow, max-snippet:-1, max-image-preview:large, max-video-preview:-1\" \/>\n<link rel=\"canonical\" href=\"https:\/\/truusk.store\/sv\/produkt\/truusk-vaxtnat-med-dorr-fagelskydd-kraftig-stalram-12x15x15m-svart-silver\/\" \/>\n<meta property=\"og:locale\" content=\"sv_SE\" \/>\n<meta property=\"og:type\" content=\"article\" \/>\n<meta property=\"og:title\" content=\"TRUUSK V\u00e4xtn\u00e4t med d\u00f6rr - F\u00e5gelskydd - Kraftig st\u00e5lram - 1,2x1,5x1,5m - Svart\/silver - TRUUSK - Hem, Tr\u00e4dg\u00e5rd &amp; Fritid\" \/>\n<meta property=\"og:description\" content=\"V\u00e4xtskyddsgallren \u00e4r den idealiska l\u00f6sningen f\u00f6r tr\u00e4dg\u00e5rds\u00e4lskare som letar efter en effektiv metod f\u00f6r att skydda och v\u00e5rda sina v\u00e4xter....\" \/>\n<meta property=\"og:url\" content=\"https:\/\/truusk.store\/sv\/produkt\/truusk-vaxtnat-med-dorr-fagelskydd-kraftig-stalram-12x15x15m-svart-silver\/\" \/>\n<meta property=\"og:site_name\" content=\"TRUUSK - Hem, Tr\u00e4dg\u00e5rd &amp; Fritid\" \/>\n<meta property=\"article:modified_time\" content=\"2026-03-12T08:34:32+00:00\" \/>\n<meta property=\"og:image\" content=\"https:\/\/i0.wp.com\/truusk.se\/wp-content\/uploads\/2024\/02\/vaxtskyddsnat-fagelskydd-med-dorr-och-kraftig-stalram-12x15x15m-svart-silver.webp?fit=800%2C800&ssl=1\" \/>\n\t<meta property=\"og:image:width\" content=\"800\" \/>\n\t<meta property=\"og:image:height\" content=\"800\" \/>\n\t<meta property=\"og:image:type\" content=\"image\/webp\" \/>\n<meta name=\"twitter:card\" content=\"summary_large_image\" \/>\n<meta name=\"twitter:label1\" content=\"Ber\u00e4knad l\u00e4stid\" \/>\n\t<meta name=\"twitter:data1\" content=\"1 minut\" \/>\n<!-- \/ Yoast SEO plugin. -->","yoast_head_json":{"title":"TRUUSK V\u00e4xtn\u00e4t med d\u00f6rr - F\u00e5gelskydd - Kraftig st\u00e5lram - 1,2x1,5x1,5m - Svart\/silver - TRUUSK - Hem, Tr\u00e4dg\u00e5rd &amp; Fritid","robots":{"index":"index","follow":"follow","max-snippet":"max-snippet:-1","max-image-preview":"max-image-preview:large","max-video-preview":"max-video-preview:-1"},"canonical":"https:\/\/truusk.store\/sv\/produkt\/truusk-vaxtnat-med-dorr-fagelskydd-kraftig-stalram-12x15x15m-svart-silver\/","og_locale":"sv_SE","og_type":"article","og_title":"TRUUSK V\u00e4xtn\u00e4t med d\u00f6rr - F\u00e5gelskydd - Kraftig st\u00e5lram - 1,2x1,5x1,5m - Svart\/silver - TRUUSK - Hem, Tr\u00e4dg\u00e5rd &amp; Fritid","og_description":"V\u00e4xtskyddsgallren \u00e4r den idealiska l\u00f6sningen f\u00f6r tr\u00e4dg\u00e5rds\u00e4lskare som letar efter en effektiv metod f\u00f6r att skydda och v\u00e5rda sina v\u00e4xter....","og_url":"https:\/\/truusk.store\/sv\/produkt\/truusk-vaxtnat-med-dorr-fagelskydd-kraftig-stalram-12x15x15m-svart-silver\/","og_site_name":"TRUUSK - Hem, Tr\u00e4dg\u00e5rd &amp; Fritid","article_modified_time":"2026-03-12T08:34:32+00:00","og_image":[{"width":800,"height":800,"url":"https:\/\/i0.wp.com\/truusk.se\/wp-content\/uploads\/2024\/02\/vaxtskyddsnat-fagelskydd-med-dorr-och-kraftig-stalram-12x15x15m-svart-silver.webp?fit=800%2C800&ssl=1","type":"image\/webp"}],"twitter_card":"summary_large_image","twitter_misc":{"Ber\u00e4knad l\u00e4stid":"1 minut"},"schema":{"@context":"https:\/\/schema.org","@graph":[{"@type":"WebPage","@id":"https:\/\/truusk.store\/sv\/produkt\/truusk-vaxtnat-med-dorr-fagelskydd-kraftig-stalram-12x15x15m-svart-silver\/","url":"https:\/\/truusk.store\/sv\/produkt\/truusk-vaxtnat-med-dorr-fagelskydd-kraftig-stalram-12x15x15m-svart-silver\/","name":"TRUUSK V\u00e4xtn\u00e4t med d\u00f6rr - F\u00e5gelskydd - Kraftig st\u00e5lram - 1,2x1,5x1,5m - Svart\/silver - TRUUSK - Hem, Tr\u00e4dg\u00e5rd &amp; Fritid","isPartOf":{"@id":"https:\/\/truusk.store\/sv\/#website"},"primaryImageOfPage":{"@id":"https:\/\/truusk.store\/sv\/produkt\/truusk-vaxtnat-med-dorr-fagelskydd-kraftig-stalram-12x15x15m-svart-silver\/#primaryimage"},"image":{"@id":"https:\/\/truusk.store\/sv\/produkt\/truusk-vaxtnat-med-dorr-fagelskydd-kraftig-stalram-12x15x15m-svart-silver\/#primaryimage"},"thumbnailUrl":"https:\/\/i0.wp.com\/truusk.store\/wp-content\/uploads\/2024\/02\/vaxtskyddsnat-fagelskydd-med-dorr-och-kraftig-stalram-12x15x15m-svart-silver.webp?fit=800%2C800&ssl=1","datePublished":"2024-02-14T06:39:17+00:00","dateModified":"2026-03-12T08:34:32+00:00","breadcrumb":{"@id":"https:\/\/truusk.store\/sv\/produkt\/truusk-vaxtnat-med-dorr-fagelskydd-kraftig-stalram-12x15x15m-svart-silver\/#breadcrumb"},"inLanguage":"sv-SE","potentialAction":[{"@type":"ReadAction","target":["https:\/\/truusk.store\/sv\/produkt\/truusk-vaxtnat-med-dorr-fagelskydd-kraftig-stalram-12x15x15m-svart-silver\/"]}]},{"@type":"ImageObject","inLanguage":"sv-SE","@id":"https:\/\/truusk.store\/sv\/produkt\/truusk-vaxtnat-med-dorr-fagelskydd-kraftig-stalram-12x15x15m-svart-silver\/#primaryimage","url":"https:\/\/i0.wp.com\/truusk.store\/wp-content\/uploads\/2024\/02\/vaxtskyddsnat-fagelskydd-med-dorr-och-kraftig-stalram-12x15x15m-svart-silver.webp?fit=800%2C800&ssl=1","contentUrl":"https:\/\/i0.wp.com\/truusk.store\/wp-content\/uploads\/2024\/02\/vaxtskyddsnat-fagelskydd-med-dorr-och-kraftig-stalram-12x15x15m-svart-silver.webp?fit=800%2C800&ssl=1","width":800,"height":800,"caption":"V\u00e4xtskyddsn\u00e4t, F\u00e5gelskydd, Med D\u00f6rr Och Kraftig St\u00e5lram, 1,2x1,5x1,5m, Svart\/silver 1"},{"@type":"BreadcrumbList","@id":"https:\/\/truusk.store\/sv\/produkt\/truusk-vaxtnat-med-dorr-fagelskydd-kraftig-stalram-12x15x15m-svart-silver\/#breadcrumb","itemListElement":[{"@type":"ListItem","position":1,"name":"Home","item":"https:\/\/truusk.store\/sv\/"},{"@type":"ListItem","position":2,"name":"Shop","item":"https:\/\/truusk.store\/shop\/"},{"@type":"ListItem","position":3,"name":"TRUUSK V\u00e4xtn\u00e4t med d\u00f6rr &#8211; F\u00e5gelskydd &#8211; Kraftig st\u00e5lram &#8211; 1,2&#215;1,5&#215;1,5m &#8211; Svart\/silver"}]},{"@type":"WebSite","@id":"https:\/\/truusk.store\/sv\/#website","url":"https:\/\/truusk.store\/sv\/","name":"TRUUSK - Hem, Tr\u00e4dg\u00e5rd & Fritid","description":"","publisher":{"@id":"https:\/\/truusk.store\/sv\/#organization"},"potentialAction":[{"@type":"SearchAction","target":{"@type":"EntryPoint","urlTemplate":"https:\/\/truusk.store\/sv\/?s={search_term_string}"},"query-input":{"@type":"PropertyValueSpecification","valueRequired":true,"valueName":"search_term_string"}}],"inLanguage":"sv-SE"},{"@type":"Organization","@id":"https:\/\/truusk.store\/sv\/#organization","name":"TRUUSK - Hem, Tr\u00e4dg\u00e5rd & Fritid","url":"https:\/\/truusk.store\/sv\/","logo":{"@type":"ImageObject","inLanguage":"sv-SE","@id":"https:\/\/truusk.store\/sv\/#\/schema\/logo\/image\/","url":"https:\/\/i0.wp.com\/truusk.store\/wp-content\/uploads\/2026\/03\/cropped-TRUUSK.png?fit=2032%2C917&ssl=1","contentUrl":"https:\/\/i0.wp.com\/truusk.store\/wp-content\/uploads\/2026\/03\/cropped-TRUUSK.png?fit=2032%2C917&ssl=1","width":2032,"height":917,"caption":"TRUUSK - Hem, Tr\u00e4dg\u00e5rd & Fritid"},"image":{"@id":"https:\/\/truusk.store\/sv\/#\/schema\/logo\/image\/"}}]}},"jetpack_sharing_enabled":true,"_links":{"self":[{"href":"https:\/\/truusk.store\/sv\/wp-json\/wp\/v2\/product\/48020","targetHints":{"allow":["GET"]}}],"collection":[{"href":"https:\/\/truusk.store\/sv\/wp-json\/wp\/v2\/product"}],"about":[{"href":"https:\/\/truusk.store\/sv\/wp-json\/wp\/v2\/types\/product"}],"wp:featuredmedia":[{"embeddable":true,"href":"https:\/\/truusk.store\/sv\/wp-json\/wp\/v2\/media\/48021"}],"wp:attachment":[{"href":"https:\/\/truusk.store\/sv\/wp-json\/wp\/v2\/media?parent=48020"}],"wp:term":[{"taxonomy":"product_brand","embeddable":true,"href":"https:\/\/truusk.store\/sv\/wp-json\/wp\/v2\/product_brand?post=48020"},{"taxonomy":"product_cat","embeddable":true,"href":"https:\/\/truusk.store\/sv\/wp-json\/wp\/v2\/product_cat?post=48020"},{"taxonomy":"product_tag","embeddable":true,"href":"https:\/\/truusk.store\/sv\/wp-json\/wp\/v2\/product_tag?post=48020"}],"curies":[{"name":"wp","href":"https:\/\/api.w.org\/{rel}","templated":true}]}}