{"id":48052,"date":"2024-02-14T07:40:48","date_gmt":"2024-02-14T06:40:48","guid":{"rendered":"https:\/\/truusk.store\/product\/garderob-tygskap-dorrar-2-kladstanger-10-fack-gra\/"},"modified":"2026-03-12T09:35:11","modified_gmt":"2026-03-12T08:35:11","slug":"truusk-garderob-med-tygskap-2-kladstanger-10-fack-gra","status":"publish","type":"product","link":"https:\/\/truusk.store\/sv\/produkt\/truusk-garderob-med-tygskap-2-kladstanger-10-fack-gra\/","title":{"rendered":"TRUUSK Garderob med Tygsk\u00e5p &#8211; 2 Kl\u00e4dst\u00e4nger &#8211; 10 Fack &#8211; Gr\u00e5"},"content":{"rendered":"<p>L\u00e5t enkelheten r\u00e5da i ditt sovrum med denna b\u00e4rbara tyggarderob. Dess praktiska och utrymmesbesparande design g\u00f6r att den kan placeras i sovrummet, vardagsrummet eller andra omr\u00e5den. Med tio fack, tv\u00e5 upph\u00e4ngningsytor och fyra tygl\u00e5dor ger den tillr\u00e4ckligt med utrymme f\u00f6r dina kl\u00e4der. Fiberduks\u00f6verdraget med dragkedjef\u00f6rsedda d\u00f6rrar ser till att dina saker h\u00e5ller sig dammfria.<\/p>\n<h3>Beskrivning:<\/h3>\n<ul>\n<li>Tv\u00e5 kl\u00e4dst\u00e4nger och tio fack ger gott om f\u00f6rvaringsutrymme<\/li>\n<li>Fyra flyttbara tygl\u00e5dor med handtag \u00e4r hopf\u00e4llbara och l\u00e4tta att f\u00f6rvara<\/li>\n<li>H\u00e5ll dina kl\u00e4der dammfria med detta fiberduks\u00f6verdrag med dragkedja<\/li>\n<li>Kardborref\u00e4sten g\u00f6r det m\u00f6jligt att rulla upp d\u00f6rrarna och fixera dem p\u00e5 plats<\/li>\n<li>Den upph\u00f6jda basen f\u00f6rhindrar att fukt p\u00e5verkar dina kl\u00e4der<\/li>\n<li>Montering kr\u00e4vs<\/li>\n<\/ul>\n<h3>Teknisk data:<\/h3>\n<ul>\n<li>F\u00e4rg: M\u00f6rkgr\u00e5<\/li>\n<li>Material: Vilesstoff, st\u00e5l<\/li>\n<li>\u00d6vergripande m\u00e5tt: 166L x 42,5W x 169,5H cm<\/li>\n<li>Storlek p\u00e5 varje fack: 42,5L x 40W x 38H cm<\/li>\n<li>L\u00e5dstorlek: 27,5L x 42W x 26H cm<\/li>\n<li>H\u00e4ngst\u00e5ngens l\u00e4ngd: 32 cm<\/li>\n<li>H\u00e4ngande kl\u00e4dyta: 42,5L x 40W x 114H cm<\/li>\n<li>D\u00f6rrstorlek: 147L x 72W cm<\/li>\n<li>H\u00f6jd fr\u00e5n golv till golv: 12 cm<\/li>\n<li>Viktkapacitet: 50 kg (totalt), 5 kg (varje lager)<\/li>\n<\/ul>\n<h3>Leveransens omfattning:<\/h3>\n<ul>\n<li>1 x Tygsk\u00e5p<\/li>\n<li>1 x Instruktioner<\/li>\n<\/ul>\n","protected":false},"excerpt":{"rendered":"<p>L\u00e5t enkelheten r\u00e5da i ditt sovrum med denna b\u00e4rbara tyggarderob. Dess praktiska och utrymmesbesparande design g\u00f6r att den kan placeras&#8230;<\/p>\n","protected":false},"featured_media":48053,"template":"","meta":[],"product_brand":[],"product_cat":[485,532,528],"product_tag":[],"class_list":{"0":"post-48052","1":"product","2":"type-product","3":"status-publish","4":"has-post-thumbnail","6":"product_cat-hus-bo","7":"product_cat-skap","8":"product_cat-skap-byraer","10":"first","11":"instock","12":"sale","13":"taxable","14":"shipping-taxable","15":"purchasable","16":"product-type-simple"},"yoast_head":"<!-- This site is optimized with the Yoast SEO plugin v25.4 - https:\/\/yoast.com\/wordpress\/plugins\/seo\/ -->\n<title>TRUUSK Garderob med Tygsk\u00e5p - 2 Kl\u00e4dst\u00e4nger - 10 Fack - Gr\u00e5 - TRUUSK - Hem, Tr\u00e4dg\u00e5rd &amp; Fritid<\/title>\n<meta name=\"robots\" content=\"index, follow, max-snippet:-1, max-image-preview:large, max-video-preview:-1\" \/>\n<link rel=\"canonical\" href=\"https:\/\/truusk.store\/sv\/produkt\/truusk-garderob-med-tygskap-2-kladstanger-10-fack-gra\/\" \/>\n<meta property=\"og:locale\" content=\"sv_SE\" \/>\n<meta property=\"og:type\" content=\"article\" \/>\n<meta property=\"og:title\" content=\"TRUUSK Garderob med Tygsk\u00e5p - 2 Kl\u00e4dst\u00e4nger - 10 Fack - Gr\u00e5 - TRUUSK - Hem, Tr\u00e4dg\u00e5rd &amp; Fritid\" \/>\n<meta property=\"og:description\" content=\"L\u00e5t enkelheten r\u00e5da i ditt sovrum med denna b\u00e4rbara tyggarderob. Dess praktiska och utrymmesbesparande design g\u00f6r att den kan placeras...\" \/>\n<meta property=\"og:url\" content=\"https:\/\/truusk.store\/sv\/produkt\/truusk-garderob-med-tygskap-2-kladstanger-10-fack-gra\/\" \/>\n<meta property=\"og:site_name\" content=\"TRUUSK - Hem, Tr\u00e4dg\u00e5rd &amp; Fritid\" \/>\n<meta property=\"article:modified_time\" content=\"2026-03-12T08:35:11+00:00\" \/>\n<meta property=\"og:image\" content=\"https:\/\/i0.wp.com\/truusk.se\/wp-content\/uploads\/2024\/02\/garderob-tygskap-dorrar-2-kladstanger-10-fack-gra.webp?fit=800%2C800&ssl=1\" \/>\n\t<meta property=\"og:image:width\" content=\"800\" \/>\n\t<meta property=\"og:image:height\" content=\"800\" \/>\n\t<meta property=\"og:image:type\" content=\"image\/webp\" \/>\n<meta name=\"twitter:card\" content=\"summary_large_image\" \/>\n<meta name=\"twitter:label1\" content=\"Ber\u00e4knad l\u00e4stid\" \/>\n\t<meta name=\"twitter:data1\" content=\"1 minut\" \/>\n<!-- \/ Yoast SEO plugin. -->","yoast_head_json":{"title":"TRUUSK Garderob med Tygsk\u00e5p - 2 Kl\u00e4dst\u00e4nger - 10 Fack - Gr\u00e5 - TRUUSK - Hem, Tr\u00e4dg\u00e5rd &amp; Fritid","robots":{"index":"index","follow":"follow","max-snippet":"max-snippet:-1","max-image-preview":"max-image-preview:large","max-video-preview":"max-video-preview:-1"},"canonical":"https:\/\/truusk.store\/sv\/produkt\/truusk-garderob-med-tygskap-2-kladstanger-10-fack-gra\/","og_locale":"sv_SE","og_type":"article","og_title":"TRUUSK Garderob med Tygsk\u00e5p - 2 Kl\u00e4dst\u00e4nger - 10 Fack - Gr\u00e5 - TRUUSK - Hem, Tr\u00e4dg\u00e5rd &amp; Fritid","og_description":"L\u00e5t enkelheten r\u00e5da i ditt sovrum med denna b\u00e4rbara tyggarderob. Dess praktiska och utrymmesbesparande design g\u00f6r att den kan placeras...","og_url":"https:\/\/truusk.store\/sv\/produkt\/truusk-garderob-med-tygskap-2-kladstanger-10-fack-gra\/","og_site_name":"TRUUSK - Hem, Tr\u00e4dg\u00e5rd &amp; Fritid","article_modified_time":"2026-03-12T08:35:11+00:00","og_image":[{"width":800,"height":800,"url":"https:\/\/i0.wp.com\/truusk.se\/wp-content\/uploads\/2024\/02\/garderob-tygskap-dorrar-2-kladstanger-10-fack-gra.webp?fit=800%2C800&ssl=1","type":"image\/webp"}],"twitter_card":"summary_large_image","twitter_misc":{"Ber\u00e4knad l\u00e4stid":"1 minut"},"schema":{"@context":"https:\/\/schema.org","@graph":[{"@type":"WebPage","@id":"https:\/\/truusk.store\/sv\/produkt\/truusk-garderob-med-tygskap-2-kladstanger-10-fack-gra\/","url":"https:\/\/truusk.store\/sv\/produkt\/truusk-garderob-med-tygskap-2-kladstanger-10-fack-gra\/","name":"TRUUSK Garderob med Tygsk\u00e5p - 2 Kl\u00e4dst\u00e4nger - 10 Fack - Gr\u00e5 - TRUUSK - Hem, Tr\u00e4dg\u00e5rd &amp; Fritid","isPartOf":{"@id":"https:\/\/truusk.store\/sv\/#website"},"primaryImageOfPage":{"@id":"https:\/\/truusk.store\/sv\/produkt\/truusk-garderob-med-tygskap-2-kladstanger-10-fack-gra\/#primaryimage"},"image":{"@id":"https:\/\/truusk.store\/sv\/produkt\/truusk-garderob-med-tygskap-2-kladstanger-10-fack-gra\/#primaryimage"},"thumbnailUrl":"https:\/\/i0.wp.com\/truusk.store\/wp-content\/uploads\/2024\/02\/garderob-tygskap-dorrar-2-kladstanger-10-fack-gra.webp?fit=800%2C800&ssl=1","datePublished":"2024-02-14T06:40:48+00:00","dateModified":"2026-03-12T08:35:11+00:00","breadcrumb":{"@id":"https:\/\/truusk.store\/sv\/produkt\/truusk-garderob-med-tygskap-2-kladstanger-10-fack-gra\/#breadcrumb"},"inLanguage":"sv-SE","potentialAction":[{"@type":"ReadAction","target":["https:\/\/truusk.store\/sv\/produkt\/truusk-garderob-med-tygskap-2-kladstanger-10-fack-gra\/"]}]},{"@type":"ImageObject","inLanguage":"sv-SE","@id":"https:\/\/truusk.store\/sv\/produkt\/truusk-garderob-med-tygskap-2-kladstanger-10-fack-gra\/#primaryimage","url":"https:\/\/i0.wp.com\/truusk.store\/wp-content\/uploads\/2024\/02\/garderob-tygskap-dorrar-2-kladstanger-10-fack-gra.webp?fit=800%2C800&ssl=1","contentUrl":"https:\/\/i0.wp.com\/truusk.store\/wp-content\/uploads\/2024\/02\/garderob-tygskap-dorrar-2-kladstanger-10-fack-gra.webp?fit=800%2C800&ssl=1","width":800,"height":800,"caption":"Garderob Tygsk\u00e5p, D\u00f6rrar, 2 Kl\u00e4dst\u00e4nger, 10 Fack, Gr\u00e5 1"},{"@type":"BreadcrumbList","@id":"https:\/\/truusk.store\/sv\/produkt\/truusk-garderob-med-tygskap-2-kladstanger-10-fack-gra\/#breadcrumb","itemListElement":[{"@type":"ListItem","position":1,"name":"Home","item":"https:\/\/truusk.store\/sv\/"},{"@type":"ListItem","position":2,"name":"Shop","item":"https:\/\/truusk.store\/shop\/"},{"@type":"ListItem","position":3,"name":"TRUUSK Garderob med Tygsk\u00e5p &#8211; 2 Kl\u00e4dst\u00e4nger &#8211; 10 Fack &#8211; Gr\u00e5"}]},{"@type":"WebSite","@id":"https:\/\/truusk.store\/sv\/#website","url":"https:\/\/truusk.store\/sv\/","name":"TRUUSK - Hem, Tr\u00e4dg\u00e5rd & Fritid","description":"","publisher":{"@id":"https:\/\/truusk.store\/sv\/#organization"},"potentialAction":[{"@type":"SearchAction","target":{"@type":"EntryPoint","urlTemplate":"https:\/\/truusk.store\/sv\/?s={search_term_string}"},"query-input":{"@type":"PropertyValueSpecification","valueRequired":true,"valueName":"search_term_string"}}],"inLanguage":"sv-SE"},{"@type":"Organization","@id":"https:\/\/truusk.store\/sv\/#organization","name":"TRUUSK - Hem, Tr\u00e4dg\u00e5rd & Fritid","url":"https:\/\/truusk.store\/sv\/","logo":{"@type":"ImageObject","inLanguage":"sv-SE","@id":"https:\/\/truusk.store\/sv\/#\/schema\/logo\/image\/","url":"https:\/\/i0.wp.com\/truusk.store\/wp-content\/uploads\/2026\/03\/cropped-TRUUSK.png?fit=2032%2C917&ssl=1","contentUrl":"https:\/\/i0.wp.com\/truusk.store\/wp-content\/uploads\/2026\/03\/cropped-TRUUSK.png?fit=2032%2C917&ssl=1","width":2032,"height":917,"caption":"TRUUSK - Hem, Tr\u00e4dg\u00e5rd & Fritid"},"image":{"@id":"https:\/\/truusk.store\/sv\/#\/schema\/logo\/image\/"}}]}},"jetpack_sharing_enabled":true,"_links":{"self":[{"href":"https:\/\/truusk.store\/sv\/wp-json\/wp\/v2\/product\/48052","targetHints":{"allow":["GET"]}}],"collection":[{"href":"https:\/\/truusk.store\/sv\/wp-json\/wp\/v2\/product"}],"about":[{"href":"https:\/\/truusk.store\/sv\/wp-json\/wp\/v2\/types\/product"}],"wp:featuredmedia":[{"embeddable":true,"href":"https:\/\/truusk.store\/sv\/wp-json\/wp\/v2\/media\/48053"}],"wp:attachment":[{"href":"https:\/\/truusk.store\/sv\/wp-json\/wp\/v2\/media?parent=48052"}],"wp:term":[{"taxonomy":"product_brand","embeddable":true,"href":"https:\/\/truusk.store\/sv\/wp-json\/wp\/v2\/product_brand?post=48052"},{"taxonomy":"product_cat","embeddable":true,"href":"https:\/\/truusk.store\/sv\/wp-json\/wp\/v2\/product_cat?post=48052"},{"taxonomy":"product_tag","embeddable":true,"href":"https:\/\/truusk.store\/sv\/wp-json\/wp\/v2\/product_tag?post=48052"}],"curies":[{"name":"wp","href":"https:\/\/api.w.org\/{rel}","templated":true}]}}