{"id":48059,"date":"2024-02-14T07:41:07","date_gmt":"2024-02-14T06:41:07","guid":{"rendered":"https:\/\/truusk.store\/product\/uteplatsstolset-om-2-boho-stil-bekvamt-sittskal-sittdynor-tvattbart-overdrag-metallram-gra-beige\/"},"modified":"2026-03-12T09:35:15","modified_gmt":"2026-03-12T08:35:15","slug":"truusk-uteplatsstolset-om-2-boho-stil-bekvamt-sittskal-sittdynor-tvattbart-overdrag-metallram-gra-beige","status":"publish","type":"product","link":"https:\/\/truusk.store\/sv\/produkt\/truusk-uteplatsstolset-om-2-boho-stil-bekvamt-sittskal-sittdynor-tvattbart-overdrag-metallram-gra-beige\/","title":{"rendered":"TRUUSK Uteplatsstolset Om 2 &#8211; Boho-stil &#8211; Bekv\u00e4mt Sittskal &#8211; Sittdynor &#8211; Tv\u00e4ttbart \u00f6verdrag &#8211; Metallram &#8211; Gr\u00e5\/beige"},"content":{"rendered":"<p>Tillbringa en avkopplande eftermiddag f\u00f6r tv\u00e5 i din tr\u00e4dg\u00e5rd med dessa utomhusstolar. Den handv\u00e4vda designen i kombination med den smala ramen ger den en touch av elegans som perfekt kommer att komplettera alla inomhus- och utomhusinredningar. Sitt- och ryggkuddarna erbjuder oj\u00e4mf\u00f6rlig sittkomfort. Ge nytt liv i din tr\u00e4dg\u00e5rdsmilj\u00f6 med v\u00e5ra solstolar!<\/p>\n<h3>Beskrivning:<\/h3>\n<ul>\n<li>2 stolar, perfekt f\u00f6r mysiga timmar f\u00f6r tv\u00e5<\/li>\n<li>Webbdesign ger en vacker boho-look<\/li>\n<li>Sittskalet anpassar sig perfekt till din kroppsform<\/li>\n<li>Sittdyna med tyg\u00f6verdrag och mjuk stoppning f\u00f6r h\u00f6g sittkomfort<\/li>\n<li>Avtagbara \u00f6rngott och \u00f6rngott med dragkedjor f\u00f6r enkel reng\u00f6ring<\/li>\n<li>Pulverlackerad st\u00e5lram med f\u00f6rst\u00e4rkta tv\u00e4rst\u00e4nger f\u00f6r maximal stabilitet<\/li>\n<li>Skyddande golvskydd f\u00f6rhindrar skador p\u00e5 golvytor<\/li>\n<li>Montering kr\u00e4vs<\/li>\n<\/ul>\n<h3>Teknisk data:<\/h3>\n<ul>\n<li>F\u00e4rg: Gr\u00e5+Beige<\/li>\n<li>Material: st\u00e5l, polyeten, polyester, skum<\/li>\n<li>\u00d6vergripande m\u00e5tt: 57W x 60D x 71Hcm<\/li>\n<li>Sitsstorlek: 47W x 48D x 42Hcm<\/li>\n<li>Ryggst\u00f6dsstorlek: 43W x 32Hcm<\/li>\n<li>Armst\u00f6dsstorlek (h\u00f6jd fr\u00e5n golv): 2W x 60D x 63H cm<\/li>\n<li>Sittdynas storlek: 48W x 51D x 5H cm<\/li>\n<li>Ryggkuddens storlek: 43W x 43D x 12H cm<\/li>\n<li>Lastkapacitet: 120 kg<\/li>\n<\/ul>\n<h3>Leveransens omfattning:<\/h3>\n<ul>\n<li>2 x Uteplatsstolar<\/li>\n<li>1 x manuell<\/li>\n<\/ul>\n","protected":false},"excerpt":{"rendered":"<p>Tillbringa en avkopplande eftermiddag f\u00f6r tv\u00e5 i din tr\u00e4dg\u00e5rd med dessa utomhusstolar. Den handv\u00e4vda designen i kombination med den smala&#8230;<\/p>\n","protected":false},"featured_media":48060,"template":"","meta":[],"product_brand":[],"product_cat":[435,450,452],"product_tag":[],"class_list":{"0":"post-48059","1":"product","2":"type-product","3":"status-publish","4":"has-post-thumbnail","6":"product_cat-tradgard-och-terrass","7":"product_cat-tradgardsmobler","8":"product_cat-tradgardsstolar","10":"first","11":"instock","12":"sale","13":"taxable","14":"shipping-taxable","15":"purchasable","16":"product-type-simple"},"yoast_head":"<!-- This site is optimized with the Yoast SEO plugin v25.4 - https:\/\/yoast.com\/wordpress\/plugins\/seo\/ -->\n<title>TRUUSK Uteplatsstolset Om 2 - Boho-stil - Bekv\u00e4mt Sittskal - Sittdynor - Tv\u00e4ttbart \u00f6verdrag - Metallram - Gr\u00e5\/beige - TRUUSK - Hem, Tr\u00e4dg\u00e5rd &amp; Fritid<\/title>\n<meta name=\"robots\" content=\"index, follow, max-snippet:-1, max-image-preview:large, max-video-preview:-1\" \/>\n<link rel=\"canonical\" href=\"https:\/\/truusk.store\/sv\/produkt\/truusk-uteplatsstolset-om-2-boho-stil-bekvamt-sittskal-sittdynor-tvattbart-overdrag-metallram-gra-beige\/\" \/>\n<meta property=\"og:locale\" content=\"sv_SE\" \/>\n<meta property=\"og:type\" content=\"article\" \/>\n<meta property=\"og:title\" content=\"TRUUSK Uteplatsstolset Om 2 - Boho-stil - Bekv\u00e4mt Sittskal - Sittdynor - Tv\u00e4ttbart \u00f6verdrag - Metallram - Gr\u00e5\/beige - TRUUSK - Hem, Tr\u00e4dg\u00e5rd &amp; Fritid\" \/>\n<meta property=\"og:description\" content=\"Tillbringa en avkopplande eftermiddag f\u00f6r tv\u00e5 i din tr\u00e4dg\u00e5rd med dessa utomhusstolar. Den handv\u00e4vda designen i kombination med den smala...\" \/>\n<meta property=\"og:url\" content=\"https:\/\/truusk.store\/sv\/produkt\/truusk-uteplatsstolset-om-2-boho-stil-bekvamt-sittskal-sittdynor-tvattbart-overdrag-metallram-gra-beige\/\" \/>\n<meta property=\"og:site_name\" content=\"TRUUSK - Hem, Tr\u00e4dg\u00e5rd &amp; Fritid\" \/>\n<meta property=\"article:modified_time\" content=\"2026-03-12T08:35:15+00:00\" \/>\n<meta property=\"og:image\" content=\"https:\/\/i0.wp.com\/truusk.se\/wp-content\/uploads\/2024\/02\/uteplatsstolset-om-2-boho-stil-bekvamt-sittskal-sittdynor-tvattbart-overdrag-metallram-gra-beige.webp?fit=800%2C800&ssl=1\" \/>\n\t<meta property=\"og:image:width\" content=\"800\" \/>\n\t<meta property=\"og:image:height\" content=\"800\" \/>\n\t<meta property=\"og:image:type\" content=\"image\/webp\" \/>\n<meta name=\"twitter:card\" content=\"summary_large_image\" \/>\n<meta name=\"twitter:label1\" content=\"Ber\u00e4knad l\u00e4stid\" \/>\n\t<meta name=\"twitter:data1\" content=\"1 minut\" \/>\n<!-- \/ Yoast SEO plugin. -->","yoast_head_json":{"title":"TRUUSK Uteplatsstolset Om 2 - Boho-stil - Bekv\u00e4mt Sittskal - Sittdynor - Tv\u00e4ttbart \u00f6verdrag - Metallram - Gr\u00e5\/beige - TRUUSK - Hem, Tr\u00e4dg\u00e5rd &amp; Fritid","robots":{"index":"index","follow":"follow","max-snippet":"max-snippet:-1","max-image-preview":"max-image-preview:large","max-video-preview":"max-video-preview:-1"},"canonical":"https:\/\/truusk.store\/sv\/produkt\/truusk-uteplatsstolset-om-2-boho-stil-bekvamt-sittskal-sittdynor-tvattbart-overdrag-metallram-gra-beige\/","og_locale":"sv_SE","og_type":"article","og_title":"TRUUSK Uteplatsstolset Om 2 - Boho-stil - Bekv\u00e4mt Sittskal - Sittdynor - Tv\u00e4ttbart \u00f6verdrag - Metallram - Gr\u00e5\/beige - TRUUSK - Hem, Tr\u00e4dg\u00e5rd &amp; Fritid","og_description":"Tillbringa en avkopplande eftermiddag f\u00f6r tv\u00e5 i din tr\u00e4dg\u00e5rd med dessa utomhusstolar. Den handv\u00e4vda designen i kombination med den smala...","og_url":"https:\/\/truusk.store\/sv\/produkt\/truusk-uteplatsstolset-om-2-boho-stil-bekvamt-sittskal-sittdynor-tvattbart-overdrag-metallram-gra-beige\/","og_site_name":"TRUUSK - Hem, Tr\u00e4dg\u00e5rd &amp; Fritid","article_modified_time":"2026-03-12T08:35:15+00:00","og_image":[{"width":800,"height":800,"url":"https:\/\/i0.wp.com\/truusk.se\/wp-content\/uploads\/2024\/02\/uteplatsstolset-om-2-boho-stil-bekvamt-sittskal-sittdynor-tvattbart-overdrag-metallram-gra-beige.webp?fit=800%2C800&ssl=1","type":"image\/webp"}],"twitter_card":"summary_large_image","twitter_misc":{"Ber\u00e4knad l\u00e4stid":"1 minut"},"schema":{"@context":"https:\/\/schema.org","@graph":[{"@type":"WebPage","@id":"https:\/\/truusk.store\/sv\/produkt\/truusk-uteplatsstolset-om-2-boho-stil-bekvamt-sittskal-sittdynor-tvattbart-overdrag-metallram-gra-beige\/","url":"https:\/\/truusk.store\/sv\/produkt\/truusk-uteplatsstolset-om-2-boho-stil-bekvamt-sittskal-sittdynor-tvattbart-overdrag-metallram-gra-beige\/","name":"TRUUSK Uteplatsstolset Om 2 - Boho-stil - Bekv\u00e4mt Sittskal - Sittdynor - Tv\u00e4ttbart \u00f6verdrag - Metallram - Gr\u00e5\/beige - TRUUSK - Hem, Tr\u00e4dg\u00e5rd &amp; Fritid","isPartOf":{"@id":"https:\/\/truusk.store\/sv\/#website"},"primaryImageOfPage":{"@id":"https:\/\/truusk.store\/sv\/produkt\/truusk-uteplatsstolset-om-2-boho-stil-bekvamt-sittskal-sittdynor-tvattbart-overdrag-metallram-gra-beige\/#primaryimage"},"image":{"@id":"https:\/\/truusk.store\/sv\/produkt\/truusk-uteplatsstolset-om-2-boho-stil-bekvamt-sittskal-sittdynor-tvattbart-overdrag-metallram-gra-beige\/#primaryimage"},"thumbnailUrl":"https:\/\/i0.wp.com\/truusk.store\/wp-content\/uploads\/2024\/02\/uteplatsstolset-om-2-boho-stil-bekvamt-sittskal-sittdynor-tvattbart-overdrag-metallram-gra-beige.webp?fit=800%2C800&ssl=1","datePublished":"2024-02-14T06:41:07+00:00","dateModified":"2026-03-12T08:35:15+00:00","breadcrumb":{"@id":"https:\/\/truusk.store\/sv\/produkt\/truusk-uteplatsstolset-om-2-boho-stil-bekvamt-sittskal-sittdynor-tvattbart-overdrag-metallram-gra-beige\/#breadcrumb"},"inLanguage":"sv-SE","potentialAction":[{"@type":"ReadAction","target":["https:\/\/truusk.store\/sv\/produkt\/truusk-uteplatsstolset-om-2-boho-stil-bekvamt-sittskal-sittdynor-tvattbart-overdrag-metallram-gra-beige\/"]}]},{"@type":"ImageObject","inLanguage":"sv-SE","@id":"https:\/\/truusk.store\/sv\/produkt\/truusk-uteplatsstolset-om-2-boho-stil-bekvamt-sittskal-sittdynor-tvattbart-overdrag-metallram-gra-beige\/#primaryimage","url":"https:\/\/i0.wp.com\/truusk.store\/wp-content\/uploads\/2024\/02\/uteplatsstolset-om-2-boho-stil-bekvamt-sittskal-sittdynor-tvattbart-overdrag-metallram-gra-beige.webp?fit=800%2C800&ssl=1","contentUrl":"https:\/\/i0.wp.com\/truusk.store\/wp-content\/uploads\/2024\/02\/uteplatsstolset-om-2-boho-stil-bekvamt-sittskal-sittdynor-tvattbart-overdrag-metallram-gra-beige.webp?fit=800%2C800&ssl=1","width":800,"height":800,"caption":"Uteplatsstolset Om 2, Boho-stil, Bekv\u00e4mt Sittskal, Sittdynor, Tv\u00e4ttbart \u00f6verdrag, Metallram, Gr\u00e5\/beige 1"},{"@type":"BreadcrumbList","@id":"https:\/\/truusk.store\/sv\/produkt\/truusk-uteplatsstolset-om-2-boho-stil-bekvamt-sittskal-sittdynor-tvattbart-overdrag-metallram-gra-beige\/#breadcrumb","itemListElement":[{"@type":"ListItem","position":1,"name":"Home","item":"https:\/\/truusk.store\/sv\/"},{"@type":"ListItem","position":2,"name":"Shop","item":"https:\/\/truusk.store\/shop\/"},{"@type":"ListItem","position":3,"name":"TRUUSK Uteplatsstolset Om 2 &#8211; Boho-stil &#8211; Bekv\u00e4mt Sittskal &#8211; Sittdynor &#8211; Tv\u00e4ttbart \u00f6verdrag &#8211; Metallram &#8211; Gr\u00e5\/beige"}]},{"@type":"WebSite","@id":"https:\/\/truusk.store\/sv\/#website","url":"https:\/\/truusk.store\/sv\/","name":"TRUUSK - Hem, Tr\u00e4dg\u00e5rd & Fritid","description":"","publisher":{"@id":"https:\/\/truusk.store\/sv\/#organization"},"potentialAction":[{"@type":"SearchAction","target":{"@type":"EntryPoint","urlTemplate":"https:\/\/truusk.store\/sv\/?s={search_term_string}"},"query-input":{"@type":"PropertyValueSpecification","valueRequired":true,"valueName":"search_term_string"}}],"inLanguage":"sv-SE"},{"@type":"Organization","@id":"https:\/\/truusk.store\/sv\/#organization","name":"TRUUSK - Hem, Tr\u00e4dg\u00e5rd & Fritid","url":"https:\/\/truusk.store\/sv\/","logo":{"@type":"ImageObject","inLanguage":"sv-SE","@id":"https:\/\/truusk.store\/sv\/#\/schema\/logo\/image\/","url":"https:\/\/i0.wp.com\/truusk.store\/wp-content\/uploads\/2026\/03\/cropped-TRUUSK.png?fit=2032%2C917&ssl=1","contentUrl":"https:\/\/i0.wp.com\/truusk.store\/wp-content\/uploads\/2026\/03\/cropped-TRUUSK.png?fit=2032%2C917&ssl=1","width":2032,"height":917,"caption":"TRUUSK - Hem, Tr\u00e4dg\u00e5rd & Fritid"},"image":{"@id":"https:\/\/truusk.store\/sv\/#\/schema\/logo\/image\/"}}]}},"jetpack_sharing_enabled":true,"_links":{"self":[{"href":"https:\/\/truusk.store\/sv\/wp-json\/wp\/v2\/product\/48059","targetHints":{"allow":["GET"]}}],"collection":[{"href":"https:\/\/truusk.store\/sv\/wp-json\/wp\/v2\/product"}],"about":[{"href":"https:\/\/truusk.store\/sv\/wp-json\/wp\/v2\/types\/product"}],"wp:featuredmedia":[{"embeddable":true,"href":"https:\/\/truusk.store\/sv\/wp-json\/wp\/v2\/media\/48060"}],"wp:attachment":[{"href":"https:\/\/truusk.store\/sv\/wp-json\/wp\/v2\/media?parent=48059"}],"wp:term":[{"taxonomy":"product_brand","embeddable":true,"href":"https:\/\/truusk.store\/sv\/wp-json\/wp\/v2\/product_brand?post=48059"},{"taxonomy":"product_cat","embeddable":true,"href":"https:\/\/truusk.store\/sv\/wp-json\/wp\/v2\/product_cat?post=48059"},{"taxonomy":"product_tag","embeddable":true,"href":"https:\/\/truusk.store\/sv\/wp-json\/wp\/v2\/product_tag?post=48059"}],"curies":[{"name":"wp","href":"https:\/\/api.w.org\/{rel}","templated":true}]}}