{"id":48073,"date":"2024-02-14T07:41:39","date_gmt":"2024-02-14T06:41:39","guid":{"rendered":"https:\/\/truusk.store\/product\/fagelskyddsnat-vaxtskydd-robust-dorr-med-dragkedja-120x360x188-cm-svart-silver\/"},"modified":"2026-03-12T09:35:15","modified_gmt":"2026-03-12T08:35:15","slug":"truusk-fagelskyddsnat-vaxtskydd-120x360x188-cm-robust-design-dorr-med-dragkedja-svart-silver","status":"publish","type":"product","link":"https:\/\/truusk.store\/sv\/produkt\/truusk-fagelskyddsnat-vaxtskydd-120x360x188-cm-robust-design-dorr-med-dragkedja-svart-silver\/","title":{"rendered":"TRUUSK F\u00e5gelskyddsn\u00e4t &#8211; V\u00e4xtskydd 120x360x188 cm &#8211; Robust design &#8211; D\u00f6rr Med Dragkedja &#8211; Svart\/silver"},"content":{"rendered":"<p>Skydda dina v\u00e4xter fr\u00e5n kaniner, f\u00e5glar och andra djur med v\u00e4xtskyddsn\u00e4tet. N\u00e4tet l\u00e5ter sol, regn och luft passera fritt samtidigt som det effektivt skyddar dina v\u00e4xter fr\u00e5n o\u00f6nskade inkr\u00e4ktare. Att ta hand om dina v\u00e4xter kan ocks\u00e5 g\u00f6ras bekv\u00e4mt tack vare den stora luckan: besk\u00e4rning, vattning och g\u00f6dning \u00e4r lika enkelt som alltid. Skyddsn\u00e4tet kan snabbt monteras och anpassas efter individuella behov.<\/p>\n<h3>Beskrivning:<\/h3>\n<ul>\n<li>Skyddar p\u00e5 ett tillf\u00f6rlitligt s\u00e4tt dina v\u00e4xter fr\u00e5n f\u00e5glar, kaniner och andra sm\u00e5djur<\/li>\n<li>Ing\u00e5ngsd\u00f6rr med dragkedja ger enkel \u00e5tkomst till v\u00e4xter<\/li>\n<li>Snabb och enkel montering och demontering samt platsbesparande f\u00f6rvaring i slutet av s\u00e4songen<\/li>\n<li>Stabil inf\u00e4stning till marken s\u00e4kerst\u00e4ller tillf\u00f6rlitligt skydd<\/li>\n<li>Kan s\u00e4ttas upp av 1-2 personer<\/li>\n<\/ul>\n<h3>Teknisk data:<\/h3>\n<ul>\n<li>Svart f\u00e4rg<\/li>\n<li>Material: Galvaniserat st\u00e5l, HDPE<\/li>\n<li>\u00d6vergripande m\u00e5tt: 120L x 360W x 188H cm<\/li>\n<li>D\u00f6rrm\u00e5tt: 70W x 174H cm<\/li>\n<li>Vindt\u00e4t niv\u00e5: 4<\/li>\n<\/ul>\n<h3>Leveransens omfattning:<\/h3>\n<ul>\n<li>1 x f\u00e5gelskyddsn\u00e4t<\/li>\n<li>Plastkontakt<\/li>\n<li>1 x manuell<\/li>\n<\/ul>\n","protected":false},"excerpt":{"rendered":"<p>Skydda dina v\u00e4xter fr\u00e5n kaniner, f\u00e5glar och andra djur med v\u00e4xtskyddsn\u00e4tet. N\u00e4tet l\u00e5ter sol, regn och luft passera fritt samtidigt&#8230;<\/p>\n","protected":false},"featured_media":48074,"template":"","meta":[],"product_brand":[],"product_cat":[435,443],"product_tag":[],"class_list":{"0":"post-48073","1":"product","2":"type-product","3":"status-publish","4":"has-post-thumbnail","6":"product_cat-tradgard-och-terrass","7":"product_cat-vaxthus-tradgardsskotsel","9":"first","10":"instock","11":"sale","12":"taxable","13":"shipping-taxable","14":"purchasable","15":"product-type-simple"},"yoast_head":"<!-- This site is optimized with the Yoast SEO plugin v25.4 - https:\/\/yoast.com\/wordpress\/plugins\/seo\/ -->\n<title>TRUUSK F\u00e5gelskyddsn\u00e4t - V\u00e4xtskydd 120x360x188 cm - Robust design - D\u00f6rr Med Dragkedja - Svart\/silver - TRUUSK - Hem, Tr\u00e4dg\u00e5rd &amp; Fritid<\/title>\n<meta name=\"robots\" content=\"index, follow, max-snippet:-1, max-image-preview:large, max-video-preview:-1\" \/>\n<link rel=\"canonical\" href=\"https:\/\/truusk.store\/sv\/produkt\/truusk-fagelskyddsnat-vaxtskydd-120x360x188-cm-robust-design-dorr-med-dragkedja-svart-silver\/\" \/>\n<meta property=\"og:locale\" content=\"sv_SE\" \/>\n<meta property=\"og:type\" content=\"article\" \/>\n<meta property=\"og:title\" content=\"TRUUSK F\u00e5gelskyddsn\u00e4t - V\u00e4xtskydd 120x360x188 cm - Robust design - D\u00f6rr Med Dragkedja - Svart\/silver - TRUUSK - Hem, Tr\u00e4dg\u00e5rd &amp; Fritid\" \/>\n<meta property=\"og:description\" content=\"Skydda dina v\u00e4xter fr\u00e5n kaniner, f\u00e5glar och andra djur med v\u00e4xtskyddsn\u00e4tet. N\u00e4tet l\u00e5ter sol, regn och luft passera fritt samtidigt...\" \/>\n<meta property=\"og:url\" content=\"https:\/\/truusk.store\/sv\/produkt\/truusk-fagelskyddsnat-vaxtskydd-120x360x188-cm-robust-design-dorr-med-dragkedja-svart-silver\/\" \/>\n<meta property=\"og:site_name\" content=\"TRUUSK - Hem, Tr\u00e4dg\u00e5rd &amp; Fritid\" \/>\n<meta property=\"article:modified_time\" content=\"2026-03-12T08:35:15+00:00\" \/>\n<meta property=\"og:image\" content=\"https:\/\/i0.wp.com\/truusk.se\/wp-content\/uploads\/2024\/02\/fagelskyddsnat-vaxtskydd-robust-dorr-med-dragkedja-120x360x188-cm-svart-silver.webp?fit=800%2C800&ssl=1\" \/>\n\t<meta property=\"og:image:width\" content=\"800\" \/>\n\t<meta property=\"og:image:height\" content=\"800\" \/>\n\t<meta property=\"og:image:type\" content=\"image\/webp\" \/>\n<meta name=\"twitter:card\" content=\"summary_large_image\" \/>\n<meta name=\"twitter:label1\" content=\"Ber\u00e4knad l\u00e4stid\" \/>\n\t<meta name=\"twitter:data1\" content=\"1 minut\" \/>\n<!-- \/ Yoast SEO plugin. -->","yoast_head_json":{"title":"TRUUSK F\u00e5gelskyddsn\u00e4t - V\u00e4xtskydd 120x360x188 cm - Robust design - D\u00f6rr Med Dragkedja - Svart\/silver - TRUUSK - Hem, Tr\u00e4dg\u00e5rd &amp; Fritid","robots":{"index":"index","follow":"follow","max-snippet":"max-snippet:-1","max-image-preview":"max-image-preview:large","max-video-preview":"max-video-preview:-1"},"canonical":"https:\/\/truusk.store\/sv\/produkt\/truusk-fagelskyddsnat-vaxtskydd-120x360x188-cm-robust-design-dorr-med-dragkedja-svart-silver\/","og_locale":"sv_SE","og_type":"article","og_title":"TRUUSK F\u00e5gelskyddsn\u00e4t - V\u00e4xtskydd 120x360x188 cm - Robust design - D\u00f6rr Med Dragkedja - Svart\/silver - TRUUSK - Hem, Tr\u00e4dg\u00e5rd &amp; Fritid","og_description":"Skydda dina v\u00e4xter fr\u00e5n kaniner, f\u00e5glar och andra djur med v\u00e4xtskyddsn\u00e4tet. N\u00e4tet l\u00e5ter sol, regn och luft passera fritt samtidigt...","og_url":"https:\/\/truusk.store\/sv\/produkt\/truusk-fagelskyddsnat-vaxtskydd-120x360x188-cm-robust-design-dorr-med-dragkedja-svart-silver\/","og_site_name":"TRUUSK - Hem, Tr\u00e4dg\u00e5rd &amp; Fritid","article_modified_time":"2026-03-12T08:35:15+00:00","og_image":[{"width":800,"height":800,"url":"https:\/\/i0.wp.com\/truusk.se\/wp-content\/uploads\/2024\/02\/fagelskyddsnat-vaxtskydd-robust-dorr-med-dragkedja-120x360x188-cm-svart-silver.webp?fit=800%2C800&ssl=1","type":"image\/webp"}],"twitter_card":"summary_large_image","twitter_misc":{"Ber\u00e4knad l\u00e4stid":"1 minut"},"schema":{"@context":"https:\/\/schema.org","@graph":[{"@type":"WebPage","@id":"https:\/\/truusk.store\/sv\/produkt\/truusk-fagelskyddsnat-vaxtskydd-120x360x188-cm-robust-design-dorr-med-dragkedja-svart-silver\/","url":"https:\/\/truusk.store\/sv\/produkt\/truusk-fagelskyddsnat-vaxtskydd-120x360x188-cm-robust-design-dorr-med-dragkedja-svart-silver\/","name":"TRUUSK F\u00e5gelskyddsn\u00e4t - V\u00e4xtskydd 120x360x188 cm - Robust design - D\u00f6rr Med Dragkedja - Svart\/silver - TRUUSK - Hem, Tr\u00e4dg\u00e5rd &amp; Fritid","isPartOf":{"@id":"https:\/\/truusk.store\/sv\/#website"},"primaryImageOfPage":{"@id":"https:\/\/truusk.store\/sv\/produkt\/truusk-fagelskyddsnat-vaxtskydd-120x360x188-cm-robust-design-dorr-med-dragkedja-svart-silver\/#primaryimage"},"image":{"@id":"https:\/\/truusk.store\/sv\/produkt\/truusk-fagelskyddsnat-vaxtskydd-120x360x188-cm-robust-design-dorr-med-dragkedja-svart-silver\/#primaryimage"},"thumbnailUrl":"https:\/\/i0.wp.com\/truusk.store\/wp-content\/uploads\/2024\/02\/fagelskyddsnat-vaxtskydd-robust-dorr-med-dragkedja-120x360x188-cm-svart-silver.webp?fit=800%2C800&ssl=1","datePublished":"2024-02-14T06:41:39+00:00","dateModified":"2026-03-12T08:35:15+00:00","breadcrumb":{"@id":"https:\/\/truusk.store\/sv\/produkt\/truusk-fagelskyddsnat-vaxtskydd-120x360x188-cm-robust-design-dorr-med-dragkedja-svart-silver\/#breadcrumb"},"inLanguage":"sv-SE","potentialAction":[{"@type":"ReadAction","target":["https:\/\/truusk.store\/sv\/produkt\/truusk-fagelskyddsnat-vaxtskydd-120x360x188-cm-robust-design-dorr-med-dragkedja-svart-silver\/"]}]},{"@type":"ImageObject","inLanguage":"sv-SE","@id":"https:\/\/truusk.store\/sv\/produkt\/truusk-fagelskyddsnat-vaxtskydd-120x360x188-cm-robust-design-dorr-med-dragkedja-svart-silver\/#primaryimage","url":"https:\/\/i0.wp.com\/truusk.store\/wp-content\/uploads\/2024\/02\/fagelskyddsnat-vaxtskydd-robust-dorr-med-dragkedja-120x360x188-cm-svart-silver.webp?fit=800%2C800&ssl=1","contentUrl":"https:\/\/i0.wp.com\/truusk.store\/wp-content\/uploads\/2024\/02\/fagelskyddsnat-vaxtskydd-robust-dorr-med-dragkedja-120x360x188-cm-svart-silver.webp?fit=800%2C800&ssl=1","width":800,"height":800,"caption":"F\u00e5gelskyddsn\u00e4t, V\u00e4xtskydd, Robust, D\u00f6rr Med Dragkedja, 120x360x188 Cm, Svart\/silver 1"},{"@type":"BreadcrumbList","@id":"https:\/\/truusk.store\/sv\/produkt\/truusk-fagelskyddsnat-vaxtskydd-120x360x188-cm-robust-design-dorr-med-dragkedja-svart-silver\/#breadcrumb","itemListElement":[{"@type":"ListItem","position":1,"name":"Home","item":"https:\/\/truusk.store\/sv\/"},{"@type":"ListItem","position":2,"name":"Shop","item":"https:\/\/truusk.store\/shop\/"},{"@type":"ListItem","position":3,"name":"TRUUSK F\u00e5gelskyddsn\u00e4t &#8211; V\u00e4xtskydd 120x360x188 cm &#8211; Robust design &#8211; D\u00f6rr Med Dragkedja &#8211; Svart\/silver"}]},{"@type":"WebSite","@id":"https:\/\/truusk.store\/sv\/#website","url":"https:\/\/truusk.store\/sv\/","name":"TRUUSK - Hem, Tr\u00e4dg\u00e5rd & Fritid","description":"","publisher":{"@id":"https:\/\/truusk.store\/sv\/#organization"},"potentialAction":[{"@type":"SearchAction","target":{"@type":"EntryPoint","urlTemplate":"https:\/\/truusk.store\/sv\/?s={search_term_string}"},"query-input":{"@type":"PropertyValueSpecification","valueRequired":true,"valueName":"search_term_string"}}],"inLanguage":"sv-SE"},{"@type":"Organization","@id":"https:\/\/truusk.store\/sv\/#organization","name":"TRUUSK - Hem, Tr\u00e4dg\u00e5rd & Fritid","url":"https:\/\/truusk.store\/sv\/","logo":{"@type":"ImageObject","inLanguage":"sv-SE","@id":"https:\/\/truusk.store\/sv\/#\/schema\/logo\/image\/","url":"https:\/\/i0.wp.com\/truusk.store\/wp-content\/uploads\/2026\/03\/cropped-TRUUSK.png?fit=2032%2C917&ssl=1","contentUrl":"https:\/\/i0.wp.com\/truusk.store\/wp-content\/uploads\/2026\/03\/cropped-TRUUSK.png?fit=2032%2C917&ssl=1","width":2032,"height":917,"caption":"TRUUSK - Hem, Tr\u00e4dg\u00e5rd & Fritid"},"image":{"@id":"https:\/\/truusk.store\/sv\/#\/schema\/logo\/image\/"}}]}},"jetpack_sharing_enabled":true,"_links":{"self":[{"href":"https:\/\/truusk.store\/sv\/wp-json\/wp\/v2\/product\/48073","targetHints":{"allow":["GET"]}}],"collection":[{"href":"https:\/\/truusk.store\/sv\/wp-json\/wp\/v2\/product"}],"about":[{"href":"https:\/\/truusk.store\/sv\/wp-json\/wp\/v2\/types\/product"}],"wp:featuredmedia":[{"embeddable":true,"href":"https:\/\/truusk.store\/sv\/wp-json\/wp\/v2\/media\/48074"}],"wp:attachment":[{"href":"https:\/\/truusk.store\/sv\/wp-json\/wp\/v2\/media?parent=48073"}],"wp:term":[{"taxonomy":"product_brand","embeddable":true,"href":"https:\/\/truusk.store\/sv\/wp-json\/wp\/v2\/product_brand?post=48073"},{"taxonomy":"product_cat","embeddable":true,"href":"https:\/\/truusk.store\/sv\/wp-json\/wp\/v2\/product_cat?post=48073"},{"taxonomy":"product_tag","embeddable":true,"href":"https:\/\/truusk.store\/sv\/wp-json\/wp\/v2\/product_tag?post=48073"}],"curies":[{"name":"wp","href":"https:\/\/api.w.org\/{rel}","templated":true}]}}