{"id":48080,"date":"2024-02-14T07:41:54","date_gmt":"2024-02-14T06:41:54","guid":{"rendered":"https:\/\/truusk.store\/product\/stor-spalje-fagelskyddsnat-latt-att-montera-metall-43-x-182-x-183-cm\/"},"modified":"2026-03-12T09:35:16","modified_gmt":"2026-03-12T08:35:16","slug":"truusk-stor-spalje-for-fagelskydd-latt-montering-metall-43-x-182-x-183-cm","status":"publish","type":"product","link":"https:\/\/truusk.store\/sv\/produkt\/truusk-stor-spalje-for-fagelskydd-latt-montering-metall-43-x-182-x-183-cm\/","title":{"rendered":"TRUUSK Stor Spalj\u00e9 f\u00f6r F\u00e5gelskydd &#8211; L\u00e4tt Montering &#8211; Metall &#8211; 43 x 182 x 183 cm"},"content":{"rendered":"<p>Med denna stora spalj\u00e9 blir din tr\u00e4dg\u00e5rd en gr\u00f6n oas! Anv\u00e4nd det vertikala utrymmet f\u00f6r att l\u00e5ta dina v\u00e4xter frodas. Den unika designen m\u00f6jligg\u00f6r inte bara effektiv anv\u00e4ndning av utrymmet, utan ger ocks\u00e5 din tr\u00e4dg\u00e5rd ett charmigt utseende. Den idealiska f\u00f6ljeslagaren f\u00f6r att odla tomater, b\u00e4r, \u00e4rtor, vin, dekorativa kl\u00e4tterv\u00e4xter och mycket mer.<\/p>\n<h3>Beskrivning:<\/h3>\n<ul>\n<li>Ett m\u00e5ste f\u00f6r olika kl\u00e4tterv\u00e4xter f\u00f6r att inreda din tr\u00e4dg\u00e5rd p\u00e5 ett stilfullt s\u00e4tt<\/li>\n<li>Inkluderat f\u00e5gelskyddsn\u00e4t ger extra kl\u00e4tterst\u00f6d<\/li>\n<li>Enkel installation tack vare de spetsiga f\u00f6tterna och det enkla plug-in-systemet<\/li>\n<li>Slitstarkt material f\u00f6r upprepad anv\u00e4ndning och robust stabilitet<\/li>\n<li>Flexibel design f\u00f6r att passa olika v\u00e4xth\u00f6jder<\/li>\n<\/ul>\n<h3>Teknisk data:<\/h3>\n<ul>\n<li>F\u00e4rg: gr\u00f6n<\/li>\n<li>Material: st\u00e5l, PE<\/li>\n<li>\u00d6vergripande m\u00e5tt: 43L x 182W x 183H cm<\/li>\n<li>L\u00e4ngd p\u00e5 golvinsatserna: 20 cm<\/li>\n<\/ul>\n<h3>Leveransens omfattning:<\/h3>\n<ul>\n<li>1 x spalj\u00e9 med n\u00e4t<\/li>\n<li>28 x metallkl\u00e4mma<\/li>\n<li>34 x plastkl\u00e4mma<\/li>\n<li>1 x Instruktioner<\/li>\n<\/ul>\n","protected":false},"excerpt":{"rendered":"<p>Med denna stora spalj\u00e9 blir din tr\u00e4dg\u00e5rd en gr\u00f6n oas! Anv\u00e4nd det vertikala utrymmet f\u00f6r att l\u00e5ta dina v\u00e4xter frodas&#8230;.<\/p>\n","protected":false},"featured_media":48081,"template":"","meta":[],"product_brand":[],"product_cat":[447,435,443],"product_tag":[],"class_list":{"0":"post-48080","1":"product","2":"type-product","3":"status-publish","4":"has-post-thumbnail","6":"product_cat-planteringsmaskiner","7":"product_cat-tradgard-och-terrass","8":"product_cat-vaxthus-tradgardsskotsel","10":"first","11":"instock","12":"sale","13":"taxable","14":"shipping-taxable","15":"purchasable","16":"product-type-simple"},"yoast_head":"<!-- This site is optimized with the Yoast SEO plugin v25.4 - https:\/\/yoast.com\/wordpress\/plugins\/seo\/ -->\n<title>TRUUSK Stor Spalj\u00e9 f\u00f6r F\u00e5gelskydd - L\u00e4tt Montering - Metall - 43 x 182 x 183 cm - TRUUSK - Hem, Tr\u00e4dg\u00e5rd &amp; Fritid<\/title>\n<meta name=\"robots\" content=\"index, follow, max-snippet:-1, max-image-preview:large, max-video-preview:-1\" \/>\n<link rel=\"canonical\" href=\"https:\/\/truusk.store\/sv\/produkt\/truusk-stor-spalje-for-fagelskydd-latt-montering-metall-43-x-182-x-183-cm\/\" \/>\n<meta property=\"og:locale\" content=\"sv_SE\" \/>\n<meta property=\"og:type\" content=\"article\" \/>\n<meta property=\"og:title\" content=\"TRUUSK Stor Spalj\u00e9 f\u00f6r F\u00e5gelskydd - L\u00e4tt Montering - Metall - 43 x 182 x 183 cm - TRUUSK - Hem, Tr\u00e4dg\u00e5rd &amp; Fritid\" \/>\n<meta property=\"og:description\" content=\"Med denna stora spalj\u00e9 blir din tr\u00e4dg\u00e5rd en gr\u00f6n oas! Anv\u00e4nd det vertikala utrymmet f\u00f6r att l\u00e5ta dina v\u00e4xter frodas....\" \/>\n<meta property=\"og:url\" content=\"https:\/\/truusk.store\/sv\/produkt\/truusk-stor-spalje-for-fagelskydd-latt-montering-metall-43-x-182-x-183-cm\/\" \/>\n<meta property=\"og:site_name\" content=\"TRUUSK - Hem, Tr\u00e4dg\u00e5rd &amp; Fritid\" \/>\n<meta property=\"article:modified_time\" content=\"2026-03-12T08:35:16+00:00\" \/>\n<meta property=\"og:image\" content=\"https:\/\/i0.wp.com\/truusk.se\/wp-content\/uploads\/2024\/02\/stor-spalje-fagelskyddsnat-latt-att-montera-metall-43-x-182-x-183-cm.webp?fit=800%2C800&ssl=1\" \/>\n\t<meta property=\"og:image:width\" content=\"800\" \/>\n\t<meta property=\"og:image:height\" content=\"800\" \/>\n\t<meta property=\"og:image:type\" content=\"image\/webp\" \/>\n<meta name=\"twitter:card\" content=\"summary_large_image\" \/>\n<meta name=\"twitter:label1\" content=\"Ber\u00e4knad l\u00e4stid\" \/>\n\t<meta name=\"twitter:data1\" content=\"1 minut\" \/>\n<!-- \/ Yoast SEO plugin. -->","yoast_head_json":{"title":"TRUUSK Stor Spalj\u00e9 f\u00f6r F\u00e5gelskydd - L\u00e4tt Montering - Metall - 43 x 182 x 183 cm - TRUUSK - Hem, Tr\u00e4dg\u00e5rd &amp; Fritid","robots":{"index":"index","follow":"follow","max-snippet":"max-snippet:-1","max-image-preview":"max-image-preview:large","max-video-preview":"max-video-preview:-1"},"canonical":"https:\/\/truusk.store\/sv\/produkt\/truusk-stor-spalje-for-fagelskydd-latt-montering-metall-43-x-182-x-183-cm\/","og_locale":"sv_SE","og_type":"article","og_title":"TRUUSK Stor Spalj\u00e9 f\u00f6r F\u00e5gelskydd - L\u00e4tt Montering - Metall - 43 x 182 x 183 cm - TRUUSK - Hem, Tr\u00e4dg\u00e5rd &amp; Fritid","og_description":"Med denna stora spalj\u00e9 blir din tr\u00e4dg\u00e5rd en gr\u00f6n oas! Anv\u00e4nd det vertikala utrymmet f\u00f6r att l\u00e5ta dina v\u00e4xter frodas....","og_url":"https:\/\/truusk.store\/sv\/produkt\/truusk-stor-spalje-for-fagelskydd-latt-montering-metall-43-x-182-x-183-cm\/","og_site_name":"TRUUSK - Hem, Tr\u00e4dg\u00e5rd &amp; Fritid","article_modified_time":"2026-03-12T08:35:16+00:00","og_image":[{"width":800,"height":800,"url":"https:\/\/i0.wp.com\/truusk.se\/wp-content\/uploads\/2024\/02\/stor-spalje-fagelskyddsnat-latt-att-montera-metall-43-x-182-x-183-cm.webp?fit=800%2C800&ssl=1","type":"image\/webp"}],"twitter_card":"summary_large_image","twitter_misc":{"Ber\u00e4knad l\u00e4stid":"1 minut"},"schema":{"@context":"https:\/\/schema.org","@graph":[{"@type":"WebPage","@id":"https:\/\/truusk.store\/sv\/produkt\/truusk-stor-spalje-for-fagelskydd-latt-montering-metall-43-x-182-x-183-cm\/","url":"https:\/\/truusk.store\/sv\/produkt\/truusk-stor-spalje-for-fagelskydd-latt-montering-metall-43-x-182-x-183-cm\/","name":"TRUUSK Stor Spalj\u00e9 f\u00f6r F\u00e5gelskydd - L\u00e4tt Montering - Metall - 43 x 182 x 183 cm - TRUUSK - Hem, Tr\u00e4dg\u00e5rd &amp; Fritid","isPartOf":{"@id":"https:\/\/truusk.store\/sv\/#website"},"primaryImageOfPage":{"@id":"https:\/\/truusk.store\/sv\/produkt\/truusk-stor-spalje-for-fagelskydd-latt-montering-metall-43-x-182-x-183-cm\/#primaryimage"},"image":{"@id":"https:\/\/truusk.store\/sv\/produkt\/truusk-stor-spalje-for-fagelskydd-latt-montering-metall-43-x-182-x-183-cm\/#primaryimage"},"thumbnailUrl":"https:\/\/i0.wp.com\/truusk.store\/wp-content\/uploads\/2024\/02\/stor-spalje-fagelskyddsnat-latt-att-montera-metall-43-x-182-x-183-cm.webp?fit=800%2C800&ssl=1","datePublished":"2024-02-14T06:41:54+00:00","dateModified":"2026-03-12T08:35:16+00:00","breadcrumb":{"@id":"https:\/\/truusk.store\/sv\/produkt\/truusk-stor-spalje-for-fagelskydd-latt-montering-metall-43-x-182-x-183-cm\/#breadcrumb"},"inLanguage":"sv-SE","potentialAction":[{"@type":"ReadAction","target":["https:\/\/truusk.store\/sv\/produkt\/truusk-stor-spalje-for-fagelskydd-latt-montering-metall-43-x-182-x-183-cm\/"]}]},{"@type":"ImageObject","inLanguage":"sv-SE","@id":"https:\/\/truusk.store\/sv\/produkt\/truusk-stor-spalje-for-fagelskydd-latt-montering-metall-43-x-182-x-183-cm\/#primaryimage","url":"https:\/\/i0.wp.com\/truusk.store\/wp-content\/uploads\/2024\/02\/stor-spalje-fagelskyddsnat-latt-att-montera-metall-43-x-182-x-183-cm.webp?fit=800%2C800&ssl=1","contentUrl":"https:\/\/i0.wp.com\/truusk.store\/wp-content\/uploads\/2024\/02\/stor-spalje-fagelskyddsnat-latt-att-montera-metall-43-x-182-x-183-cm.webp?fit=800%2C800&ssl=1","width":800,"height":800,"caption":"Stor Spalj\u00e9, F\u00e5gelskyddsn\u00e4t, L\u00e4tt Att Montera, Metall, 43 X 182 X 183 Cm 1"},{"@type":"BreadcrumbList","@id":"https:\/\/truusk.store\/sv\/produkt\/truusk-stor-spalje-for-fagelskydd-latt-montering-metall-43-x-182-x-183-cm\/#breadcrumb","itemListElement":[{"@type":"ListItem","position":1,"name":"Home","item":"https:\/\/truusk.store\/sv\/"},{"@type":"ListItem","position":2,"name":"Shop","item":"https:\/\/truusk.store\/shop\/"},{"@type":"ListItem","position":3,"name":"TRUUSK Stor Spalj\u00e9 f\u00f6r F\u00e5gelskydd &#8211; L\u00e4tt Montering &#8211; Metall &#8211; 43 x 182 x 183 cm"}]},{"@type":"WebSite","@id":"https:\/\/truusk.store\/sv\/#website","url":"https:\/\/truusk.store\/sv\/","name":"TRUUSK - Hem, Tr\u00e4dg\u00e5rd & Fritid","description":"","publisher":{"@id":"https:\/\/truusk.store\/sv\/#organization"},"potentialAction":[{"@type":"SearchAction","target":{"@type":"EntryPoint","urlTemplate":"https:\/\/truusk.store\/sv\/?s={search_term_string}"},"query-input":{"@type":"PropertyValueSpecification","valueRequired":true,"valueName":"search_term_string"}}],"inLanguage":"sv-SE"},{"@type":"Organization","@id":"https:\/\/truusk.store\/sv\/#organization","name":"TRUUSK - Hem, Tr\u00e4dg\u00e5rd & Fritid","url":"https:\/\/truusk.store\/sv\/","logo":{"@type":"ImageObject","inLanguage":"sv-SE","@id":"https:\/\/truusk.store\/sv\/#\/schema\/logo\/image\/","url":"https:\/\/i0.wp.com\/truusk.store\/wp-content\/uploads\/2026\/03\/cropped-TRUUSK.png?fit=2032%2C917&ssl=1","contentUrl":"https:\/\/i0.wp.com\/truusk.store\/wp-content\/uploads\/2026\/03\/cropped-TRUUSK.png?fit=2032%2C917&ssl=1","width":2032,"height":917,"caption":"TRUUSK - Hem, Tr\u00e4dg\u00e5rd & Fritid"},"image":{"@id":"https:\/\/truusk.store\/sv\/#\/schema\/logo\/image\/"}}]}},"jetpack_sharing_enabled":true,"_links":{"self":[{"href":"https:\/\/truusk.store\/sv\/wp-json\/wp\/v2\/product\/48080","targetHints":{"allow":["GET"]}}],"collection":[{"href":"https:\/\/truusk.store\/sv\/wp-json\/wp\/v2\/product"}],"about":[{"href":"https:\/\/truusk.store\/sv\/wp-json\/wp\/v2\/types\/product"}],"wp:featuredmedia":[{"embeddable":true,"href":"https:\/\/truusk.store\/sv\/wp-json\/wp\/v2\/media\/48081"}],"wp:attachment":[{"href":"https:\/\/truusk.store\/sv\/wp-json\/wp\/v2\/media?parent=48080"}],"wp:term":[{"taxonomy":"product_brand","embeddable":true,"href":"https:\/\/truusk.store\/sv\/wp-json\/wp\/v2\/product_brand?post=48080"},{"taxonomy":"product_cat","embeddable":true,"href":"https:\/\/truusk.store\/sv\/wp-json\/wp\/v2\/product_cat?post=48080"},{"taxonomy":"product_tag","embeddable":true,"href":"https:\/\/truusk.store\/sv\/wp-json\/wp\/v2\/product_tag?post=48080"}],"curies":[{"name":"wp","href":"https:\/\/api.w.org\/{rel}","templated":true}]}}