{"id":48123,"date":"2024-02-14T07:43:24","date_gmt":"2024-02-14T06:43:24","guid":{"rendered":"https:\/\/truusk.store\/product\/gungstativ-for-barn-med-2-gungstolar-for-3-8-ar-stal-27-x-16-x-18-m\/"},"modified":"2026-03-12T09:35:19","modified_gmt":"2026-03-12T08:35:19","slug":"truusk-gungstativ-for-barn-med-2-gungstolar-for-3-8-ar-stal-27-x-16-x-18-m","status":"publish","type":"product","link":"https:\/\/truusk.store\/sv\/produkt\/truusk-gungstativ-for-barn-med-2-gungstolar-for-3-8-ar-stal-27-x-16-x-18-m\/","title":{"rendered":"TRUUSK Gungstativ f\u00f6r Barn &#8211; Med 2 Gungstolar &#8211; F\u00f6r 3-8 \u00e5r &#8211; St\u00e5l &#8211; 2,7 x 1,6 x 1,8 m"},"content":{"rendered":"<p>Upplev dubbel gl\u00e4dje och sp\u00e4nning med v\u00e5r barngunga! Med tv\u00e5 gungstolar l\u00e5ter den dina barn gunga bredvid varandra och skapa of\u00f6rgl\u00f6mliga minnen tillsammans. Se hur deras skratt fyller luften och spelgl\u00e4djen skjuter i h\u00f6jden. Gungan ger o\u00e4ndligt roligt, fr\u00e4mjar fysisk aktivitet och utomhuslek och h\u00e5ller dina sm\u00e5 aktiva och friska. G\u00f6r dig redo f\u00f6r dubbelt s\u00e5 roligt med v\u00e5r barngunga!<\/p>\n<h3>Beskrivning:<\/h3>\n<ul>\n<li>Tv\u00e5 gungstolar f\u00f6r tv\u00e5 barn att ha \u00e4ventyr tillsammans<\/li>\n<li>V\u00e4derbest\u00e4ndig och UV-best\u00e4ndig f\u00f6r att st\u00e5 emot v\u00e4der och vind<\/li>\n<li>Fyra markspetsar f\u00f6r stabilitet<\/li>\n<li>Kan installeras genom cementgjutning eller ins\u00e4ttning i marken<\/li>\n<li>Robust st\u00e5lram f\u00f6r h\u00e5llbarhet<\/li>\n<li>Enkel montering<\/li>\n<\/ul>\n<h3>Teknisk data:<\/h3>\n<ul>\n<li>F\u00e4rg: Bl\u00e5+Gr\u00f6n+Orange<\/li>\n<li>Material: st\u00e5l, plast<\/li>\n<li>\u00d6vergripande m\u00e5tt: 269W x 160D x 180H cm<\/li>\n<li>Gungstol: 33,5L x 17W x 9Hcm. Sitth\u00f6jd: 45 cm<\/li>\n<li>Maximal belastning: 45 kg (varje gungstol), 90 kg (totalt)<\/li>\n<li>Rekommenderad \u00e5lder: 3-8 \u00e5r. Kvalificerad \u00e5lder: \u00f6ver 3 \u00e5r gammal<\/li>\n<\/ul>\n<h3>Leveransens omfattning:<\/h3>\n<ul>\n<li>1 x Barngunga<\/li>\n<li>4 x markspetsar<\/li>\n<li>1 x manuell<\/li>\n<\/ul>\n","protected":false},"excerpt":{"rendered":"<p>Upplev dubbel gl\u00e4dje och sp\u00e4nning med v\u00e5r barngunga! Med tv\u00e5 gungstolar l\u00e5ter den dina barn gunga bredvid varandra och skapa&#8230;<\/p>\n","protected":false},"featured_media":48124,"template":"","meta":[],"product_brand":[],"product_cat":[609,619,616],"product_tag":[],"class_list":{"0":"post-48123","1":"product","2":"type-product","3":"status-publish","4":"has-post-thumbnail","6":"product_cat-baby-barn","7":"product_cat-barngungor","8":"product_cat-utomhusleksaker","10":"first","11":"instock","12":"sale","13":"taxable","14":"shipping-taxable","15":"purchasable","16":"product-type-simple"},"yoast_head":"<!-- This site is optimized with the Yoast SEO plugin v25.4 - https:\/\/yoast.com\/wordpress\/plugins\/seo\/ -->\n<title>TRUUSK Gungstativ f\u00f6r Barn - Med 2 Gungstolar - F\u00f6r 3-8 \u00e5r - St\u00e5l - 2,7 x 1,6 x 1,8 m - TRUUSK - Hem, Tr\u00e4dg\u00e5rd &amp; Fritid<\/title>\n<meta name=\"robots\" content=\"index, follow, max-snippet:-1, max-image-preview:large, max-video-preview:-1\" \/>\n<link rel=\"canonical\" href=\"https:\/\/truusk.store\/sv\/produkt\/truusk-gungstativ-for-barn-med-2-gungstolar-for-3-8-ar-stal-27-x-16-x-18-m\/\" \/>\n<meta property=\"og:locale\" content=\"sv_SE\" \/>\n<meta property=\"og:type\" content=\"article\" \/>\n<meta property=\"og:title\" content=\"TRUUSK Gungstativ f\u00f6r Barn - Med 2 Gungstolar - F\u00f6r 3-8 \u00e5r - St\u00e5l - 2,7 x 1,6 x 1,8 m - TRUUSK - Hem, Tr\u00e4dg\u00e5rd &amp; Fritid\" \/>\n<meta property=\"og:description\" content=\"Upplev dubbel gl\u00e4dje och sp\u00e4nning med v\u00e5r barngunga! Med tv\u00e5 gungstolar l\u00e5ter den dina barn gunga bredvid varandra och skapa...\" \/>\n<meta property=\"og:url\" content=\"https:\/\/truusk.store\/sv\/produkt\/truusk-gungstativ-for-barn-med-2-gungstolar-for-3-8-ar-stal-27-x-16-x-18-m\/\" \/>\n<meta property=\"og:site_name\" content=\"TRUUSK - Hem, Tr\u00e4dg\u00e5rd &amp; Fritid\" \/>\n<meta property=\"article:modified_time\" content=\"2026-03-12T08:35:19+00:00\" \/>\n<meta property=\"og:image\" content=\"https:\/\/i0.wp.com\/truusk.se\/wp-content\/uploads\/2024\/02\/gungstativ-for-barn-med-2-gungstolar-for-3-8-ar-stal-27-x-16-x-18-m.webp?fit=800%2C800&ssl=1\" \/>\n\t<meta property=\"og:image:width\" content=\"800\" \/>\n\t<meta property=\"og:image:height\" content=\"800\" \/>\n\t<meta property=\"og:image:type\" content=\"image\/webp\" \/>\n<meta name=\"twitter:card\" content=\"summary_large_image\" \/>\n<meta name=\"twitter:label1\" content=\"Ber\u00e4knad l\u00e4stid\" \/>\n\t<meta name=\"twitter:data1\" content=\"1 minut\" \/>\n<!-- \/ Yoast SEO plugin. -->","yoast_head_json":{"title":"TRUUSK Gungstativ f\u00f6r Barn - Med 2 Gungstolar - F\u00f6r 3-8 \u00e5r - St\u00e5l - 2,7 x 1,6 x 1,8 m - TRUUSK - Hem, Tr\u00e4dg\u00e5rd &amp; Fritid","robots":{"index":"index","follow":"follow","max-snippet":"max-snippet:-1","max-image-preview":"max-image-preview:large","max-video-preview":"max-video-preview:-1"},"canonical":"https:\/\/truusk.store\/sv\/produkt\/truusk-gungstativ-for-barn-med-2-gungstolar-for-3-8-ar-stal-27-x-16-x-18-m\/","og_locale":"sv_SE","og_type":"article","og_title":"TRUUSK Gungstativ f\u00f6r Barn - Med 2 Gungstolar - F\u00f6r 3-8 \u00e5r - St\u00e5l - 2,7 x 1,6 x 1,8 m - TRUUSK - Hem, Tr\u00e4dg\u00e5rd &amp; Fritid","og_description":"Upplev dubbel gl\u00e4dje och sp\u00e4nning med v\u00e5r barngunga! Med tv\u00e5 gungstolar l\u00e5ter den dina barn gunga bredvid varandra och skapa...","og_url":"https:\/\/truusk.store\/sv\/produkt\/truusk-gungstativ-for-barn-med-2-gungstolar-for-3-8-ar-stal-27-x-16-x-18-m\/","og_site_name":"TRUUSK - Hem, Tr\u00e4dg\u00e5rd &amp; Fritid","article_modified_time":"2026-03-12T08:35:19+00:00","og_image":[{"width":800,"height":800,"url":"https:\/\/i0.wp.com\/truusk.se\/wp-content\/uploads\/2024\/02\/gungstativ-for-barn-med-2-gungstolar-for-3-8-ar-stal-27-x-16-x-18-m.webp?fit=800%2C800&ssl=1","type":"image\/webp"}],"twitter_card":"summary_large_image","twitter_misc":{"Ber\u00e4knad l\u00e4stid":"1 minut"},"schema":{"@context":"https:\/\/schema.org","@graph":[{"@type":"WebPage","@id":"https:\/\/truusk.store\/sv\/produkt\/truusk-gungstativ-for-barn-med-2-gungstolar-for-3-8-ar-stal-27-x-16-x-18-m\/","url":"https:\/\/truusk.store\/sv\/produkt\/truusk-gungstativ-for-barn-med-2-gungstolar-for-3-8-ar-stal-27-x-16-x-18-m\/","name":"TRUUSK Gungstativ f\u00f6r Barn - Med 2 Gungstolar - F\u00f6r 3-8 \u00e5r - St\u00e5l - 2,7 x 1,6 x 1,8 m - TRUUSK - Hem, Tr\u00e4dg\u00e5rd &amp; Fritid","isPartOf":{"@id":"https:\/\/truusk.store\/sv\/#website"},"primaryImageOfPage":{"@id":"https:\/\/truusk.store\/sv\/produkt\/truusk-gungstativ-for-barn-med-2-gungstolar-for-3-8-ar-stal-27-x-16-x-18-m\/#primaryimage"},"image":{"@id":"https:\/\/truusk.store\/sv\/produkt\/truusk-gungstativ-for-barn-med-2-gungstolar-for-3-8-ar-stal-27-x-16-x-18-m\/#primaryimage"},"thumbnailUrl":"https:\/\/i0.wp.com\/truusk.store\/wp-content\/uploads\/2024\/02\/gungstativ-for-barn-med-2-gungstolar-for-3-8-ar-stal-27-x-16-x-18-m.webp?fit=800%2C800&ssl=1","datePublished":"2024-02-14T06:43:24+00:00","dateModified":"2026-03-12T08:35:19+00:00","breadcrumb":{"@id":"https:\/\/truusk.store\/sv\/produkt\/truusk-gungstativ-for-barn-med-2-gungstolar-for-3-8-ar-stal-27-x-16-x-18-m\/#breadcrumb"},"inLanguage":"sv-SE","potentialAction":[{"@type":"ReadAction","target":["https:\/\/truusk.store\/sv\/produkt\/truusk-gungstativ-for-barn-med-2-gungstolar-for-3-8-ar-stal-27-x-16-x-18-m\/"]}]},{"@type":"ImageObject","inLanguage":"sv-SE","@id":"https:\/\/truusk.store\/sv\/produkt\/truusk-gungstativ-for-barn-med-2-gungstolar-for-3-8-ar-stal-27-x-16-x-18-m\/#primaryimage","url":"https:\/\/i0.wp.com\/truusk.store\/wp-content\/uploads\/2024\/02\/gungstativ-for-barn-med-2-gungstolar-for-3-8-ar-stal-27-x-16-x-18-m.webp?fit=800%2C800&ssl=1","contentUrl":"https:\/\/i0.wp.com\/truusk.store\/wp-content\/uploads\/2024\/02\/gungstativ-for-barn-med-2-gungstolar-for-3-8-ar-stal-27-x-16-x-18-m.webp?fit=800%2C800&ssl=1","width":800,"height":800,"caption":"Gungstativ F\u00f6r Barn Med 2 Gungstolar, F\u00f6r 3-8 \u00e5r, St\u00e5l, 2,7 X 1,6 X 1,8 M 1"},{"@type":"BreadcrumbList","@id":"https:\/\/truusk.store\/sv\/produkt\/truusk-gungstativ-for-barn-med-2-gungstolar-for-3-8-ar-stal-27-x-16-x-18-m\/#breadcrumb","itemListElement":[{"@type":"ListItem","position":1,"name":"Home","item":"https:\/\/truusk.store\/sv\/"},{"@type":"ListItem","position":2,"name":"Shop","item":"https:\/\/truusk.store\/shop\/"},{"@type":"ListItem","position":3,"name":"TRUUSK Gungstativ f\u00f6r Barn &#8211; Med 2 Gungstolar &#8211; F\u00f6r 3-8 \u00e5r &#8211; St\u00e5l &#8211; 2,7 x 1,6 x 1,8 m"}]},{"@type":"WebSite","@id":"https:\/\/truusk.store\/sv\/#website","url":"https:\/\/truusk.store\/sv\/","name":"TRUUSK - Hem, Tr\u00e4dg\u00e5rd & Fritid","description":"","publisher":{"@id":"https:\/\/truusk.store\/sv\/#organization"},"potentialAction":[{"@type":"SearchAction","target":{"@type":"EntryPoint","urlTemplate":"https:\/\/truusk.store\/sv\/?s={search_term_string}"},"query-input":{"@type":"PropertyValueSpecification","valueRequired":true,"valueName":"search_term_string"}}],"inLanguage":"sv-SE"},{"@type":"Organization","@id":"https:\/\/truusk.store\/sv\/#organization","name":"TRUUSK - Hem, Tr\u00e4dg\u00e5rd & Fritid","url":"https:\/\/truusk.store\/sv\/","logo":{"@type":"ImageObject","inLanguage":"sv-SE","@id":"https:\/\/truusk.store\/sv\/#\/schema\/logo\/image\/","url":"https:\/\/i0.wp.com\/truusk.store\/wp-content\/uploads\/2026\/03\/cropped-TRUUSK.png?fit=2032%2C917&ssl=1","contentUrl":"https:\/\/i0.wp.com\/truusk.store\/wp-content\/uploads\/2026\/03\/cropped-TRUUSK.png?fit=2032%2C917&ssl=1","width":2032,"height":917,"caption":"TRUUSK - Hem, Tr\u00e4dg\u00e5rd & Fritid"},"image":{"@id":"https:\/\/truusk.store\/sv\/#\/schema\/logo\/image\/"}}]}},"jetpack_sharing_enabled":true,"_links":{"self":[{"href":"https:\/\/truusk.store\/sv\/wp-json\/wp\/v2\/product\/48123","targetHints":{"allow":["GET"]}}],"collection":[{"href":"https:\/\/truusk.store\/sv\/wp-json\/wp\/v2\/product"}],"about":[{"href":"https:\/\/truusk.store\/sv\/wp-json\/wp\/v2\/types\/product"}],"wp:featuredmedia":[{"embeddable":true,"href":"https:\/\/truusk.store\/sv\/wp-json\/wp\/v2\/media\/48124"}],"wp:attachment":[{"href":"https:\/\/truusk.store\/sv\/wp-json\/wp\/v2\/media?parent=48123"}],"wp:term":[{"taxonomy":"product_brand","embeddable":true,"href":"https:\/\/truusk.store\/sv\/wp-json\/wp\/v2\/product_brand?post=48123"},{"taxonomy":"product_cat","embeddable":true,"href":"https:\/\/truusk.store\/sv\/wp-json\/wp\/v2\/product_cat?post=48123"},{"taxonomy":"product_tag","embeddable":true,"href":"https:\/\/truusk.store\/sv\/wp-json\/wp\/v2\/product_tag?post=48123"}],"curies":[{"name":"wp","href":"https:\/\/api.w.org\/{rel}","templated":true}]}}