{"id":48130,"date":"2024-02-14T07:43:43","date_gmt":"2024-02-14T06:43:43","guid":{"rendered":"https:\/\/truusk.store\/product\/elektrisk-barnbil-licensierad-lamborghini-aventador-slagdorrar-musik-horn-for-3-5-ar-rod\/"},"modified":"2026-03-12T09:35:19","modified_gmt":"2026-03-12T08:35:19","slug":"truusk-elektrisk-barnbil-lamborghini-aventador-slagdorrar-musik-horn-for-3-5-ar-rod","status":"publish","type":"product","link":"https:\/\/truusk.store\/sv\/produkt\/truusk-elektrisk-barnbil-lamborghini-aventador-slagdorrar-musik-horn-for-3-5-ar-rod\/","title":{"rendered":"TRUUSK Elektrisk Barnbil Lamborghini Aventador &#8211; Slagd\u00f6rrar &#8211; Musik &#8211; Horn &#8211; F\u00f6r 3-5 \u00e5r &#8211; R\u00f6d"},"content":{"rendered":"<p>Upplev k\u00f6rgl\u00e4dje i toppklass med v\u00e5rt elektriska barnfordon i den licensierade designen av Lamborghini Aventador SVJ Roadster. Den h\u00e4r elbilen f\u00f6r barn f\u00e5r inte bara barns hj\u00e4rtan att sl\u00e5 snabbare, utan drar ocks\u00e5 till sig allas uppm\u00e4rksamhet. Med inbyggd musik, ett kraftfullt horn och imponerande ljuseffekter skapar den en elektrifierande atmosf\u00e4r. Dess eleganta och trendiga design g\u00f6r den till det f\u00f6rsta valet f\u00f6r sm\u00e5 \u00e4ventyrare.<\/p>\n<h3>Beskrivning:<\/h3>\n<ul>\n<li>Licensierad Lamborghini med vingd\u00f6rrar<\/li>\n<li>Enkel transport tack vare den praktiska dragst\u00e5ngen och de bakre handtagen<\/li>\n<li>En fj\u00e4rrkontroll medf\u00f6ljer f\u00f6r f\u00f6r\u00e4ldrakontroll eller enkel anv\u00e4ndning av barn<\/li>\n<li>Den skonsamma starten ger ditt barn st\u00f6rsta m\u00f6jliga skydd<\/li>\n<li>Robusta hjul och mjuka st\u00f6td\u00e4mpare s\u00e4kerst\u00e4ller en mjuk och bekv\u00e4m k\u00f6rning<\/li>\n<li>Str\u00f6mindikator f\u00f6r att \u00f6vervaka \u00e5terst\u00e5ende batterikraft<\/li>\n<li>Montering kr\u00e4vs<\/li>\n<\/ul>\n<h3>Teknisk data:<\/h3>\n<ul>\n<li>r\u00f6d f\u00e4rg<\/li>\n<li>Material: plast, metall<\/li>\n<li>Totalstorlek: 107,5L x 63W x 42H cm<\/li>\n<li>Sitsstorlek: 31W x 19D x 18H cm<\/li>\n<li>Hjuldiameter: 20,5 cm<\/li>\n<li>Hastighet: 3-5km\/h<\/li>\n<li>Kontrollavst\u00e5nd: 20 m<\/li>\n<li>Batteri: 12V 4,5AH<\/li>\n<li>Laddningstid: 8-12 timmar<\/li>\n<li>Speltid: 45 minuter<\/li>\n<li>Certifierad \u00e5lder: 3-8 \u00e5r, l\u00e4mplig \u00e5lder: 3-5 \u00e5r<\/li>\n<li>Lastkapacitet: 30 kg<\/li>\n<li>L\u00e4gga m\u00e4rke till<\/li>\n<li>1. 2 x 1,5V AAA-batterier ing\u00e5r ej<\/li>\n<li>2. L\u00e5t inte dina barn k\u00f6ra utan uppsikt<\/li>\n<\/ul>\n<h3>Leveransens omfattning:<\/h3>\n<ul>\n<li>1 x Elektrisk barnbil<\/li>\n<li>1 x Instruktioner<\/li>\n<\/ul>\n","protected":false},"excerpt":{"rendered":"<p>Upplev k\u00f6rgl\u00e4dje i toppklass med v\u00e5rt elektriska barnfordon i den licensierade designen av Lamborghini Aventador SVJ Roadster. Den h\u00e4r elbilen&#8230;<\/p>\n","protected":false},"featured_media":48131,"template":"","meta":[],"product_brand":[],"product_cat":[609,610,612],"product_tag":[],"class_list":{"0":"post-48130","1":"product","2":"type-product","3":"status-publish","4":"has-post-thumbnail","6":"product_cat-baby-barn","7":"product_cat-barnfordon","8":"product_cat-elektriska-fordon","10":"first","11":"instock","12":"sale","13":"taxable","14":"shipping-taxable","15":"purchasable","16":"product-type-simple"},"yoast_head":"<!-- This site is optimized with the Yoast SEO plugin v25.4 - https:\/\/yoast.com\/wordpress\/plugins\/seo\/ -->\n<title>TRUUSK Elektrisk Barnbil Lamborghini Aventador - Slagd\u00f6rrar - Musik - Horn - F\u00f6r 3-5 \u00e5r - R\u00f6d - TRUUSK - Hem, Tr\u00e4dg\u00e5rd &amp; Fritid<\/title>\n<meta name=\"robots\" content=\"index, follow, max-snippet:-1, max-image-preview:large, max-video-preview:-1\" \/>\n<link rel=\"canonical\" href=\"https:\/\/truusk.store\/sv\/produkt\/truusk-elektrisk-barnbil-lamborghini-aventador-slagdorrar-musik-horn-for-3-5-ar-rod\/\" \/>\n<meta property=\"og:locale\" content=\"sv_SE\" \/>\n<meta property=\"og:type\" content=\"article\" \/>\n<meta property=\"og:title\" content=\"TRUUSK Elektrisk Barnbil Lamborghini Aventador - Slagd\u00f6rrar - Musik - Horn - F\u00f6r 3-5 \u00e5r - R\u00f6d - TRUUSK - Hem, Tr\u00e4dg\u00e5rd &amp; Fritid\" \/>\n<meta property=\"og:description\" content=\"Upplev k\u00f6rgl\u00e4dje i toppklass med v\u00e5rt elektriska barnfordon i den licensierade designen av Lamborghini Aventador SVJ Roadster. Den h\u00e4r elbilen...\" \/>\n<meta property=\"og:url\" content=\"https:\/\/truusk.store\/sv\/produkt\/truusk-elektrisk-barnbil-lamborghini-aventador-slagdorrar-musik-horn-for-3-5-ar-rod\/\" \/>\n<meta property=\"og:site_name\" content=\"TRUUSK - Hem, Tr\u00e4dg\u00e5rd &amp; Fritid\" \/>\n<meta property=\"article:modified_time\" content=\"2026-03-12T08:35:19+00:00\" \/>\n<meta property=\"og:image\" content=\"https:\/\/i0.wp.com\/truusk.se\/wp-content\/uploads\/2024\/02\/elektrisk-barnbil-licensierad-lamborghini-aventador-slagdorrar-musik-horn-for-3-5-ar-rod.webp?fit=800%2C800&ssl=1\" \/>\n\t<meta property=\"og:image:width\" content=\"800\" \/>\n\t<meta property=\"og:image:height\" content=\"800\" \/>\n\t<meta property=\"og:image:type\" content=\"image\/webp\" \/>\n<meta name=\"twitter:card\" content=\"summary_large_image\" \/>\n<meta name=\"twitter:label1\" content=\"Ber\u00e4knad l\u00e4stid\" \/>\n\t<meta name=\"twitter:data1\" content=\"1 minut\" \/>\n<!-- \/ Yoast SEO plugin. -->","yoast_head_json":{"title":"TRUUSK Elektrisk Barnbil Lamborghini Aventador - Slagd\u00f6rrar - Musik - Horn - F\u00f6r 3-5 \u00e5r - R\u00f6d - TRUUSK - Hem, Tr\u00e4dg\u00e5rd &amp; Fritid","robots":{"index":"index","follow":"follow","max-snippet":"max-snippet:-1","max-image-preview":"max-image-preview:large","max-video-preview":"max-video-preview:-1"},"canonical":"https:\/\/truusk.store\/sv\/produkt\/truusk-elektrisk-barnbil-lamborghini-aventador-slagdorrar-musik-horn-for-3-5-ar-rod\/","og_locale":"sv_SE","og_type":"article","og_title":"TRUUSK Elektrisk Barnbil Lamborghini Aventador - Slagd\u00f6rrar - Musik - Horn - F\u00f6r 3-5 \u00e5r - R\u00f6d - TRUUSK - Hem, Tr\u00e4dg\u00e5rd &amp; Fritid","og_description":"Upplev k\u00f6rgl\u00e4dje i toppklass med v\u00e5rt elektriska barnfordon i den licensierade designen av Lamborghini Aventador SVJ Roadster. Den h\u00e4r elbilen...","og_url":"https:\/\/truusk.store\/sv\/produkt\/truusk-elektrisk-barnbil-lamborghini-aventador-slagdorrar-musik-horn-for-3-5-ar-rod\/","og_site_name":"TRUUSK - Hem, Tr\u00e4dg\u00e5rd &amp; Fritid","article_modified_time":"2026-03-12T08:35:19+00:00","og_image":[{"width":800,"height":800,"url":"https:\/\/i0.wp.com\/truusk.se\/wp-content\/uploads\/2024\/02\/elektrisk-barnbil-licensierad-lamborghini-aventador-slagdorrar-musik-horn-for-3-5-ar-rod.webp?fit=800%2C800&ssl=1","type":"image\/webp"}],"twitter_card":"summary_large_image","twitter_misc":{"Ber\u00e4knad l\u00e4stid":"1 minut"},"schema":{"@context":"https:\/\/schema.org","@graph":[{"@type":"WebPage","@id":"https:\/\/truusk.store\/sv\/produkt\/truusk-elektrisk-barnbil-lamborghini-aventador-slagdorrar-musik-horn-for-3-5-ar-rod\/","url":"https:\/\/truusk.store\/sv\/produkt\/truusk-elektrisk-barnbil-lamborghini-aventador-slagdorrar-musik-horn-for-3-5-ar-rod\/","name":"TRUUSK Elektrisk Barnbil Lamborghini Aventador - Slagd\u00f6rrar - Musik - Horn - F\u00f6r 3-5 \u00e5r - R\u00f6d - TRUUSK - Hem, Tr\u00e4dg\u00e5rd &amp; Fritid","isPartOf":{"@id":"https:\/\/truusk.store\/sv\/#website"},"primaryImageOfPage":{"@id":"https:\/\/truusk.store\/sv\/produkt\/truusk-elektrisk-barnbil-lamborghini-aventador-slagdorrar-musik-horn-for-3-5-ar-rod\/#primaryimage"},"image":{"@id":"https:\/\/truusk.store\/sv\/produkt\/truusk-elektrisk-barnbil-lamborghini-aventador-slagdorrar-musik-horn-for-3-5-ar-rod\/#primaryimage"},"thumbnailUrl":"https:\/\/i0.wp.com\/truusk.store\/wp-content\/uploads\/2024\/02\/elektrisk-barnbil-licensierad-lamborghini-aventador-slagdorrar-musik-horn-for-3-5-ar-rod.webp?fit=800%2C800&ssl=1","datePublished":"2024-02-14T06:43:43+00:00","dateModified":"2026-03-12T08:35:19+00:00","breadcrumb":{"@id":"https:\/\/truusk.store\/sv\/produkt\/truusk-elektrisk-barnbil-lamborghini-aventador-slagdorrar-musik-horn-for-3-5-ar-rod\/#breadcrumb"},"inLanguage":"sv-SE","potentialAction":[{"@type":"ReadAction","target":["https:\/\/truusk.store\/sv\/produkt\/truusk-elektrisk-barnbil-lamborghini-aventador-slagdorrar-musik-horn-for-3-5-ar-rod\/"]}]},{"@type":"ImageObject","inLanguage":"sv-SE","@id":"https:\/\/truusk.store\/sv\/produkt\/truusk-elektrisk-barnbil-lamborghini-aventador-slagdorrar-musik-horn-for-3-5-ar-rod\/#primaryimage","url":"https:\/\/i0.wp.com\/truusk.store\/wp-content\/uploads\/2024\/02\/elektrisk-barnbil-licensierad-lamborghini-aventador-slagdorrar-musik-horn-for-3-5-ar-rod.webp?fit=800%2C800&ssl=1","contentUrl":"https:\/\/i0.wp.com\/truusk.store\/wp-content\/uploads\/2024\/02\/elektrisk-barnbil-licensierad-lamborghini-aventador-slagdorrar-musik-horn-for-3-5-ar-rod.webp?fit=800%2C800&ssl=1","width":800,"height":800,"caption":"Elektrisk Barnbil, Licensierad Lamborghini Aventador, Slagd\u00f6rrar, Musik, Horn, F\u00f6r 3-5 \u00e5r, R\u00f6d 1"},{"@type":"BreadcrumbList","@id":"https:\/\/truusk.store\/sv\/produkt\/truusk-elektrisk-barnbil-lamborghini-aventador-slagdorrar-musik-horn-for-3-5-ar-rod\/#breadcrumb","itemListElement":[{"@type":"ListItem","position":1,"name":"Home","item":"https:\/\/truusk.store\/sv\/"},{"@type":"ListItem","position":2,"name":"Shop","item":"https:\/\/truusk.store\/shop\/"},{"@type":"ListItem","position":3,"name":"TRUUSK Elektrisk Barnbil Lamborghini Aventador &#8211; Slagd\u00f6rrar &#8211; Musik &#8211; Horn &#8211; F\u00f6r 3-5 \u00e5r &#8211; R\u00f6d"}]},{"@type":"WebSite","@id":"https:\/\/truusk.store\/sv\/#website","url":"https:\/\/truusk.store\/sv\/","name":"TRUUSK - Hem, Tr\u00e4dg\u00e5rd & Fritid","description":"","publisher":{"@id":"https:\/\/truusk.store\/sv\/#organization"},"potentialAction":[{"@type":"SearchAction","target":{"@type":"EntryPoint","urlTemplate":"https:\/\/truusk.store\/sv\/?s={search_term_string}"},"query-input":{"@type":"PropertyValueSpecification","valueRequired":true,"valueName":"search_term_string"}}],"inLanguage":"sv-SE"},{"@type":"Organization","@id":"https:\/\/truusk.store\/sv\/#organization","name":"TRUUSK - Hem, Tr\u00e4dg\u00e5rd & Fritid","url":"https:\/\/truusk.store\/sv\/","logo":{"@type":"ImageObject","inLanguage":"sv-SE","@id":"https:\/\/truusk.store\/sv\/#\/schema\/logo\/image\/","url":"https:\/\/i0.wp.com\/truusk.store\/wp-content\/uploads\/2026\/03\/cropped-TRUUSK.png?fit=2032%2C917&ssl=1","contentUrl":"https:\/\/i0.wp.com\/truusk.store\/wp-content\/uploads\/2026\/03\/cropped-TRUUSK.png?fit=2032%2C917&ssl=1","width":2032,"height":917,"caption":"TRUUSK - Hem, Tr\u00e4dg\u00e5rd & Fritid"},"image":{"@id":"https:\/\/truusk.store\/sv\/#\/schema\/logo\/image\/"}}]}},"jetpack_sharing_enabled":true,"_links":{"self":[{"href":"https:\/\/truusk.store\/sv\/wp-json\/wp\/v2\/product\/48130","targetHints":{"allow":["GET"]}}],"collection":[{"href":"https:\/\/truusk.store\/sv\/wp-json\/wp\/v2\/product"}],"about":[{"href":"https:\/\/truusk.store\/sv\/wp-json\/wp\/v2\/types\/product"}],"wp:featuredmedia":[{"embeddable":true,"href":"https:\/\/truusk.store\/sv\/wp-json\/wp\/v2\/media\/48131"}],"wp:attachment":[{"href":"https:\/\/truusk.store\/sv\/wp-json\/wp\/v2\/media?parent=48130"}],"wp:term":[{"taxonomy":"product_brand","embeddable":true,"href":"https:\/\/truusk.store\/sv\/wp-json\/wp\/v2\/product_brand?post=48130"},{"taxonomy":"product_cat","embeddable":true,"href":"https:\/\/truusk.store\/sv\/wp-json\/wp\/v2\/product_cat?post=48130"},{"taxonomy":"product_tag","embeddable":true,"href":"https:\/\/truusk.store\/sv\/wp-json\/wp\/v2\/product_tag?post=48130"}],"curies":[{"name":"wp","href":"https:\/\/api.w.org\/{rel}","templated":true}]}}