{"id":48169,"date":"2024-02-14T07:45:19","date_gmt":"2024-02-14T06:45:19","guid":{"rendered":"https:\/\/truusk.store\/product\/tradgardsset-5-delar-inklusive-sittdynor-konstrotting-ram-i-rostfritt-stal-ljusgra\/"},"modified":"2026-03-12T09:35:22","modified_gmt":"2026-03-12T08:35:22","slug":"truusk-tradgardsset-5-delar-sittdynor-ingar-konstrotting-rostfri-stalram-ljusgra","status":"publish","type":"product","link":"https:\/\/truusk.store\/sv\/produkt\/truusk-tradgardsset-5-delar-sittdynor-ingar-konstrotting-rostfri-stalram-ljusgra\/","title":{"rendered":"TRUUSK Tr\u00e4dg\u00e5rdsset, 5 Delar &#8211; Sittdynor ing\u00e5r &#8211; Konstrotting &#8211; Rostfri St\u00e5lram &#8211; Ljusgr\u00e5"},"content":{"rendered":"<p>F\u00f6rsk\u00f6na din tr\u00e4dg\u00e5rd och g\u00f6r utsidan av ditt hem lika inbjudande som insidan. Detta 5-delade tr\u00e4dg\u00e5rdsm\u00f6belset har en robust, rosts\u00e4ker st\u00e5lram med v\u00e4derbest\u00e4ndig syntetisk rottingbekl\u00e4dnad. Ett utm\u00e4rkt s\u00e4tt att f\u00f6rvandla din tr\u00e4dg\u00e5rd, terrass eller poolomr\u00e5de till ett litet loungeparadis. Dekorativt och funktionellt skapar setet en v\u00e4lkomnande atmosf\u00e4r som du och din familj kommer att njuta av \u00e5ret runt.<\/p>\n<h3>Beskrivning:<\/h3>\n<ul>\n<li>Robust st\u00e5lram och vattenavvisande PE-rotting f\u00f6r l\u00e5ngvarig anv\u00e4ndning<\/li>\n<li>Skivan av h\u00e4rdat glas f\u00f6r h\u00e5llbarhet och enkel reng\u00f6ring<\/li>\n<li>Tjockt vadderade kuddar av tr\u00e4dg\u00e5rdsm\u00f6belsetet i rotting f\u00f6r komfort och h\u00e5llbarhet<\/li>\n<li>Tr\u00e4dg\u00e5rdsm\u00f6belset kuddfodral med dragkedjor f\u00f6r enkel borttagning och tv\u00e4tt<\/li>\n<li>Perfekt passform f\u00f6r tr\u00e4dg\u00e5rd, veranda, tr\u00e4dg\u00e5rd, poolomr\u00e5de eller uteplats<\/li>\n<li>Justerbara f\u00f6tter f\u00f6r att f\u00f6rhindra halka och skydda golvet fr\u00e5n repor<\/li>\n<li>Montering kr\u00e4vs<\/li>\n<\/ul>\n<h3>Teknisk data:<\/h3>\n<ul>\n<li>F\u00e4rg: Beige+Ljusgr\u00e5<\/li>\n<li>Material: st\u00e5l, PE-rotting, polyester<\/li>\n<li>M\u00e5tt h\u00f6rnsoffa: 73L x 73W x 73H cm<\/li>\n<li>M\u00e5tt f\u00e5t\u00f6lj: 70W x 73D x 73H cm<\/li>\n<li>M\u00e5tt p\u00e5 fotpall: 70W x 70D x 32H cm<\/li>\n<li>M\u00e5tt soffbord: 60W x 60D x 28H cm<\/li>\n<li>Sittyta: 70W x 70D cm<\/li>\n<li>Sitth\u00f6jd: 32 cm<\/li>\n<li>Lastkapacitet: 120 kg (soffa), 25 kg (bord)<\/li>\n<\/ul>\n<h3>Leveransens omfattning:<\/h3>\n<ul>\n<li>1 x H\u00f6rnsoffa<\/li>\n<li>2 x f\u00e5t\u00f6ljer<\/li>\n<li>1 x pall<\/li>\n<li>1 x Sidobord<\/li>\n<li>4 x sittdynor<\/li>\n<li>3 x ryggkuddar<\/li>\n<li>1 x Instruktioner<\/li>\n<\/ul>\n","protected":false},"excerpt":{"rendered":"<p>F\u00f6rsk\u00f6na din tr\u00e4dg\u00e5rd och g\u00f6r utsidan av ditt hem lika inbjudande som insidan. Detta 5-delade tr\u00e4dg\u00e5rdsm\u00f6belset har en robust, rosts\u00e4ker&#8230;<\/p>\n","protected":false},"featured_media":48170,"template":"","meta":[],"product_brand":[],"product_cat":[435,450,456],"product_tag":[],"class_list":{"0":"post-48169","1":"product","2":"type-product","3":"status-publish","4":"has-post-thumbnail","6":"product_cat-tradgard-och-terrass","7":"product_cat-tradgardsmobler","8":"product_cat-tradgardsmobler-set","10":"first","11":"instock","12":"sale","13":"taxable","14":"shipping-taxable","15":"purchasable","16":"product-type-simple"},"yoast_head":"<!-- This site is optimized with the Yoast SEO plugin v25.4 - https:\/\/yoast.com\/wordpress\/plugins\/seo\/ -->\n<title>TRUUSK Tr\u00e4dg\u00e5rdsset, 5 Delar - Sittdynor ing\u00e5r - Konstrotting - Rostfri St\u00e5lram - Ljusgr\u00e5 - TRUUSK - Hem, Tr\u00e4dg\u00e5rd &amp; Fritid<\/title>\n<meta name=\"robots\" content=\"index, follow, max-snippet:-1, max-image-preview:large, max-video-preview:-1\" \/>\n<link rel=\"canonical\" href=\"https:\/\/truusk.store\/sv\/produkt\/truusk-tradgardsset-5-delar-sittdynor-ingar-konstrotting-rostfri-stalram-ljusgra\/\" \/>\n<meta property=\"og:locale\" content=\"sv_SE\" \/>\n<meta property=\"og:type\" content=\"article\" \/>\n<meta property=\"og:title\" content=\"TRUUSK Tr\u00e4dg\u00e5rdsset, 5 Delar - Sittdynor ing\u00e5r - Konstrotting - Rostfri St\u00e5lram - Ljusgr\u00e5 - TRUUSK - Hem, Tr\u00e4dg\u00e5rd &amp; Fritid\" \/>\n<meta property=\"og:description\" content=\"F\u00f6rsk\u00f6na din tr\u00e4dg\u00e5rd och g\u00f6r utsidan av ditt hem lika inbjudande som insidan. Detta 5-delade tr\u00e4dg\u00e5rdsm\u00f6belset har en robust, rosts\u00e4ker...\" \/>\n<meta property=\"og:url\" content=\"https:\/\/truusk.store\/sv\/produkt\/truusk-tradgardsset-5-delar-sittdynor-ingar-konstrotting-rostfri-stalram-ljusgra\/\" \/>\n<meta property=\"og:site_name\" content=\"TRUUSK - Hem, Tr\u00e4dg\u00e5rd &amp; Fritid\" \/>\n<meta property=\"article:modified_time\" content=\"2026-03-12T08:35:22+00:00\" \/>\n<meta property=\"og:image\" content=\"https:\/\/i0.wp.com\/truusk.se\/wp-content\/uploads\/2024\/02\/tradgardsset-5-delar-inklusive-sittdynor-konstrotting-ram-i-rostfritt-stal-ljusgra.webp?fit=800%2C800&ssl=1\" \/>\n\t<meta property=\"og:image:width\" content=\"800\" \/>\n\t<meta property=\"og:image:height\" content=\"800\" \/>\n\t<meta property=\"og:image:type\" content=\"image\/webp\" \/>\n<meta name=\"twitter:card\" content=\"summary_large_image\" \/>\n<meta name=\"twitter:label1\" content=\"Ber\u00e4knad l\u00e4stid\" \/>\n\t<meta name=\"twitter:data1\" content=\"1 minut\" \/>\n<!-- \/ Yoast SEO plugin. -->","yoast_head_json":{"title":"TRUUSK Tr\u00e4dg\u00e5rdsset, 5 Delar - Sittdynor ing\u00e5r - Konstrotting - Rostfri St\u00e5lram - Ljusgr\u00e5 - TRUUSK - Hem, Tr\u00e4dg\u00e5rd &amp; Fritid","robots":{"index":"index","follow":"follow","max-snippet":"max-snippet:-1","max-image-preview":"max-image-preview:large","max-video-preview":"max-video-preview:-1"},"canonical":"https:\/\/truusk.store\/sv\/produkt\/truusk-tradgardsset-5-delar-sittdynor-ingar-konstrotting-rostfri-stalram-ljusgra\/","og_locale":"sv_SE","og_type":"article","og_title":"TRUUSK Tr\u00e4dg\u00e5rdsset, 5 Delar - Sittdynor ing\u00e5r - Konstrotting - Rostfri St\u00e5lram - Ljusgr\u00e5 - TRUUSK - Hem, Tr\u00e4dg\u00e5rd &amp; Fritid","og_description":"F\u00f6rsk\u00f6na din tr\u00e4dg\u00e5rd och g\u00f6r utsidan av ditt hem lika inbjudande som insidan. Detta 5-delade tr\u00e4dg\u00e5rdsm\u00f6belset har en robust, rosts\u00e4ker...","og_url":"https:\/\/truusk.store\/sv\/produkt\/truusk-tradgardsset-5-delar-sittdynor-ingar-konstrotting-rostfri-stalram-ljusgra\/","og_site_name":"TRUUSK - Hem, Tr\u00e4dg\u00e5rd &amp; Fritid","article_modified_time":"2026-03-12T08:35:22+00:00","og_image":[{"width":800,"height":800,"url":"https:\/\/i0.wp.com\/truusk.se\/wp-content\/uploads\/2024\/02\/tradgardsset-5-delar-inklusive-sittdynor-konstrotting-ram-i-rostfritt-stal-ljusgra.webp?fit=800%2C800&ssl=1","type":"image\/webp"}],"twitter_card":"summary_large_image","twitter_misc":{"Ber\u00e4knad l\u00e4stid":"1 minut"},"schema":{"@context":"https:\/\/schema.org","@graph":[{"@type":"WebPage","@id":"https:\/\/truusk.store\/sv\/produkt\/truusk-tradgardsset-5-delar-sittdynor-ingar-konstrotting-rostfri-stalram-ljusgra\/","url":"https:\/\/truusk.store\/sv\/produkt\/truusk-tradgardsset-5-delar-sittdynor-ingar-konstrotting-rostfri-stalram-ljusgra\/","name":"TRUUSK Tr\u00e4dg\u00e5rdsset, 5 Delar - Sittdynor ing\u00e5r - Konstrotting - Rostfri St\u00e5lram - Ljusgr\u00e5 - TRUUSK - Hem, Tr\u00e4dg\u00e5rd &amp; Fritid","isPartOf":{"@id":"https:\/\/truusk.store\/sv\/#website"},"primaryImageOfPage":{"@id":"https:\/\/truusk.store\/sv\/produkt\/truusk-tradgardsset-5-delar-sittdynor-ingar-konstrotting-rostfri-stalram-ljusgra\/#primaryimage"},"image":{"@id":"https:\/\/truusk.store\/sv\/produkt\/truusk-tradgardsset-5-delar-sittdynor-ingar-konstrotting-rostfri-stalram-ljusgra\/#primaryimage"},"thumbnailUrl":"https:\/\/i0.wp.com\/truusk.store\/wp-content\/uploads\/2024\/02\/tradgardsset-5-delar-inklusive-sittdynor-konstrotting-ram-i-rostfritt-stal-ljusgra.webp?fit=800%2C800&ssl=1","datePublished":"2024-02-14T06:45:19+00:00","dateModified":"2026-03-12T08:35:22+00:00","breadcrumb":{"@id":"https:\/\/truusk.store\/sv\/produkt\/truusk-tradgardsset-5-delar-sittdynor-ingar-konstrotting-rostfri-stalram-ljusgra\/#breadcrumb"},"inLanguage":"sv-SE","potentialAction":[{"@type":"ReadAction","target":["https:\/\/truusk.store\/sv\/produkt\/truusk-tradgardsset-5-delar-sittdynor-ingar-konstrotting-rostfri-stalram-ljusgra\/"]}]},{"@type":"ImageObject","inLanguage":"sv-SE","@id":"https:\/\/truusk.store\/sv\/produkt\/truusk-tradgardsset-5-delar-sittdynor-ingar-konstrotting-rostfri-stalram-ljusgra\/#primaryimage","url":"https:\/\/i0.wp.com\/truusk.store\/wp-content\/uploads\/2024\/02\/tradgardsset-5-delar-inklusive-sittdynor-konstrotting-ram-i-rostfritt-stal-ljusgra.webp?fit=800%2C800&ssl=1","contentUrl":"https:\/\/i0.wp.com\/truusk.store\/wp-content\/uploads\/2024\/02\/tradgardsset-5-delar-inklusive-sittdynor-konstrotting-ram-i-rostfritt-stal-ljusgra.webp?fit=800%2C800&ssl=1","width":800,"height":800,"caption":"Tr\u00e4dg\u00e5rdsset, 5 Delar, Inklusive Sittdynor, Konstrotting, Ram I Rostfritt St\u00e5l, Ljusgr\u00e5 1"},{"@type":"BreadcrumbList","@id":"https:\/\/truusk.store\/sv\/produkt\/truusk-tradgardsset-5-delar-sittdynor-ingar-konstrotting-rostfri-stalram-ljusgra\/#breadcrumb","itemListElement":[{"@type":"ListItem","position":1,"name":"Home","item":"https:\/\/truusk.store\/sv\/"},{"@type":"ListItem","position":2,"name":"Shop","item":"https:\/\/truusk.store\/shop\/"},{"@type":"ListItem","position":3,"name":"TRUUSK Tr\u00e4dg\u00e5rdsset, 5 Delar &#8211; Sittdynor ing\u00e5r &#8211; Konstrotting &#8211; Rostfri St\u00e5lram &#8211; Ljusgr\u00e5"}]},{"@type":"WebSite","@id":"https:\/\/truusk.store\/sv\/#website","url":"https:\/\/truusk.store\/sv\/","name":"TRUUSK - Hem, Tr\u00e4dg\u00e5rd & Fritid","description":"","publisher":{"@id":"https:\/\/truusk.store\/sv\/#organization"},"potentialAction":[{"@type":"SearchAction","target":{"@type":"EntryPoint","urlTemplate":"https:\/\/truusk.store\/sv\/?s={search_term_string}"},"query-input":{"@type":"PropertyValueSpecification","valueRequired":true,"valueName":"search_term_string"}}],"inLanguage":"sv-SE"},{"@type":"Organization","@id":"https:\/\/truusk.store\/sv\/#organization","name":"TRUUSK - Hem, Tr\u00e4dg\u00e5rd & Fritid","url":"https:\/\/truusk.store\/sv\/","logo":{"@type":"ImageObject","inLanguage":"sv-SE","@id":"https:\/\/truusk.store\/sv\/#\/schema\/logo\/image\/","url":"https:\/\/i0.wp.com\/truusk.store\/wp-content\/uploads\/2026\/03\/cropped-TRUUSK.png?fit=2032%2C917&ssl=1","contentUrl":"https:\/\/i0.wp.com\/truusk.store\/wp-content\/uploads\/2026\/03\/cropped-TRUUSK.png?fit=2032%2C917&ssl=1","width":2032,"height":917,"caption":"TRUUSK - Hem, Tr\u00e4dg\u00e5rd & Fritid"},"image":{"@id":"https:\/\/truusk.store\/sv\/#\/schema\/logo\/image\/"}}]}},"jetpack_sharing_enabled":true,"_links":{"self":[{"href":"https:\/\/truusk.store\/sv\/wp-json\/wp\/v2\/product\/48169","targetHints":{"allow":["GET"]}}],"collection":[{"href":"https:\/\/truusk.store\/sv\/wp-json\/wp\/v2\/product"}],"about":[{"href":"https:\/\/truusk.store\/sv\/wp-json\/wp\/v2\/types\/product"}],"wp:featuredmedia":[{"embeddable":true,"href":"https:\/\/truusk.store\/sv\/wp-json\/wp\/v2\/media\/48170"}],"wp:attachment":[{"href":"https:\/\/truusk.store\/sv\/wp-json\/wp\/v2\/media?parent=48169"}],"wp:term":[{"taxonomy":"product_brand","embeddable":true,"href":"https:\/\/truusk.store\/sv\/wp-json\/wp\/v2\/product_brand?post=48169"},{"taxonomy":"product_cat","embeddable":true,"href":"https:\/\/truusk.store\/sv\/wp-json\/wp\/v2\/product_cat?post=48169"},{"taxonomy":"product_tag","embeddable":true,"href":"https:\/\/truusk.store\/sv\/wp-json\/wp\/v2\/product_tag?post=48169"}],"curies":[{"name":"wp","href":"https:\/\/api.w.org\/{rel}","templated":true}]}}