{"id":48183,"date":"2024-02-14T07:45:58","date_gmt":"2024-02-14T06:45:58","guid":{"rendered":"https:\/\/truusk.store\/product\/hundbur-hundbox-tvattbar-stoppning-2-sparrar-90-cm-x-58-cm-x-65-cm-gra\/"},"modified":"2026-03-12T09:35:25","modified_gmt":"2026-03-12T08:35:25","slug":"truusk-hundbur-med-tvattbar-stoppning-2-sparrar-matt-90x58x65-cm-gra","status":"publish","type":"product","link":"https:\/\/truusk.store\/sv\/produkt\/truusk-hundbur-med-tvattbar-stoppning-2-sparrar-matt-90x58x65-cm-gra\/","title":{"rendered":"TRUUSK Hundbur med Tv\u00e4ttbar Stoppning &#8211; 2 Sp\u00e4rrar &#8211; M\u00e5tt 90x58x65 cm &#8211; Gr\u00e5"},"content":{"rendered":"<p>Denna dekorativa hundl\u00e5da erbjuder sovkomforten som en mysig hunds\u00e4ng. Den \u00e4r mjukt vadderad och \u00f6verdraget \u00e4r avtagbart och tv\u00e4ttbart. Tv\u00e5 d\u00f6rrar ger stora entr\u00e9\u00f6ppningar som g\u00f6r det l\u00e4ttare att ta sig in och ut. Den solida konstruktionen, som kommer att h\u00e5lla en hunds liv, f\u00f6rblir intakt \u00e4ven vid dagligt slitage. G\u00f6r den h\u00e4r designade hundburen till en del av ditt hem.<\/p>\n<h3>Beskrivning:<\/h3>\n<ul>\n<li>Liggytan \u00e4r v\u00e4l stoppad<\/li>\n<li>Tv\u00e5 ing\u00e5ngar g\u00f6r det enklare att ta sig in och ut<\/li>\n<li>Dekorativt f\u00f6r en stilren inredning<\/li>\n<li>Justerbara f\u00f6tter s\u00e4kerst\u00e4ller horisontell st\u00e4llning p\u00e5 sluttande ytor<\/li>\n<li>L\u00e4mplig f\u00f6r medelstora hundar upp till 25 kg, l\u00e4mplig f\u00f6r hundar upp till 55 cm axelh\u00f6jd<\/li>\n<li>Montering kr\u00e4vs<\/li>\n<li>Obs: Med d\u00f6rrarna st\u00e4ngda \u00e4r denna hundbur endast l\u00e4mplig f\u00f6r korttidsboende eller transport av din hund. Hundar ska aldrig h\u00e5llas i en st\u00e4ngd bur under en l\u00e4ngre tid<\/li>\n<\/ul>\n<h3>Teknisk data:<\/h3>\n<ul>\n<li>F\u00e4rg: Gr\u00e5+Vit+Svart+Beige<\/li>\n<li>Material: sp\u00e5nskiva, Oxfordduk (100% polyester), st\u00e5l, skum<\/li>\n<li>\u00d6vergripande m\u00e5tt: 90L x 58W x 65H cm<\/li>\n<li>Inre burm\u00e5tt: 86L x 50,5W x 58H cm<\/li>\n<li>Kuddens m\u00e5tt: 85L x 50W x 5H cm<\/li>\n<li>D\u00f6rrstorlek: 38W x 45,5H cm<\/li>\n<li>H\u00f6jd p\u00e5 ben \u00f6ver marken: 4,5 cm<\/li>\n<li>Avst\u00e5nd mellan d\u00f6rrstygn: 3,5 cm<\/li>\n<li>Viktkapacitet: Insida: 30kg. \u00d6ver: 40 kg<\/li>\n<\/ul>\n<h3>Leveransens omfattning:<\/h3>\n<ul>\n<li>1 hundbur<\/li>\n<li>1 manual<\/li>\n<\/ul>\n","protected":false},"excerpt":{"rendered":"<p>Denna dekorativa hundl\u00e5da erbjuder sovkomforten som en mysig hunds\u00e4ng. Den \u00e4r mjukt vadderad och \u00f6verdraget \u00e4r avtagbart och tv\u00e4ttbart. Tv\u00e5&#8230;<\/p>\n","protected":false},"featured_media":48184,"template":"","meta":[],"product_brand":[],"product_cat":[583,574,573],"product_tag":[],"class_list":{"0":"post-48183","1":"product","2":"type-product","3":"status-publish","4":"has-post-thumbnail","6":"product_cat-hundburar","7":"product_cat-hundtillbehor","8":"product_cat-husdjursmaterial","10":"first","11":"instock","12":"sale","13":"taxable","14":"shipping-taxable","15":"purchasable","16":"product-type-simple"},"yoast_head":"<!-- This site is optimized with the Yoast SEO plugin v25.4 - https:\/\/yoast.com\/wordpress\/plugins\/seo\/ -->\n<title>TRUUSK Hundbur med Tv\u00e4ttbar Stoppning - 2 Sp\u00e4rrar - M\u00e5tt 90x58x65 cm - Gr\u00e5 - TRUUSK - Hem, Tr\u00e4dg\u00e5rd &amp; Fritid<\/title>\n<meta name=\"robots\" content=\"index, follow, max-snippet:-1, max-image-preview:large, max-video-preview:-1\" \/>\n<link rel=\"canonical\" href=\"https:\/\/truusk.store\/sv\/produkt\/truusk-hundbur-med-tvattbar-stoppning-2-sparrar-matt-90x58x65-cm-gra\/\" \/>\n<meta property=\"og:locale\" content=\"sv_SE\" \/>\n<meta property=\"og:type\" content=\"article\" \/>\n<meta property=\"og:title\" content=\"TRUUSK Hundbur med Tv\u00e4ttbar Stoppning - 2 Sp\u00e4rrar - M\u00e5tt 90x58x65 cm - Gr\u00e5 - TRUUSK - Hem, Tr\u00e4dg\u00e5rd &amp; Fritid\" \/>\n<meta property=\"og:description\" content=\"Denna dekorativa hundl\u00e5da erbjuder sovkomforten som en mysig hunds\u00e4ng. Den \u00e4r mjukt vadderad och \u00f6verdraget \u00e4r avtagbart och tv\u00e4ttbart. Tv\u00e5...\" \/>\n<meta property=\"og:url\" content=\"https:\/\/truusk.store\/sv\/produkt\/truusk-hundbur-med-tvattbar-stoppning-2-sparrar-matt-90x58x65-cm-gra\/\" \/>\n<meta property=\"og:site_name\" content=\"TRUUSK - Hem, Tr\u00e4dg\u00e5rd &amp; Fritid\" \/>\n<meta property=\"article:modified_time\" content=\"2026-03-12T08:35:25+00:00\" \/>\n<meta property=\"og:image\" content=\"https:\/\/i0.wp.com\/truusk.se\/wp-content\/uploads\/2024\/02\/hundbur-hundbox-tvattbar-stoppning-2-sparrar-90-cm-x-58-cm-x-65-cm-gra.webp?fit=800%2C800&ssl=1\" \/>\n\t<meta property=\"og:image:width\" content=\"800\" \/>\n\t<meta property=\"og:image:height\" content=\"800\" \/>\n\t<meta property=\"og:image:type\" content=\"image\/webp\" \/>\n<meta name=\"twitter:card\" content=\"summary_large_image\" \/>\n<meta name=\"twitter:label1\" content=\"Ber\u00e4knad l\u00e4stid\" \/>\n\t<meta name=\"twitter:data1\" content=\"1 minut\" \/>\n<!-- \/ Yoast SEO plugin. -->","yoast_head_json":{"title":"TRUUSK Hundbur med Tv\u00e4ttbar Stoppning - 2 Sp\u00e4rrar - M\u00e5tt 90x58x65 cm - Gr\u00e5 - TRUUSK - Hem, Tr\u00e4dg\u00e5rd &amp; Fritid","robots":{"index":"index","follow":"follow","max-snippet":"max-snippet:-1","max-image-preview":"max-image-preview:large","max-video-preview":"max-video-preview:-1"},"canonical":"https:\/\/truusk.store\/sv\/produkt\/truusk-hundbur-med-tvattbar-stoppning-2-sparrar-matt-90x58x65-cm-gra\/","og_locale":"sv_SE","og_type":"article","og_title":"TRUUSK Hundbur med Tv\u00e4ttbar Stoppning - 2 Sp\u00e4rrar - M\u00e5tt 90x58x65 cm - Gr\u00e5 - TRUUSK - Hem, Tr\u00e4dg\u00e5rd &amp; Fritid","og_description":"Denna dekorativa hundl\u00e5da erbjuder sovkomforten som en mysig hunds\u00e4ng. Den \u00e4r mjukt vadderad och \u00f6verdraget \u00e4r avtagbart och tv\u00e4ttbart. Tv\u00e5...","og_url":"https:\/\/truusk.store\/sv\/produkt\/truusk-hundbur-med-tvattbar-stoppning-2-sparrar-matt-90x58x65-cm-gra\/","og_site_name":"TRUUSK - Hem, Tr\u00e4dg\u00e5rd &amp; Fritid","article_modified_time":"2026-03-12T08:35:25+00:00","og_image":[{"width":800,"height":800,"url":"https:\/\/i0.wp.com\/truusk.se\/wp-content\/uploads\/2024\/02\/hundbur-hundbox-tvattbar-stoppning-2-sparrar-90-cm-x-58-cm-x-65-cm-gra.webp?fit=800%2C800&ssl=1","type":"image\/webp"}],"twitter_card":"summary_large_image","twitter_misc":{"Ber\u00e4knad l\u00e4stid":"1 minut"},"schema":{"@context":"https:\/\/schema.org","@graph":[{"@type":"WebPage","@id":"https:\/\/truusk.store\/sv\/produkt\/truusk-hundbur-med-tvattbar-stoppning-2-sparrar-matt-90x58x65-cm-gra\/","url":"https:\/\/truusk.store\/sv\/produkt\/truusk-hundbur-med-tvattbar-stoppning-2-sparrar-matt-90x58x65-cm-gra\/","name":"TRUUSK Hundbur med Tv\u00e4ttbar Stoppning - 2 Sp\u00e4rrar - M\u00e5tt 90x58x65 cm - Gr\u00e5 - TRUUSK - Hem, Tr\u00e4dg\u00e5rd &amp; Fritid","isPartOf":{"@id":"https:\/\/truusk.store\/sv\/#website"},"primaryImageOfPage":{"@id":"https:\/\/truusk.store\/sv\/produkt\/truusk-hundbur-med-tvattbar-stoppning-2-sparrar-matt-90x58x65-cm-gra\/#primaryimage"},"image":{"@id":"https:\/\/truusk.store\/sv\/produkt\/truusk-hundbur-med-tvattbar-stoppning-2-sparrar-matt-90x58x65-cm-gra\/#primaryimage"},"thumbnailUrl":"https:\/\/i0.wp.com\/truusk.store\/wp-content\/uploads\/2024\/02\/hundbur-hundbox-tvattbar-stoppning-2-sparrar-90-cm-x-58-cm-x-65-cm-gra.webp?fit=800%2C800&ssl=1","datePublished":"2024-02-14T06:45:58+00:00","dateModified":"2026-03-12T08:35:25+00:00","breadcrumb":{"@id":"https:\/\/truusk.store\/sv\/produkt\/truusk-hundbur-med-tvattbar-stoppning-2-sparrar-matt-90x58x65-cm-gra\/#breadcrumb"},"inLanguage":"sv-SE","potentialAction":[{"@type":"ReadAction","target":["https:\/\/truusk.store\/sv\/produkt\/truusk-hundbur-med-tvattbar-stoppning-2-sparrar-matt-90x58x65-cm-gra\/"]}]},{"@type":"ImageObject","inLanguage":"sv-SE","@id":"https:\/\/truusk.store\/sv\/produkt\/truusk-hundbur-med-tvattbar-stoppning-2-sparrar-matt-90x58x65-cm-gra\/#primaryimage","url":"https:\/\/i0.wp.com\/truusk.store\/wp-content\/uploads\/2024\/02\/hundbur-hundbox-tvattbar-stoppning-2-sparrar-90-cm-x-58-cm-x-65-cm-gra.webp?fit=800%2C800&ssl=1","contentUrl":"https:\/\/i0.wp.com\/truusk.store\/wp-content\/uploads\/2024\/02\/hundbur-hundbox-tvattbar-stoppning-2-sparrar-90-cm-x-58-cm-x-65-cm-gra.webp?fit=800%2C800&ssl=1","width":800,"height":800,"caption":"Hundbur Hundbox Tv\u00e4ttbar Stoppning, 2 Sp\u00e4rrar, 90 Cm X 58 Cm X 65 Cm, Gr\u00e5 1"},{"@type":"BreadcrumbList","@id":"https:\/\/truusk.store\/sv\/produkt\/truusk-hundbur-med-tvattbar-stoppning-2-sparrar-matt-90x58x65-cm-gra\/#breadcrumb","itemListElement":[{"@type":"ListItem","position":1,"name":"Home","item":"https:\/\/truusk.store\/sv\/"},{"@type":"ListItem","position":2,"name":"Shop","item":"https:\/\/truusk.store\/shop\/"},{"@type":"ListItem","position":3,"name":"TRUUSK Hundbur med Tv\u00e4ttbar Stoppning &#8211; 2 Sp\u00e4rrar &#8211; M\u00e5tt 90x58x65 cm &#8211; Gr\u00e5"}]},{"@type":"WebSite","@id":"https:\/\/truusk.store\/sv\/#website","url":"https:\/\/truusk.store\/sv\/","name":"TRUUSK - Hem, Tr\u00e4dg\u00e5rd & Fritid","description":"","publisher":{"@id":"https:\/\/truusk.store\/sv\/#organization"},"potentialAction":[{"@type":"SearchAction","target":{"@type":"EntryPoint","urlTemplate":"https:\/\/truusk.store\/sv\/?s={search_term_string}"},"query-input":{"@type":"PropertyValueSpecification","valueRequired":true,"valueName":"search_term_string"}}],"inLanguage":"sv-SE"},{"@type":"Organization","@id":"https:\/\/truusk.store\/sv\/#organization","name":"TRUUSK - Hem, Tr\u00e4dg\u00e5rd & Fritid","url":"https:\/\/truusk.store\/sv\/","logo":{"@type":"ImageObject","inLanguage":"sv-SE","@id":"https:\/\/truusk.store\/sv\/#\/schema\/logo\/image\/","url":"https:\/\/i0.wp.com\/truusk.store\/wp-content\/uploads\/2026\/03\/cropped-TRUUSK.png?fit=2032%2C917&ssl=1","contentUrl":"https:\/\/i0.wp.com\/truusk.store\/wp-content\/uploads\/2026\/03\/cropped-TRUUSK.png?fit=2032%2C917&ssl=1","width":2032,"height":917,"caption":"TRUUSK - Hem, Tr\u00e4dg\u00e5rd & Fritid"},"image":{"@id":"https:\/\/truusk.store\/sv\/#\/schema\/logo\/image\/"}}]}},"jetpack_sharing_enabled":true,"_links":{"self":[{"href":"https:\/\/truusk.store\/sv\/wp-json\/wp\/v2\/product\/48183","targetHints":{"allow":["GET"]}}],"collection":[{"href":"https:\/\/truusk.store\/sv\/wp-json\/wp\/v2\/product"}],"about":[{"href":"https:\/\/truusk.store\/sv\/wp-json\/wp\/v2\/types\/product"}],"wp:featuredmedia":[{"embeddable":true,"href":"https:\/\/truusk.store\/sv\/wp-json\/wp\/v2\/media\/48184"}],"wp:attachment":[{"href":"https:\/\/truusk.store\/sv\/wp-json\/wp\/v2\/media?parent=48183"}],"wp:term":[{"taxonomy":"product_brand","embeddable":true,"href":"https:\/\/truusk.store\/sv\/wp-json\/wp\/v2\/product_brand?post=48183"},{"taxonomy":"product_cat","embeddable":true,"href":"https:\/\/truusk.store\/sv\/wp-json\/wp\/v2\/product_cat?post=48183"},{"taxonomy":"product_tag","embeddable":true,"href":"https:\/\/truusk.store\/sv\/wp-json\/wp\/v2\/product_tag?post=48183"}],"curies":[{"name":"wp","href":"https:\/\/api.w.org\/{rel}","templated":true}]}}