{"id":48233,"date":"2024-02-14T07:47:54","date_gmt":"2024-02-14T06:47:54","guid":{"rendered":"https:\/\/truusk.store\/product\/markis-elektrisk-manuell-utdragbar-halvkassett-fjarrkontroll-aluminiumram-4-x-3-m-gra\/"},"modified":"2026-03-12T09:35:29","modified_gmt":"2026-03-12T08:35:29","slug":"truusk-markis-elektrisk-manuell-utdragbar-halvkassett-fjarrkontroll-aluminiumram-4-x-3-m-gra","status":"publish","type":"product","link":"https:\/\/truusk.store\/sv\/produkt\/truusk-markis-elektrisk-manuell-utdragbar-halvkassett-fjarrkontroll-aluminiumram-4-x-3-m-gra\/","title":{"rendered":"TRUUSK Markis &#8211; Elektrisk\/manuell Utdragbar &#8211; Halvkassett &#8211; Fj\u00e4rrkontroll &#8211; Aluminiumram &#8211; 4 X 3 M &#8211; Gr\u00e5"},"content":{"rendered":"<p>Skydda ditt utomhusomr\u00e5de med stil och l\u00e4tthet med denna utdragbara markis. Den robusta aluminiumramen garanterar kompromissl\u00f6s stabilitet och tillf\u00f6rlitlighet i alla v\u00e4der. Den robusta takpresenningen ger skydd mot direkt sol och duggregn. Tack vare det medf\u00f6ljande kitet \u00e4r installation p\u00e5 betongv\u00e4ggar, tegelv\u00e4ggar, tr\u00e4staket, d\u00f6rrar, balkongterrasser eller f\u00f6nster en barnlek. Njut av din uteplats till fullo!<\/p>\n<h3>Beskrivning:<\/h3>\n<ul>\n<li>Inkluderar fj\u00e4rrkontroll f\u00f6r bekv\u00e4m kontroll, r\u00e4ckvidd upp till 30 m<\/li>\n<li>Handveven till\u00e5ter ocks\u00e5 manuell man\u00f6vrering f\u00f6r flexibilitet<\/li>\n<li>Justerbar lutning fr\u00e5n 14-30 f\u00f6r individuellt solskydd<\/li>\n<li>Halvkassetthus skyddar presenning och metallarm fr\u00e5n v\u00e4der och vind<\/li>\n<li>270g\/m PU-belagd takpresenning i polyester ger tillf\u00f6rlitligt skydd mot duggregn<\/li>\n<li>Stabil aluminiumram f\u00f6r l\u00e5ngvarig stabilitet<\/li>\n<li>Rekommenderas f\u00f6r betongv\u00e4ggar, l\u00f6vtr\u00e4 och massivt murverk<\/li>\n<li>Enkel installation med vev p\u00e5 v\u00e4nster sida f\u00f6r bekv\u00e4m hantering<\/li>\n<\/ul>\n<h3>Teknisk data:<\/h3>\n<ul>\n<li>F\u00e4rg gr\u00e5<\/li>\n<li>Material: aluminium, polyester<\/li>\n<li>Totala m\u00e5tt: 395L x 300W cm<\/li>\n<li>Handvev: 150L cm<\/li>\n<li>Fj\u00e4rrkontrollens r\u00e4ckvidd: 30 m<\/li>\n<li>Str\u00f6mkabelns l\u00e4ngd: 150 cm<\/li>\n<li>M\u00e4rksp\u00e4nning: 230V \/ 50Hz<\/li>\n<li>M\u00e4rkeffekt: 244W \/ 1,06A<\/li>\n<li>Rekommenderad monteringsh\u00f6jd: 280 cm<\/li>\n<li>N\u00f6dv\u00e4ndigt avst\u00e5nd \u00f6ver f\u00f6nster\/d\u00f6rr: 30 cm<\/li>\n<li>Vindt\u00e4t klass: CE1<\/li>\n<\/ul>\n<h3>Leveransens omfattning:<\/h3>\n<ul>\n<li>1 x Markis<\/li>\n<li>3 x V\u00e4ggf\u00e4sten<\/li>\n<li>6 x expansionsskruvar<\/li>\n<li>1 x Fj\u00e4rrkontroll<\/li>\n<li>1 x handvev<\/li>\n<li>1 x manuell<\/li>\n<\/ul>\n","protected":false},"excerpt":{"rendered":"<p>Skydda ditt utomhusomr\u00e5de med stil och l\u00e4tthet med denna utdragbara markis. Den robusta aluminiumramen garanterar kompromissl\u00f6s stabilitet och tillf\u00f6rlitlighet i&#8230;<\/p>\n","protected":false},"featured_media":48234,"template":"","meta":[],"product_brand":[],"product_cat":[473,471,435],"product_tag":[],"class_list":{"0":"post-48233","1":"product","2":"type-product","3":"status-publish","4":"has-post-thumbnail","6":"product_cat-markiser","7":"product_cat-solskydd-integritetsskydd","8":"product_cat-tradgard-och-terrass","10":"first","11":"instock","12":"sale","13":"taxable","14":"shipping-taxable","15":"purchasable","16":"product-type-simple"},"yoast_head":"<!-- This site is optimized with the Yoast SEO plugin v25.4 - https:\/\/yoast.com\/wordpress\/plugins\/seo\/ -->\n<title>TRUUSK Markis - Elektrisk\/manuell Utdragbar - Halvkassett - Fj\u00e4rrkontroll - Aluminiumram - 4 X 3 M - Gr\u00e5 - TRUUSK - Hem, Tr\u00e4dg\u00e5rd &amp; Fritid<\/title>\n<meta name=\"robots\" content=\"index, follow, max-snippet:-1, max-image-preview:large, max-video-preview:-1\" \/>\n<link rel=\"canonical\" href=\"https:\/\/truusk.store\/sv\/produkt\/truusk-markis-elektrisk-manuell-utdragbar-halvkassett-fjarrkontroll-aluminiumram-4-x-3-m-gra\/\" \/>\n<meta property=\"og:locale\" content=\"sv_SE\" \/>\n<meta property=\"og:type\" content=\"article\" \/>\n<meta property=\"og:title\" content=\"TRUUSK Markis - Elektrisk\/manuell Utdragbar - Halvkassett - Fj\u00e4rrkontroll - Aluminiumram - 4 X 3 M - Gr\u00e5 - TRUUSK - Hem, Tr\u00e4dg\u00e5rd &amp; Fritid\" \/>\n<meta property=\"og:description\" content=\"Skydda ditt utomhusomr\u00e5de med stil och l\u00e4tthet med denna utdragbara markis. Den robusta aluminiumramen garanterar kompromissl\u00f6s stabilitet och tillf\u00f6rlitlighet i...\" \/>\n<meta property=\"og:url\" content=\"https:\/\/truusk.store\/sv\/produkt\/truusk-markis-elektrisk-manuell-utdragbar-halvkassett-fjarrkontroll-aluminiumram-4-x-3-m-gra\/\" \/>\n<meta property=\"og:site_name\" content=\"TRUUSK - Hem, Tr\u00e4dg\u00e5rd &amp; Fritid\" \/>\n<meta property=\"article:modified_time\" content=\"2026-03-12T08:35:29+00:00\" \/>\n<meta property=\"og:image\" content=\"https:\/\/i0.wp.com\/truusk.se\/wp-content\/uploads\/2024\/02\/markis-elektrisk-manuell-utdragbar-halvkassett-fjarrkontroll-aluminiumram-4-x-3-m-gra.webp?fit=800%2C800&ssl=1\" \/>\n\t<meta property=\"og:image:width\" content=\"800\" \/>\n\t<meta property=\"og:image:height\" content=\"800\" \/>\n\t<meta property=\"og:image:type\" content=\"image\/webp\" \/>\n<meta name=\"twitter:card\" content=\"summary_large_image\" \/>\n<meta name=\"twitter:label1\" content=\"Ber\u00e4knad l\u00e4stid\" \/>\n\t<meta name=\"twitter:data1\" content=\"1 minut\" \/>\n<!-- \/ Yoast SEO plugin. -->","yoast_head_json":{"title":"TRUUSK Markis - Elektrisk\/manuell Utdragbar - Halvkassett - Fj\u00e4rrkontroll - Aluminiumram - 4 X 3 M - Gr\u00e5 - TRUUSK - Hem, Tr\u00e4dg\u00e5rd &amp; Fritid","robots":{"index":"index","follow":"follow","max-snippet":"max-snippet:-1","max-image-preview":"max-image-preview:large","max-video-preview":"max-video-preview:-1"},"canonical":"https:\/\/truusk.store\/sv\/produkt\/truusk-markis-elektrisk-manuell-utdragbar-halvkassett-fjarrkontroll-aluminiumram-4-x-3-m-gra\/","og_locale":"sv_SE","og_type":"article","og_title":"TRUUSK Markis - Elektrisk\/manuell Utdragbar - Halvkassett - Fj\u00e4rrkontroll - Aluminiumram - 4 X 3 M - Gr\u00e5 - TRUUSK - Hem, Tr\u00e4dg\u00e5rd &amp; Fritid","og_description":"Skydda ditt utomhusomr\u00e5de med stil och l\u00e4tthet med denna utdragbara markis. Den robusta aluminiumramen garanterar kompromissl\u00f6s stabilitet och tillf\u00f6rlitlighet i...","og_url":"https:\/\/truusk.store\/sv\/produkt\/truusk-markis-elektrisk-manuell-utdragbar-halvkassett-fjarrkontroll-aluminiumram-4-x-3-m-gra\/","og_site_name":"TRUUSK - Hem, Tr\u00e4dg\u00e5rd &amp; Fritid","article_modified_time":"2026-03-12T08:35:29+00:00","og_image":[{"width":800,"height":800,"url":"https:\/\/i0.wp.com\/truusk.se\/wp-content\/uploads\/2024\/02\/markis-elektrisk-manuell-utdragbar-halvkassett-fjarrkontroll-aluminiumram-4-x-3-m-gra.webp?fit=800%2C800&ssl=1","type":"image\/webp"}],"twitter_card":"summary_large_image","twitter_misc":{"Ber\u00e4knad l\u00e4stid":"1 minut"},"schema":{"@context":"https:\/\/schema.org","@graph":[{"@type":"WebPage","@id":"https:\/\/truusk.store\/sv\/produkt\/truusk-markis-elektrisk-manuell-utdragbar-halvkassett-fjarrkontroll-aluminiumram-4-x-3-m-gra\/","url":"https:\/\/truusk.store\/sv\/produkt\/truusk-markis-elektrisk-manuell-utdragbar-halvkassett-fjarrkontroll-aluminiumram-4-x-3-m-gra\/","name":"TRUUSK Markis - Elektrisk\/manuell Utdragbar - Halvkassett - Fj\u00e4rrkontroll - Aluminiumram - 4 X 3 M - Gr\u00e5 - TRUUSK - Hem, Tr\u00e4dg\u00e5rd &amp; Fritid","isPartOf":{"@id":"https:\/\/truusk.store\/sv\/#website"},"primaryImageOfPage":{"@id":"https:\/\/truusk.store\/sv\/produkt\/truusk-markis-elektrisk-manuell-utdragbar-halvkassett-fjarrkontroll-aluminiumram-4-x-3-m-gra\/#primaryimage"},"image":{"@id":"https:\/\/truusk.store\/sv\/produkt\/truusk-markis-elektrisk-manuell-utdragbar-halvkassett-fjarrkontroll-aluminiumram-4-x-3-m-gra\/#primaryimage"},"thumbnailUrl":"https:\/\/i0.wp.com\/truusk.store\/wp-content\/uploads\/2024\/02\/markis-elektrisk-manuell-utdragbar-halvkassett-fjarrkontroll-aluminiumram-4-x-3-m-gra.webp?fit=800%2C800&ssl=1","datePublished":"2024-02-14T06:47:54+00:00","dateModified":"2026-03-12T08:35:29+00:00","breadcrumb":{"@id":"https:\/\/truusk.store\/sv\/produkt\/truusk-markis-elektrisk-manuell-utdragbar-halvkassett-fjarrkontroll-aluminiumram-4-x-3-m-gra\/#breadcrumb"},"inLanguage":"sv-SE","potentialAction":[{"@type":"ReadAction","target":["https:\/\/truusk.store\/sv\/produkt\/truusk-markis-elektrisk-manuell-utdragbar-halvkassett-fjarrkontroll-aluminiumram-4-x-3-m-gra\/"]}]},{"@type":"ImageObject","inLanguage":"sv-SE","@id":"https:\/\/truusk.store\/sv\/produkt\/truusk-markis-elektrisk-manuell-utdragbar-halvkassett-fjarrkontroll-aluminiumram-4-x-3-m-gra\/#primaryimage","url":"https:\/\/i0.wp.com\/truusk.store\/wp-content\/uploads\/2024\/02\/markis-elektrisk-manuell-utdragbar-halvkassett-fjarrkontroll-aluminiumram-4-x-3-m-gra.webp?fit=800%2C800&ssl=1","contentUrl":"https:\/\/i0.wp.com\/truusk.store\/wp-content\/uploads\/2024\/02\/markis-elektrisk-manuell-utdragbar-halvkassett-fjarrkontroll-aluminiumram-4-x-3-m-gra.webp?fit=800%2C800&ssl=1","width":800,"height":800,"caption":"Markis, Elektrisk\/manuell Utdragbar, Halvkassett, Fj\u00e4rrkontroll, Aluminiumram, 4 X 3 M, Gr\u00e5 1"},{"@type":"BreadcrumbList","@id":"https:\/\/truusk.store\/sv\/produkt\/truusk-markis-elektrisk-manuell-utdragbar-halvkassett-fjarrkontroll-aluminiumram-4-x-3-m-gra\/#breadcrumb","itemListElement":[{"@type":"ListItem","position":1,"name":"Home","item":"https:\/\/truusk.store\/sv\/"},{"@type":"ListItem","position":2,"name":"Shop","item":"https:\/\/truusk.store\/shop\/"},{"@type":"ListItem","position":3,"name":"TRUUSK Markis &#8211; Elektrisk\/manuell Utdragbar &#8211; Halvkassett &#8211; Fj\u00e4rrkontroll &#8211; Aluminiumram &#8211; 4 X 3 M &#8211; Gr\u00e5"}]},{"@type":"WebSite","@id":"https:\/\/truusk.store\/sv\/#website","url":"https:\/\/truusk.store\/sv\/","name":"TRUUSK - Hem, Tr\u00e4dg\u00e5rd & Fritid","description":"","publisher":{"@id":"https:\/\/truusk.store\/sv\/#organization"},"potentialAction":[{"@type":"SearchAction","target":{"@type":"EntryPoint","urlTemplate":"https:\/\/truusk.store\/sv\/?s={search_term_string}"},"query-input":{"@type":"PropertyValueSpecification","valueRequired":true,"valueName":"search_term_string"}}],"inLanguage":"sv-SE"},{"@type":"Organization","@id":"https:\/\/truusk.store\/sv\/#organization","name":"TRUUSK - Hem, Tr\u00e4dg\u00e5rd & Fritid","url":"https:\/\/truusk.store\/sv\/","logo":{"@type":"ImageObject","inLanguage":"sv-SE","@id":"https:\/\/truusk.store\/sv\/#\/schema\/logo\/image\/","url":"https:\/\/i0.wp.com\/truusk.store\/wp-content\/uploads\/2026\/03\/cropped-TRUUSK.png?fit=2032%2C917&ssl=1","contentUrl":"https:\/\/i0.wp.com\/truusk.store\/wp-content\/uploads\/2026\/03\/cropped-TRUUSK.png?fit=2032%2C917&ssl=1","width":2032,"height":917,"caption":"TRUUSK - Hem, Tr\u00e4dg\u00e5rd & Fritid"},"image":{"@id":"https:\/\/truusk.store\/sv\/#\/schema\/logo\/image\/"}}]}},"jetpack_sharing_enabled":true,"_links":{"self":[{"href":"https:\/\/truusk.store\/sv\/wp-json\/wp\/v2\/product\/48233","targetHints":{"allow":["GET"]}}],"collection":[{"href":"https:\/\/truusk.store\/sv\/wp-json\/wp\/v2\/product"}],"about":[{"href":"https:\/\/truusk.store\/sv\/wp-json\/wp\/v2\/types\/product"}],"wp:featuredmedia":[{"embeddable":true,"href":"https:\/\/truusk.store\/sv\/wp-json\/wp\/v2\/media\/48234"}],"wp:attachment":[{"href":"https:\/\/truusk.store\/sv\/wp-json\/wp\/v2\/media?parent=48233"}],"wp:term":[{"taxonomy":"product_brand","embeddable":true,"href":"https:\/\/truusk.store\/sv\/wp-json\/wp\/v2\/product_brand?post=48233"},{"taxonomy":"product_cat","embeddable":true,"href":"https:\/\/truusk.store\/sv\/wp-json\/wp\/v2\/product_cat?post=48233"},{"taxonomy":"product_tag","embeddable":true,"href":"https:\/\/truusk.store\/sv\/wp-json\/wp\/v2\/product_tag?post=48233"}],"curies":[{"name":"wp","href":"https:\/\/api.w.org\/{rel}","templated":true}]}}