{"id":48258,"date":"2024-02-14T07:49:30","date_gmt":"2024-02-14T06:49:30","guid":{"rendered":"https:\/\/truusk.store\/product\/uteplatsset-i-rotting-tradgardsmobelset-2-fatoljer-bord-gul\/"},"modified":"2026-03-12T09:35:30","modified_gmt":"2026-03-12T08:35:30","slug":"truusk-uteplatsset-i-rotting-tradgardsmobelset-med-2-fatoljer-bord-gul","status":"publish","type":"product","link":"https:\/\/truusk.store\/sv\/produkt\/truusk-uteplatsset-i-rotting-tradgardsmobelset-med-2-fatoljer-bord-gul\/","title":{"rendered":"TRUUSK Uteplatsset i Rotting &#8211; Tr\u00e4dg\u00e5rdsm\u00f6belset med 2 F\u00e5t\u00f6ljer &amp; Bord &#8211; Gul"},"content":{"rendered":"<p>Njut av din fritid utomhus med detta 3-delade tr\u00e4dg\u00e5rdsbistroset! Setet inneh\u00e5ller tv\u00e5 ergonomiskt formade stolar och ett runt soffbord, som \u00e4r gjorda av robust PE-rotting och en robust st\u00e5lram. Bordets st\u00e5lskiva \u00e4r l\u00e4tt att reng\u00f6ra och ger plats f\u00f6r f\u00f6rfriskningar eller dekoration. Detta tr\u00e4dg\u00e5rdsm\u00f6belset \u00e4r extremt h\u00e5llbart och t\u00e5l de flesta v\u00e4derf\u00f6rh\u00e5llanden, s\u00e5 du kan lita p\u00e5 det \u00e5ret runt.<\/p>\n<h3>Beskrivning:<\/h3>\n<ul>\n<li>Njut av mysiga timmar utomhus med detta 3-delade uteplatsbistroset, best\u00e5ende av tv\u00e5 runda, v\u00e4vda stolar och ett soffbord<\/li>\n<li>Kombinationen av robust PE-rotting och en robust st\u00e5lram ger ditt hem en stilren touch<\/li>\n<li>Det runda soffbordet med st\u00e5lskiva \u00e4r l\u00e4tt att reng\u00f6ra och s\u00e4kerst\u00e4ller praktisk anv\u00e4ndning i vardagen<\/li>\n<li>De mjukt vadderade kuddarna ger dig en bekv\u00e4m sittupplevelse s\u00e5 att du kan luta dig tillbaka och koppla av<\/li>\n<li>Blixtl\u00e5sf\u00f6rsedda kuddfodral m\u00f6jligg\u00f6r enkel borttagning och tv\u00e4ttning f\u00f6r att h\u00e5lla dina sittplatser fr\u00e4scha och rena<\/li>\n<li>Perfekt f\u00f6r uteplatser, balkonger, terrasser och tr\u00e4dg\u00e5rdar f\u00f6r att skapa din utomhusoas<\/li>\n<li>Monteringen g\u00e5r snabbt och enkelt, s\u00e5 att du snabbt kan njuta av setet till fullo<\/li>\n<\/ul>\n<h3>Teknisk data:<\/h3>\n<ul>\n<li>F\u00e4rg: Svart, Gul<\/li>\n<li>Material: st\u00e5l, PE-rotting, polyester<\/li>\n<li>Stolens m\u00e5tt: 70L x 63W x 73H cm<\/li>\n<li>Bordsm\u00e5tt: 40 x 45H cm<\/li>\n<li>Sitsstorlek: 43W x 45D cm<\/li>\n<li>Sitth\u00f6jd (utan dyna): 40 cm<\/li>\n<li>Kuddens tjocklek: 4 cm<\/li>\n<li>Lastkapacitet: 120 kg (stol), 30 kg (bord)<\/li>\n<\/ul>\n<h3>Leveransens omfattning:<\/h3>\n<ul>\n<li>2 x stol<\/li>\n<li>1 x Soffbord<\/li>\n<li>2 x sittdynor<\/li>\n<li>1 x manuell<\/li>\n<li><\/li>\n<\/ul>\n","protected":false},"excerpt":{"rendered":"<p>Njut av din fritid utomhus med detta 3-delade tr\u00e4dg\u00e5rdsbistroset! Setet inneh\u00e5ller tv\u00e5 ergonomiskt formade stolar och ett runt soffbord, som&#8230;<\/p>\n","protected":false},"featured_media":48259,"template":"","meta":[],"product_brand":[],"product_cat":[435,450,455],"product_tag":[],"class_list":{"0":"post-48258","1":"product","2":"type-product","3":"status-publish","4":"has-post-thumbnail","6":"product_cat-tradgard-och-terrass","7":"product_cat-tradgardsmobler","8":"product_cat-tradgardsmobler-i-polyrattan","10":"first","11":"instock","12":"sale","13":"taxable","14":"shipping-taxable","15":"purchasable","16":"product-type-simple"},"yoast_head":"<!-- This site is optimized with the Yoast SEO plugin v25.4 - https:\/\/yoast.com\/wordpress\/plugins\/seo\/ -->\n<title>TRUUSK Uteplatsset i Rotting - Tr\u00e4dg\u00e5rdsm\u00f6belset med 2 F\u00e5t\u00f6ljer &amp; Bord - Gul - TRUUSK - Hem, Tr\u00e4dg\u00e5rd &amp; Fritid<\/title>\n<meta name=\"robots\" content=\"index, follow, max-snippet:-1, max-image-preview:large, max-video-preview:-1\" \/>\n<link rel=\"canonical\" href=\"https:\/\/truusk.store\/sv\/produkt\/truusk-uteplatsset-i-rotting-tradgardsmobelset-med-2-fatoljer-bord-gul\/\" \/>\n<meta property=\"og:locale\" content=\"sv_SE\" \/>\n<meta property=\"og:type\" content=\"article\" \/>\n<meta property=\"og:title\" content=\"TRUUSK Uteplatsset i Rotting - Tr\u00e4dg\u00e5rdsm\u00f6belset med 2 F\u00e5t\u00f6ljer &amp; Bord - Gul - TRUUSK - Hem, Tr\u00e4dg\u00e5rd &amp; Fritid\" \/>\n<meta property=\"og:description\" content=\"Njut av din fritid utomhus med detta 3-delade tr\u00e4dg\u00e5rdsbistroset! Setet inneh\u00e5ller tv\u00e5 ergonomiskt formade stolar och ett runt soffbord, som...\" \/>\n<meta property=\"og:url\" content=\"https:\/\/truusk.store\/sv\/produkt\/truusk-uteplatsset-i-rotting-tradgardsmobelset-med-2-fatoljer-bord-gul\/\" \/>\n<meta property=\"og:site_name\" content=\"TRUUSK - Hem, Tr\u00e4dg\u00e5rd &amp; Fritid\" \/>\n<meta property=\"article:modified_time\" content=\"2026-03-12T08:35:30+00:00\" \/>\n<meta property=\"og:image\" content=\"https:\/\/i0.wp.com\/truusk.se\/wp-content\/uploads\/2024\/02\/uteplatsset-i-rotting-tradgardsmobelset-2-fatoljer-bord-gul.webp?fit=800%2C800&ssl=1\" \/>\n\t<meta property=\"og:image:width\" content=\"800\" \/>\n\t<meta property=\"og:image:height\" content=\"800\" \/>\n\t<meta property=\"og:image:type\" content=\"image\/webp\" \/>\n<meta name=\"twitter:card\" content=\"summary_large_image\" \/>\n<meta name=\"twitter:label1\" content=\"Ber\u00e4knad l\u00e4stid\" \/>\n\t<meta name=\"twitter:data1\" content=\"1 minut\" \/>\n<!-- \/ Yoast SEO plugin. -->","yoast_head_json":{"title":"TRUUSK Uteplatsset i Rotting - Tr\u00e4dg\u00e5rdsm\u00f6belset med 2 F\u00e5t\u00f6ljer &amp; Bord - Gul - TRUUSK - Hem, Tr\u00e4dg\u00e5rd &amp; Fritid","robots":{"index":"index","follow":"follow","max-snippet":"max-snippet:-1","max-image-preview":"max-image-preview:large","max-video-preview":"max-video-preview:-1"},"canonical":"https:\/\/truusk.store\/sv\/produkt\/truusk-uteplatsset-i-rotting-tradgardsmobelset-med-2-fatoljer-bord-gul\/","og_locale":"sv_SE","og_type":"article","og_title":"TRUUSK Uteplatsset i Rotting - Tr\u00e4dg\u00e5rdsm\u00f6belset med 2 F\u00e5t\u00f6ljer &amp; Bord - Gul - TRUUSK - Hem, Tr\u00e4dg\u00e5rd &amp; Fritid","og_description":"Njut av din fritid utomhus med detta 3-delade tr\u00e4dg\u00e5rdsbistroset! Setet inneh\u00e5ller tv\u00e5 ergonomiskt formade stolar och ett runt soffbord, som...","og_url":"https:\/\/truusk.store\/sv\/produkt\/truusk-uteplatsset-i-rotting-tradgardsmobelset-med-2-fatoljer-bord-gul\/","og_site_name":"TRUUSK - Hem, Tr\u00e4dg\u00e5rd &amp; Fritid","article_modified_time":"2026-03-12T08:35:30+00:00","og_image":[{"width":800,"height":800,"url":"https:\/\/i0.wp.com\/truusk.se\/wp-content\/uploads\/2024\/02\/uteplatsset-i-rotting-tradgardsmobelset-2-fatoljer-bord-gul.webp?fit=800%2C800&ssl=1","type":"image\/webp"}],"twitter_card":"summary_large_image","twitter_misc":{"Ber\u00e4knad l\u00e4stid":"1 minut"},"schema":{"@context":"https:\/\/schema.org","@graph":[{"@type":"WebPage","@id":"https:\/\/truusk.store\/sv\/produkt\/truusk-uteplatsset-i-rotting-tradgardsmobelset-med-2-fatoljer-bord-gul\/","url":"https:\/\/truusk.store\/sv\/produkt\/truusk-uteplatsset-i-rotting-tradgardsmobelset-med-2-fatoljer-bord-gul\/","name":"TRUUSK Uteplatsset i Rotting - Tr\u00e4dg\u00e5rdsm\u00f6belset med 2 F\u00e5t\u00f6ljer &amp; Bord - Gul - TRUUSK - Hem, Tr\u00e4dg\u00e5rd &amp; Fritid","isPartOf":{"@id":"https:\/\/truusk.store\/sv\/#website"},"primaryImageOfPage":{"@id":"https:\/\/truusk.store\/sv\/produkt\/truusk-uteplatsset-i-rotting-tradgardsmobelset-med-2-fatoljer-bord-gul\/#primaryimage"},"image":{"@id":"https:\/\/truusk.store\/sv\/produkt\/truusk-uteplatsset-i-rotting-tradgardsmobelset-med-2-fatoljer-bord-gul\/#primaryimage"},"thumbnailUrl":"https:\/\/i0.wp.com\/truusk.store\/wp-content\/uploads\/2024\/02\/uteplatsset-i-rotting-tradgardsmobelset-2-fatoljer-bord-gul.webp?fit=800%2C800&ssl=1","datePublished":"2024-02-14T06:49:30+00:00","dateModified":"2026-03-12T08:35:30+00:00","breadcrumb":{"@id":"https:\/\/truusk.store\/sv\/produkt\/truusk-uteplatsset-i-rotting-tradgardsmobelset-med-2-fatoljer-bord-gul\/#breadcrumb"},"inLanguage":"sv-SE","potentialAction":[{"@type":"ReadAction","target":["https:\/\/truusk.store\/sv\/produkt\/truusk-uteplatsset-i-rotting-tradgardsmobelset-med-2-fatoljer-bord-gul\/"]}]},{"@type":"ImageObject","inLanguage":"sv-SE","@id":"https:\/\/truusk.store\/sv\/produkt\/truusk-uteplatsset-i-rotting-tradgardsmobelset-med-2-fatoljer-bord-gul\/#primaryimage","url":"https:\/\/i0.wp.com\/truusk.store\/wp-content\/uploads\/2024\/02\/uteplatsset-i-rotting-tradgardsmobelset-2-fatoljer-bord-gul.webp?fit=800%2C800&ssl=1","contentUrl":"https:\/\/i0.wp.com\/truusk.store\/wp-content\/uploads\/2024\/02\/uteplatsset-i-rotting-tradgardsmobelset-2-fatoljer-bord-gul.webp?fit=800%2C800&ssl=1","width":800,"height":800,"caption":"Uteplatsset I Rotting, Tr\u00e4dg\u00e5rdsm\u00f6belset, 2 F\u00e5t\u00f6ljer &amp; Bord, Gul 1"},{"@type":"BreadcrumbList","@id":"https:\/\/truusk.store\/sv\/produkt\/truusk-uteplatsset-i-rotting-tradgardsmobelset-med-2-fatoljer-bord-gul\/#breadcrumb","itemListElement":[{"@type":"ListItem","position":1,"name":"Home","item":"https:\/\/truusk.store\/sv\/"},{"@type":"ListItem","position":2,"name":"Shop","item":"https:\/\/truusk.store\/shop\/"},{"@type":"ListItem","position":3,"name":"TRUUSK Uteplatsset i Rotting &#8211; Tr\u00e4dg\u00e5rdsm\u00f6belset med 2 F\u00e5t\u00f6ljer &amp; Bord &#8211; Gul"}]},{"@type":"WebSite","@id":"https:\/\/truusk.store\/sv\/#website","url":"https:\/\/truusk.store\/sv\/","name":"TRUUSK - Hem, Tr\u00e4dg\u00e5rd & Fritid","description":"","publisher":{"@id":"https:\/\/truusk.store\/sv\/#organization"},"potentialAction":[{"@type":"SearchAction","target":{"@type":"EntryPoint","urlTemplate":"https:\/\/truusk.store\/sv\/?s={search_term_string}"},"query-input":{"@type":"PropertyValueSpecification","valueRequired":true,"valueName":"search_term_string"}}],"inLanguage":"sv-SE"},{"@type":"Organization","@id":"https:\/\/truusk.store\/sv\/#organization","name":"TRUUSK - Hem, Tr\u00e4dg\u00e5rd & Fritid","url":"https:\/\/truusk.store\/sv\/","logo":{"@type":"ImageObject","inLanguage":"sv-SE","@id":"https:\/\/truusk.store\/sv\/#\/schema\/logo\/image\/","url":"https:\/\/i0.wp.com\/truusk.store\/wp-content\/uploads\/2026\/03\/cropped-TRUUSK.png?fit=2032%2C917&ssl=1","contentUrl":"https:\/\/i0.wp.com\/truusk.store\/wp-content\/uploads\/2026\/03\/cropped-TRUUSK.png?fit=2032%2C917&ssl=1","width":2032,"height":917,"caption":"TRUUSK - Hem, Tr\u00e4dg\u00e5rd & Fritid"},"image":{"@id":"https:\/\/truusk.store\/sv\/#\/schema\/logo\/image\/"}}]}},"jetpack_sharing_enabled":true,"_links":{"self":[{"href":"https:\/\/truusk.store\/sv\/wp-json\/wp\/v2\/product\/48258","targetHints":{"allow":["GET"]}}],"collection":[{"href":"https:\/\/truusk.store\/sv\/wp-json\/wp\/v2\/product"}],"about":[{"href":"https:\/\/truusk.store\/sv\/wp-json\/wp\/v2\/types\/product"}],"wp:featuredmedia":[{"embeddable":true,"href":"https:\/\/truusk.store\/sv\/wp-json\/wp\/v2\/media\/48259"}],"wp:attachment":[{"href":"https:\/\/truusk.store\/sv\/wp-json\/wp\/v2\/media?parent=48258"}],"wp:term":[{"taxonomy":"product_brand","embeddable":true,"href":"https:\/\/truusk.store\/sv\/wp-json\/wp\/v2\/product_brand?post=48258"},{"taxonomy":"product_cat","embeddable":true,"href":"https:\/\/truusk.store\/sv\/wp-json\/wp\/v2\/product_cat?post=48258"},{"taxonomy":"product_tag","embeddable":true,"href":"https:\/\/truusk.store\/sv\/wp-json\/wp\/v2\/product_tag?post=48258"}],"curies":[{"name":"wp","href":"https:\/\/api.w.org\/{rel}","templated":true}]}}