{"id":48272,"date":"2024-02-14T07:50:37","date_gmt":"2024-02-14T06:50:37","guid":{"rendered":"https:\/\/truusk.store\/product\/5-st-matgrupp-matbord-med-4-stolar-modern-design-glasbord-vit\/"},"modified":"2026-03-12T09:35:30","modified_gmt":"2026-03-12T08:35:30","slug":"truusk-5-delars-matgrupp-modernt-design-glasbord-vit-4-stolar","status":"publish","type":"product","link":"https:\/\/truusk.store\/sv\/produkt\/truusk-5-delars-matgrupp-modernt-design-glasbord-vit-4-stolar\/","title":{"rendered":"TRUUSK 5-delars matgrupp &#8211; Modernt design &#8211; Glasbord &#8211; Vit &#8211; 4 stolar"},"content":{"rendered":"<p>F\u00f6rvandla \u00e4ven det minsta rummet till en mysig matsal. \u00c4t med familj och v\u00e4nner bekv\u00e4mt och bekv\u00e4mt vid detta matbord med 4 stolar. Den robusta st\u00e5lramen \u00e4r extremt h\u00e5llbar, medan det eleganta konstl\u00e4der\u00f6verdraget \u00e4r s\u00e4rskilt l\u00e4ttsk\u00f6tt. F\u00f6r att f\u00e5 rummet att se st\u00f6rre ut och f\u00e5 mer anv\u00e4ndbart utrymme, skjut in stolarna under bordet. Ta med k\u00f6ksbordet in i ditt hem och njut av dina m\u00e5ltider till fullo.<\/p>\n<h3>Beskrivning:<\/h3>\n<ul>\n<li>Matsetets moderna design passar de flesta inredningsstilar<\/li>\n<li>Matbordssetet i 5 delar best\u00e5r av ett bord och 4 stolar<\/li>\n<li>Sitsen \u00e4r vadderad och ryggst\u00f6det st\u00f6djer. Detta s\u00e4kerst\u00e4ller bekv\u00e4mt sittande<\/li>\n<li>Fyra stolar utan armst\u00f6d kan skjutas in under bordet f\u00f6r att spara utrymme<\/li>\n<li>Det h\u00e4rdade glaset, pulverlackerade st\u00e5lben och fodral i konstl\u00e4der \u00e4r robusta och l\u00e4tta att reng\u00f6ra<\/li>\n<li>Halkfria f\u00f6tter f\u00f6rhindrar repor p\u00e5 golvet<\/li>\n<li>Montering kr\u00e4vs<\/li>\n<\/ul>\n<h3>Teknisk data:<\/h3>\n<ul>\n<li>F\u00e4rg vit<\/li>\n<li>Material: h\u00e4rdat glas, st\u00e5l, konstl\u00e4der, skum<\/li>\n<li>M\u00e5tttabell: 120L x 60W x 75H cm<\/li>\n<li>M\u00e5tt stol: 41W x 50D x 97H cm<\/li>\n<li>Sitsm\u00e5tt: 41W x 41D x 47H cm<\/li>\n<li>Ryggst\u00f6dsm\u00e5tt: 36W x 50H cm<\/li>\n<li>Ryggst\u00f6dets tjocklek: 4 cm<\/li>\n<li>M\u00e5tt p\u00e5 bordsben: 6 x 74,2H cm<\/li>\n<li>M\u00e5tt p\u00e5 stolsben: 2,2 x 43,5H cm<\/li>\n<li>Lastkapacitet: 30 kg (bord), 120 kg (stol)<\/li>\n<li>Erforderlig golvyta: 180L x 170W cm<\/li>\n<\/ul>\n<h3>Leveransens omfattning:<\/h3>\n<ul>\n<li>1 x bord<\/li>\n<li>4 x stol<\/li>\n<li>1 x manuell<\/li>\n<\/ul>\n","protected":false},"excerpt":{"rendered":"<p>F\u00f6rvandla \u00e4ven det minsta rummet till en mysig matsal. \u00c4t med familj och v\u00e4nner bekv\u00e4mt och bekv\u00e4mt vid detta matbord&#8230;<\/p>\n","protected":false},"featured_media":48273,"template":"","meta":[],"product_brand":[],"product_cat":[485,512,501],"product_tag":[],"class_list":{"0":"post-48272","1":"product","2":"type-product","3":"status-publish","4":"has-post-thumbnail","6":"product_cat-hus-bo","7":"product_cat-matgrupper","8":"product_cat-tabeller","10":"first","11":"instock","12":"sale","13":"taxable","14":"shipping-taxable","15":"purchasable","16":"product-type-simple"},"yoast_head":"<!-- This site is optimized with the Yoast SEO plugin v25.4 - https:\/\/yoast.com\/wordpress\/plugins\/seo\/ -->\n<title>TRUUSK 5-delars matgrupp - Modernt design - Glasbord - Vit - 4 stolar - TRUUSK - Hem, Tr\u00e4dg\u00e5rd &amp; Fritid<\/title>\n<meta name=\"robots\" content=\"index, follow, max-snippet:-1, max-image-preview:large, max-video-preview:-1\" \/>\n<link rel=\"canonical\" href=\"https:\/\/truusk.store\/sv\/produkt\/truusk-5-delars-matgrupp-modernt-design-glasbord-vit-4-stolar\/\" \/>\n<meta property=\"og:locale\" content=\"sv_SE\" \/>\n<meta property=\"og:type\" content=\"article\" \/>\n<meta property=\"og:title\" content=\"TRUUSK 5-delars matgrupp - Modernt design - Glasbord - Vit - 4 stolar - TRUUSK - Hem, Tr\u00e4dg\u00e5rd &amp; Fritid\" \/>\n<meta property=\"og:description\" content=\"F\u00f6rvandla \u00e4ven det minsta rummet till en mysig matsal. \u00c4t med familj och v\u00e4nner bekv\u00e4mt och bekv\u00e4mt vid detta matbord...\" \/>\n<meta property=\"og:url\" content=\"https:\/\/truusk.store\/sv\/produkt\/truusk-5-delars-matgrupp-modernt-design-glasbord-vit-4-stolar\/\" \/>\n<meta property=\"og:site_name\" content=\"TRUUSK - Hem, Tr\u00e4dg\u00e5rd &amp; Fritid\" \/>\n<meta property=\"article:modified_time\" content=\"2026-03-12T08:35:30+00:00\" \/>\n<meta property=\"og:image\" content=\"https:\/\/i0.wp.com\/truusk.se\/wp-content\/uploads\/2024\/02\/5-st-matgrupp-matbord-med-4-stolar-modern-design-glasbord-vit.webp?fit=800%2C800&ssl=1\" \/>\n\t<meta property=\"og:image:width\" content=\"800\" \/>\n\t<meta property=\"og:image:height\" content=\"800\" \/>\n\t<meta property=\"og:image:type\" content=\"image\/webp\" \/>\n<meta name=\"twitter:card\" content=\"summary_large_image\" \/>\n<meta name=\"twitter:label1\" content=\"Ber\u00e4knad l\u00e4stid\" \/>\n\t<meta name=\"twitter:data1\" content=\"1 minut\" \/>\n<!-- \/ Yoast SEO plugin. -->","yoast_head_json":{"title":"TRUUSK 5-delars matgrupp - Modernt design - Glasbord - Vit - 4 stolar - TRUUSK - Hem, Tr\u00e4dg\u00e5rd &amp; Fritid","robots":{"index":"index","follow":"follow","max-snippet":"max-snippet:-1","max-image-preview":"max-image-preview:large","max-video-preview":"max-video-preview:-1"},"canonical":"https:\/\/truusk.store\/sv\/produkt\/truusk-5-delars-matgrupp-modernt-design-glasbord-vit-4-stolar\/","og_locale":"sv_SE","og_type":"article","og_title":"TRUUSK 5-delars matgrupp - Modernt design - Glasbord - Vit - 4 stolar - TRUUSK - Hem, Tr\u00e4dg\u00e5rd &amp; Fritid","og_description":"F\u00f6rvandla \u00e4ven det minsta rummet till en mysig matsal. \u00c4t med familj och v\u00e4nner bekv\u00e4mt och bekv\u00e4mt vid detta matbord...","og_url":"https:\/\/truusk.store\/sv\/produkt\/truusk-5-delars-matgrupp-modernt-design-glasbord-vit-4-stolar\/","og_site_name":"TRUUSK - Hem, Tr\u00e4dg\u00e5rd &amp; Fritid","article_modified_time":"2026-03-12T08:35:30+00:00","og_image":[{"width":800,"height":800,"url":"https:\/\/i0.wp.com\/truusk.se\/wp-content\/uploads\/2024\/02\/5-st-matgrupp-matbord-med-4-stolar-modern-design-glasbord-vit.webp?fit=800%2C800&ssl=1","type":"image\/webp"}],"twitter_card":"summary_large_image","twitter_misc":{"Ber\u00e4knad l\u00e4stid":"1 minut"},"schema":{"@context":"https:\/\/schema.org","@graph":[{"@type":"WebPage","@id":"https:\/\/truusk.store\/sv\/produkt\/truusk-5-delars-matgrupp-modernt-design-glasbord-vit-4-stolar\/","url":"https:\/\/truusk.store\/sv\/produkt\/truusk-5-delars-matgrupp-modernt-design-glasbord-vit-4-stolar\/","name":"TRUUSK 5-delars matgrupp - Modernt design - Glasbord - Vit - 4 stolar - TRUUSK - Hem, Tr\u00e4dg\u00e5rd &amp; Fritid","isPartOf":{"@id":"https:\/\/truusk.store\/sv\/#website"},"primaryImageOfPage":{"@id":"https:\/\/truusk.store\/sv\/produkt\/truusk-5-delars-matgrupp-modernt-design-glasbord-vit-4-stolar\/#primaryimage"},"image":{"@id":"https:\/\/truusk.store\/sv\/produkt\/truusk-5-delars-matgrupp-modernt-design-glasbord-vit-4-stolar\/#primaryimage"},"thumbnailUrl":"https:\/\/i0.wp.com\/truusk.store\/wp-content\/uploads\/2024\/02\/5-st-matgrupp-matbord-med-4-stolar-modern-design-glasbord-vit.webp?fit=800%2C800&ssl=1","datePublished":"2024-02-14T06:50:37+00:00","dateModified":"2026-03-12T08:35:30+00:00","breadcrumb":{"@id":"https:\/\/truusk.store\/sv\/produkt\/truusk-5-delars-matgrupp-modernt-design-glasbord-vit-4-stolar\/#breadcrumb"},"inLanguage":"sv-SE","potentialAction":[{"@type":"ReadAction","target":["https:\/\/truusk.store\/sv\/produkt\/truusk-5-delars-matgrupp-modernt-design-glasbord-vit-4-stolar\/"]}]},{"@type":"ImageObject","inLanguage":"sv-SE","@id":"https:\/\/truusk.store\/sv\/produkt\/truusk-5-delars-matgrupp-modernt-design-glasbord-vit-4-stolar\/#primaryimage","url":"https:\/\/i0.wp.com\/truusk.store\/wp-content\/uploads\/2024\/02\/5-st-matgrupp-matbord-med-4-stolar-modern-design-glasbord-vit.webp?fit=800%2C800&ssl=1","contentUrl":"https:\/\/i0.wp.com\/truusk.store\/wp-content\/uploads\/2024\/02\/5-st-matgrupp-matbord-med-4-stolar-modern-design-glasbord-vit.webp?fit=800%2C800&ssl=1","width":800,"height":800,"caption":"5 St. Matgrupp, Matbord Med 4 Stolar, Modern Design, Glasbord, Vit 1"},{"@type":"BreadcrumbList","@id":"https:\/\/truusk.store\/sv\/produkt\/truusk-5-delars-matgrupp-modernt-design-glasbord-vit-4-stolar\/#breadcrumb","itemListElement":[{"@type":"ListItem","position":1,"name":"Home","item":"https:\/\/truusk.store\/sv\/"},{"@type":"ListItem","position":2,"name":"Shop","item":"https:\/\/truusk.store\/shop\/"},{"@type":"ListItem","position":3,"name":"TRUUSK 5-delars matgrupp &#8211; Modernt design &#8211; Glasbord &#8211; Vit &#8211; 4 stolar"}]},{"@type":"WebSite","@id":"https:\/\/truusk.store\/sv\/#website","url":"https:\/\/truusk.store\/sv\/","name":"TRUUSK - Hem, Tr\u00e4dg\u00e5rd & Fritid","description":"","publisher":{"@id":"https:\/\/truusk.store\/sv\/#organization"},"potentialAction":[{"@type":"SearchAction","target":{"@type":"EntryPoint","urlTemplate":"https:\/\/truusk.store\/sv\/?s={search_term_string}"},"query-input":{"@type":"PropertyValueSpecification","valueRequired":true,"valueName":"search_term_string"}}],"inLanguage":"sv-SE"},{"@type":"Organization","@id":"https:\/\/truusk.store\/sv\/#organization","name":"TRUUSK - Hem, Tr\u00e4dg\u00e5rd & Fritid","url":"https:\/\/truusk.store\/sv\/","logo":{"@type":"ImageObject","inLanguage":"sv-SE","@id":"https:\/\/truusk.store\/sv\/#\/schema\/logo\/image\/","url":"https:\/\/i0.wp.com\/truusk.store\/wp-content\/uploads\/2026\/03\/cropped-TRUUSK.png?fit=2032%2C917&ssl=1","contentUrl":"https:\/\/i0.wp.com\/truusk.store\/wp-content\/uploads\/2026\/03\/cropped-TRUUSK.png?fit=2032%2C917&ssl=1","width":2032,"height":917,"caption":"TRUUSK - Hem, Tr\u00e4dg\u00e5rd & Fritid"},"image":{"@id":"https:\/\/truusk.store\/sv\/#\/schema\/logo\/image\/"}}]}},"jetpack_sharing_enabled":true,"_links":{"self":[{"href":"https:\/\/truusk.store\/sv\/wp-json\/wp\/v2\/product\/48272","targetHints":{"allow":["GET"]}}],"collection":[{"href":"https:\/\/truusk.store\/sv\/wp-json\/wp\/v2\/product"}],"about":[{"href":"https:\/\/truusk.store\/sv\/wp-json\/wp\/v2\/types\/product"}],"wp:featuredmedia":[{"embeddable":true,"href":"https:\/\/truusk.store\/sv\/wp-json\/wp\/v2\/media\/48273"}],"wp:attachment":[{"href":"https:\/\/truusk.store\/sv\/wp-json\/wp\/v2\/media?parent=48272"}],"wp:term":[{"taxonomy":"product_brand","embeddable":true,"href":"https:\/\/truusk.store\/sv\/wp-json\/wp\/v2\/product_brand?post=48272"},{"taxonomy":"product_cat","embeddable":true,"href":"https:\/\/truusk.store\/sv\/wp-json\/wp\/v2\/product_cat?post=48272"},{"taxonomy":"product_tag","embeddable":true,"href":"https:\/\/truusk.store\/sv\/wp-json\/wp\/v2\/product_tag?post=48272"}],"curies":[{"name":"wp","href":"https:\/\/api.w.org\/{rel}","templated":true}]}}