{"id":48278,"date":"2024-02-14T07:50:52","date_gmt":"2024-02-14T06:50:52","guid":{"rendered":"https:\/\/truusk.store\/product\/hopfallbar-hundvagn-1-korg-1-kudde-1-sidficka-81cm-x-48cm-x-99cm-gra-3\/"},"modified":"2026-03-12T09:35:34","modified_gmt":"2026-03-12T08:35:34","slug":"truusk-hopfallbar-hundvagn-1-korg-1-kudde-1-sidficka-81cm-x-48cm-x-99cm-gra","status":"publish","type":"product","link":"https:\/\/truusk.store\/sv\/produkt\/truusk-hopfallbar-hundvagn-1-korg-1-kudde-1-sidficka-81cm-x-48cm-x-99cm-gra\/","title":{"rendered":"TRUUSK Hopf\u00e4llbar Hundvagn &#8211; 1 Korg &#8211; 1 Kudde &#8211; 1 Sidficka &#8211; 81cm x 48cm x 99cm &#8211; Gr\u00e5"},"content":{"rendered":"<p>Beh\u00f6ver du en bra hundvagn f\u00f6r att ta din lurviga v\u00e4n med dig? Kolla d\u00e5 in denna hundvagn! Denna unikt designade hundvagn \u00e4r perfekt f\u00f6r djur\u00e4gare som reser mycket med sina hundar. Hundvagnen har en extra korg d\u00e4r du kan f\u00f6rvara tillbeh\u00f6r. De mjukt l\u00f6pande hjulen ser till att du kan ta den \u00f6verallt. Med denna hundvagn kan du ta dina husdjur vart du vill!<\/p>\n<h3>Beskrivning:<\/h3>\n<ul>\n<li>Stor hundvagn f\u00f6r mer komfort<\/li>\n<li>Huvan kan justeras i 4 l\u00e4gen<\/li>\n<li>N\u00e4tf\u00f6nster ger god ventilation<\/li>\n<li>Solid konstruktion med st\u00e5lram och 600D Oxford-tyg<\/li>\n<li>2 universalhjul fram och 2 bakhjul med broms<\/li>\n<li>2 s\u00e4kerhetskoppel inuti f\u00f6r att h\u00e5lla ditt husdjur s\u00e4kert fastsp\u00e4nt<\/li>\n<li>En mjuk kudde f\u00f6r hundvagn medf\u00f6ljer<\/li>\n<li>Utrustad med en liten v\u00e4ska och en korg<\/li>\n<li>Vikbar hundvagn design f\u00f6r f\u00f6rvaring och transport<\/li>\n<\/ul>\n<h3>Teknisk data:<\/h3>\n<ul>\n<li>F\u00e4rg: Marinbl\u00e5<\/li>\n<li>Material: Oxfordtyg (100% polyester), st\u00e5l<\/li>\n<li>Totala m\u00e5tt: 81L x 48W x 99H cm<\/li>\n<li>Innerm\u00e5tt: 62L x 33W x 59\/32H cm (med\/utan kapell)<\/li>\n<li>Vikt storlek: 78,5L x 48W x 26,5H cm<\/li>\n<li>Korgstorlek: 44,5L x 35W x 15,5H cm<\/li>\n<li>Storlek p\u00e5 framhjulen: 14,5cm<\/li>\n<li>Bakhjulsstorlek: 14,5 cm<\/li>\n<\/ul>\n<h3>Leveransens omfattning:<\/h3>\n<ul>\n<li>1 x Hundvagn<\/li>\n<li>1 x manuell<\/li>\n<\/ul>\n","protected":false},"excerpt":{"rendered":"<p>Beh\u00f6ver du en bra hundvagn f\u00f6r att ta din lurviga v\u00e4n med dig? Kolla d\u00e5 in denna hundvagn! Denna unikt&#8230;<\/p>\n","protected":false},"featured_media":48279,"template":"","meta":[],"product_brand":[],"product_cat":[574,579,573],"product_tag":[],"class_list":{"0":"post-48278","1":"product","2":"type-product","3":"status-publish","4":"has-post-thumbnail","6":"product_cat-hundtillbehor","7":"product_cat-hundvagn","8":"product_cat-husdjursmaterial","10":"first","11":"instock","12":"sale","13":"taxable","14":"shipping-taxable","15":"purchasable","16":"product-type-simple"},"yoast_head":"<!-- This site is optimized with the Yoast SEO plugin v25.4 - https:\/\/yoast.com\/wordpress\/plugins\/seo\/ -->\n<title>TRUUSK Hopf\u00e4llbar Hundvagn - 1 Korg - 1 Kudde - 1 Sidficka - 81cm x 48cm x 99cm - Gr\u00e5 - TRUUSK - Hem, Tr\u00e4dg\u00e5rd &amp; Fritid<\/title>\n<meta name=\"robots\" content=\"index, follow, max-snippet:-1, max-image-preview:large, max-video-preview:-1\" \/>\n<link rel=\"canonical\" href=\"https:\/\/truusk.store\/sv\/produkt\/truusk-hopfallbar-hundvagn-1-korg-1-kudde-1-sidficka-81cm-x-48cm-x-99cm-gra\/\" \/>\n<meta property=\"og:locale\" content=\"sv_SE\" \/>\n<meta property=\"og:type\" content=\"article\" \/>\n<meta property=\"og:title\" content=\"TRUUSK Hopf\u00e4llbar Hundvagn - 1 Korg - 1 Kudde - 1 Sidficka - 81cm x 48cm x 99cm - Gr\u00e5 - TRUUSK - Hem, Tr\u00e4dg\u00e5rd &amp; Fritid\" \/>\n<meta property=\"og:description\" content=\"Beh\u00f6ver du en bra hundvagn f\u00f6r att ta din lurviga v\u00e4n med dig? Kolla d\u00e5 in denna hundvagn! Denna unikt...\" \/>\n<meta property=\"og:url\" content=\"https:\/\/truusk.store\/sv\/produkt\/truusk-hopfallbar-hundvagn-1-korg-1-kudde-1-sidficka-81cm-x-48cm-x-99cm-gra\/\" \/>\n<meta property=\"og:site_name\" content=\"TRUUSK - Hem, Tr\u00e4dg\u00e5rd &amp; Fritid\" \/>\n<meta property=\"article:modified_time\" content=\"2026-03-12T08:35:34+00:00\" \/>\n<meta property=\"og:image\" content=\"https:\/\/i0.wp.com\/truusk.se\/wp-content\/uploads\/2024\/02\/hopfallbar-hundvagn-1-korg-1-kudde-1-sidficka-81cm-x-48cm-x-99cm-gra-20.webp?fit=800%2C800&ssl=1\" \/>\n\t<meta property=\"og:image:width\" content=\"800\" \/>\n\t<meta property=\"og:image:height\" content=\"800\" \/>\n\t<meta property=\"og:image:type\" content=\"image\/webp\" \/>\n<meta name=\"twitter:card\" content=\"summary_large_image\" \/>\n<meta name=\"twitter:label1\" content=\"Ber\u00e4knad l\u00e4stid\" \/>\n\t<meta name=\"twitter:data1\" content=\"1 minut\" \/>\n<!-- \/ Yoast SEO plugin. -->","yoast_head_json":{"title":"TRUUSK Hopf\u00e4llbar Hundvagn - 1 Korg - 1 Kudde - 1 Sidficka - 81cm x 48cm x 99cm - Gr\u00e5 - TRUUSK - Hem, Tr\u00e4dg\u00e5rd &amp; Fritid","robots":{"index":"index","follow":"follow","max-snippet":"max-snippet:-1","max-image-preview":"max-image-preview:large","max-video-preview":"max-video-preview:-1"},"canonical":"https:\/\/truusk.store\/sv\/produkt\/truusk-hopfallbar-hundvagn-1-korg-1-kudde-1-sidficka-81cm-x-48cm-x-99cm-gra\/","og_locale":"sv_SE","og_type":"article","og_title":"TRUUSK Hopf\u00e4llbar Hundvagn - 1 Korg - 1 Kudde - 1 Sidficka - 81cm x 48cm x 99cm - Gr\u00e5 - TRUUSK - Hem, Tr\u00e4dg\u00e5rd &amp; Fritid","og_description":"Beh\u00f6ver du en bra hundvagn f\u00f6r att ta din lurviga v\u00e4n med dig? Kolla d\u00e5 in denna hundvagn! Denna unikt...","og_url":"https:\/\/truusk.store\/sv\/produkt\/truusk-hopfallbar-hundvagn-1-korg-1-kudde-1-sidficka-81cm-x-48cm-x-99cm-gra\/","og_site_name":"TRUUSK - Hem, Tr\u00e4dg\u00e5rd &amp; Fritid","article_modified_time":"2026-03-12T08:35:34+00:00","og_image":[{"width":800,"height":800,"url":"https:\/\/i0.wp.com\/truusk.se\/wp-content\/uploads\/2024\/02\/hopfallbar-hundvagn-1-korg-1-kudde-1-sidficka-81cm-x-48cm-x-99cm-gra-20.webp?fit=800%2C800&ssl=1","type":"image\/webp"}],"twitter_card":"summary_large_image","twitter_misc":{"Ber\u00e4knad l\u00e4stid":"1 minut"},"schema":{"@context":"https:\/\/schema.org","@graph":[{"@type":"WebPage","@id":"https:\/\/truusk.store\/sv\/produkt\/truusk-hopfallbar-hundvagn-1-korg-1-kudde-1-sidficka-81cm-x-48cm-x-99cm-gra\/","url":"https:\/\/truusk.store\/sv\/produkt\/truusk-hopfallbar-hundvagn-1-korg-1-kudde-1-sidficka-81cm-x-48cm-x-99cm-gra\/","name":"TRUUSK Hopf\u00e4llbar Hundvagn - 1 Korg - 1 Kudde - 1 Sidficka - 81cm x 48cm x 99cm - Gr\u00e5 - TRUUSK - Hem, Tr\u00e4dg\u00e5rd &amp; Fritid","isPartOf":{"@id":"https:\/\/truusk.store\/sv\/#website"},"primaryImageOfPage":{"@id":"https:\/\/truusk.store\/sv\/produkt\/truusk-hopfallbar-hundvagn-1-korg-1-kudde-1-sidficka-81cm-x-48cm-x-99cm-gra\/#primaryimage"},"image":{"@id":"https:\/\/truusk.store\/sv\/produkt\/truusk-hopfallbar-hundvagn-1-korg-1-kudde-1-sidficka-81cm-x-48cm-x-99cm-gra\/#primaryimage"},"thumbnailUrl":"https:\/\/i0.wp.com\/truusk.store\/wp-content\/uploads\/2024\/02\/hopfallbar-hundvagn-1-korg-1-kudde-1-sidficka-81cm-x-48cm-x-99cm-gra-20.webp?fit=800%2C800&ssl=1","datePublished":"2024-02-14T06:50:52+00:00","dateModified":"2026-03-12T08:35:34+00:00","breadcrumb":{"@id":"https:\/\/truusk.store\/sv\/produkt\/truusk-hopfallbar-hundvagn-1-korg-1-kudde-1-sidficka-81cm-x-48cm-x-99cm-gra\/#breadcrumb"},"inLanguage":"sv-SE","potentialAction":[{"@type":"ReadAction","target":["https:\/\/truusk.store\/sv\/produkt\/truusk-hopfallbar-hundvagn-1-korg-1-kudde-1-sidficka-81cm-x-48cm-x-99cm-gra\/"]}]},{"@type":"ImageObject","inLanguage":"sv-SE","@id":"https:\/\/truusk.store\/sv\/produkt\/truusk-hopfallbar-hundvagn-1-korg-1-kudde-1-sidficka-81cm-x-48cm-x-99cm-gra\/#primaryimage","url":"https:\/\/i0.wp.com\/truusk.store\/wp-content\/uploads\/2024\/02\/hopfallbar-hundvagn-1-korg-1-kudde-1-sidficka-81cm-x-48cm-x-99cm-gra-20.webp?fit=800%2C800&ssl=1","contentUrl":"https:\/\/i0.wp.com\/truusk.store\/wp-content\/uploads\/2024\/02\/hopfallbar-hundvagn-1-korg-1-kudde-1-sidficka-81cm-x-48cm-x-99cm-gra-20.webp?fit=800%2C800&ssl=1","width":800,"height":800,"caption":"Hopf\u00e4llbar Hundvagn 1 Korg 1 Kudde 1 Sidficka 81cm X 48cm X 99cm Gr\u00e5 1"},{"@type":"BreadcrumbList","@id":"https:\/\/truusk.store\/sv\/produkt\/truusk-hopfallbar-hundvagn-1-korg-1-kudde-1-sidficka-81cm-x-48cm-x-99cm-gra\/#breadcrumb","itemListElement":[{"@type":"ListItem","position":1,"name":"Home","item":"https:\/\/truusk.store\/sv\/"},{"@type":"ListItem","position":2,"name":"Shop","item":"https:\/\/truusk.store\/shop\/"},{"@type":"ListItem","position":3,"name":"TRUUSK Hopf\u00e4llbar Hundvagn &#8211; 1 Korg &#8211; 1 Kudde &#8211; 1 Sidficka &#8211; 81cm x 48cm x 99cm &#8211; Gr\u00e5"}]},{"@type":"WebSite","@id":"https:\/\/truusk.store\/sv\/#website","url":"https:\/\/truusk.store\/sv\/","name":"TRUUSK - Hem, Tr\u00e4dg\u00e5rd & Fritid","description":"","publisher":{"@id":"https:\/\/truusk.store\/sv\/#organization"},"potentialAction":[{"@type":"SearchAction","target":{"@type":"EntryPoint","urlTemplate":"https:\/\/truusk.store\/sv\/?s={search_term_string}"},"query-input":{"@type":"PropertyValueSpecification","valueRequired":true,"valueName":"search_term_string"}}],"inLanguage":"sv-SE"},{"@type":"Organization","@id":"https:\/\/truusk.store\/sv\/#organization","name":"TRUUSK - Hem, Tr\u00e4dg\u00e5rd & Fritid","url":"https:\/\/truusk.store\/sv\/","logo":{"@type":"ImageObject","inLanguage":"sv-SE","@id":"https:\/\/truusk.store\/sv\/#\/schema\/logo\/image\/","url":"https:\/\/i0.wp.com\/truusk.store\/wp-content\/uploads\/2026\/03\/cropped-TRUUSK.png?fit=2032%2C917&ssl=1","contentUrl":"https:\/\/i0.wp.com\/truusk.store\/wp-content\/uploads\/2026\/03\/cropped-TRUUSK.png?fit=2032%2C917&ssl=1","width":2032,"height":917,"caption":"TRUUSK - Hem, Tr\u00e4dg\u00e5rd & Fritid"},"image":{"@id":"https:\/\/truusk.store\/sv\/#\/schema\/logo\/image\/"}}]}},"jetpack_sharing_enabled":true,"_links":{"self":[{"href":"https:\/\/truusk.store\/sv\/wp-json\/wp\/v2\/product\/48278","targetHints":{"allow":["GET"]}}],"collection":[{"href":"https:\/\/truusk.store\/sv\/wp-json\/wp\/v2\/product"}],"about":[{"href":"https:\/\/truusk.store\/sv\/wp-json\/wp\/v2\/types\/product"}],"wp:featuredmedia":[{"embeddable":true,"href":"https:\/\/truusk.store\/sv\/wp-json\/wp\/v2\/media\/48279"}],"wp:attachment":[{"href":"https:\/\/truusk.store\/sv\/wp-json\/wp\/v2\/media?parent=48278"}],"wp:term":[{"taxonomy":"product_brand","embeddable":true,"href":"https:\/\/truusk.store\/sv\/wp-json\/wp\/v2\/product_brand?post=48278"},{"taxonomy":"product_cat","embeddable":true,"href":"https:\/\/truusk.store\/sv\/wp-json\/wp\/v2\/product_cat?post=48278"},{"taxonomy":"product_tag","embeddable":true,"href":"https:\/\/truusk.store\/sv\/wp-json\/wp\/v2\/product_tag?post=48278"}],"curies":[{"name":"wp","href":"https:\/\/api.w.org\/{rel}","templated":true}]}}