{"id":48296,"date":"2024-02-14T07:51:42","date_gmt":"2024-02-14T06:51:42","guid":{"rendered":"https:\/\/truusk.store\/product\/set-med-2-buxbom-konstgjorda-vaxter-set-om-2-rund-40-cm-x-40-cm-x-40-cm-gron\/"},"modified":"2026-03-12T09:35:38","modified_gmt":"2026-03-12T08:35:38","slug":"truusk-set-med-2-konstgjorda-buxbom-runda-40-cm-x-40-cm-x-40-cm-gron-perfekt-for-inomhusbruk","status":"publish","type":"product","link":"https:\/\/truusk.store\/sv\/produkt\/truusk-set-med-2-konstgjorda-buxbom-runda-40-cm-x-40-cm-x-40-cm-gron-perfekt-for-inomhusbruk\/","title":{"rendered":"TRUUSK Set med 2 konstgjorda buxbom &#8211; Runda &#8211; 40 cm x 40 cm x 40 cm &#8211; Gr\u00f6n &#8211; Perfekt f\u00f6r inomhusbruk"},"content":{"rendered":"<p>Vill du odla gr\u00f6na konstgjorda v\u00e4xter men kan inte h\u00e5lla dem gr\u00f6na permanent? V\u00e5ra konstgjorda tr\u00e4d \u00e4r precis vad du beh\u00f6ver. De f\u00f6rblir gr\u00f6na i m\u00e5nga \u00e5r utan att besk\u00e4ras eller formas. Realistiska l\u00f6v skapar en naturlig atmosf\u00e4r i ditt rum och kr\u00e4ver lite underh\u00e5ll. Golvv\u00e4xten \u00e4r l\u00e4tt att montera och passar till alla typer av inredning, b\u00e5de inomhus och utomhus<\/p>\n<h3>Beskrivning:<\/h3>\n<ul>\n<li>Set med 2 konstgjorda buxbombollar i vacker design<\/li>\n<li>L\u00e4mplig f\u00f6r hem, kontor eller utomhusomr\u00e5den och ger alla rum n\u00e5got visst med sin naturliga accent<\/li>\n<li>Lite underh\u00e5ll kr\u00e4vs<\/li>\n<li>L\u00e4tt att montera genom att ansluta och f\u00e4sta sp\u00e4nnen och kopplingar<\/li>\n<\/ul>\n<h3>Teknisk data:<\/h3>\n<ul>\n<li>F\u00e4rg: gr\u00f6n<\/li>\n<li>Material: PE<\/li>\n<li>Typ: Buxbomboll<\/li>\n<li>Totala m\u00e5tt: 40 cm<\/li>\n<li>OBS: Kulan kan komprimeras under transport. Du kan prova att placera dem i solen en stund eller anv\u00e4nda en h\u00e5rtork f\u00f6r att \u00e5terst\u00e4lla deras ursprungliga form.<\/li>\n<\/ul>\n<h3>Leveransens omfattning:<\/h3>\n<ul>\n<li>2 x konstgjord v\u00e4xt;<\/li>\n<\/ul>\n","protected":false},"excerpt":{"rendered":"<p>Vill du odla gr\u00f6na konstgjorda v\u00e4xter men kan inte h\u00e5lla dem gr\u00f6na permanent? V\u00e5ra konstgjorda tr\u00e4d \u00e4r precis vad du&#8230;<\/p>\n","protected":false},"featured_media":48297,"template":"","meta":[],"product_brand":[],"product_cat":[671,681,672],"product_tag":[],"class_list":{"0":"post-48296","1":"product","2":"type-product","3":"status-publish","4":"has-post-thumbnail","6":"product_cat-jarnaffar","7":"product_cat-konstgjorda-vaxter","8":"product_cat-runt-huset","10":"first","11":"instock","12":"sale","13":"taxable","14":"shipping-taxable","15":"purchasable","16":"product-type-simple"},"yoast_head":"<!-- This site is optimized with the Yoast SEO plugin v25.4 - https:\/\/yoast.com\/wordpress\/plugins\/seo\/ -->\n<title>TRUUSK Set med 2 konstgjorda buxbom - Runda - 40 cm x 40 cm x 40 cm - Gr\u00f6n - Perfekt f\u00f6r inomhusbruk - TRUUSK - Hem, Tr\u00e4dg\u00e5rd &amp; Fritid<\/title>\n<meta name=\"robots\" content=\"index, follow, max-snippet:-1, max-image-preview:large, max-video-preview:-1\" \/>\n<link rel=\"canonical\" href=\"https:\/\/truusk.store\/sv\/produkt\/truusk-set-med-2-konstgjorda-buxbom-runda-40-cm-x-40-cm-x-40-cm-gron-perfekt-for-inomhusbruk\/\" \/>\n<meta property=\"og:locale\" content=\"sv_SE\" \/>\n<meta property=\"og:type\" content=\"article\" \/>\n<meta property=\"og:title\" content=\"TRUUSK Set med 2 konstgjorda buxbom - Runda - 40 cm x 40 cm x 40 cm - Gr\u00f6n - Perfekt f\u00f6r inomhusbruk - TRUUSK - Hem, Tr\u00e4dg\u00e5rd &amp; Fritid\" \/>\n<meta property=\"og:description\" content=\"Vill du odla gr\u00f6na konstgjorda v\u00e4xter men kan inte h\u00e5lla dem gr\u00f6na permanent? V\u00e5ra konstgjorda tr\u00e4d \u00e4r precis vad du...\" \/>\n<meta property=\"og:url\" content=\"https:\/\/truusk.store\/sv\/produkt\/truusk-set-med-2-konstgjorda-buxbom-runda-40-cm-x-40-cm-x-40-cm-gron-perfekt-for-inomhusbruk\/\" \/>\n<meta property=\"og:site_name\" content=\"TRUUSK - Hem, Tr\u00e4dg\u00e5rd &amp; Fritid\" \/>\n<meta property=\"article:modified_time\" content=\"2026-03-12T08:35:38+00:00\" \/>\n<meta property=\"og:image\" content=\"https:\/\/i0.wp.com\/truusk.se\/wp-content\/uploads\/2024\/02\/set-med-2-buxbom-konstgjorda-vaxter-set-om-2-rund-40-cm-x-40-cm-x-40-cm-gron.webp?fit=800%2C800&ssl=1\" \/>\n\t<meta property=\"og:image:width\" content=\"800\" \/>\n\t<meta property=\"og:image:height\" content=\"800\" \/>\n\t<meta property=\"og:image:type\" content=\"image\/webp\" \/>\n<meta name=\"twitter:card\" content=\"summary_large_image\" \/>\n<meta name=\"twitter:label1\" content=\"Ber\u00e4knad l\u00e4stid\" \/>\n\t<meta name=\"twitter:data1\" content=\"1 minut\" \/>\n<!-- \/ Yoast SEO plugin. -->","yoast_head_json":{"title":"TRUUSK Set med 2 konstgjorda buxbom - Runda - 40 cm x 40 cm x 40 cm - Gr\u00f6n - Perfekt f\u00f6r inomhusbruk - TRUUSK - Hem, Tr\u00e4dg\u00e5rd &amp; Fritid","robots":{"index":"index","follow":"follow","max-snippet":"max-snippet:-1","max-image-preview":"max-image-preview:large","max-video-preview":"max-video-preview:-1"},"canonical":"https:\/\/truusk.store\/sv\/produkt\/truusk-set-med-2-konstgjorda-buxbom-runda-40-cm-x-40-cm-x-40-cm-gron-perfekt-for-inomhusbruk\/","og_locale":"sv_SE","og_type":"article","og_title":"TRUUSK Set med 2 konstgjorda buxbom - Runda - 40 cm x 40 cm x 40 cm - Gr\u00f6n - Perfekt f\u00f6r inomhusbruk - TRUUSK - Hem, Tr\u00e4dg\u00e5rd &amp; Fritid","og_description":"Vill du odla gr\u00f6na konstgjorda v\u00e4xter men kan inte h\u00e5lla dem gr\u00f6na permanent? V\u00e5ra konstgjorda tr\u00e4d \u00e4r precis vad du...","og_url":"https:\/\/truusk.store\/sv\/produkt\/truusk-set-med-2-konstgjorda-buxbom-runda-40-cm-x-40-cm-x-40-cm-gron-perfekt-for-inomhusbruk\/","og_site_name":"TRUUSK - Hem, Tr\u00e4dg\u00e5rd &amp; Fritid","article_modified_time":"2026-03-12T08:35:38+00:00","og_image":[{"width":800,"height":800,"url":"https:\/\/i0.wp.com\/truusk.se\/wp-content\/uploads\/2024\/02\/set-med-2-buxbom-konstgjorda-vaxter-set-om-2-rund-40-cm-x-40-cm-x-40-cm-gron.webp?fit=800%2C800&ssl=1","type":"image\/webp"}],"twitter_card":"summary_large_image","twitter_misc":{"Ber\u00e4knad l\u00e4stid":"1 minut"},"schema":{"@context":"https:\/\/schema.org","@graph":[{"@type":"WebPage","@id":"https:\/\/truusk.store\/sv\/produkt\/truusk-set-med-2-konstgjorda-buxbom-runda-40-cm-x-40-cm-x-40-cm-gron-perfekt-for-inomhusbruk\/","url":"https:\/\/truusk.store\/sv\/produkt\/truusk-set-med-2-konstgjorda-buxbom-runda-40-cm-x-40-cm-x-40-cm-gron-perfekt-for-inomhusbruk\/","name":"TRUUSK Set med 2 konstgjorda buxbom - Runda - 40 cm x 40 cm x 40 cm - Gr\u00f6n - Perfekt f\u00f6r inomhusbruk - TRUUSK - Hem, Tr\u00e4dg\u00e5rd &amp; Fritid","isPartOf":{"@id":"https:\/\/truusk.store\/sv\/#website"},"primaryImageOfPage":{"@id":"https:\/\/truusk.store\/sv\/produkt\/truusk-set-med-2-konstgjorda-buxbom-runda-40-cm-x-40-cm-x-40-cm-gron-perfekt-for-inomhusbruk\/#primaryimage"},"image":{"@id":"https:\/\/truusk.store\/sv\/produkt\/truusk-set-med-2-konstgjorda-buxbom-runda-40-cm-x-40-cm-x-40-cm-gron-perfekt-for-inomhusbruk\/#primaryimage"},"thumbnailUrl":"https:\/\/i0.wp.com\/truusk.store\/wp-content\/uploads\/2024\/02\/set-med-2-buxbom-konstgjorda-vaxter-set-om-2-rund-40-cm-x-40-cm-x-40-cm-gron.webp?fit=800%2C800&ssl=1","datePublished":"2024-02-14T06:51:42+00:00","dateModified":"2026-03-12T08:35:38+00:00","breadcrumb":{"@id":"https:\/\/truusk.store\/sv\/produkt\/truusk-set-med-2-konstgjorda-buxbom-runda-40-cm-x-40-cm-x-40-cm-gron-perfekt-for-inomhusbruk\/#breadcrumb"},"inLanguage":"sv-SE","potentialAction":[{"@type":"ReadAction","target":["https:\/\/truusk.store\/sv\/produkt\/truusk-set-med-2-konstgjorda-buxbom-runda-40-cm-x-40-cm-x-40-cm-gron-perfekt-for-inomhusbruk\/"]}]},{"@type":"ImageObject","inLanguage":"sv-SE","@id":"https:\/\/truusk.store\/sv\/produkt\/truusk-set-med-2-konstgjorda-buxbom-runda-40-cm-x-40-cm-x-40-cm-gron-perfekt-for-inomhusbruk\/#primaryimage","url":"https:\/\/i0.wp.com\/truusk.store\/wp-content\/uploads\/2024\/02\/set-med-2-buxbom-konstgjorda-vaxter-set-om-2-rund-40-cm-x-40-cm-x-40-cm-gron.webp?fit=800%2C800&ssl=1","contentUrl":"https:\/\/i0.wp.com\/truusk.store\/wp-content\/uploads\/2024\/02\/set-med-2-buxbom-konstgjorda-vaxter-set-om-2-rund-40-cm-x-40-cm-x-40-cm-gron.webp?fit=800%2C800&ssl=1","width":800,"height":800,"caption":"Set Med 2 Buxbom, Konstgjorda V\u00e4xter, Set Om 2, Rund, 40 Cm X 40 Cm X 40 Cm, Gr\u00f6n 1"},{"@type":"BreadcrumbList","@id":"https:\/\/truusk.store\/sv\/produkt\/truusk-set-med-2-konstgjorda-buxbom-runda-40-cm-x-40-cm-x-40-cm-gron-perfekt-for-inomhusbruk\/#breadcrumb","itemListElement":[{"@type":"ListItem","position":1,"name":"Home","item":"https:\/\/truusk.store\/sv\/"},{"@type":"ListItem","position":2,"name":"Shop","item":"https:\/\/truusk.store\/shop\/"},{"@type":"ListItem","position":3,"name":"TRUUSK Set med 2 konstgjorda buxbom &#8211; Runda &#8211; 40 cm x 40 cm x 40 cm &#8211; Gr\u00f6n &#8211; Perfekt f\u00f6r inomhusbruk"}]},{"@type":"WebSite","@id":"https:\/\/truusk.store\/sv\/#website","url":"https:\/\/truusk.store\/sv\/","name":"TRUUSK - Hem, Tr\u00e4dg\u00e5rd & Fritid","description":"","publisher":{"@id":"https:\/\/truusk.store\/sv\/#organization"},"potentialAction":[{"@type":"SearchAction","target":{"@type":"EntryPoint","urlTemplate":"https:\/\/truusk.store\/sv\/?s={search_term_string}"},"query-input":{"@type":"PropertyValueSpecification","valueRequired":true,"valueName":"search_term_string"}}],"inLanguage":"sv-SE"},{"@type":"Organization","@id":"https:\/\/truusk.store\/sv\/#organization","name":"TRUUSK - Hem, Tr\u00e4dg\u00e5rd & Fritid","url":"https:\/\/truusk.store\/sv\/","logo":{"@type":"ImageObject","inLanguage":"sv-SE","@id":"https:\/\/truusk.store\/sv\/#\/schema\/logo\/image\/","url":"https:\/\/i0.wp.com\/truusk.store\/wp-content\/uploads\/2026\/03\/cropped-TRUUSK.png?fit=2032%2C917&ssl=1","contentUrl":"https:\/\/i0.wp.com\/truusk.store\/wp-content\/uploads\/2026\/03\/cropped-TRUUSK.png?fit=2032%2C917&ssl=1","width":2032,"height":917,"caption":"TRUUSK - Hem, Tr\u00e4dg\u00e5rd & Fritid"},"image":{"@id":"https:\/\/truusk.store\/sv\/#\/schema\/logo\/image\/"}}]}},"jetpack_sharing_enabled":true,"_links":{"self":[{"href":"https:\/\/truusk.store\/sv\/wp-json\/wp\/v2\/product\/48296","targetHints":{"allow":["GET"]}}],"collection":[{"href":"https:\/\/truusk.store\/sv\/wp-json\/wp\/v2\/product"}],"about":[{"href":"https:\/\/truusk.store\/sv\/wp-json\/wp\/v2\/types\/product"}],"wp:featuredmedia":[{"embeddable":true,"href":"https:\/\/truusk.store\/sv\/wp-json\/wp\/v2\/media\/48297"}],"wp:attachment":[{"href":"https:\/\/truusk.store\/sv\/wp-json\/wp\/v2\/media?parent=48296"}],"wp:term":[{"taxonomy":"product_brand","embeddable":true,"href":"https:\/\/truusk.store\/sv\/wp-json\/wp\/v2\/product_brand?post=48296"},{"taxonomy":"product_cat","embeddable":true,"href":"https:\/\/truusk.store\/sv\/wp-json\/wp\/v2\/product_cat?post=48296"},{"taxonomy":"product_tag","embeddable":true,"href":"https:\/\/truusk.store\/sv\/wp-json\/wp\/v2\/product_tag?post=48296"}],"curies":[{"name":"wp","href":"https:\/\/api.w.org\/{rel}","templated":true}]}}