{"id":48307,"date":"2024-02-14T07:52:03","date_gmt":"2024-02-14T06:52:03","guid":{"rendered":"https:\/\/truusk.store\/product\/set-med-2-konstgjorda-konstgjorda-buxbomsvaxter-inklusive-konstgjord-mossa-1-planter-28-cm-x-28-cm-x-60-cm-gron\/"},"modified":"2026-03-12T09:36:13","modified_gmt":"2026-03-12T08:36:13","slug":"truusk-konstgjorda-buxbomsvaxter-set-inklusive-konstgjord-mossa-1-planter-28-cm-x-28-cm-x-60-cm-gron","status":"publish","type":"product","link":"https:\/\/truusk.store\/sv\/produkt\/truusk-konstgjorda-buxbomsvaxter-set-inklusive-konstgjord-mossa-1-planter-28-cm-x-28-cm-x-60-cm-gron\/","title":{"rendered":"TRUUSK Konstgjorda Buxbomsv\u00e4xter Set &#8211; Inklusive Konstgjord Mossa &#8211; 1 Planter &#8211; 28 cm x 28 cm x 60 cm &#8211; Gr\u00f6n"},"content":{"rendered":"<p>Vill du odla gr\u00f6na v\u00e4xter men har sv\u00e5rt att h\u00e5lla dem gr\u00f6na hela tiden? D\u00e5 \u00e4r v\u00e5rt konstgjorda tr\u00e4d precis r\u00e4tt f\u00f6r dig. Den h\u00e5ller sig gr\u00f6n i flera \u00e5r utan att du beh\u00f6ver besk\u00e4ra eller forma den. Ingen vattning, ingen g\u00f6dning, inga bekymmer under transport. De realistiska bladen skapar en naturlig atmosf\u00e4r i ditt rum och underh\u00e5llet som kr\u00e4vs \u00e4r minimalt. Det konstgjorda tr\u00e4det levereras f\u00e4rdigplanterat och klart att anv\u00e4ndas. Den matchar vilken inredning som helst och passar b\u00e5de inomhus och utomhus.<\/p>\n<h3>Beskrivning:<\/h3>\n<ul>\n<li>Set med 2 konstgjorda buxtr\u00e4d i bollform med konstgjorda l\u00f6v<\/li>\n<li>L\u00e4mplig f\u00f6r hemmet, kontoret eller utomhus, den l\u00e4gger till en naturlig accent till alla rum<\/li>\n<li>Den konstgjorda v\u00e4xten best\u00e5r av stora, sf\u00e4riska buskar som ger rummet en naturlig atmosf\u00e4r<\/li>\n<li>Stabila blomkrukor s\u00e4kerst\u00e4ller ett s\u00e4kert stativ<\/li>\n<li>PE-mossa och cementjord ing\u00e5r och g\u00f6r v\u00e4xterna mer stabila och stabila<\/li>\n<li>L\u00e5g underh\u00e5llsanstr\u00e4ngning<\/li>\n<li>Ingen montering kr\u00e4vs<\/li>\n<\/ul>\n<h3>Teknisk data:<\/h3>\n<ul>\n<li>F\u00e4rg: gr\u00f6n<\/li>\n<li>Material: PE, st\u00e5l<\/li>\n<li>Typ: Buxbom med sandeltr\u00e4blad<\/li>\n<li>Total h\u00f6jd: 60 cm<\/li>\n<li>Storlek p\u00e5 buskkulan: 28cm<\/li>\n<li>Krukstorlek: 11,5 x 13H cm<\/li>\n<\/ul>\n<h3>Leveransens omfattning:<\/h3>\n<ul>\n<li>2 x konstgjord v\u00e4xt;<\/li>\n<\/ul>\n","protected":false},"excerpt":{"rendered":"<p>Vill du odla gr\u00f6na v\u00e4xter men har sv\u00e5rt att h\u00e5lla dem gr\u00f6na hela tiden? D\u00e5 \u00e4r v\u00e5rt konstgjorda tr\u00e4d precis&#8230;<\/p>\n","protected":false},"featured_media":48308,"template":"","meta":[],"product_brand":[],"product_cat":[671,681,672],"product_tag":[],"class_list":{"0":"post-48307","1":"product","2":"type-product","3":"status-publish","4":"has-post-thumbnail","6":"product_cat-jarnaffar","7":"product_cat-konstgjorda-vaxter","8":"product_cat-runt-huset","10":"first","11":"instock","12":"sale","13":"taxable","14":"shipping-taxable","15":"purchasable","16":"product-type-simple"},"yoast_head":"<!-- This site is optimized with the Yoast SEO plugin v25.4 - https:\/\/yoast.com\/wordpress\/plugins\/seo\/ -->\n<title>TRUUSK Konstgjorda Buxbomsv\u00e4xter Set - Inklusive Konstgjord Mossa - 1 Planter - 28 cm x 28 cm x 60 cm - Gr\u00f6n - TRUUSK - Hem, Tr\u00e4dg\u00e5rd &amp; Fritid<\/title>\n<meta name=\"robots\" content=\"index, follow, max-snippet:-1, max-image-preview:large, max-video-preview:-1\" \/>\n<link rel=\"canonical\" href=\"https:\/\/truusk.store\/sv\/produkt\/truusk-konstgjorda-buxbomsvaxter-set-inklusive-konstgjord-mossa-1-planter-28-cm-x-28-cm-x-60-cm-gron\/\" \/>\n<meta property=\"og:locale\" content=\"sv_SE\" \/>\n<meta property=\"og:type\" content=\"article\" \/>\n<meta property=\"og:title\" content=\"TRUUSK Konstgjorda Buxbomsv\u00e4xter Set - Inklusive Konstgjord Mossa - 1 Planter - 28 cm x 28 cm x 60 cm - Gr\u00f6n - TRUUSK - Hem, Tr\u00e4dg\u00e5rd &amp; Fritid\" \/>\n<meta property=\"og:description\" content=\"Vill du odla gr\u00f6na v\u00e4xter men har sv\u00e5rt att h\u00e5lla dem gr\u00f6na hela tiden? D\u00e5 \u00e4r v\u00e5rt konstgjorda tr\u00e4d precis...\" \/>\n<meta property=\"og:url\" content=\"https:\/\/truusk.store\/sv\/produkt\/truusk-konstgjorda-buxbomsvaxter-set-inklusive-konstgjord-mossa-1-planter-28-cm-x-28-cm-x-60-cm-gron\/\" \/>\n<meta property=\"og:site_name\" content=\"TRUUSK - Hem, Tr\u00e4dg\u00e5rd &amp; Fritid\" \/>\n<meta property=\"article:modified_time\" content=\"2026-03-12T08:36:13+00:00\" \/>\n<meta property=\"og:image\" content=\"https:\/\/i0.wp.com\/truusk.se\/wp-content\/uploads\/2024\/02\/set-med-2-konstgjorda-konstgjorda-buxbomsvaxter-inklusive-konstgjord-mossa-1-planter-28-cm-x-28-cm-x-60-cm-gron.webp?fit=800%2C800&ssl=1\" \/>\n\t<meta property=\"og:image:width\" content=\"800\" \/>\n\t<meta property=\"og:image:height\" content=\"800\" \/>\n\t<meta property=\"og:image:type\" content=\"image\/webp\" \/>\n<meta name=\"twitter:card\" content=\"summary_large_image\" \/>\n<meta name=\"twitter:label1\" content=\"Ber\u00e4knad l\u00e4stid\" \/>\n\t<meta name=\"twitter:data1\" content=\"1 minut\" \/>\n<!-- \/ Yoast SEO plugin. -->","yoast_head_json":{"title":"TRUUSK Konstgjorda Buxbomsv\u00e4xter Set - Inklusive Konstgjord Mossa - 1 Planter - 28 cm x 28 cm x 60 cm - Gr\u00f6n - TRUUSK - Hem, Tr\u00e4dg\u00e5rd &amp; Fritid","robots":{"index":"index","follow":"follow","max-snippet":"max-snippet:-1","max-image-preview":"max-image-preview:large","max-video-preview":"max-video-preview:-1"},"canonical":"https:\/\/truusk.store\/sv\/produkt\/truusk-konstgjorda-buxbomsvaxter-set-inklusive-konstgjord-mossa-1-planter-28-cm-x-28-cm-x-60-cm-gron\/","og_locale":"sv_SE","og_type":"article","og_title":"TRUUSK Konstgjorda Buxbomsv\u00e4xter Set - Inklusive Konstgjord Mossa - 1 Planter - 28 cm x 28 cm x 60 cm - Gr\u00f6n - TRUUSK - Hem, Tr\u00e4dg\u00e5rd &amp; Fritid","og_description":"Vill du odla gr\u00f6na v\u00e4xter men har sv\u00e5rt att h\u00e5lla dem gr\u00f6na hela tiden? D\u00e5 \u00e4r v\u00e5rt konstgjorda tr\u00e4d precis...","og_url":"https:\/\/truusk.store\/sv\/produkt\/truusk-konstgjorda-buxbomsvaxter-set-inklusive-konstgjord-mossa-1-planter-28-cm-x-28-cm-x-60-cm-gron\/","og_site_name":"TRUUSK - Hem, Tr\u00e4dg\u00e5rd &amp; Fritid","article_modified_time":"2026-03-12T08:36:13+00:00","og_image":[{"width":800,"height":800,"url":"https:\/\/i0.wp.com\/truusk.se\/wp-content\/uploads\/2024\/02\/set-med-2-konstgjorda-konstgjorda-buxbomsvaxter-inklusive-konstgjord-mossa-1-planter-28-cm-x-28-cm-x-60-cm-gron.webp?fit=800%2C800&ssl=1","type":"image\/webp"}],"twitter_card":"summary_large_image","twitter_misc":{"Ber\u00e4knad l\u00e4stid":"1 minut"},"schema":{"@context":"https:\/\/schema.org","@graph":[{"@type":"WebPage","@id":"https:\/\/truusk.store\/sv\/produkt\/truusk-konstgjorda-buxbomsvaxter-set-inklusive-konstgjord-mossa-1-planter-28-cm-x-28-cm-x-60-cm-gron\/","url":"https:\/\/truusk.store\/sv\/produkt\/truusk-konstgjorda-buxbomsvaxter-set-inklusive-konstgjord-mossa-1-planter-28-cm-x-28-cm-x-60-cm-gron\/","name":"TRUUSK Konstgjorda Buxbomsv\u00e4xter Set - Inklusive Konstgjord Mossa - 1 Planter - 28 cm x 28 cm x 60 cm - Gr\u00f6n - TRUUSK - Hem, Tr\u00e4dg\u00e5rd &amp; Fritid","isPartOf":{"@id":"https:\/\/truusk.store\/sv\/#website"},"primaryImageOfPage":{"@id":"https:\/\/truusk.store\/sv\/produkt\/truusk-konstgjorda-buxbomsvaxter-set-inklusive-konstgjord-mossa-1-planter-28-cm-x-28-cm-x-60-cm-gron\/#primaryimage"},"image":{"@id":"https:\/\/truusk.store\/sv\/produkt\/truusk-konstgjorda-buxbomsvaxter-set-inklusive-konstgjord-mossa-1-planter-28-cm-x-28-cm-x-60-cm-gron\/#primaryimage"},"thumbnailUrl":"https:\/\/i0.wp.com\/truusk.store\/wp-content\/uploads\/2024\/02\/set-med-2-konstgjorda-konstgjorda-buxbomsvaxter-inklusive-konstgjord-mossa-1-planter-28-cm-x-28-cm-x-60-cm-gron.webp?fit=800%2C800&ssl=1","datePublished":"2024-02-14T06:52:03+00:00","dateModified":"2026-03-12T08:36:13+00:00","breadcrumb":{"@id":"https:\/\/truusk.store\/sv\/produkt\/truusk-konstgjorda-buxbomsvaxter-set-inklusive-konstgjord-mossa-1-planter-28-cm-x-28-cm-x-60-cm-gron\/#breadcrumb"},"inLanguage":"sv-SE","potentialAction":[{"@type":"ReadAction","target":["https:\/\/truusk.store\/sv\/produkt\/truusk-konstgjorda-buxbomsvaxter-set-inklusive-konstgjord-mossa-1-planter-28-cm-x-28-cm-x-60-cm-gron\/"]}]},{"@type":"ImageObject","inLanguage":"sv-SE","@id":"https:\/\/truusk.store\/sv\/produkt\/truusk-konstgjorda-buxbomsvaxter-set-inklusive-konstgjord-mossa-1-planter-28-cm-x-28-cm-x-60-cm-gron\/#primaryimage","url":"https:\/\/i0.wp.com\/truusk.store\/wp-content\/uploads\/2024\/02\/set-med-2-konstgjorda-konstgjorda-buxbomsvaxter-inklusive-konstgjord-mossa-1-planter-28-cm-x-28-cm-x-60-cm-gron.webp?fit=800%2C800&ssl=1","contentUrl":"https:\/\/i0.wp.com\/truusk.store\/wp-content\/uploads\/2024\/02\/set-med-2-konstgjorda-konstgjorda-buxbomsvaxter-inklusive-konstgjord-mossa-1-planter-28-cm-x-28-cm-x-60-cm-gron.webp?fit=800%2C800&ssl=1","width":800,"height":800,"caption":"Set Med 2 Konstgjorda Konstgjorda Buxbomsv\u00e4xter, Inklusive Konstgjord Mossa, 1 Planter, 28 Cm X 28 Cm X 60 Cm, Gr\u00f6n 1"},{"@type":"BreadcrumbList","@id":"https:\/\/truusk.store\/sv\/produkt\/truusk-konstgjorda-buxbomsvaxter-set-inklusive-konstgjord-mossa-1-planter-28-cm-x-28-cm-x-60-cm-gron\/#breadcrumb","itemListElement":[{"@type":"ListItem","position":1,"name":"Home","item":"https:\/\/truusk.store\/sv\/"},{"@type":"ListItem","position":2,"name":"Shop","item":"https:\/\/truusk.store\/shop\/"},{"@type":"ListItem","position":3,"name":"TRUUSK Konstgjorda Buxbomsv\u00e4xter Set &#8211; Inklusive Konstgjord Mossa &#8211; 1 Planter &#8211; 28 cm x 28 cm x 60 cm &#8211; Gr\u00f6n"}]},{"@type":"WebSite","@id":"https:\/\/truusk.store\/sv\/#website","url":"https:\/\/truusk.store\/sv\/","name":"TRUUSK - Hem, Tr\u00e4dg\u00e5rd & Fritid","description":"","publisher":{"@id":"https:\/\/truusk.store\/sv\/#organization"},"potentialAction":[{"@type":"SearchAction","target":{"@type":"EntryPoint","urlTemplate":"https:\/\/truusk.store\/sv\/?s={search_term_string}"},"query-input":{"@type":"PropertyValueSpecification","valueRequired":true,"valueName":"search_term_string"}}],"inLanguage":"sv-SE"},{"@type":"Organization","@id":"https:\/\/truusk.store\/sv\/#organization","name":"TRUUSK - Hem, Tr\u00e4dg\u00e5rd & Fritid","url":"https:\/\/truusk.store\/sv\/","logo":{"@type":"ImageObject","inLanguage":"sv-SE","@id":"https:\/\/truusk.store\/sv\/#\/schema\/logo\/image\/","url":"https:\/\/i0.wp.com\/truusk.store\/wp-content\/uploads\/2026\/03\/cropped-TRUUSK.png?fit=2032%2C917&ssl=1","contentUrl":"https:\/\/i0.wp.com\/truusk.store\/wp-content\/uploads\/2026\/03\/cropped-TRUUSK.png?fit=2032%2C917&ssl=1","width":2032,"height":917,"caption":"TRUUSK - Hem, Tr\u00e4dg\u00e5rd & Fritid"},"image":{"@id":"https:\/\/truusk.store\/sv\/#\/schema\/logo\/image\/"}}]}},"jetpack_sharing_enabled":true,"_links":{"self":[{"href":"https:\/\/truusk.store\/sv\/wp-json\/wp\/v2\/product\/48307","targetHints":{"allow":["GET"]}}],"collection":[{"href":"https:\/\/truusk.store\/sv\/wp-json\/wp\/v2\/product"}],"about":[{"href":"https:\/\/truusk.store\/sv\/wp-json\/wp\/v2\/types\/product"}],"wp:featuredmedia":[{"embeddable":true,"href":"https:\/\/truusk.store\/sv\/wp-json\/wp\/v2\/media\/48308"}],"wp:attachment":[{"href":"https:\/\/truusk.store\/sv\/wp-json\/wp\/v2\/media?parent=48307"}],"wp:term":[{"taxonomy":"product_brand","embeddable":true,"href":"https:\/\/truusk.store\/sv\/wp-json\/wp\/v2\/product_brand?post=48307"},{"taxonomy":"product_cat","embeddable":true,"href":"https:\/\/truusk.store\/sv\/wp-json\/wp\/v2\/product_cat?post=48307"},{"taxonomy":"product_tag","embeddable":true,"href":"https:\/\/truusk.store\/sv\/wp-json\/wp\/v2\/product_tag?post=48307"}],"curies":[{"name":"wp","href":"https:\/\/api.w.org\/{rel}","templated":true}]}}