{"id":48321,"date":"2024-02-14T07:52:35","date_gmt":"2024-02-14T06:52:35","guid":{"rendered":"https:\/\/truusk.store\/product\/gungstolsset-gungstolar-bistroset-boho-stil-pe-rotting-vaderbestandig-kram\/"},"modified":"2026-03-12T09:36:15","modified_gmt":"2026-03-12T08:36:15","slug":"truusk-gungstolsset-boho-stil-pe-rotting-vaderbestandig-kram","status":"publish","type":"product","link":"https:\/\/truusk.store\/sv\/produkt\/truusk-gungstolsset-boho-stil-pe-rotting-vaderbestandig-kram\/","title":{"rendered":"TRUUSK Gungstolsset &#8211; Boho-stil &#8211; PE-rotting &#8211; V\u00e4derbest\u00e4ndig &#8211; Kr\u00e4m"},"content":{"rendered":"<p>Ta med boho chic till ditt utomhusutrymme med denna upps\u00e4ttning med 2 gungstolar. De gungar mjukt fram och tillbaka och \u00e4r en effektiv m\u00f6bel f\u00f6r uteplatsen, parken, tr\u00e4dg\u00e5rden, poolomr\u00e5det och g\u00e5rden. Tillverkade av en st\u00e5lram med en pulverlackerad finish, kommer de att t\u00e5la m\u00e5nga \u00e5rs anv\u00e4ndning. Setet best\u00e5r av tv\u00e5 gungstolar och ett sidobord &#8211; perfekt f\u00f6r en avkopplande stund f\u00f6r tv\u00e5.<\/p>\n<h3>Beskrivning:<\/h3>\n<ul>\n<li>Handv\u00e4vt, runt PE-n\u00e4t, f\u00f6rst\u00e4rkt med en pulverlackerad st\u00e5lram, g\u00f6r setet l\u00e4mpligt f\u00f6r utomhusbruk.<\/li>\n<li>Gungstolsset med tv\u00e5 gungstolar och ett glasbord.<\/li>\n<li>Utrustad med mjukt vadderade sitt- och ryggkuddar.<\/li>\n<li>Dragkedja f\u00f6r enkel borttagning av sittdynans \u00f6verdrag f\u00f6r enkel reng\u00f6ring.<\/li>\n<li>Sidobord med h\u00e4rdat glas f\u00f6r snygg och l\u00e4ttst\u00e4dad design.<\/li>\n<li>L\u00e4mplig f\u00f6r alla utomhusomr\u00e5den inklusive bakg\u00e5rdar, uteplatser, tr\u00e4dg\u00e5rdar, verandor och mer.<\/li>\n<li>Montering kr\u00e4vs;<\/li>\n<\/ul>\n<h3>Teknisk data:<\/h3>\n<ul>\n<li>F\u00e4rg: gul, kr\u00e4m<\/li>\n<li>Material: st\u00e5l, PE-rotting, polyester, h\u00e4rdat glas, svamp<\/li>\n<li>Stolens m\u00e5tt: 63W x 82D x 75H cm<\/li>\n<li>Bordsm\u00e5tt: 48L x 48W x 43H cm<\/li>\n<li>Sitsstorlek: 49W x 48D cm<\/li>\n<li>Sitsh\u00f6jd till golv: 41 cm<\/li>\n<li>Ryggst\u00f6dsstorlek: 49W x 45D cm<\/li>\n<li>Viktkapacitet: 120 kg (stol), 30 kg (bord)<\/li>\n<\/ul>\n<h3>Leveransens omfattning:<\/h3>\n<ul>\n<li>2 x gungstol<\/li>\n<li>1 x Soffbord<\/li>\n<li>2 x sittdynor<\/li>\n<li>2 x ryggkuddar<\/li>\n<li>1 x bruksanvisning<\/li>\n<\/ul>\n","protected":false},"excerpt":{"rendered":"<p>Ta med boho chic till ditt utomhusutrymme med denna upps\u00e4ttning med 2 gungstolar. De gungar mjukt fram och tillbaka och&#8230;<\/p>\n","protected":false},"featured_media":48322,"template":"","meta":[],"product_brand":[],"product_cat":[435,450,456],"product_tag":[],"class_list":{"0":"post-48321","1":"product","2":"type-product","3":"status-publish","4":"has-post-thumbnail","6":"product_cat-tradgard-och-terrass","7":"product_cat-tradgardsmobler","8":"product_cat-tradgardsmobler-set","10":"first","11":"instock","12":"sale","13":"taxable","14":"shipping-taxable","15":"purchasable","16":"product-type-simple"},"yoast_head":"<!-- This site is optimized with the Yoast SEO plugin v25.4 - https:\/\/yoast.com\/wordpress\/plugins\/seo\/ -->\n<title>TRUUSK Gungstolsset - Boho-stil - PE-rotting - V\u00e4derbest\u00e4ndig - Kr\u00e4m - TRUUSK - Hem, Tr\u00e4dg\u00e5rd &amp; Fritid<\/title>\n<meta name=\"robots\" content=\"index, follow, max-snippet:-1, max-image-preview:large, max-video-preview:-1\" \/>\n<link rel=\"canonical\" href=\"https:\/\/truusk.store\/sv\/produkt\/truusk-gungstolsset-boho-stil-pe-rotting-vaderbestandig-kram\/\" \/>\n<meta property=\"og:locale\" content=\"sv_SE\" \/>\n<meta property=\"og:type\" content=\"article\" \/>\n<meta property=\"og:title\" content=\"TRUUSK Gungstolsset - Boho-stil - PE-rotting - V\u00e4derbest\u00e4ndig - Kr\u00e4m - TRUUSK - Hem, Tr\u00e4dg\u00e5rd &amp; Fritid\" \/>\n<meta property=\"og:description\" content=\"Ta med boho chic till ditt utomhusutrymme med denna upps\u00e4ttning med 2 gungstolar. De gungar mjukt fram och tillbaka och...\" \/>\n<meta property=\"og:url\" content=\"https:\/\/truusk.store\/sv\/produkt\/truusk-gungstolsset-boho-stil-pe-rotting-vaderbestandig-kram\/\" \/>\n<meta property=\"og:site_name\" content=\"TRUUSK - Hem, Tr\u00e4dg\u00e5rd &amp; Fritid\" \/>\n<meta property=\"article:modified_time\" content=\"2026-03-12T08:36:15+00:00\" \/>\n<meta property=\"og:image\" content=\"https:\/\/i0.wp.com\/truusk.se\/wp-content\/uploads\/2024\/02\/gungstolsset-gungstolar-bistroset-boho-stil-pe-rotting-vaderbestandig-kram.webp?fit=800%2C800&ssl=1\" \/>\n\t<meta property=\"og:image:width\" content=\"800\" \/>\n\t<meta property=\"og:image:height\" content=\"800\" \/>\n\t<meta property=\"og:image:type\" content=\"image\/webp\" \/>\n<meta name=\"twitter:card\" content=\"summary_large_image\" \/>\n<meta name=\"twitter:label1\" content=\"Ber\u00e4knad l\u00e4stid\" \/>\n\t<meta name=\"twitter:data1\" content=\"1 minut\" \/>\n<!-- \/ Yoast SEO plugin. -->","yoast_head_json":{"title":"TRUUSK Gungstolsset - Boho-stil - PE-rotting - V\u00e4derbest\u00e4ndig - Kr\u00e4m - TRUUSK - Hem, Tr\u00e4dg\u00e5rd &amp; Fritid","robots":{"index":"index","follow":"follow","max-snippet":"max-snippet:-1","max-image-preview":"max-image-preview:large","max-video-preview":"max-video-preview:-1"},"canonical":"https:\/\/truusk.store\/sv\/produkt\/truusk-gungstolsset-boho-stil-pe-rotting-vaderbestandig-kram\/","og_locale":"sv_SE","og_type":"article","og_title":"TRUUSK Gungstolsset - Boho-stil - PE-rotting - V\u00e4derbest\u00e4ndig - Kr\u00e4m - TRUUSK - Hem, Tr\u00e4dg\u00e5rd &amp; Fritid","og_description":"Ta med boho chic till ditt utomhusutrymme med denna upps\u00e4ttning med 2 gungstolar. De gungar mjukt fram och tillbaka och...","og_url":"https:\/\/truusk.store\/sv\/produkt\/truusk-gungstolsset-boho-stil-pe-rotting-vaderbestandig-kram\/","og_site_name":"TRUUSK - Hem, Tr\u00e4dg\u00e5rd &amp; Fritid","article_modified_time":"2026-03-12T08:36:15+00:00","og_image":[{"width":800,"height":800,"url":"https:\/\/i0.wp.com\/truusk.se\/wp-content\/uploads\/2024\/02\/gungstolsset-gungstolar-bistroset-boho-stil-pe-rotting-vaderbestandig-kram.webp?fit=800%2C800&ssl=1","type":"image\/webp"}],"twitter_card":"summary_large_image","twitter_misc":{"Ber\u00e4knad l\u00e4stid":"1 minut"},"schema":{"@context":"https:\/\/schema.org","@graph":[{"@type":"WebPage","@id":"https:\/\/truusk.store\/sv\/produkt\/truusk-gungstolsset-boho-stil-pe-rotting-vaderbestandig-kram\/","url":"https:\/\/truusk.store\/sv\/produkt\/truusk-gungstolsset-boho-stil-pe-rotting-vaderbestandig-kram\/","name":"TRUUSK Gungstolsset - Boho-stil - PE-rotting - V\u00e4derbest\u00e4ndig - Kr\u00e4m - TRUUSK - Hem, Tr\u00e4dg\u00e5rd &amp; Fritid","isPartOf":{"@id":"https:\/\/truusk.store\/sv\/#website"},"primaryImageOfPage":{"@id":"https:\/\/truusk.store\/sv\/produkt\/truusk-gungstolsset-boho-stil-pe-rotting-vaderbestandig-kram\/#primaryimage"},"image":{"@id":"https:\/\/truusk.store\/sv\/produkt\/truusk-gungstolsset-boho-stil-pe-rotting-vaderbestandig-kram\/#primaryimage"},"thumbnailUrl":"https:\/\/i0.wp.com\/truusk.store\/wp-content\/uploads\/2024\/02\/gungstolsset-gungstolar-bistroset-boho-stil-pe-rotting-vaderbestandig-kram.webp?fit=800%2C800&ssl=1","datePublished":"2024-02-14T06:52:35+00:00","dateModified":"2026-03-12T08:36:15+00:00","breadcrumb":{"@id":"https:\/\/truusk.store\/sv\/produkt\/truusk-gungstolsset-boho-stil-pe-rotting-vaderbestandig-kram\/#breadcrumb"},"inLanguage":"sv-SE","potentialAction":[{"@type":"ReadAction","target":["https:\/\/truusk.store\/sv\/produkt\/truusk-gungstolsset-boho-stil-pe-rotting-vaderbestandig-kram\/"]}]},{"@type":"ImageObject","inLanguage":"sv-SE","@id":"https:\/\/truusk.store\/sv\/produkt\/truusk-gungstolsset-boho-stil-pe-rotting-vaderbestandig-kram\/#primaryimage","url":"https:\/\/i0.wp.com\/truusk.store\/wp-content\/uploads\/2024\/02\/gungstolsset-gungstolar-bistroset-boho-stil-pe-rotting-vaderbestandig-kram.webp?fit=800%2C800&ssl=1","contentUrl":"https:\/\/i0.wp.com\/truusk.store\/wp-content\/uploads\/2024\/02\/gungstolsset-gungstolar-bistroset-boho-stil-pe-rotting-vaderbestandig-kram.webp?fit=800%2C800&ssl=1","width":800,"height":800,"caption":"Gungstolsset, Gungstolar, Bistroset, Boho-stil, PE-rotting, V\u00e4derbest\u00e4ndig, Kr\u00e4m 1"},{"@type":"BreadcrumbList","@id":"https:\/\/truusk.store\/sv\/produkt\/truusk-gungstolsset-boho-stil-pe-rotting-vaderbestandig-kram\/#breadcrumb","itemListElement":[{"@type":"ListItem","position":1,"name":"Home","item":"https:\/\/truusk.store\/sv\/"},{"@type":"ListItem","position":2,"name":"Shop","item":"https:\/\/truusk.store\/shop\/"},{"@type":"ListItem","position":3,"name":"TRUUSK Gungstolsset &#8211; Boho-stil &#8211; PE-rotting &#8211; V\u00e4derbest\u00e4ndig &#8211; Kr\u00e4m"}]},{"@type":"WebSite","@id":"https:\/\/truusk.store\/sv\/#website","url":"https:\/\/truusk.store\/sv\/","name":"TRUUSK - Hem, Tr\u00e4dg\u00e5rd & Fritid","description":"","publisher":{"@id":"https:\/\/truusk.store\/sv\/#organization"},"potentialAction":[{"@type":"SearchAction","target":{"@type":"EntryPoint","urlTemplate":"https:\/\/truusk.store\/sv\/?s={search_term_string}"},"query-input":{"@type":"PropertyValueSpecification","valueRequired":true,"valueName":"search_term_string"}}],"inLanguage":"sv-SE"},{"@type":"Organization","@id":"https:\/\/truusk.store\/sv\/#organization","name":"TRUUSK - Hem, Tr\u00e4dg\u00e5rd & Fritid","url":"https:\/\/truusk.store\/sv\/","logo":{"@type":"ImageObject","inLanguage":"sv-SE","@id":"https:\/\/truusk.store\/sv\/#\/schema\/logo\/image\/","url":"https:\/\/i0.wp.com\/truusk.store\/wp-content\/uploads\/2026\/03\/cropped-TRUUSK.png?fit=2032%2C917&ssl=1","contentUrl":"https:\/\/i0.wp.com\/truusk.store\/wp-content\/uploads\/2026\/03\/cropped-TRUUSK.png?fit=2032%2C917&ssl=1","width":2032,"height":917,"caption":"TRUUSK - Hem, Tr\u00e4dg\u00e5rd & Fritid"},"image":{"@id":"https:\/\/truusk.store\/sv\/#\/schema\/logo\/image\/"}}]}},"jetpack_sharing_enabled":true,"_links":{"self":[{"href":"https:\/\/truusk.store\/sv\/wp-json\/wp\/v2\/product\/48321","targetHints":{"allow":["GET"]}}],"collection":[{"href":"https:\/\/truusk.store\/sv\/wp-json\/wp\/v2\/product"}],"about":[{"href":"https:\/\/truusk.store\/sv\/wp-json\/wp\/v2\/types\/product"}],"wp:featuredmedia":[{"embeddable":true,"href":"https:\/\/truusk.store\/sv\/wp-json\/wp\/v2\/media\/48322"}],"wp:attachment":[{"href":"https:\/\/truusk.store\/sv\/wp-json\/wp\/v2\/media?parent=48321"}],"wp:term":[{"taxonomy":"product_brand","embeddable":true,"href":"https:\/\/truusk.store\/sv\/wp-json\/wp\/v2\/product_brand?post=48321"},{"taxonomy":"product_cat","embeddable":true,"href":"https:\/\/truusk.store\/sv\/wp-json\/wp\/v2\/product_cat?post=48321"},{"taxonomy":"product_tag","embeddable":true,"href":"https:\/\/truusk.store\/sv\/wp-json\/wp\/v2\/product_tag?post=48321"}],"curies":[{"name":"wp","href":"https:\/\/api.w.org\/{rel}","templated":true}]}}