{"id":48328,"date":"2024-02-14T07:52:59","date_gmt":"2024-02-14T06:52:59","guid":{"rendered":"https:\/\/truusk.store\/product\/balkongbord-halvrunda-polyrottingmetall-100x50x74-cm-gra\/"},"modified":"2026-03-12T09:36:16","modified_gmt":"2026-03-12T08:36:16","slug":"truusk-balkongbord-halvrund-polyrottingmetall-100x50x74-cm-gra","status":"publish","type":"product","link":"https:\/\/truusk.store\/sv\/produkt\/truusk-balkongbord-halvrund-polyrottingmetall-100x50x74-cm-gra\/","title":{"rendered":"TRUUSK Balkongbord &#8211; Halvrund &#8211; Polyrotting+metall &#8211; 100x50x74 Cm &#8211; Gr\u00e5"},"content":{"rendered":"<p>Detta balkongbord av polyrattan \u00e4r mycket v\u00e4derbest\u00e4ndigt och \u00e4r idealiskt f\u00f6r utomhusomr\u00e5den som balkonger, tr\u00e4dg\u00e5rdar eller terrasser. St\u00f6dbenen \u00e4r gjorda av solid metall, s\u00e5 att bordet \u00e4r extremt stabilt och b\u00e4rande \u00e4ven med tre ben. Tack vare sina kompakta m\u00e5tt kan bordet anv\u00e4ndas flexibelt och l\u00e4tt att flytta.<\/p>\n<h3>Beskrivning:<\/h3>\n<ul>\n<li>H\u00f6gkvalitativt tr\u00e4dg\u00e5rdsbord i modern design<\/li>\n<li>Tillverkad av v\u00e4derbest\u00e4ndig polyrotting<\/li>\n<li>Robust metallram<\/li>\n<li>L\u00e4ttsk\u00f6tt yta<\/li>\n<li>S\u00e4rskilt l\u00e4mplig f\u00f6r balkongen eller andra utomhusomr\u00e5den som tr\u00e4dg\u00e5rden eller terrassen<\/li>\n<li>Kan anv\u00e4ndas flexibelt<\/li>\n<li>Ett perfekt komplement till sittgruppen i rotting<\/li>\n<li>Enkel konstruktion<\/li>\n<\/ul>\n<h3>Teknisk data:<\/h3>\n<ul>\n<li>Material: polyrattan, metall<\/li>\n<li>F\u00e4rg gr\u00e5<\/li>\n<li>Totala m\u00e5tt: 100L x 50W x 74H cm<\/li>\n<li>Max lastkapacitet: 50 kg<\/li>\n<\/ul>\n<h3>Leveransens omfattning:<\/h3>\n<ul>\n<li>1 x balkongbord;<\/li>\n<\/ul>\n","protected":false},"excerpt":{"rendered":"<p>Detta balkongbord av polyrattan \u00e4r mycket v\u00e4derbest\u00e4ndigt och \u00e4r idealiskt f\u00f6r utomhusomr\u00e5den som balkonger, tr\u00e4dg\u00e5rdar eller terrasser. St\u00f6dbenen \u00e4r gjorda&#8230;<\/p>\n","protected":false},"featured_media":48329,"template":"","meta":[],"product_brand":[],"product_cat":[435,457,450],"product_tag":[],"class_list":{"0":"post-48328","1":"product","2":"type-product","3":"status-publish","4":"has-post-thumbnail","6":"product_cat-tradgard-och-terrass","7":"product_cat-tradgardsbord","8":"product_cat-tradgardsmobler","10":"first","11":"instock","12":"sale","13":"taxable","14":"shipping-taxable","15":"purchasable","16":"product-type-simple"},"yoast_head":"<!-- This site is optimized with the Yoast SEO plugin v25.4 - https:\/\/yoast.com\/wordpress\/plugins\/seo\/ -->\n<title>TRUUSK Balkongbord - Halvrund - Polyrotting+metall - 100x50x74 Cm - Gr\u00e5 - TRUUSK - Hem, Tr\u00e4dg\u00e5rd &amp; Fritid<\/title>\n<meta name=\"robots\" content=\"index, follow, max-snippet:-1, max-image-preview:large, max-video-preview:-1\" \/>\n<link rel=\"canonical\" href=\"https:\/\/truusk.store\/sv\/produkt\/truusk-balkongbord-halvrund-polyrottingmetall-100x50x74-cm-gra\/\" \/>\n<meta property=\"og:locale\" content=\"sv_SE\" \/>\n<meta property=\"og:type\" content=\"article\" \/>\n<meta property=\"og:title\" content=\"TRUUSK Balkongbord - Halvrund - Polyrotting+metall - 100x50x74 Cm - Gr\u00e5 - TRUUSK - Hem, Tr\u00e4dg\u00e5rd &amp; Fritid\" \/>\n<meta property=\"og:description\" content=\"Detta balkongbord av polyrattan \u00e4r mycket v\u00e4derbest\u00e4ndigt och \u00e4r idealiskt f\u00f6r utomhusomr\u00e5den som balkonger, tr\u00e4dg\u00e5rdar eller terrasser. St\u00f6dbenen \u00e4r gjorda...\" \/>\n<meta property=\"og:url\" content=\"https:\/\/truusk.store\/sv\/produkt\/truusk-balkongbord-halvrund-polyrottingmetall-100x50x74-cm-gra\/\" \/>\n<meta property=\"og:site_name\" content=\"TRUUSK - Hem, Tr\u00e4dg\u00e5rd &amp; Fritid\" \/>\n<meta property=\"article:modified_time\" content=\"2026-03-12T08:36:16+00:00\" \/>\n<meta property=\"og:image\" content=\"https:\/\/i0.wp.com\/truusk.se\/wp-content\/uploads\/2024\/02\/balkongbord-halvrunda-polyrottingmetall-100x50x74-cm-gra.webp?fit=800%2C800&ssl=1\" \/>\n\t<meta property=\"og:image:width\" content=\"800\" \/>\n\t<meta property=\"og:image:height\" content=\"800\" \/>\n\t<meta property=\"og:image:type\" content=\"image\/webp\" \/>\n<meta name=\"twitter:card\" content=\"summary_large_image\" \/>\n<meta name=\"twitter:label1\" content=\"Ber\u00e4knad l\u00e4stid\" \/>\n\t<meta name=\"twitter:data1\" content=\"1 minut\" \/>\n<!-- \/ Yoast SEO plugin. -->","yoast_head_json":{"title":"TRUUSK Balkongbord - Halvrund - Polyrotting+metall - 100x50x74 Cm - Gr\u00e5 - TRUUSK - Hem, Tr\u00e4dg\u00e5rd &amp; Fritid","robots":{"index":"index","follow":"follow","max-snippet":"max-snippet:-1","max-image-preview":"max-image-preview:large","max-video-preview":"max-video-preview:-1"},"canonical":"https:\/\/truusk.store\/sv\/produkt\/truusk-balkongbord-halvrund-polyrottingmetall-100x50x74-cm-gra\/","og_locale":"sv_SE","og_type":"article","og_title":"TRUUSK Balkongbord - Halvrund - Polyrotting+metall - 100x50x74 Cm - Gr\u00e5 - TRUUSK - Hem, Tr\u00e4dg\u00e5rd &amp; Fritid","og_description":"Detta balkongbord av polyrattan \u00e4r mycket v\u00e4derbest\u00e4ndigt och \u00e4r idealiskt f\u00f6r utomhusomr\u00e5den som balkonger, tr\u00e4dg\u00e5rdar eller terrasser. St\u00f6dbenen \u00e4r gjorda...","og_url":"https:\/\/truusk.store\/sv\/produkt\/truusk-balkongbord-halvrund-polyrottingmetall-100x50x74-cm-gra\/","og_site_name":"TRUUSK - Hem, Tr\u00e4dg\u00e5rd &amp; Fritid","article_modified_time":"2026-03-12T08:36:16+00:00","og_image":[{"width":800,"height":800,"url":"https:\/\/i0.wp.com\/truusk.se\/wp-content\/uploads\/2024\/02\/balkongbord-halvrunda-polyrottingmetall-100x50x74-cm-gra.webp?fit=800%2C800&ssl=1","type":"image\/webp"}],"twitter_card":"summary_large_image","twitter_misc":{"Ber\u00e4knad l\u00e4stid":"1 minut"},"schema":{"@context":"https:\/\/schema.org","@graph":[{"@type":"WebPage","@id":"https:\/\/truusk.store\/sv\/produkt\/truusk-balkongbord-halvrund-polyrottingmetall-100x50x74-cm-gra\/","url":"https:\/\/truusk.store\/sv\/produkt\/truusk-balkongbord-halvrund-polyrottingmetall-100x50x74-cm-gra\/","name":"TRUUSK Balkongbord - Halvrund - Polyrotting+metall - 100x50x74 Cm - Gr\u00e5 - TRUUSK - Hem, Tr\u00e4dg\u00e5rd &amp; Fritid","isPartOf":{"@id":"https:\/\/truusk.store\/sv\/#website"},"primaryImageOfPage":{"@id":"https:\/\/truusk.store\/sv\/produkt\/truusk-balkongbord-halvrund-polyrottingmetall-100x50x74-cm-gra\/#primaryimage"},"image":{"@id":"https:\/\/truusk.store\/sv\/produkt\/truusk-balkongbord-halvrund-polyrottingmetall-100x50x74-cm-gra\/#primaryimage"},"thumbnailUrl":"https:\/\/i0.wp.com\/truusk.store\/wp-content\/uploads\/2024\/02\/balkongbord-halvrunda-polyrottingmetall-100x50x74-cm-gra.webp?fit=800%2C800&ssl=1","datePublished":"2024-02-14T06:52:59+00:00","dateModified":"2026-03-12T08:36:16+00:00","breadcrumb":{"@id":"https:\/\/truusk.store\/sv\/produkt\/truusk-balkongbord-halvrund-polyrottingmetall-100x50x74-cm-gra\/#breadcrumb"},"inLanguage":"sv-SE","potentialAction":[{"@type":"ReadAction","target":["https:\/\/truusk.store\/sv\/produkt\/truusk-balkongbord-halvrund-polyrottingmetall-100x50x74-cm-gra\/"]}]},{"@type":"ImageObject","inLanguage":"sv-SE","@id":"https:\/\/truusk.store\/sv\/produkt\/truusk-balkongbord-halvrund-polyrottingmetall-100x50x74-cm-gra\/#primaryimage","url":"https:\/\/i0.wp.com\/truusk.store\/wp-content\/uploads\/2024\/02\/balkongbord-halvrunda-polyrottingmetall-100x50x74-cm-gra.webp?fit=800%2C800&ssl=1","contentUrl":"https:\/\/i0.wp.com\/truusk.store\/wp-content\/uploads\/2024\/02\/balkongbord-halvrunda-polyrottingmetall-100x50x74-cm-gra.webp?fit=800%2C800&ssl=1","width":800,"height":800,"caption":"Balkongbord, Halvrunda, Polyrotting+metall, 100x50x74 Cm, Gr\u00e5 1"},{"@type":"BreadcrumbList","@id":"https:\/\/truusk.store\/sv\/produkt\/truusk-balkongbord-halvrund-polyrottingmetall-100x50x74-cm-gra\/#breadcrumb","itemListElement":[{"@type":"ListItem","position":1,"name":"Home","item":"https:\/\/truusk.store\/sv\/"},{"@type":"ListItem","position":2,"name":"Shop","item":"https:\/\/truusk.store\/shop\/"},{"@type":"ListItem","position":3,"name":"TRUUSK Balkongbord &#8211; Halvrund &#8211; Polyrotting+metall &#8211; 100x50x74 Cm &#8211; Gr\u00e5"}]},{"@type":"WebSite","@id":"https:\/\/truusk.store\/sv\/#website","url":"https:\/\/truusk.store\/sv\/","name":"TRUUSK - Hem, Tr\u00e4dg\u00e5rd & Fritid","description":"","publisher":{"@id":"https:\/\/truusk.store\/sv\/#organization"},"potentialAction":[{"@type":"SearchAction","target":{"@type":"EntryPoint","urlTemplate":"https:\/\/truusk.store\/sv\/?s={search_term_string}"},"query-input":{"@type":"PropertyValueSpecification","valueRequired":true,"valueName":"search_term_string"}}],"inLanguage":"sv-SE"},{"@type":"Organization","@id":"https:\/\/truusk.store\/sv\/#organization","name":"TRUUSK - Hem, Tr\u00e4dg\u00e5rd & Fritid","url":"https:\/\/truusk.store\/sv\/","logo":{"@type":"ImageObject","inLanguage":"sv-SE","@id":"https:\/\/truusk.store\/sv\/#\/schema\/logo\/image\/","url":"https:\/\/i0.wp.com\/truusk.store\/wp-content\/uploads\/2026\/03\/cropped-TRUUSK.png?fit=2032%2C917&ssl=1","contentUrl":"https:\/\/i0.wp.com\/truusk.store\/wp-content\/uploads\/2026\/03\/cropped-TRUUSK.png?fit=2032%2C917&ssl=1","width":2032,"height":917,"caption":"TRUUSK - Hem, Tr\u00e4dg\u00e5rd & Fritid"},"image":{"@id":"https:\/\/truusk.store\/sv\/#\/schema\/logo\/image\/"}}]}},"jetpack_sharing_enabled":true,"_links":{"self":[{"href":"https:\/\/truusk.store\/sv\/wp-json\/wp\/v2\/product\/48328","targetHints":{"allow":["GET"]}}],"collection":[{"href":"https:\/\/truusk.store\/sv\/wp-json\/wp\/v2\/product"}],"about":[{"href":"https:\/\/truusk.store\/sv\/wp-json\/wp\/v2\/types\/product"}],"wp:featuredmedia":[{"embeddable":true,"href":"https:\/\/truusk.store\/sv\/wp-json\/wp\/v2\/media\/48329"}],"wp:attachment":[{"href":"https:\/\/truusk.store\/sv\/wp-json\/wp\/v2\/media?parent=48328"}],"wp:term":[{"taxonomy":"product_brand","embeddable":true,"href":"https:\/\/truusk.store\/sv\/wp-json\/wp\/v2\/product_brand?post=48328"},{"taxonomy":"product_cat","embeddable":true,"href":"https:\/\/truusk.store\/sv\/wp-json\/wp\/v2\/product_cat?post=48328"},{"taxonomy":"product_tag","embeddable":true,"href":"https:\/\/truusk.store\/sv\/wp-json\/wp\/v2\/product_tag?post=48328"}],"curies":[{"name":"wp","href":"https:\/\/api.w.org\/{rel}","templated":true}]}}