{"id":48346,"date":"2024-02-14T07:53:38","date_gmt":"2024-02-14T06:53:38","guid":{"rendered":"https:\/\/truusk.store\/product\/uteljus-med-solcellsmodul-automatisk-tandning-8-timmars-drifttid-rottinglook-stal-155-x-155-x-46-cm-gra\/"},"modified":"2026-03-12T09:36:18","modified_gmt":"2026-03-12T08:36:18","slug":"truusk-uteljus-med-solcellsmodul-automatisk-tandning-8-timmars-drifttid-rottinglook-stal-155-x-155-x-46-cm-gra","status":"publish","type":"product","link":"https:\/\/truusk.store\/sv\/produkt\/truusk-uteljus-med-solcellsmodul-automatisk-tandning-8-timmars-drifttid-rottinglook-stal-155-x-155-x-46-cm-gra\/","title":{"rendered":"TRUUSK Uteljus med Solcellsmodul &#8211; Automatisk T\u00e4ndning &#8211; 8 Timmars Drifttid &#8211; Rottinglook &#8211; St\u00e5l &#8211; 15,5 x 15,5 x 46 cm &#8211; Gr\u00e5"},"content":{"rendered":"<p>Denna vackra utomhuslampa med ett hus av naturlig rottingv\u00e4v passar perfekt in i vilken tr\u00e4dg\u00e5rd eller terrass som helst. Med sitt varmvita ljus skapar lampan en hemtrevlig och bekv\u00e4m atmosf\u00e4r. Tack vare solcellsdrift laddas ljuset under dagen och erbjuder upp till 8 timmars belysningstid samtidigt som det t\u00e4nds och sl\u00e4cks automatiskt. Den robusta st\u00e5lramen och det robusta h\u00f6ljet g\u00f6r denna lampa idealisk f\u00f6r l\u00e5ngvarig utomhusbruk.<\/p>\n<h3>Beskrivning:<\/h3>\n<ul>\n<li>Rektangul\u00e4r golvlampa med ett plastrottinghus, ett vackert tillskott till din uteplats, tr\u00e4dg\u00e5rd eller tr\u00e4dg\u00e5rd<\/li>\n<li>Solpanel p\u00e5 ovansidan f\u00f6r laddning i solljus, laddningstid \u00e4r fem timmar<\/li>\n<li>Sl\u00e5s p\u00e5 och av automatiskt vid skymning och soluppg\u00e5ng<\/li>\n<li>Brinntid p\u00e5 upp till 8 timmar n\u00e4r den \u00e4r fulladdad<\/li>\n<li>Vattent\u00e4t enligt IP44 (skydd mot st\u00e4nkvatten)<\/li>\n<li>Kompakt, utrymmesbesparande design, b\u00e4rbar och energibesparande<\/li>\n<li>Stabil bas f\u00f6r h\u00f6g stabilitet<\/li>\n<\/ul>\n<h3>Teknisk data:<\/h3>\n<ul>\n<li>F\u00e4rg gr\u00e5<\/li>\n<li>Material: st\u00e5l, PE-rotting<\/li>\n<li>\u00d6vergripande m\u00e5tt: 15,5L x 15,5W x 46H cm<\/li>\n<li>Solpanelens storlek: 12L x 12W cm<\/li>\n<li>Golvyta: 15L x 15W cm<\/li>\n<li>LED-effekt (enkel lampa): 0,06 W<\/li>\n<li>Laddningstid: 5 timmar med tillr\u00e4ckligt med solljus<\/li>\n<li>Brinntid (fulladdat): 8 timmar<\/li>\n<li>Ljus: varmvit<\/li>\n<\/ul>\n<h3>Leveransens omfattning:<\/h3>\n<ul>\n<li>1 x utomhusljus<\/li>\n<li>1 x Instruktioner<\/li>\n<\/ul>\n","protected":false},"excerpt":{"rendered":"<p>Denna vackra utomhuslampa med ett hus av naturlig rottingv\u00e4v passar perfekt in i vilken tr\u00e4dg\u00e5rd eller terrass som helst. Med&#8230;<\/p>\n","protected":false},"featured_media":48347,"template":"","meta":[],"product_brand":[],"product_cat":[435,465,464],"product_tag":[],"class_list":{"0":"post-48346","1":"product","2":"type-product","3":"status-publish","4":"has-post-thumbnail","6":"product_cat-tradgard-och-terrass","7":"product_cat-tradgardsbelysning","8":"product_cat-tradgardsdekoration","10":"first","11":"instock","12":"sale","13":"taxable","14":"shipping-taxable","15":"purchasable","16":"product-type-simple"},"yoast_head":"<!-- This site is optimized with the Yoast SEO plugin v25.4 - https:\/\/yoast.com\/wordpress\/plugins\/seo\/ -->\n<title>TRUUSK Uteljus med Solcellsmodul - Automatisk T\u00e4ndning - 8 Timmars Drifttid - Rottinglook - St\u00e5l - 15,5 x 15,5 x 46 cm - Gr\u00e5 - TRUUSK - Hem, Tr\u00e4dg\u00e5rd &amp; Fritid<\/title>\n<meta name=\"robots\" content=\"index, follow, max-snippet:-1, max-image-preview:large, max-video-preview:-1\" \/>\n<link rel=\"canonical\" href=\"https:\/\/truusk.store\/sv\/produkt\/truusk-uteljus-med-solcellsmodul-automatisk-tandning-8-timmars-drifttid-rottinglook-stal-155-x-155-x-46-cm-gra\/\" \/>\n<meta property=\"og:locale\" content=\"sv_SE\" \/>\n<meta property=\"og:type\" content=\"article\" \/>\n<meta property=\"og:title\" content=\"TRUUSK Uteljus med Solcellsmodul - Automatisk T\u00e4ndning - 8 Timmars Drifttid - Rottinglook - St\u00e5l - 15,5 x 15,5 x 46 cm - Gr\u00e5 - TRUUSK - Hem, Tr\u00e4dg\u00e5rd &amp; Fritid\" \/>\n<meta property=\"og:description\" content=\"Denna vackra utomhuslampa med ett hus av naturlig rottingv\u00e4v passar perfekt in i vilken tr\u00e4dg\u00e5rd eller terrass som helst. Med...\" \/>\n<meta property=\"og:url\" content=\"https:\/\/truusk.store\/sv\/produkt\/truusk-uteljus-med-solcellsmodul-automatisk-tandning-8-timmars-drifttid-rottinglook-stal-155-x-155-x-46-cm-gra\/\" \/>\n<meta property=\"og:site_name\" content=\"TRUUSK - Hem, Tr\u00e4dg\u00e5rd &amp; Fritid\" \/>\n<meta property=\"article:modified_time\" content=\"2026-03-12T08:36:18+00:00\" \/>\n<meta property=\"og:image\" content=\"https:\/\/i0.wp.com\/truusk.se\/wp-content\/uploads\/2024\/02\/uteljus-med-solcellsmodul-automatisk-tandning-8-timmars-drifttid-rottinglook-stal-155-x-155-x-46-cm-gra.webp?fit=800%2C800&ssl=1\" \/>\n\t<meta property=\"og:image:width\" content=\"800\" \/>\n\t<meta property=\"og:image:height\" content=\"800\" \/>\n\t<meta property=\"og:image:type\" content=\"image\/webp\" \/>\n<meta name=\"twitter:card\" content=\"summary_large_image\" \/>\n<meta name=\"twitter:label1\" content=\"Ber\u00e4knad l\u00e4stid\" \/>\n\t<meta name=\"twitter:data1\" content=\"1 minut\" \/>\n<!-- \/ Yoast SEO plugin. -->","yoast_head_json":{"title":"TRUUSK Uteljus med Solcellsmodul - Automatisk T\u00e4ndning - 8 Timmars Drifttid - Rottinglook - St\u00e5l - 15,5 x 15,5 x 46 cm - Gr\u00e5 - TRUUSK - Hem, Tr\u00e4dg\u00e5rd &amp; Fritid","robots":{"index":"index","follow":"follow","max-snippet":"max-snippet:-1","max-image-preview":"max-image-preview:large","max-video-preview":"max-video-preview:-1"},"canonical":"https:\/\/truusk.store\/sv\/produkt\/truusk-uteljus-med-solcellsmodul-automatisk-tandning-8-timmars-drifttid-rottinglook-stal-155-x-155-x-46-cm-gra\/","og_locale":"sv_SE","og_type":"article","og_title":"TRUUSK Uteljus med Solcellsmodul - Automatisk T\u00e4ndning - 8 Timmars Drifttid - Rottinglook - St\u00e5l - 15,5 x 15,5 x 46 cm - Gr\u00e5 - TRUUSK - Hem, Tr\u00e4dg\u00e5rd &amp; Fritid","og_description":"Denna vackra utomhuslampa med ett hus av naturlig rottingv\u00e4v passar perfekt in i vilken tr\u00e4dg\u00e5rd eller terrass som helst. Med...","og_url":"https:\/\/truusk.store\/sv\/produkt\/truusk-uteljus-med-solcellsmodul-automatisk-tandning-8-timmars-drifttid-rottinglook-stal-155-x-155-x-46-cm-gra\/","og_site_name":"TRUUSK - Hem, Tr\u00e4dg\u00e5rd &amp; Fritid","article_modified_time":"2026-03-12T08:36:18+00:00","og_image":[{"width":800,"height":800,"url":"https:\/\/i0.wp.com\/truusk.se\/wp-content\/uploads\/2024\/02\/uteljus-med-solcellsmodul-automatisk-tandning-8-timmars-drifttid-rottinglook-stal-155-x-155-x-46-cm-gra.webp?fit=800%2C800&ssl=1","type":"image\/webp"}],"twitter_card":"summary_large_image","twitter_misc":{"Ber\u00e4knad l\u00e4stid":"1 minut"},"schema":{"@context":"https:\/\/schema.org","@graph":[{"@type":"WebPage","@id":"https:\/\/truusk.store\/sv\/produkt\/truusk-uteljus-med-solcellsmodul-automatisk-tandning-8-timmars-drifttid-rottinglook-stal-155-x-155-x-46-cm-gra\/","url":"https:\/\/truusk.store\/sv\/produkt\/truusk-uteljus-med-solcellsmodul-automatisk-tandning-8-timmars-drifttid-rottinglook-stal-155-x-155-x-46-cm-gra\/","name":"TRUUSK Uteljus med Solcellsmodul - Automatisk T\u00e4ndning - 8 Timmars Drifttid - Rottinglook - St\u00e5l - 15,5 x 15,5 x 46 cm - Gr\u00e5 - TRUUSK - Hem, Tr\u00e4dg\u00e5rd &amp; Fritid","isPartOf":{"@id":"https:\/\/truusk.store\/sv\/#website"},"primaryImageOfPage":{"@id":"https:\/\/truusk.store\/sv\/produkt\/truusk-uteljus-med-solcellsmodul-automatisk-tandning-8-timmars-drifttid-rottinglook-stal-155-x-155-x-46-cm-gra\/#primaryimage"},"image":{"@id":"https:\/\/truusk.store\/sv\/produkt\/truusk-uteljus-med-solcellsmodul-automatisk-tandning-8-timmars-drifttid-rottinglook-stal-155-x-155-x-46-cm-gra\/#primaryimage"},"thumbnailUrl":"https:\/\/i0.wp.com\/truusk.store\/wp-content\/uploads\/2024\/02\/uteljus-med-solcellsmodul-automatisk-tandning-8-timmars-drifttid-rottinglook-stal-155-x-155-x-46-cm-gra.webp?fit=800%2C800&ssl=1","datePublished":"2024-02-14T06:53:38+00:00","dateModified":"2026-03-12T08:36:18+00:00","breadcrumb":{"@id":"https:\/\/truusk.store\/sv\/produkt\/truusk-uteljus-med-solcellsmodul-automatisk-tandning-8-timmars-drifttid-rottinglook-stal-155-x-155-x-46-cm-gra\/#breadcrumb"},"inLanguage":"sv-SE","potentialAction":[{"@type":"ReadAction","target":["https:\/\/truusk.store\/sv\/produkt\/truusk-uteljus-med-solcellsmodul-automatisk-tandning-8-timmars-drifttid-rottinglook-stal-155-x-155-x-46-cm-gra\/"]}]},{"@type":"ImageObject","inLanguage":"sv-SE","@id":"https:\/\/truusk.store\/sv\/produkt\/truusk-uteljus-med-solcellsmodul-automatisk-tandning-8-timmars-drifttid-rottinglook-stal-155-x-155-x-46-cm-gra\/#primaryimage","url":"https:\/\/i0.wp.com\/truusk.store\/wp-content\/uploads\/2024\/02\/uteljus-med-solcellsmodul-automatisk-tandning-8-timmars-drifttid-rottinglook-stal-155-x-155-x-46-cm-gra.webp?fit=800%2C800&ssl=1","contentUrl":"https:\/\/i0.wp.com\/truusk.store\/wp-content\/uploads\/2024\/02\/uteljus-med-solcellsmodul-automatisk-tandning-8-timmars-drifttid-rottinglook-stal-155-x-155-x-46-cm-gra.webp?fit=800%2C800&ssl=1","width":800,"height":800,"caption":"Uteljus Med Solcellsmodul, Automatisk T\u00e4ndning, 8 Timmars Drifttid, Rottinglook, St\u00e5l, 15,5 X 15,5 X 46 Cm, Gr\u00e5 1"},{"@type":"BreadcrumbList","@id":"https:\/\/truusk.store\/sv\/produkt\/truusk-uteljus-med-solcellsmodul-automatisk-tandning-8-timmars-drifttid-rottinglook-stal-155-x-155-x-46-cm-gra\/#breadcrumb","itemListElement":[{"@type":"ListItem","position":1,"name":"Home","item":"https:\/\/truusk.store\/sv\/"},{"@type":"ListItem","position":2,"name":"Shop","item":"https:\/\/truusk.store\/shop\/"},{"@type":"ListItem","position":3,"name":"TRUUSK Uteljus med Solcellsmodul &#8211; Automatisk T\u00e4ndning &#8211; 8 Timmars Drifttid &#8211; Rottinglook &#8211; St\u00e5l &#8211; 15,5 x 15,5 x 46 cm &#8211; Gr\u00e5"}]},{"@type":"WebSite","@id":"https:\/\/truusk.store\/sv\/#website","url":"https:\/\/truusk.store\/sv\/","name":"TRUUSK - Hem, Tr\u00e4dg\u00e5rd & Fritid","description":"","publisher":{"@id":"https:\/\/truusk.store\/sv\/#organization"},"potentialAction":[{"@type":"SearchAction","target":{"@type":"EntryPoint","urlTemplate":"https:\/\/truusk.store\/sv\/?s={search_term_string}"},"query-input":{"@type":"PropertyValueSpecification","valueRequired":true,"valueName":"search_term_string"}}],"inLanguage":"sv-SE"},{"@type":"Organization","@id":"https:\/\/truusk.store\/sv\/#organization","name":"TRUUSK - Hem, Tr\u00e4dg\u00e5rd & Fritid","url":"https:\/\/truusk.store\/sv\/","logo":{"@type":"ImageObject","inLanguage":"sv-SE","@id":"https:\/\/truusk.store\/sv\/#\/schema\/logo\/image\/","url":"https:\/\/i0.wp.com\/truusk.store\/wp-content\/uploads\/2026\/03\/cropped-TRUUSK.png?fit=2032%2C917&ssl=1","contentUrl":"https:\/\/i0.wp.com\/truusk.store\/wp-content\/uploads\/2026\/03\/cropped-TRUUSK.png?fit=2032%2C917&ssl=1","width":2032,"height":917,"caption":"TRUUSK - Hem, Tr\u00e4dg\u00e5rd & Fritid"},"image":{"@id":"https:\/\/truusk.store\/sv\/#\/schema\/logo\/image\/"}}]}},"jetpack_sharing_enabled":true,"_links":{"self":[{"href":"https:\/\/truusk.store\/sv\/wp-json\/wp\/v2\/product\/48346","targetHints":{"allow":["GET"]}}],"collection":[{"href":"https:\/\/truusk.store\/sv\/wp-json\/wp\/v2\/product"}],"about":[{"href":"https:\/\/truusk.store\/sv\/wp-json\/wp\/v2\/types\/product"}],"wp:featuredmedia":[{"embeddable":true,"href":"https:\/\/truusk.store\/sv\/wp-json\/wp\/v2\/media\/48347"}],"wp:attachment":[{"href":"https:\/\/truusk.store\/sv\/wp-json\/wp\/v2\/media?parent=48346"}],"wp:term":[{"taxonomy":"product_brand","embeddable":true,"href":"https:\/\/truusk.store\/sv\/wp-json\/wp\/v2\/product_brand?post=48346"},{"taxonomy":"product_cat","embeddable":true,"href":"https:\/\/truusk.store\/sv\/wp-json\/wp\/v2\/product_cat?post=48346"},{"taxonomy":"product_tag","embeddable":true,"href":"https:\/\/truusk.store\/sv\/wp-json\/wp\/v2\/product_tag?post=48346"}],"curies":[{"name":"wp","href":"https:\/\/api.w.org\/{rel}","templated":true}]}}