{"id":48406,"date":"2024-02-14T07:55:51","date_gmt":"2024-02-14T06:55:51","guid":{"rendered":"https:\/\/truusk.store\/product\/pall-stoppad-pall-linne-dold-forvaring-vandbart-lock-56-cm-x-56-cm-x-42-cm-gra-natur\/"},"modified":"2026-03-12T09:36:22","modified_gmt":"2026-03-12T08:36:22","slug":"truusk-pall-med-stoppad-sits-linnekladsel-dold-forvaring-vandbart-lock-gra-natur-56-x-56-x-42-cm","status":"publish","type":"product","link":"https:\/\/truusk.store\/sv\/produkt\/truusk-pall-med-stoppad-sits-linnekladsel-dold-forvaring-vandbart-lock-gra-natur-56-x-56-x-42-cm\/","title":{"rendered":"TRUUSK Pall med Stoppad Sits &#8211; Linnekl\u00e4dsel &#8211; Dold F\u00f6rvaring &#8211; V\u00e4ndbart Lock &#8211; Gr\u00e5 &amp; Natur &#8211; 5,6 x 56 x 42 cm"},"content":{"rendered":"<p>Om du beh\u00f6ver extra f\u00f6rvaringsutrymme men ocks\u00e5 vill l\u00e4gga till en accent till ditt hem \u00e4r denna f\u00f6rvaringspall perfekt f\u00f6r dig. Den moderna designen med en ovandel i linnelook \u00e4r stilren och erbjuder dig eller dina g\u00e4ster extra sittplatser. F\u00f6rvaringspallen har en avtagbar topp som kan anv\u00e4ndas som bricka och erbjuder dolt f\u00f6rvaringsutrymme. Hos dig k\u00e4nner du dig som hemma.<\/p>\n<h3>Beskrivning:<\/h3>\n<ul>\n<li>Multifunktionellt inredningselement som kan anv\u00e4ndas som soffbord, skost\u00e4ll, fotst\u00f6d eller pall<\/li>\n<li>Har ett nedf\u00e4llbart lock som f\u00f6rvandlas till en bricka<\/li>\n<li>F\u00f6rvaringsutrymme under sitsen f\u00f6r saker som annars inte skulle f\u00e5 plats<\/li>\n<li>Den tjocka stoppningen och ytan i linnelook s\u00e4kerst\u00e4ller en bekv\u00e4m sittupplevelse<\/li>\n<li>MDF bordsskiva med naturligt tr\u00e4fan\u00e9r f\u00f6r enkel reng\u00f6ring<\/li>\n<li>Fyra ben i massiv ek f\u00f6r h\u00f6g stabilitet<\/li>\n<li>Halkskyddsmattor skyddar golvet fr\u00e5n repor<\/li>\n<li>Ingen montering kr\u00e4vs<\/li>\n<\/ul>\n<h3>Teknisk data:<\/h3>\n<ul>\n<li>F\u00e4rg gr\u00e5<\/li>\n<li>Material: linne (100% polyester), MDF<\/li>\n<li>\u00d6vergripande m\u00e5tt: 56L x 56W x 42H cm<\/li>\n<li>Innerm\u00e5tt: 51,5W x 46,5D x 37H cm<\/li>\n<li>Brickstorlek: 50W x 50D x 3,5H cm<\/li>\n<li>Lastkapacitet: 120 kg<\/li>\n<\/ul>\n<h3>Leveransens omfattning:<\/h3>\n<ul>\n<li>1 x pall<\/li>\n<li>1 x manuell<\/li>\n<\/ul>\n","protected":false},"excerpt":{"rendered":"<p>Om du beh\u00f6ver extra f\u00f6rvaringsutrymme men ocks\u00e5 vill l\u00e4gga till en accent till ditt hem \u00e4r denna f\u00f6rvaringspall perfekt f\u00f6r&#8230;<\/p>\n","protected":false},"featured_media":48407,"template":"","meta":[],"product_brand":[],"product_cat":[485,542,543],"product_tag":[],"class_list":{"0":"post-48406","1":"product","2":"type-product","3":"status-publish","4":"has-post-thumbnail","6":"product_cat-hus-bo","7":"product_cat-pall","8":"product_cat-pall-fotpall","10":"first","11":"instock","12":"sale","13":"taxable","14":"shipping-taxable","15":"purchasable","16":"product-type-simple"},"yoast_head":"<!-- This site is optimized with the Yoast SEO plugin v25.4 - https:\/\/yoast.com\/wordpress\/plugins\/seo\/ -->\n<title>TRUUSK Pall med Stoppad Sits - Linnekl\u00e4dsel - Dold F\u00f6rvaring - V\u00e4ndbart Lock - Gr\u00e5 &amp; Natur - 5,6 x 56 x 42 cm - TRUUSK - Hem, Tr\u00e4dg\u00e5rd &amp; Fritid<\/title>\n<meta name=\"robots\" content=\"index, follow, max-snippet:-1, max-image-preview:large, max-video-preview:-1\" \/>\n<link rel=\"canonical\" href=\"https:\/\/truusk.store\/sv\/produkt\/truusk-pall-med-stoppad-sits-linnekladsel-dold-forvaring-vandbart-lock-gra-natur-56-x-56-x-42-cm\/\" \/>\n<meta property=\"og:locale\" content=\"sv_SE\" \/>\n<meta property=\"og:type\" content=\"article\" \/>\n<meta property=\"og:title\" content=\"TRUUSK Pall med Stoppad Sits - Linnekl\u00e4dsel - Dold F\u00f6rvaring - V\u00e4ndbart Lock - Gr\u00e5 &amp; Natur - 5,6 x 56 x 42 cm - TRUUSK - Hem, Tr\u00e4dg\u00e5rd &amp; Fritid\" \/>\n<meta property=\"og:description\" content=\"Om du beh\u00f6ver extra f\u00f6rvaringsutrymme men ocks\u00e5 vill l\u00e4gga till en accent till ditt hem \u00e4r denna f\u00f6rvaringspall perfekt f\u00f6r...\" \/>\n<meta property=\"og:url\" content=\"https:\/\/truusk.store\/sv\/produkt\/truusk-pall-med-stoppad-sits-linnekladsel-dold-forvaring-vandbart-lock-gra-natur-56-x-56-x-42-cm\/\" \/>\n<meta property=\"og:site_name\" content=\"TRUUSK - Hem, Tr\u00e4dg\u00e5rd &amp; Fritid\" \/>\n<meta property=\"article:modified_time\" content=\"2026-03-12T08:36:22+00:00\" \/>\n<meta property=\"og:image\" content=\"https:\/\/i0.wp.com\/truusk.se\/wp-content\/uploads\/2024\/02\/pall-stoppad-pall-linne-dold-forvaring-vandbart-lock-56-cm-x-56-cm-x-42-cm-gra-natur.webp?fit=800%2C800&ssl=1\" \/>\n\t<meta property=\"og:image:width\" content=\"800\" \/>\n\t<meta property=\"og:image:height\" content=\"800\" \/>\n\t<meta property=\"og:image:type\" content=\"image\/webp\" \/>\n<meta name=\"twitter:card\" content=\"summary_large_image\" \/>\n<meta name=\"twitter:label1\" content=\"Ber\u00e4knad l\u00e4stid\" \/>\n\t<meta name=\"twitter:data1\" content=\"1 minut\" \/>\n<!-- \/ Yoast SEO plugin. -->","yoast_head_json":{"title":"TRUUSK Pall med Stoppad Sits - Linnekl\u00e4dsel - Dold F\u00f6rvaring - V\u00e4ndbart Lock - Gr\u00e5 &amp; Natur - 5,6 x 56 x 42 cm - TRUUSK - Hem, Tr\u00e4dg\u00e5rd &amp; Fritid","robots":{"index":"index","follow":"follow","max-snippet":"max-snippet:-1","max-image-preview":"max-image-preview:large","max-video-preview":"max-video-preview:-1"},"canonical":"https:\/\/truusk.store\/sv\/produkt\/truusk-pall-med-stoppad-sits-linnekladsel-dold-forvaring-vandbart-lock-gra-natur-56-x-56-x-42-cm\/","og_locale":"sv_SE","og_type":"article","og_title":"TRUUSK Pall med Stoppad Sits - Linnekl\u00e4dsel - Dold F\u00f6rvaring - V\u00e4ndbart Lock - Gr\u00e5 &amp; Natur - 5,6 x 56 x 42 cm - TRUUSK - Hem, Tr\u00e4dg\u00e5rd &amp; Fritid","og_description":"Om du beh\u00f6ver extra f\u00f6rvaringsutrymme men ocks\u00e5 vill l\u00e4gga till en accent till ditt hem \u00e4r denna f\u00f6rvaringspall perfekt f\u00f6r...","og_url":"https:\/\/truusk.store\/sv\/produkt\/truusk-pall-med-stoppad-sits-linnekladsel-dold-forvaring-vandbart-lock-gra-natur-56-x-56-x-42-cm\/","og_site_name":"TRUUSK - Hem, Tr\u00e4dg\u00e5rd &amp; Fritid","article_modified_time":"2026-03-12T08:36:22+00:00","og_image":[{"width":800,"height":800,"url":"https:\/\/i0.wp.com\/truusk.se\/wp-content\/uploads\/2024\/02\/pall-stoppad-pall-linne-dold-forvaring-vandbart-lock-56-cm-x-56-cm-x-42-cm-gra-natur.webp?fit=800%2C800&ssl=1","type":"image\/webp"}],"twitter_card":"summary_large_image","twitter_misc":{"Ber\u00e4knad l\u00e4stid":"1 minut"},"schema":{"@context":"https:\/\/schema.org","@graph":[{"@type":"WebPage","@id":"https:\/\/truusk.store\/sv\/produkt\/truusk-pall-med-stoppad-sits-linnekladsel-dold-forvaring-vandbart-lock-gra-natur-56-x-56-x-42-cm\/","url":"https:\/\/truusk.store\/sv\/produkt\/truusk-pall-med-stoppad-sits-linnekladsel-dold-forvaring-vandbart-lock-gra-natur-56-x-56-x-42-cm\/","name":"TRUUSK Pall med Stoppad Sits - Linnekl\u00e4dsel - Dold F\u00f6rvaring - V\u00e4ndbart Lock - Gr\u00e5 &amp; Natur - 5,6 x 56 x 42 cm - TRUUSK - Hem, Tr\u00e4dg\u00e5rd &amp; Fritid","isPartOf":{"@id":"https:\/\/truusk.store\/sv\/#website"},"primaryImageOfPage":{"@id":"https:\/\/truusk.store\/sv\/produkt\/truusk-pall-med-stoppad-sits-linnekladsel-dold-forvaring-vandbart-lock-gra-natur-56-x-56-x-42-cm\/#primaryimage"},"image":{"@id":"https:\/\/truusk.store\/sv\/produkt\/truusk-pall-med-stoppad-sits-linnekladsel-dold-forvaring-vandbart-lock-gra-natur-56-x-56-x-42-cm\/#primaryimage"},"thumbnailUrl":"https:\/\/i0.wp.com\/truusk.store\/wp-content\/uploads\/2024\/02\/pall-stoppad-pall-linne-dold-forvaring-vandbart-lock-56-cm-x-56-cm-x-42-cm-gra-natur.webp?fit=800%2C800&ssl=1","datePublished":"2024-02-14T06:55:51+00:00","dateModified":"2026-03-12T08:36:22+00:00","breadcrumb":{"@id":"https:\/\/truusk.store\/sv\/produkt\/truusk-pall-med-stoppad-sits-linnekladsel-dold-forvaring-vandbart-lock-gra-natur-56-x-56-x-42-cm\/#breadcrumb"},"inLanguage":"sv-SE","potentialAction":[{"@type":"ReadAction","target":["https:\/\/truusk.store\/sv\/produkt\/truusk-pall-med-stoppad-sits-linnekladsel-dold-forvaring-vandbart-lock-gra-natur-56-x-56-x-42-cm\/"]}]},{"@type":"ImageObject","inLanguage":"sv-SE","@id":"https:\/\/truusk.store\/sv\/produkt\/truusk-pall-med-stoppad-sits-linnekladsel-dold-forvaring-vandbart-lock-gra-natur-56-x-56-x-42-cm\/#primaryimage","url":"https:\/\/i0.wp.com\/truusk.store\/wp-content\/uploads\/2024\/02\/pall-stoppad-pall-linne-dold-forvaring-vandbart-lock-56-cm-x-56-cm-x-42-cm-gra-natur.webp?fit=800%2C800&ssl=1","contentUrl":"https:\/\/i0.wp.com\/truusk.store\/wp-content\/uploads\/2024\/02\/pall-stoppad-pall-linne-dold-forvaring-vandbart-lock-56-cm-x-56-cm-x-42-cm-gra-natur.webp?fit=800%2C800&ssl=1","width":800,"height":800,"caption":"Pall Stoppad Pall, Linne, Dold F\u00f6rvaring, V\u00e4ndbart Lock, 5,6 Cm X 56 Cm X 42 Cm, Gr\u00e5 + Natur 1"},{"@type":"BreadcrumbList","@id":"https:\/\/truusk.store\/sv\/produkt\/truusk-pall-med-stoppad-sits-linnekladsel-dold-forvaring-vandbart-lock-gra-natur-56-x-56-x-42-cm\/#breadcrumb","itemListElement":[{"@type":"ListItem","position":1,"name":"Home","item":"https:\/\/truusk.store\/sv\/"},{"@type":"ListItem","position":2,"name":"Shop","item":"https:\/\/truusk.store\/shop\/"},{"@type":"ListItem","position":3,"name":"TRUUSK Pall med Stoppad Sits &#8211; Linnekl\u00e4dsel &#8211; Dold F\u00f6rvaring &#8211; V\u00e4ndbart Lock &#8211; Gr\u00e5 &amp; Natur &#8211; 5,6 x 56 x 42 cm"}]},{"@type":"WebSite","@id":"https:\/\/truusk.store\/sv\/#website","url":"https:\/\/truusk.store\/sv\/","name":"TRUUSK - Hem, Tr\u00e4dg\u00e5rd & Fritid","description":"","publisher":{"@id":"https:\/\/truusk.store\/sv\/#organization"},"potentialAction":[{"@type":"SearchAction","target":{"@type":"EntryPoint","urlTemplate":"https:\/\/truusk.store\/sv\/?s={search_term_string}"},"query-input":{"@type":"PropertyValueSpecification","valueRequired":true,"valueName":"search_term_string"}}],"inLanguage":"sv-SE"},{"@type":"Organization","@id":"https:\/\/truusk.store\/sv\/#organization","name":"TRUUSK - Hem, Tr\u00e4dg\u00e5rd & Fritid","url":"https:\/\/truusk.store\/sv\/","logo":{"@type":"ImageObject","inLanguage":"sv-SE","@id":"https:\/\/truusk.store\/sv\/#\/schema\/logo\/image\/","url":"https:\/\/i0.wp.com\/truusk.store\/wp-content\/uploads\/2026\/03\/cropped-TRUUSK.png?fit=2032%2C917&ssl=1","contentUrl":"https:\/\/i0.wp.com\/truusk.store\/wp-content\/uploads\/2026\/03\/cropped-TRUUSK.png?fit=2032%2C917&ssl=1","width":2032,"height":917,"caption":"TRUUSK - Hem, Tr\u00e4dg\u00e5rd & Fritid"},"image":{"@id":"https:\/\/truusk.store\/sv\/#\/schema\/logo\/image\/"}}]}},"jetpack_sharing_enabled":true,"_links":{"self":[{"href":"https:\/\/truusk.store\/sv\/wp-json\/wp\/v2\/product\/48406","targetHints":{"allow":["GET"]}}],"collection":[{"href":"https:\/\/truusk.store\/sv\/wp-json\/wp\/v2\/product"}],"about":[{"href":"https:\/\/truusk.store\/sv\/wp-json\/wp\/v2\/types\/product"}],"wp:featuredmedia":[{"embeddable":true,"href":"https:\/\/truusk.store\/sv\/wp-json\/wp\/v2\/media\/48407"}],"wp:attachment":[{"href":"https:\/\/truusk.store\/sv\/wp-json\/wp\/v2\/media?parent=48406"}],"wp:term":[{"taxonomy":"product_brand","embeddable":true,"href":"https:\/\/truusk.store\/sv\/wp-json\/wp\/v2\/product_brand?post=48406"},{"taxonomy":"product_cat","embeddable":true,"href":"https:\/\/truusk.store\/sv\/wp-json\/wp\/v2\/product_cat?post=48406"},{"taxonomy":"product_tag","embeddable":true,"href":"https:\/\/truusk.store\/sv\/wp-json\/wp\/v2\/product_tag?post=48406"}],"curies":[{"name":"wp","href":"https:\/\/api.w.org\/{rel}","templated":true}]}}