{"id":48413,"date":"2024-02-14T07:56:09","date_gmt":"2024-02-14T06:56:09","guid":{"rendered":"https:\/\/truusk.store\/product\/hollywood-gunga-tradgardsgunga-3-sits-gunga-med-solskydd-vaderbestandig-beige-svart\/"},"modified":"2026-03-12T09:36:25","modified_gmt":"2026-03-12T08:36:25","slug":"truusk-hollywood-gunga-tradgardsgunga-3-sits-med-solskydd-vaderbestandig-beige-svart","status":"publish","type":"product","link":"https:\/\/truusk.store\/sv\/produkt\/truusk-hollywood-gunga-tradgardsgunga-3-sits-med-solskydd-vaderbestandig-beige-svart\/","title":{"rendered":"TRUUSK Hollywood Gunga &#8211; Tr\u00e4dg\u00e5rdsgunga, 3-sits &#8211; Med Solskydd &#8211; V\u00e4derbest\u00e4ndig &#8211; Beige + Svart"},"content":{"rendered":"<p>Sv\u00e4ng dig igenom sommaren och njut av solen p\u00e5 en verandagunga. Den best\u00e5r av en robust metallram och ger plats f\u00f6r tre vuxna. Placera gungan i utomhusomr\u00e5den som veranda, pool, tr\u00e4dg\u00e5rd eller balkong. Det justerbara solskyddet ser till att du fortfarande kan gunga \u00e4ven efter en regnskur.<\/p>\n<h3>Beskrivning:<\/h3>\n<ul>\n<li>Plats f\u00f6r tre vuxna<\/li>\n<li>Luta takluckan f\u00f6r att undvika bl\u00e4ndning och s\u00e4kerst\u00e4lla varaktig komfort<\/li>\n<li>Sits och rygg vaddering f\u00f6r h\u00f6g komfort<\/li>\n<li>Meshs\u00e4ten som andas torkar snabbt<\/li>\n<li>Robust, pulverlackerad st\u00e5lram klarar upp till 330 kilo<\/li>\n<li>H\u00f6gkvalitativa fj\u00e4drar kopplar ihop gungorna och s\u00e4kerst\u00e4ller mjuka, j\u00e4mna r\u00f6relser<\/li>\n<li>Tr\u00e4liknande accenter skapar en naturlig k\u00e4nsla<\/li>\n<li>Enkel konstruktion<\/li>\n<\/ul>\n<h3>Teknisk data:<\/h3>\n<ul>\n<li>F\u00e4rg: Khaki<\/li>\n<li>Material: st\u00e5l, mesh, polyester<\/li>\n<li>\u00d6vergripande m\u00e5tt: 205W x 130D x 175H cm<\/li>\n<li>Kapellstorlek: 198W x 121D cm<\/li>\n<li>Sk\u00e4rmvinkel: 45 fram\u00e5t och bak\u00e5t<\/li>\n<li>Sitsstorlek: 151W x 52D x 60H cm<\/li>\n<li>Ryggst\u00f6dsstorlek: 151W x 37H cm<\/li>\n<li>Kuddstorlek: 108L x 51W x 7H cm<\/li>\n<li>Viktkapacitet: 300 kg<\/li>\n<li>Monteringstid: 30 min<\/li>\n<li>Rekommenderat antal installat\u00f6rer: 2<\/li>\n<\/ul>\n<h3>Leveransens omfattning:<\/h3>\n<ul>\n<li>1 x verandagunga<\/li>\n<li>3 x kuddar<\/li>\n<li>1 x manuell<\/li>\n<\/ul>\n","protected":false},"excerpt":{"rendered":"<p>Sv\u00e4ng dig igenom sommaren och njut av solen p\u00e5 en verandagunga. Den best\u00e5r av en robust metallram och ger plats&#8230;<\/p>\n","protected":false},"featured_media":48414,"template":"","meta":[],"product_brand":[],"product_cat":[453,435,450],"product_tag":[],"class_list":{"0":"post-48413","1":"product","2":"type-product","3":"status-publish","4":"has-post-thumbnail","6":"product_cat-hollywood-gungor","7":"product_cat-tradgard-och-terrass","8":"product_cat-tradgardsmobler","10":"first","11":"instock","12":"sale","13":"taxable","14":"shipping-taxable","15":"purchasable","16":"product-type-simple"},"yoast_head":"<!-- This site is optimized with the Yoast SEO plugin v25.4 - https:\/\/yoast.com\/wordpress\/plugins\/seo\/ -->\n<title>TRUUSK Hollywood Gunga - Tr\u00e4dg\u00e5rdsgunga, 3-sits - Med Solskydd - V\u00e4derbest\u00e4ndig - Beige + Svart - TRUUSK - Hem, Tr\u00e4dg\u00e5rd &amp; Fritid<\/title>\n<meta name=\"robots\" content=\"index, follow, max-snippet:-1, max-image-preview:large, max-video-preview:-1\" \/>\n<link rel=\"canonical\" href=\"https:\/\/truusk.store\/sv\/produkt\/truusk-hollywood-gunga-tradgardsgunga-3-sits-med-solskydd-vaderbestandig-beige-svart\/\" \/>\n<meta property=\"og:locale\" content=\"sv_SE\" \/>\n<meta property=\"og:type\" content=\"article\" \/>\n<meta property=\"og:title\" content=\"TRUUSK Hollywood Gunga - Tr\u00e4dg\u00e5rdsgunga, 3-sits - Med Solskydd - V\u00e4derbest\u00e4ndig - Beige + Svart - TRUUSK - Hem, Tr\u00e4dg\u00e5rd &amp; Fritid\" \/>\n<meta property=\"og:description\" content=\"Sv\u00e4ng dig igenom sommaren och njut av solen p\u00e5 en verandagunga. Den best\u00e5r av en robust metallram och ger plats...\" \/>\n<meta property=\"og:url\" content=\"https:\/\/truusk.store\/sv\/produkt\/truusk-hollywood-gunga-tradgardsgunga-3-sits-med-solskydd-vaderbestandig-beige-svart\/\" \/>\n<meta property=\"og:site_name\" content=\"TRUUSK - Hem, Tr\u00e4dg\u00e5rd &amp; Fritid\" \/>\n<meta property=\"article:modified_time\" content=\"2026-03-12T08:36:25+00:00\" \/>\n<meta property=\"og:image\" content=\"https:\/\/i0.wp.com\/truusk.se\/wp-content\/uploads\/2024\/02\/hollywood-gunga-tradgardsgunga-3-sits-gunga-med-solskydd-vaderbestandig-beige-svart.webp?fit=800%2C800&ssl=1\" \/>\n\t<meta property=\"og:image:width\" content=\"800\" \/>\n\t<meta property=\"og:image:height\" content=\"800\" \/>\n\t<meta property=\"og:image:type\" content=\"image\/webp\" \/>\n<meta name=\"twitter:card\" content=\"summary_large_image\" \/>\n<meta name=\"twitter:label1\" content=\"Ber\u00e4knad l\u00e4stid\" \/>\n\t<meta name=\"twitter:data1\" content=\"1 minut\" \/>\n<!-- \/ Yoast SEO plugin. -->","yoast_head_json":{"title":"TRUUSK Hollywood Gunga - Tr\u00e4dg\u00e5rdsgunga, 3-sits - Med Solskydd - V\u00e4derbest\u00e4ndig - Beige + Svart - TRUUSK - Hem, Tr\u00e4dg\u00e5rd &amp; Fritid","robots":{"index":"index","follow":"follow","max-snippet":"max-snippet:-1","max-image-preview":"max-image-preview:large","max-video-preview":"max-video-preview:-1"},"canonical":"https:\/\/truusk.store\/sv\/produkt\/truusk-hollywood-gunga-tradgardsgunga-3-sits-med-solskydd-vaderbestandig-beige-svart\/","og_locale":"sv_SE","og_type":"article","og_title":"TRUUSK Hollywood Gunga - Tr\u00e4dg\u00e5rdsgunga, 3-sits - Med Solskydd - V\u00e4derbest\u00e4ndig - Beige + Svart - TRUUSK - Hem, Tr\u00e4dg\u00e5rd &amp; Fritid","og_description":"Sv\u00e4ng dig igenom sommaren och njut av solen p\u00e5 en verandagunga. Den best\u00e5r av en robust metallram och ger plats...","og_url":"https:\/\/truusk.store\/sv\/produkt\/truusk-hollywood-gunga-tradgardsgunga-3-sits-med-solskydd-vaderbestandig-beige-svart\/","og_site_name":"TRUUSK - Hem, Tr\u00e4dg\u00e5rd &amp; Fritid","article_modified_time":"2026-03-12T08:36:25+00:00","og_image":[{"width":800,"height":800,"url":"https:\/\/i0.wp.com\/truusk.se\/wp-content\/uploads\/2024\/02\/hollywood-gunga-tradgardsgunga-3-sits-gunga-med-solskydd-vaderbestandig-beige-svart.webp?fit=800%2C800&ssl=1","type":"image\/webp"}],"twitter_card":"summary_large_image","twitter_misc":{"Ber\u00e4knad l\u00e4stid":"1 minut"},"schema":{"@context":"https:\/\/schema.org","@graph":[{"@type":"WebPage","@id":"https:\/\/truusk.store\/sv\/produkt\/truusk-hollywood-gunga-tradgardsgunga-3-sits-med-solskydd-vaderbestandig-beige-svart\/","url":"https:\/\/truusk.store\/sv\/produkt\/truusk-hollywood-gunga-tradgardsgunga-3-sits-med-solskydd-vaderbestandig-beige-svart\/","name":"TRUUSK Hollywood Gunga - Tr\u00e4dg\u00e5rdsgunga, 3-sits - Med Solskydd - V\u00e4derbest\u00e4ndig - Beige + Svart - TRUUSK - Hem, Tr\u00e4dg\u00e5rd &amp; Fritid","isPartOf":{"@id":"https:\/\/truusk.store\/sv\/#website"},"primaryImageOfPage":{"@id":"https:\/\/truusk.store\/sv\/produkt\/truusk-hollywood-gunga-tradgardsgunga-3-sits-med-solskydd-vaderbestandig-beige-svart\/#primaryimage"},"image":{"@id":"https:\/\/truusk.store\/sv\/produkt\/truusk-hollywood-gunga-tradgardsgunga-3-sits-med-solskydd-vaderbestandig-beige-svart\/#primaryimage"},"thumbnailUrl":"https:\/\/i0.wp.com\/truusk.store\/wp-content\/uploads\/2024\/02\/hollywood-gunga-tradgardsgunga-3-sits-gunga-med-solskydd-vaderbestandig-beige-svart.webp?fit=800%2C800&ssl=1","datePublished":"2024-02-14T06:56:09+00:00","dateModified":"2026-03-12T08:36:25+00:00","breadcrumb":{"@id":"https:\/\/truusk.store\/sv\/produkt\/truusk-hollywood-gunga-tradgardsgunga-3-sits-med-solskydd-vaderbestandig-beige-svart\/#breadcrumb"},"inLanguage":"sv-SE","potentialAction":[{"@type":"ReadAction","target":["https:\/\/truusk.store\/sv\/produkt\/truusk-hollywood-gunga-tradgardsgunga-3-sits-med-solskydd-vaderbestandig-beige-svart\/"]}]},{"@type":"ImageObject","inLanguage":"sv-SE","@id":"https:\/\/truusk.store\/sv\/produkt\/truusk-hollywood-gunga-tradgardsgunga-3-sits-med-solskydd-vaderbestandig-beige-svart\/#primaryimage","url":"https:\/\/i0.wp.com\/truusk.store\/wp-content\/uploads\/2024\/02\/hollywood-gunga-tradgardsgunga-3-sits-gunga-med-solskydd-vaderbestandig-beige-svart.webp?fit=800%2C800&ssl=1","contentUrl":"https:\/\/i0.wp.com\/truusk.store\/wp-content\/uploads\/2024\/02\/hollywood-gunga-tradgardsgunga-3-sits-gunga-med-solskydd-vaderbestandig-beige-svart.webp?fit=800%2C800&ssl=1","width":800,"height":800,"caption":"Hollywood-gunga, Tr\u00e4dg\u00e5rdsgunga, 3-sits Gunga, Med Solskydd, V\u00e4derbest\u00e4ndig, Beige + Svart 1"},{"@type":"BreadcrumbList","@id":"https:\/\/truusk.store\/sv\/produkt\/truusk-hollywood-gunga-tradgardsgunga-3-sits-med-solskydd-vaderbestandig-beige-svart\/#breadcrumb","itemListElement":[{"@type":"ListItem","position":1,"name":"Home","item":"https:\/\/truusk.store\/sv\/"},{"@type":"ListItem","position":2,"name":"Shop","item":"https:\/\/truusk.store\/shop\/"},{"@type":"ListItem","position":3,"name":"TRUUSK Hollywood Gunga &#8211; Tr\u00e4dg\u00e5rdsgunga, 3-sits &#8211; Med Solskydd &#8211; V\u00e4derbest\u00e4ndig &#8211; Beige + Svart"}]},{"@type":"WebSite","@id":"https:\/\/truusk.store\/sv\/#website","url":"https:\/\/truusk.store\/sv\/","name":"TRUUSK - Hem, Tr\u00e4dg\u00e5rd & Fritid","description":"","publisher":{"@id":"https:\/\/truusk.store\/sv\/#organization"},"potentialAction":[{"@type":"SearchAction","target":{"@type":"EntryPoint","urlTemplate":"https:\/\/truusk.store\/sv\/?s={search_term_string}"},"query-input":{"@type":"PropertyValueSpecification","valueRequired":true,"valueName":"search_term_string"}}],"inLanguage":"sv-SE"},{"@type":"Organization","@id":"https:\/\/truusk.store\/sv\/#organization","name":"TRUUSK - Hem, Tr\u00e4dg\u00e5rd & Fritid","url":"https:\/\/truusk.store\/sv\/","logo":{"@type":"ImageObject","inLanguage":"sv-SE","@id":"https:\/\/truusk.store\/sv\/#\/schema\/logo\/image\/","url":"https:\/\/i0.wp.com\/truusk.store\/wp-content\/uploads\/2026\/03\/cropped-TRUUSK.png?fit=2032%2C917&ssl=1","contentUrl":"https:\/\/i0.wp.com\/truusk.store\/wp-content\/uploads\/2026\/03\/cropped-TRUUSK.png?fit=2032%2C917&ssl=1","width":2032,"height":917,"caption":"TRUUSK - Hem, Tr\u00e4dg\u00e5rd & Fritid"},"image":{"@id":"https:\/\/truusk.store\/sv\/#\/schema\/logo\/image\/"}}]}},"jetpack_sharing_enabled":true,"_links":{"self":[{"href":"https:\/\/truusk.store\/sv\/wp-json\/wp\/v2\/product\/48413","targetHints":{"allow":["GET"]}}],"collection":[{"href":"https:\/\/truusk.store\/sv\/wp-json\/wp\/v2\/product"}],"about":[{"href":"https:\/\/truusk.store\/sv\/wp-json\/wp\/v2\/types\/product"}],"wp:featuredmedia":[{"embeddable":true,"href":"https:\/\/truusk.store\/sv\/wp-json\/wp\/v2\/media\/48414"}],"wp:attachment":[{"href":"https:\/\/truusk.store\/sv\/wp-json\/wp\/v2\/media?parent=48413"}],"wp:term":[{"taxonomy":"product_brand","embeddable":true,"href":"https:\/\/truusk.store\/sv\/wp-json\/wp\/v2\/product_brand?post=48413"},{"taxonomy":"product_cat","embeddable":true,"href":"https:\/\/truusk.store\/sv\/wp-json\/wp\/v2\/product_cat?post=48413"},{"taxonomy":"product_tag","embeddable":true,"href":"https:\/\/truusk.store\/sv\/wp-json\/wp\/v2\/product_tag?post=48413"}],"curies":[{"name":"wp","href":"https:\/\/api.w.org\/{rel}","templated":true}]}}