{"id":48424,"date":"2024-02-14T07:56:31","date_gmt":"2024-02-14T06:56:31","guid":{"rendered":"https:\/\/truusk.store\/product\/tunnelvaxthus-upprullbar-dorr-och-fonster-galvaniserad-stalram-2x3x2m-gron\/"},"modified":"2026-03-12T09:36:30","modified_gmt":"2026-03-12T08:36:30","slug":"truusk-tunnelvaxthus-upprullbar-dorr-fonster-galvaniserad-stalram-2x3x2m-gron","status":"publish","type":"product","link":"https:\/\/truusk.store\/sv\/produkt\/truusk-tunnelvaxthus-upprullbar-dorr-fonster-galvaniserad-stalram-2x3x2m-gron\/","title":{"rendered":"TRUUSK Tunnelv\u00e4xthus &#8211; Upprullbar D\u00f6rr &amp; F\u00f6nster &#8211; Galvaniserad St\u00e5lram &#8211; 2x3x2m &#8211; Gr\u00f6n"},"content":{"rendered":"<p>F\u00f6rl\u00e4ng v\u00e4xts\u00e4songen i \u00e5r och d\u00e4refter med polytunnelv\u00e4xthuset. Den galvaniserade st\u00e5lramen med avsmalnande tak l\u00e4mpar sig f\u00f6r utomhusbruk och f\u00f6rhindrar att presenningen sjunker och att ramen rostar. Den rymliga interi\u00f6ren \u00e4r idealisk f\u00f6r att ta emot en m\u00e4ngd olika v\u00e4xter &#8211; den \u00f6ppna designen g\u00f6r att du kan anpassa interi\u00f6ren f\u00f6r att passa dina behov.<\/p>\n<h3>Beskrivning:<\/h3>\n<ul>\n<li>PE-skyddet ger UV- och l\u00e4tt v\u00e4derskydd inuti f\u00f6r att l\u00e5ta v\u00e4xterna v\u00e4xa bra<\/li>\n<li>Upprullbar d\u00f6rr och f\u00f6nster f\u00f6r enkel \u00e5tkomst och ventilation inuti<\/li>\n<li>N\u00e4tsk\u00e4rmar p\u00e5 f\u00f6nster f\u00f6r att ge ventilation och h\u00e5lla borta o\u00f6nskade g\u00e4ster<\/li>\n<li>Galvaniserad st\u00e5lram f\u00f6r h\u00f6g stabilitet<\/li>\n<li>Spetstak f\u00f6r att f\u00f6rhindra att presenningen h\u00e4nger<\/li>\n<li>F\u00f6rl\u00e4ngda kanter f\u00f6r att gr\u00e4va ner i marken, inklusive linor och pinnar<\/li>\n<li>Montering kr\u00e4vs, rekommenderas f\u00f6r tv\u00e5 till tre personer<\/li>\n<\/ul>\n<h3>Teknisk data:<\/h3>\n<ul>\n<li>F\u00e4rg: gr\u00f6n<\/li>\n<li>Material: Galvaniserat st\u00e5l, 140g\/m polyeten<\/li>\n<li>\u00d6vergripande m\u00e5tt: 200W x 300D x 200H cm<\/li>\n<li>F\u00f6nsterm\u00e5tt: 60W x 40H cm<\/li>\n<li>Travm\u00e5tt: 100W x 165H cm<\/li>\n<li>F\u00f6rl\u00e4ngd b\u00e5rdbredd: 10 cm<\/li>\n<li>Vinds\u00e4kerhetsniv\u00e5 (n\u00e4r den \u00e4r helt monterad): Niv\u00e5 4<\/li>\n<\/ul>\n<h3>Leveransens omfattning:<\/h3>\n<ul>\n<li>1 x V\u00e4xthus<\/li>\n<li>4 x markspetsar<\/li>\n<li>4 x Guy Rope<\/li>\n<li>1 x manuell<\/li>\n<\/ul>\n","protected":false},"excerpt":{"rendered":"<p>F\u00f6rl\u00e4ng v\u00e4xts\u00e4songen i \u00e5r och d\u00e4refter med polytunnelv\u00e4xthuset. Den galvaniserade st\u00e5lramen med avsmalnande tak l\u00e4mpar sig f\u00f6r utomhusbruk och f\u00f6rhindrar&#8230;<\/p>\n","protected":false},"featured_media":48425,"template":"","meta":[],"product_brand":[],"product_cat":[444,435,443],"product_tag":[],"class_list":{"0":"post-48424","1":"product","2":"type-product","3":"status-publish","4":"has-post-thumbnail","6":"product_cat-filma-vaxthus","7":"product_cat-tradgard-och-terrass","8":"product_cat-vaxthus-tradgardsskotsel","10":"first","11":"instock","12":"sale","13":"taxable","14":"shipping-taxable","15":"purchasable","16":"product-type-simple"},"yoast_head":"<!-- This site is optimized with the Yoast SEO plugin v25.4 - https:\/\/yoast.com\/wordpress\/plugins\/seo\/ -->\n<title>TRUUSK Tunnelv\u00e4xthus - Upprullbar D\u00f6rr &amp; F\u00f6nster - Galvaniserad St\u00e5lram - 2x3x2m - Gr\u00f6n - TRUUSK - Hem, Tr\u00e4dg\u00e5rd &amp; Fritid<\/title>\n<meta name=\"robots\" content=\"index, follow, max-snippet:-1, max-image-preview:large, max-video-preview:-1\" \/>\n<link rel=\"canonical\" href=\"https:\/\/truusk.store\/sv\/produkt\/truusk-tunnelvaxthus-upprullbar-dorr-fonster-galvaniserad-stalram-2x3x2m-gron\/\" \/>\n<meta property=\"og:locale\" content=\"sv_SE\" \/>\n<meta property=\"og:type\" content=\"article\" \/>\n<meta property=\"og:title\" content=\"TRUUSK Tunnelv\u00e4xthus - Upprullbar D\u00f6rr &amp; F\u00f6nster - Galvaniserad St\u00e5lram - 2x3x2m - Gr\u00f6n - TRUUSK - Hem, Tr\u00e4dg\u00e5rd &amp; Fritid\" \/>\n<meta property=\"og:description\" content=\"F\u00f6rl\u00e4ng v\u00e4xts\u00e4songen i \u00e5r och d\u00e4refter med polytunnelv\u00e4xthuset. Den galvaniserade st\u00e5lramen med avsmalnande tak l\u00e4mpar sig f\u00f6r utomhusbruk och f\u00f6rhindrar...\" \/>\n<meta property=\"og:url\" content=\"https:\/\/truusk.store\/sv\/produkt\/truusk-tunnelvaxthus-upprullbar-dorr-fonster-galvaniserad-stalram-2x3x2m-gron\/\" \/>\n<meta property=\"og:site_name\" content=\"TRUUSK - Hem, Tr\u00e4dg\u00e5rd &amp; Fritid\" \/>\n<meta property=\"article:modified_time\" content=\"2026-03-12T08:36:30+00:00\" \/>\n<meta property=\"og:image\" content=\"https:\/\/i0.wp.com\/truusk.se\/wp-content\/uploads\/2024\/02\/tunnelvaxthus-upprullbar-dorr-och-fonster-galvaniserad-stalram-2x3x2m-gron.webp?fit=800%2C800&ssl=1\" \/>\n\t<meta property=\"og:image:width\" content=\"800\" \/>\n\t<meta property=\"og:image:height\" content=\"800\" \/>\n\t<meta property=\"og:image:type\" content=\"image\/webp\" \/>\n<meta name=\"twitter:card\" content=\"summary_large_image\" \/>\n<meta name=\"twitter:label1\" content=\"Ber\u00e4knad l\u00e4stid\" \/>\n\t<meta name=\"twitter:data1\" content=\"1 minut\" \/>\n<!-- \/ Yoast SEO plugin. -->","yoast_head_json":{"title":"TRUUSK Tunnelv\u00e4xthus - Upprullbar D\u00f6rr &amp; F\u00f6nster - Galvaniserad St\u00e5lram - 2x3x2m - Gr\u00f6n - TRUUSK - Hem, Tr\u00e4dg\u00e5rd &amp; Fritid","robots":{"index":"index","follow":"follow","max-snippet":"max-snippet:-1","max-image-preview":"max-image-preview:large","max-video-preview":"max-video-preview:-1"},"canonical":"https:\/\/truusk.store\/sv\/produkt\/truusk-tunnelvaxthus-upprullbar-dorr-fonster-galvaniserad-stalram-2x3x2m-gron\/","og_locale":"sv_SE","og_type":"article","og_title":"TRUUSK Tunnelv\u00e4xthus - Upprullbar D\u00f6rr &amp; F\u00f6nster - Galvaniserad St\u00e5lram - 2x3x2m - Gr\u00f6n - TRUUSK - Hem, Tr\u00e4dg\u00e5rd &amp; Fritid","og_description":"F\u00f6rl\u00e4ng v\u00e4xts\u00e4songen i \u00e5r och d\u00e4refter med polytunnelv\u00e4xthuset. Den galvaniserade st\u00e5lramen med avsmalnande tak l\u00e4mpar sig f\u00f6r utomhusbruk och f\u00f6rhindrar...","og_url":"https:\/\/truusk.store\/sv\/produkt\/truusk-tunnelvaxthus-upprullbar-dorr-fonster-galvaniserad-stalram-2x3x2m-gron\/","og_site_name":"TRUUSK - Hem, Tr\u00e4dg\u00e5rd &amp; Fritid","article_modified_time":"2026-03-12T08:36:30+00:00","og_image":[{"width":800,"height":800,"url":"https:\/\/i0.wp.com\/truusk.se\/wp-content\/uploads\/2024\/02\/tunnelvaxthus-upprullbar-dorr-och-fonster-galvaniserad-stalram-2x3x2m-gron.webp?fit=800%2C800&ssl=1","type":"image\/webp"}],"twitter_card":"summary_large_image","twitter_misc":{"Ber\u00e4knad l\u00e4stid":"1 minut"},"schema":{"@context":"https:\/\/schema.org","@graph":[{"@type":"WebPage","@id":"https:\/\/truusk.store\/sv\/produkt\/truusk-tunnelvaxthus-upprullbar-dorr-fonster-galvaniserad-stalram-2x3x2m-gron\/","url":"https:\/\/truusk.store\/sv\/produkt\/truusk-tunnelvaxthus-upprullbar-dorr-fonster-galvaniserad-stalram-2x3x2m-gron\/","name":"TRUUSK Tunnelv\u00e4xthus - Upprullbar D\u00f6rr &amp; F\u00f6nster - Galvaniserad St\u00e5lram - 2x3x2m - Gr\u00f6n - TRUUSK - Hem, Tr\u00e4dg\u00e5rd &amp; Fritid","isPartOf":{"@id":"https:\/\/truusk.store\/sv\/#website"},"primaryImageOfPage":{"@id":"https:\/\/truusk.store\/sv\/produkt\/truusk-tunnelvaxthus-upprullbar-dorr-fonster-galvaniserad-stalram-2x3x2m-gron\/#primaryimage"},"image":{"@id":"https:\/\/truusk.store\/sv\/produkt\/truusk-tunnelvaxthus-upprullbar-dorr-fonster-galvaniserad-stalram-2x3x2m-gron\/#primaryimage"},"thumbnailUrl":"https:\/\/i0.wp.com\/truusk.store\/wp-content\/uploads\/2024\/02\/tunnelvaxthus-upprullbar-dorr-och-fonster-galvaniserad-stalram-2x3x2m-gron.webp?fit=800%2C800&ssl=1","datePublished":"2024-02-14T06:56:31+00:00","dateModified":"2026-03-12T08:36:30+00:00","breadcrumb":{"@id":"https:\/\/truusk.store\/sv\/produkt\/truusk-tunnelvaxthus-upprullbar-dorr-fonster-galvaniserad-stalram-2x3x2m-gron\/#breadcrumb"},"inLanguage":"sv-SE","potentialAction":[{"@type":"ReadAction","target":["https:\/\/truusk.store\/sv\/produkt\/truusk-tunnelvaxthus-upprullbar-dorr-fonster-galvaniserad-stalram-2x3x2m-gron\/"]}]},{"@type":"ImageObject","inLanguage":"sv-SE","@id":"https:\/\/truusk.store\/sv\/produkt\/truusk-tunnelvaxthus-upprullbar-dorr-fonster-galvaniserad-stalram-2x3x2m-gron\/#primaryimage","url":"https:\/\/i0.wp.com\/truusk.store\/wp-content\/uploads\/2024\/02\/tunnelvaxthus-upprullbar-dorr-och-fonster-galvaniserad-stalram-2x3x2m-gron.webp?fit=800%2C800&ssl=1","contentUrl":"https:\/\/i0.wp.com\/truusk.store\/wp-content\/uploads\/2024\/02\/tunnelvaxthus-upprullbar-dorr-och-fonster-galvaniserad-stalram-2x3x2m-gron.webp?fit=800%2C800&ssl=1","width":800,"height":800,"caption":"Tunnelv\u00e4xthus, Upprullbar D\u00f6rr Och F\u00f6nster, Galvaniserad St\u00e5lram, 2x3x2m, Gr\u00f6n 1"},{"@type":"BreadcrumbList","@id":"https:\/\/truusk.store\/sv\/produkt\/truusk-tunnelvaxthus-upprullbar-dorr-fonster-galvaniserad-stalram-2x3x2m-gron\/#breadcrumb","itemListElement":[{"@type":"ListItem","position":1,"name":"Home","item":"https:\/\/truusk.store\/sv\/"},{"@type":"ListItem","position":2,"name":"Shop","item":"https:\/\/truusk.store\/shop\/"},{"@type":"ListItem","position":3,"name":"TRUUSK Tunnelv\u00e4xthus &#8211; Upprullbar D\u00f6rr &amp; F\u00f6nster &#8211; Galvaniserad St\u00e5lram &#8211; 2x3x2m &#8211; Gr\u00f6n"}]},{"@type":"WebSite","@id":"https:\/\/truusk.store\/sv\/#website","url":"https:\/\/truusk.store\/sv\/","name":"TRUUSK - Hem, Tr\u00e4dg\u00e5rd & Fritid","description":"","publisher":{"@id":"https:\/\/truusk.store\/sv\/#organization"},"potentialAction":[{"@type":"SearchAction","target":{"@type":"EntryPoint","urlTemplate":"https:\/\/truusk.store\/sv\/?s={search_term_string}"},"query-input":{"@type":"PropertyValueSpecification","valueRequired":true,"valueName":"search_term_string"}}],"inLanguage":"sv-SE"},{"@type":"Organization","@id":"https:\/\/truusk.store\/sv\/#organization","name":"TRUUSK - Hem, Tr\u00e4dg\u00e5rd & Fritid","url":"https:\/\/truusk.store\/sv\/","logo":{"@type":"ImageObject","inLanguage":"sv-SE","@id":"https:\/\/truusk.store\/sv\/#\/schema\/logo\/image\/","url":"https:\/\/i0.wp.com\/truusk.store\/wp-content\/uploads\/2026\/03\/cropped-TRUUSK.png?fit=2032%2C917&ssl=1","contentUrl":"https:\/\/i0.wp.com\/truusk.store\/wp-content\/uploads\/2026\/03\/cropped-TRUUSK.png?fit=2032%2C917&ssl=1","width":2032,"height":917,"caption":"TRUUSK - Hem, Tr\u00e4dg\u00e5rd & Fritid"},"image":{"@id":"https:\/\/truusk.store\/sv\/#\/schema\/logo\/image\/"}}]}},"jetpack_sharing_enabled":true,"_links":{"self":[{"href":"https:\/\/truusk.store\/sv\/wp-json\/wp\/v2\/product\/48424","targetHints":{"allow":["GET"]}}],"collection":[{"href":"https:\/\/truusk.store\/sv\/wp-json\/wp\/v2\/product"}],"about":[{"href":"https:\/\/truusk.store\/sv\/wp-json\/wp\/v2\/types\/product"}],"wp:featuredmedia":[{"embeddable":true,"href":"https:\/\/truusk.store\/sv\/wp-json\/wp\/v2\/media\/48425"}],"wp:attachment":[{"href":"https:\/\/truusk.store\/sv\/wp-json\/wp\/v2\/media?parent=48424"}],"wp:term":[{"taxonomy":"product_brand","embeddable":true,"href":"https:\/\/truusk.store\/sv\/wp-json\/wp\/v2\/product_brand?post=48424"},{"taxonomy":"product_cat","embeddable":true,"href":"https:\/\/truusk.store\/sv\/wp-json\/wp\/v2\/product_cat?post=48424"},{"taxonomy":"product_tag","embeddable":true,"href":"https:\/\/truusk.store\/sv\/wp-json\/wp\/v2\/product_tag?post=48424"}],"curies":[{"name":"wp","href":"https:\/\/api.w.org\/{rel}","templated":true}]}}