{"id":48430,"date":"2024-02-14T07:56:50","date_gmt":"2024-02-14T06:56:50","guid":{"rendered":"https:\/\/truusk.store\/product\/upphojd-sang-med-fagelskyddsnat-och-solskydd-metallhus-230x110x110-cm-gra-gron-svart\/"},"modified":"2026-03-12T09:36:31","modified_gmt":"2026-03-12T08:36:31","slug":"truusk-hundbadd-med-fagelskyddsnat-och-solskydd-metallram-storlek-230x110x110-cm-gra-gron-svart","status":"publish","type":"product","link":"https:\/\/truusk.store\/sv\/produkt\/truusk-hundbadd-med-fagelskyddsnat-och-solskydd-metallram-storlek-230x110x110-cm-gra-gron-svart\/","title":{"rendered":"TRUUSK Hundb\u00e4dd med F\u00e5gelskyddsn\u00e4t och Solskydd &#8211; Metallram &#8211; Storlek 230x110x110 cm &#8211; Gr\u00e5\/Gr\u00f6n\/Svart"},"content":{"rendered":"<p>Uppt\u00e4ck h\u00f6jdb\u00e4dden med v\u00e4xtskyddsn\u00e4t och solskydd. N\u00e4tet h\u00e5ller f\u00e5glar och sm\u00e5djur ute medan solljus och regn fritt kan n\u00e5 dina v\u00e4xter. Solskyddsfilmen blockerar 60 % av solljuset och skyddar d\u00e4rmed v\u00e4xterna fr\u00e5n att torka ut. Tr\u00e4dg\u00e5rdss\u00e4ngen i metall av galvaniserat st\u00e5l t\u00e5l alla v\u00e4derf\u00f6rh\u00e5llanden utan att spricka. Anv\u00e4nd n\u00e4tet och skuggan tillsammans eller separat f\u00f6r att skapa en m\u00e5ngsidig och blomstrande tr\u00e4dg\u00e5rd.<\/p>\n<h3>Beskrivning:<\/h3>\n<ul>\n<li>Upph\u00f6jd v\u00e4xtb\u00e4dd med v\u00e4xtskyddsn\u00e4t och solskydd<\/li>\n<li>Natz skyddar v\u00e4xter fr\u00e5n f\u00e5glar och andra djur<\/li>\n<li>Blixtl\u00e5sf\u00f6rsedda \u00f6ppningar m\u00f6jligg\u00f6r enkel \u00e5tkomst<\/li>\n<li>Solskyddet f\u00f6rhindrar att v\u00e4xterna torkar ut och kan f\u00e4stas med pinnar och linor<\/li>\n<li>V\u00e4xtl\u00e5da av galvaniserat st\u00e5l med fyra f\u00f6rst\u00e4rkande stabiliseringsst\u00e4nger<\/li>\n<li>Den jordfria designen s\u00e4kerst\u00e4ller god dr\u00e4nering och fr\u00e4mjar en sund rottillv\u00e4xt<\/li>\n<li>L\u00e4tt att montera och demontera och f\u00f6rvara i slutet av s\u00e4songen<\/li>\n<\/ul>\n<h3>Teknisk data:<\/h3>\n<ul>\n<li>F\u00e4rg: M\u00f6rkgr\u00e5+svart+gr\u00f6n<\/li>\n<li>Material: Galvaniserat st\u00e5l, st\u00e5l, HDPE<\/li>\n<li>\u00d6vergripande m\u00e5tt: 230L x 110W x 110H cm<\/li>\n<li>V\u00e4xtl\u00e5dans storlek: 224L x 105W x 30H cm<\/li>\n<li>Inre planteringsyta: 221L x 103W x 30H cm<\/li>\n<li>Nettostorlek: 230L x 110W x 110H cm<\/li>\n<li>Storlek p\u00e5 filmen: 260L x 150W cm<\/li>\n<li>D\u00f6rrstorlek: 190W x 105H cm<\/li>\n<\/ul>\n<h3>Leveransens omfattning:<\/h3>\n<ul>\n<li>1 x upph\u00f6jd s\u00e4ng<\/li>\n<li>1 x V\u00e4xtskyddsn\u00e4t<\/li>\n<li>1 x solskyddsfilm<\/li>\n<li>4 x sill<\/li>\n<li>4 x killrep<\/li>\n<li>1 x Instruktioner<\/li>\n<\/ul>\n","protected":false},"excerpt":{"rendered":"<p>Uppt\u00e4ck h\u00f6jdb\u00e4dden med v\u00e4xtskyddsn\u00e4t och solskydd. N\u00e4tet h\u00e5ller f\u00e5glar och sm\u00e5djur ute medan solljus och regn fritt kan n\u00e5 dina&#8230;<\/p>\n","protected":false},"featured_media":48431,"template":"","meta":[],"product_brand":[],"product_cat":[445,435,443],"product_tag":[],"class_list":{"0":"post-48430","1":"product","2":"type-product","3":"status-publish","4":"has-post-thumbnail","6":"product_cat-kalla-ramar","7":"product_cat-tradgard-och-terrass","8":"product_cat-vaxthus-tradgardsskotsel","10":"first","11":"instock","12":"sale","13":"taxable","14":"shipping-taxable","15":"purchasable","16":"product-type-simple"},"yoast_head":"<!-- This site is optimized with the Yoast SEO plugin v25.4 - https:\/\/yoast.com\/wordpress\/plugins\/seo\/ -->\n<title>TRUUSK Hundb\u00e4dd med F\u00e5gelskyddsn\u00e4t och Solskydd - Metallram - Storlek 230x110x110 cm - Gr\u00e5\/Gr\u00f6n\/Svart - TRUUSK - Hem, Tr\u00e4dg\u00e5rd &amp; Fritid<\/title>\n<meta name=\"robots\" content=\"index, follow, max-snippet:-1, max-image-preview:large, max-video-preview:-1\" \/>\n<link rel=\"canonical\" href=\"https:\/\/truusk.store\/sv\/produkt\/truusk-hundbadd-med-fagelskyddsnat-och-solskydd-metallram-storlek-230x110x110-cm-gra-gron-svart\/\" \/>\n<meta property=\"og:locale\" content=\"sv_SE\" \/>\n<meta property=\"og:type\" content=\"article\" \/>\n<meta property=\"og:title\" content=\"TRUUSK Hundb\u00e4dd med F\u00e5gelskyddsn\u00e4t och Solskydd - Metallram - Storlek 230x110x110 cm - Gr\u00e5\/Gr\u00f6n\/Svart - TRUUSK - Hem, Tr\u00e4dg\u00e5rd &amp; Fritid\" \/>\n<meta property=\"og:description\" content=\"Uppt\u00e4ck h\u00f6jdb\u00e4dden med v\u00e4xtskyddsn\u00e4t och solskydd. N\u00e4tet h\u00e5ller f\u00e5glar och sm\u00e5djur ute medan solljus och regn fritt kan n\u00e5 dina...\" \/>\n<meta property=\"og:url\" content=\"https:\/\/truusk.store\/sv\/produkt\/truusk-hundbadd-med-fagelskyddsnat-och-solskydd-metallram-storlek-230x110x110-cm-gra-gron-svart\/\" \/>\n<meta property=\"og:site_name\" content=\"TRUUSK - Hem, Tr\u00e4dg\u00e5rd &amp; Fritid\" \/>\n<meta property=\"article:modified_time\" content=\"2026-03-12T08:36:31+00:00\" \/>\n<meta property=\"og:image\" content=\"https:\/\/i0.wp.com\/truusk.se\/wp-content\/uploads\/2024\/02\/upphojd-sang-med-fagelskyddsnat-och-solskydd-metallhus-230x110x110-cm-gra-gron-svart.webp?fit=800%2C800&ssl=1\" \/>\n\t<meta property=\"og:image:width\" content=\"800\" \/>\n\t<meta property=\"og:image:height\" content=\"800\" \/>\n\t<meta property=\"og:image:type\" content=\"image\/webp\" \/>\n<meta name=\"twitter:card\" content=\"summary_large_image\" \/>\n<meta name=\"twitter:label1\" content=\"Ber\u00e4knad l\u00e4stid\" \/>\n\t<meta name=\"twitter:data1\" content=\"1 minut\" \/>\n<!-- \/ Yoast SEO plugin. -->","yoast_head_json":{"title":"TRUUSK Hundb\u00e4dd med F\u00e5gelskyddsn\u00e4t och Solskydd - Metallram - Storlek 230x110x110 cm - Gr\u00e5\/Gr\u00f6n\/Svart - TRUUSK - Hem, Tr\u00e4dg\u00e5rd &amp; Fritid","robots":{"index":"index","follow":"follow","max-snippet":"max-snippet:-1","max-image-preview":"max-image-preview:large","max-video-preview":"max-video-preview:-1"},"canonical":"https:\/\/truusk.store\/sv\/produkt\/truusk-hundbadd-med-fagelskyddsnat-och-solskydd-metallram-storlek-230x110x110-cm-gra-gron-svart\/","og_locale":"sv_SE","og_type":"article","og_title":"TRUUSK Hundb\u00e4dd med F\u00e5gelskyddsn\u00e4t och Solskydd - Metallram - Storlek 230x110x110 cm - Gr\u00e5\/Gr\u00f6n\/Svart - TRUUSK - Hem, Tr\u00e4dg\u00e5rd &amp; Fritid","og_description":"Uppt\u00e4ck h\u00f6jdb\u00e4dden med v\u00e4xtskyddsn\u00e4t och solskydd. N\u00e4tet h\u00e5ller f\u00e5glar och sm\u00e5djur ute medan solljus och regn fritt kan n\u00e5 dina...","og_url":"https:\/\/truusk.store\/sv\/produkt\/truusk-hundbadd-med-fagelskyddsnat-och-solskydd-metallram-storlek-230x110x110-cm-gra-gron-svart\/","og_site_name":"TRUUSK - Hem, Tr\u00e4dg\u00e5rd &amp; Fritid","article_modified_time":"2026-03-12T08:36:31+00:00","og_image":[{"width":800,"height":800,"url":"https:\/\/i0.wp.com\/truusk.se\/wp-content\/uploads\/2024\/02\/upphojd-sang-med-fagelskyddsnat-och-solskydd-metallhus-230x110x110-cm-gra-gron-svart.webp?fit=800%2C800&ssl=1","type":"image\/webp"}],"twitter_card":"summary_large_image","twitter_misc":{"Ber\u00e4knad l\u00e4stid":"1 minut"},"schema":{"@context":"https:\/\/schema.org","@graph":[{"@type":"WebPage","@id":"https:\/\/truusk.store\/sv\/produkt\/truusk-hundbadd-med-fagelskyddsnat-och-solskydd-metallram-storlek-230x110x110-cm-gra-gron-svart\/","url":"https:\/\/truusk.store\/sv\/produkt\/truusk-hundbadd-med-fagelskyddsnat-och-solskydd-metallram-storlek-230x110x110-cm-gra-gron-svart\/","name":"TRUUSK Hundb\u00e4dd med F\u00e5gelskyddsn\u00e4t och Solskydd - Metallram - Storlek 230x110x110 cm - Gr\u00e5\/Gr\u00f6n\/Svart - TRUUSK - Hem, Tr\u00e4dg\u00e5rd &amp; Fritid","isPartOf":{"@id":"https:\/\/truusk.store\/sv\/#website"},"primaryImageOfPage":{"@id":"https:\/\/truusk.store\/sv\/produkt\/truusk-hundbadd-med-fagelskyddsnat-och-solskydd-metallram-storlek-230x110x110-cm-gra-gron-svart\/#primaryimage"},"image":{"@id":"https:\/\/truusk.store\/sv\/produkt\/truusk-hundbadd-med-fagelskyddsnat-och-solskydd-metallram-storlek-230x110x110-cm-gra-gron-svart\/#primaryimage"},"thumbnailUrl":"https:\/\/i0.wp.com\/truusk.store\/wp-content\/uploads\/2024\/02\/upphojd-sang-med-fagelskyddsnat-och-solskydd-metallhus-230x110x110-cm-gra-gron-svart.webp?fit=800%2C800&ssl=1","datePublished":"2024-02-14T06:56:50+00:00","dateModified":"2026-03-12T08:36:31+00:00","breadcrumb":{"@id":"https:\/\/truusk.store\/sv\/produkt\/truusk-hundbadd-med-fagelskyddsnat-och-solskydd-metallram-storlek-230x110x110-cm-gra-gron-svart\/#breadcrumb"},"inLanguage":"sv-SE","potentialAction":[{"@type":"ReadAction","target":["https:\/\/truusk.store\/sv\/produkt\/truusk-hundbadd-med-fagelskyddsnat-och-solskydd-metallram-storlek-230x110x110-cm-gra-gron-svart\/"]}]},{"@type":"ImageObject","inLanguage":"sv-SE","@id":"https:\/\/truusk.store\/sv\/produkt\/truusk-hundbadd-med-fagelskyddsnat-och-solskydd-metallram-storlek-230x110x110-cm-gra-gron-svart\/#primaryimage","url":"https:\/\/i0.wp.com\/truusk.store\/wp-content\/uploads\/2024\/02\/upphojd-sang-med-fagelskyddsnat-och-solskydd-metallhus-230x110x110-cm-gra-gron-svart.webp?fit=800%2C800&ssl=1","contentUrl":"https:\/\/i0.wp.com\/truusk.store\/wp-content\/uploads\/2024\/02\/upphojd-sang-med-fagelskyddsnat-och-solskydd-metallhus-230x110x110-cm-gra-gron-svart.webp?fit=800%2C800&ssl=1","width":800,"height":800,"caption":"Upph\u00f6jd S\u00e4ng Med F\u00e5gelskyddsn\u00e4t Och Solskydd, Metallhus, 230x110x110 Cm, Gr\u00e5\/gr\u00f6n\/svart 1"},{"@type":"BreadcrumbList","@id":"https:\/\/truusk.store\/sv\/produkt\/truusk-hundbadd-med-fagelskyddsnat-och-solskydd-metallram-storlek-230x110x110-cm-gra-gron-svart\/#breadcrumb","itemListElement":[{"@type":"ListItem","position":1,"name":"Home","item":"https:\/\/truusk.store\/sv\/"},{"@type":"ListItem","position":2,"name":"Shop","item":"https:\/\/truusk.store\/shop\/"},{"@type":"ListItem","position":3,"name":"TRUUSK Hundb\u00e4dd med F\u00e5gelskyddsn\u00e4t och Solskydd &#8211; Metallram &#8211; Storlek 230x110x110 cm &#8211; Gr\u00e5\/Gr\u00f6n\/Svart"}]},{"@type":"WebSite","@id":"https:\/\/truusk.store\/sv\/#website","url":"https:\/\/truusk.store\/sv\/","name":"TRUUSK - Hem, Tr\u00e4dg\u00e5rd & Fritid","description":"","publisher":{"@id":"https:\/\/truusk.store\/sv\/#organization"},"potentialAction":[{"@type":"SearchAction","target":{"@type":"EntryPoint","urlTemplate":"https:\/\/truusk.store\/sv\/?s={search_term_string}"},"query-input":{"@type":"PropertyValueSpecification","valueRequired":true,"valueName":"search_term_string"}}],"inLanguage":"sv-SE"},{"@type":"Organization","@id":"https:\/\/truusk.store\/sv\/#organization","name":"TRUUSK - Hem, Tr\u00e4dg\u00e5rd & Fritid","url":"https:\/\/truusk.store\/sv\/","logo":{"@type":"ImageObject","inLanguage":"sv-SE","@id":"https:\/\/truusk.store\/sv\/#\/schema\/logo\/image\/","url":"https:\/\/i0.wp.com\/truusk.store\/wp-content\/uploads\/2026\/03\/cropped-TRUUSK.png?fit=2032%2C917&ssl=1","contentUrl":"https:\/\/i0.wp.com\/truusk.store\/wp-content\/uploads\/2026\/03\/cropped-TRUUSK.png?fit=2032%2C917&ssl=1","width":2032,"height":917,"caption":"TRUUSK - Hem, Tr\u00e4dg\u00e5rd & Fritid"},"image":{"@id":"https:\/\/truusk.store\/sv\/#\/schema\/logo\/image\/"}}]}},"jetpack_sharing_enabled":true,"_links":{"self":[{"href":"https:\/\/truusk.store\/sv\/wp-json\/wp\/v2\/product\/48430","targetHints":{"allow":["GET"]}}],"collection":[{"href":"https:\/\/truusk.store\/sv\/wp-json\/wp\/v2\/product"}],"about":[{"href":"https:\/\/truusk.store\/sv\/wp-json\/wp\/v2\/types\/product"}],"wp:featuredmedia":[{"embeddable":true,"href":"https:\/\/truusk.store\/sv\/wp-json\/wp\/v2\/media\/48431"}],"wp:attachment":[{"href":"https:\/\/truusk.store\/sv\/wp-json\/wp\/v2\/media?parent=48430"}],"wp:term":[{"taxonomy":"product_brand","embeddable":true,"href":"https:\/\/truusk.store\/sv\/wp-json\/wp\/v2\/product_brand?post=48430"},{"taxonomy":"product_cat","embeddable":true,"href":"https:\/\/truusk.store\/sv\/wp-json\/wp\/v2\/product_cat?post=48430"},{"taxonomy":"product_tag","embeddable":true,"href":"https:\/\/truusk.store\/sv\/wp-json\/wp\/v2\/product_tag?post=48430"}],"curies":[{"name":"wp","href":"https:\/\/api.w.org\/{rel}","templated":true}]}}