{"id":48466,"date":"2024-02-14T07:58:25","date_gmt":"2024-02-14T06:58:25","guid":{"rendered":"https:\/\/truusk.store\/product\/postlada-metallpostlada-modern-lasbar-365-x-115-x-29-cm-svart\/"},"modified":"2026-03-12T09:36:34","modified_gmt":"2026-03-12T08:36:34","slug":"truusk-modern-lasbar-metallpostlada-365-x-115-x-29-cm-svart","status":"publish","type":"product","link":"https:\/\/truusk.store\/sv\/produkt\/truusk-modern-lasbar-metallpostlada-365-x-115-x-29-cm-svart\/","title":{"rendered":"TRUUSK Modern L\u00e5sbar Metallpostl\u00e5da &#8211; 36,5 x 11,5 x 29 cm &#8211; Svart"},"content":{"rendered":"<p>F\u00e5 din post levererad s\u00e4kert och stilfullt med denna brevl\u00e5da. Tillverkad av robust metall, konstruktionen \u00e4r robust och h\u00e5llbar &#8211; perfekt f\u00f6r utomhusbruk. Den 35 cm l\u00e5nga springan g\u00f6r det l\u00e4ttare att infoga bokst\u00e4ver. Den \u00e4r ocks\u00e5 s\u00e4ker och skyddad: den l\u00e5sbara designen s\u00e4kerst\u00e4ller att bara du har tillg\u00e5ng till den avsedda posten. Den eleganta brevl\u00e5dan kan enkelt f\u00e4stas p\u00e5 v\u00e4ggen.<\/p>\n<h3>Beskrivning:<\/h3>\n<ul>\n<li>Tillverkad av slitstark metall f\u00f6r att motst\u00e5 rost och ogynnsamma v\u00e4derf\u00f6rh\u00e5llanden<\/li>\n<li>Stort inv\u00e4ndigt f\u00f6rvaringsutrymme med en 35 cm \u00f6ppning f\u00f6r att enkelt rymma alla postf\u00f6rs\u00e4ndelser<\/li>\n<li>3 f\u00f6nster g\u00f6r att du kan titta in<\/li>\n<li>L\u00e5set \u00e4r f\u00f6rsett med lock f\u00f6r att f\u00f6rhindra rost<\/li>\n<li>tv\u00e5 nycklar ing\u00e5r<\/li>\n<li>\u00d6verdraget har ljudd\u00e4mpande mattor f\u00f6r att minska ljud vid st\u00e4ngning<\/li>\n<li>Dr\u00e4neringsh\u00e5l i botten f\u00f6rhindrar att vatten samlas<\/li>\n<li>Enkel installation med medf\u00f6ljande monteringsmaterial<\/li>\n<\/ul>\n<h3>Teknisk data:<\/h3>\n<ul>\n<li>Svart f\u00e4rg<\/li>\n<li>Material: metall<\/li>\n<li>\u00d6vergripande m\u00e5tt: 36,5L x 11,5W x 29H cm<\/li>\n<li>Innerm\u00e5tt: 34W x 9D x 23H cm<\/li>\n<li>Tr storlek: 34W x 1D x 22H cm<\/li>\n<li>Postfackstorlek: 35L x 2,5W cm<\/li>\n<\/ul>\n<h3>Leveransens omfattning:<\/h3>\n<ul>\n<li>1 x brevl\u00e5da<\/li>\n<li>4 x Skyddsdynor<\/li>\n<li>4 x skruv<\/li>\n<li>4 x expansionspluggar<\/li>\n<li>2 x nycklar<\/li>\n<li>1 x manuell<\/li>\n<\/ul>\n","protected":false},"excerpt":{"rendered":"<p>F\u00e5 din post levererad s\u00e4kert och stilfullt med denna brevl\u00e5da. Tillverkad av robust metall, konstruktionen \u00e4r robust och h\u00e5llbar &#8211;&#8230;<\/p>\n","protected":false},"featured_media":48467,"template":"","meta":[],"product_brand":[],"product_cat":[674,671,672],"product_tag":[],"class_list":{"0":"post-48466","1":"product","2":"type-product","3":"status-publish","4":"has-post-thumbnail","6":"product_cat-brevlador","7":"product_cat-jarnaffar","8":"product_cat-runt-huset","10":"first","11":"instock","12":"sale","13":"taxable","14":"shipping-taxable","15":"purchasable","16":"product-type-simple"},"yoast_head":"<!-- This site is optimized with the Yoast SEO plugin v25.4 - https:\/\/yoast.com\/wordpress\/plugins\/seo\/ -->\n<title>TRUUSK Modern L\u00e5sbar Metallpostl\u00e5da - 36,5 x 11,5 x 29 cm - Svart - TRUUSK - Hem, Tr\u00e4dg\u00e5rd &amp; Fritid<\/title>\n<meta name=\"robots\" content=\"index, follow, max-snippet:-1, max-image-preview:large, max-video-preview:-1\" \/>\n<link rel=\"canonical\" href=\"https:\/\/truusk.store\/sv\/produkt\/truusk-modern-lasbar-metallpostlada-365-x-115-x-29-cm-svart\/\" \/>\n<meta property=\"og:locale\" content=\"sv_SE\" \/>\n<meta property=\"og:type\" content=\"article\" \/>\n<meta property=\"og:title\" content=\"TRUUSK Modern L\u00e5sbar Metallpostl\u00e5da - 36,5 x 11,5 x 29 cm - Svart - TRUUSK - Hem, Tr\u00e4dg\u00e5rd &amp; Fritid\" \/>\n<meta property=\"og:description\" content=\"F\u00e5 din post levererad s\u00e4kert och stilfullt med denna brevl\u00e5da. Tillverkad av robust metall, konstruktionen \u00e4r robust och h\u00e5llbar &#8211;...\" \/>\n<meta property=\"og:url\" content=\"https:\/\/truusk.store\/sv\/produkt\/truusk-modern-lasbar-metallpostlada-365-x-115-x-29-cm-svart\/\" \/>\n<meta property=\"og:site_name\" content=\"TRUUSK - Hem, Tr\u00e4dg\u00e5rd &amp; Fritid\" \/>\n<meta property=\"article:modified_time\" content=\"2026-03-12T08:36:34+00:00\" \/>\n<meta property=\"og:image\" content=\"https:\/\/i0.wp.com\/truusk.se\/wp-content\/uploads\/2024\/02\/postlada-metallpostlada-modern-lasbar-365-x-115-x-29-cm-svart.webp?fit=800%2C800&ssl=1\" \/>\n\t<meta property=\"og:image:width\" content=\"800\" \/>\n\t<meta property=\"og:image:height\" content=\"800\" \/>\n\t<meta property=\"og:image:type\" content=\"image\/webp\" \/>\n<meta name=\"twitter:card\" content=\"summary_large_image\" \/>\n<meta name=\"twitter:label1\" content=\"Ber\u00e4knad l\u00e4stid\" \/>\n\t<meta name=\"twitter:data1\" content=\"1 minut\" \/>\n<!-- \/ Yoast SEO plugin. -->","yoast_head_json":{"title":"TRUUSK Modern L\u00e5sbar Metallpostl\u00e5da - 36,5 x 11,5 x 29 cm - Svart - TRUUSK - Hem, Tr\u00e4dg\u00e5rd &amp; Fritid","robots":{"index":"index","follow":"follow","max-snippet":"max-snippet:-1","max-image-preview":"max-image-preview:large","max-video-preview":"max-video-preview:-1"},"canonical":"https:\/\/truusk.store\/sv\/produkt\/truusk-modern-lasbar-metallpostlada-365-x-115-x-29-cm-svart\/","og_locale":"sv_SE","og_type":"article","og_title":"TRUUSK Modern L\u00e5sbar Metallpostl\u00e5da - 36,5 x 11,5 x 29 cm - Svart - TRUUSK - Hem, Tr\u00e4dg\u00e5rd &amp; Fritid","og_description":"F\u00e5 din post levererad s\u00e4kert och stilfullt med denna brevl\u00e5da. Tillverkad av robust metall, konstruktionen \u00e4r robust och h\u00e5llbar &#8211;...","og_url":"https:\/\/truusk.store\/sv\/produkt\/truusk-modern-lasbar-metallpostlada-365-x-115-x-29-cm-svart\/","og_site_name":"TRUUSK - Hem, Tr\u00e4dg\u00e5rd &amp; Fritid","article_modified_time":"2026-03-12T08:36:34+00:00","og_image":[{"width":800,"height":800,"url":"https:\/\/i0.wp.com\/truusk.se\/wp-content\/uploads\/2024\/02\/postlada-metallpostlada-modern-lasbar-365-x-115-x-29-cm-svart.webp?fit=800%2C800&ssl=1","type":"image\/webp"}],"twitter_card":"summary_large_image","twitter_misc":{"Ber\u00e4knad l\u00e4stid":"1 minut"},"schema":{"@context":"https:\/\/schema.org","@graph":[{"@type":"WebPage","@id":"https:\/\/truusk.store\/sv\/produkt\/truusk-modern-lasbar-metallpostlada-365-x-115-x-29-cm-svart\/","url":"https:\/\/truusk.store\/sv\/produkt\/truusk-modern-lasbar-metallpostlada-365-x-115-x-29-cm-svart\/","name":"TRUUSK Modern L\u00e5sbar Metallpostl\u00e5da - 36,5 x 11,5 x 29 cm - Svart - TRUUSK - Hem, Tr\u00e4dg\u00e5rd &amp; Fritid","isPartOf":{"@id":"https:\/\/truusk.store\/sv\/#website"},"primaryImageOfPage":{"@id":"https:\/\/truusk.store\/sv\/produkt\/truusk-modern-lasbar-metallpostlada-365-x-115-x-29-cm-svart\/#primaryimage"},"image":{"@id":"https:\/\/truusk.store\/sv\/produkt\/truusk-modern-lasbar-metallpostlada-365-x-115-x-29-cm-svart\/#primaryimage"},"thumbnailUrl":"https:\/\/i0.wp.com\/truusk.store\/wp-content\/uploads\/2024\/02\/postlada-metallpostlada-modern-lasbar-365-x-115-x-29-cm-svart.webp?fit=800%2C800&ssl=1","datePublished":"2024-02-14T06:58:25+00:00","dateModified":"2026-03-12T08:36:34+00:00","breadcrumb":{"@id":"https:\/\/truusk.store\/sv\/produkt\/truusk-modern-lasbar-metallpostlada-365-x-115-x-29-cm-svart\/#breadcrumb"},"inLanguage":"sv-SE","potentialAction":[{"@type":"ReadAction","target":["https:\/\/truusk.store\/sv\/produkt\/truusk-modern-lasbar-metallpostlada-365-x-115-x-29-cm-svart\/"]}]},{"@type":"ImageObject","inLanguage":"sv-SE","@id":"https:\/\/truusk.store\/sv\/produkt\/truusk-modern-lasbar-metallpostlada-365-x-115-x-29-cm-svart\/#primaryimage","url":"https:\/\/i0.wp.com\/truusk.store\/wp-content\/uploads\/2024\/02\/postlada-metallpostlada-modern-lasbar-365-x-115-x-29-cm-svart.webp?fit=800%2C800&ssl=1","contentUrl":"https:\/\/i0.wp.com\/truusk.store\/wp-content\/uploads\/2024\/02\/postlada-metallpostlada-modern-lasbar-365-x-115-x-29-cm-svart.webp?fit=800%2C800&ssl=1","width":800,"height":800,"caption":"Postl\u00e5da Metallpostl\u00e5da, Modern, L\u00e5sbar, 36,5 X 11,5 X 29 Cm, Svart 1"},{"@type":"BreadcrumbList","@id":"https:\/\/truusk.store\/sv\/produkt\/truusk-modern-lasbar-metallpostlada-365-x-115-x-29-cm-svart\/#breadcrumb","itemListElement":[{"@type":"ListItem","position":1,"name":"Home","item":"https:\/\/truusk.store\/sv\/"},{"@type":"ListItem","position":2,"name":"Shop","item":"https:\/\/truusk.store\/shop\/"},{"@type":"ListItem","position":3,"name":"TRUUSK Modern L\u00e5sbar Metallpostl\u00e5da &#8211; 36,5 x 11,5 x 29 cm &#8211; Svart"}]},{"@type":"WebSite","@id":"https:\/\/truusk.store\/sv\/#website","url":"https:\/\/truusk.store\/sv\/","name":"TRUUSK - Hem, Tr\u00e4dg\u00e5rd & Fritid","description":"","publisher":{"@id":"https:\/\/truusk.store\/sv\/#organization"},"potentialAction":[{"@type":"SearchAction","target":{"@type":"EntryPoint","urlTemplate":"https:\/\/truusk.store\/sv\/?s={search_term_string}"},"query-input":{"@type":"PropertyValueSpecification","valueRequired":true,"valueName":"search_term_string"}}],"inLanguage":"sv-SE"},{"@type":"Organization","@id":"https:\/\/truusk.store\/sv\/#organization","name":"TRUUSK - Hem, Tr\u00e4dg\u00e5rd & Fritid","url":"https:\/\/truusk.store\/sv\/","logo":{"@type":"ImageObject","inLanguage":"sv-SE","@id":"https:\/\/truusk.store\/sv\/#\/schema\/logo\/image\/","url":"https:\/\/i0.wp.com\/truusk.store\/wp-content\/uploads\/2026\/03\/cropped-TRUUSK.png?fit=2032%2C917&ssl=1","contentUrl":"https:\/\/i0.wp.com\/truusk.store\/wp-content\/uploads\/2026\/03\/cropped-TRUUSK.png?fit=2032%2C917&ssl=1","width":2032,"height":917,"caption":"TRUUSK - Hem, Tr\u00e4dg\u00e5rd & Fritid"},"image":{"@id":"https:\/\/truusk.store\/sv\/#\/schema\/logo\/image\/"}}]}},"jetpack_sharing_enabled":true,"_links":{"self":[{"href":"https:\/\/truusk.store\/sv\/wp-json\/wp\/v2\/product\/48466","targetHints":{"allow":["GET"]}}],"collection":[{"href":"https:\/\/truusk.store\/sv\/wp-json\/wp\/v2\/product"}],"about":[{"href":"https:\/\/truusk.store\/sv\/wp-json\/wp\/v2\/types\/product"}],"wp:featuredmedia":[{"embeddable":true,"href":"https:\/\/truusk.store\/sv\/wp-json\/wp\/v2\/media\/48467"}],"wp:attachment":[{"href":"https:\/\/truusk.store\/sv\/wp-json\/wp\/v2\/media?parent=48466"}],"wp:term":[{"taxonomy":"product_brand","embeddable":true,"href":"https:\/\/truusk.store\/sv\/wp-json\/wp\/v2\/product_brand?post=48466"},{"taxonomy":"product_cat","embeddable":true,"href":"https:\/\/truusk.store\/sv\/wp-json\/wp\/v2\/product_cat?post=48466"},{"taxonomy":"product_tag","embeddable":true,"href":"https:\/\/truusk.store\/sv\/wp-json\/wp\/v2\/product_tag?post=48466"}],"curies":[{"name":"wp","href":"https:\/\/api.w.org\/{rel}","templated":true}]}}