{"id":48491,"date":"2024-02-14T07:59:41","date_gmt":"2024-02-14T06:59:41","guid":{"rendered":"https:\/\/truusk.store\/product\/staende-spegel-vaggspegel-helkroppsspegel-inklusive-vaggfaste-50-x-4-x-1515-cm-svart-2\/"},"modified":"2026-03-12T09:36:35","modified_gmt":"2026-03-12T08:36:35","slug":"truusk-staende-spegel-vaggspegel-helkroppsspegel-inkl-vaggfaste-50x4x1515-cm-svart","status":"publish","type":"product","link":"https:\/\/truusk.store\/sv\/produkt\/truusk-staende-spegel-vaggspegel-helkroppsspegel-inkl-vaggfaste-50x4x1515-cm-svart\/","title":{"rendered":"TRUUSK St\u00e5ende Spegel V\u00e4ggspegel &#8211; Helkroppsspegel inkl. V\u00e4ggf\u00e4ste &#8211; 50x4x151,5 cm &#8211; Svart"},"content":{"rendered":"<p>Den st\u00e5ende spegeln med ljus presenterar din sk\u00f6nhet fr\u00e5n topp till t\u00e5. Med en knapptryckning kan du justera ljusets f\u00e4rg och intensitet till olika scenarier. Tack vare det f\u00e4llbara stativet och medf\u00f6ljande v\u00e4ggf\u00e4ste kan denna h\u00f6ga sovrumsspegel anv\u00e4ndas som en frist\u00e5ende spegel, en v\u00e4ggspegel eller en lutande spegel &#8211; s\u00e5 att du kan placera den var du vill. Ta in ljuset i ditt hem med v\u00e5r full\u00e4ngdsspegel.<\/p>\n<h3>Beskrivning:<\/h3>\n<ul>\n<li>Den intelligenta touchkontrollen \u00e4r l\u00e4tt att anv\u00e4nda<\/li>\n<li>F\u00e4rgtemperaturen och ljusstyrkan \u00e4r justerbara f\u00f6r att m\u00f6ta olika behov<\/li>\n<li>Tre m\u00f6jliga anv\u00e4ndningsomr\u00e5den: frist\u00e5ende, v\u00e4ggmonterad eller lutande<\/li>\n<li>Minnesfunktion f\u00f6r att spara de senaste inst\u00e4llningarna<\/li>\n<li>De fyra LED-ljusremsorna p\u00e5 lampans sidor kan tas bort n\u00e4r de inte anv\u00e4nds<\/li>\n<li>Ram av aluminiumlegering och metallstativ s\u00e4kerst\u00e4ller stabilitet vid daglig anv\u00e4ndning<\/li>\n<li>Tjockt h\u00e4rdat glas med silverbel\u00e4ggning och blyfri design, s\u00e4rskilt tydliga spegelbilder<\/li>\n<li>Inte bara f\u00f6r dekoration, utan ocks\u00e5 f\u00f6r att lysa upp och f\u00f6rstora rummet<\/li>\n<li>Plug-in-drift. Ingen montering kr\u00e4vs, med monteringskrokar och v\u00e4ggmonteringstillbeh\u00f6r<\/li>\n<\/ul>\n<h3>Teknisk data:<\/h3>\n<ul>\n<li>F\u00e4rg: Guldton<\/li>\n<li>Material: H\u00e4rdat glas, aluminiumlegering, metall<\/li>\n<li>\u00d6vergripande m\u00e5tt: 50W x 50D x 148H cm (f\u00f6rl\u00e4ngd), 50W x 4D x 151,5H cm (vikt)<\/li>\n<li>Spegelstorlek: 47W x 0,4D x 147H cm<\/li>\n<li>Kabell\u00e4ngd: 2,85 m<\/li>\n<li>F\u00e4rgtemperatur: 3000K, 4500K, 6500K<\/li>\n<li>Lumen: 2600 Lm<\/li>\n<li>Total effekt: 37W<\/li>\n<li>Ing\u00e5ng: AC 220-240V, 50\/60Hz<\/li>\n<li>Adapterutg\u00e5ng: DC 12V \/ 3,5A \/ 42W<\/li>\n<\/ul>\n<h3>Leveransens omfattning:<\/h3>\n<ul>\n<li>1 x helkroppsspegel<\/li>\n<li>1 x skruvsats<\/li>\n<li>1 x manuell<\/li>\n<\/ul>\n","protected":false},"excerpt":{"rendered":"<p>Den st\u00e5ende spegeln med ljus presenterar din sk\u00f6nhet fr\u00e5n topp till t\u00e5. Med en knapptryckning kan du justera ljusets f\u00e4rg&#8230;<\/p>\n","protected":false},"featured_media":48492,"template":"","meta":[],"product_brand":[],"product_cat":[485,504,501],"product_tag":[],"class_list":{"0":"post-48491","1":"product","2":"type-product","3":"status-publish","4":"has-post-thumbnail","6":"product_cat-hus-bo","7":"product_cat-sminkbord-speglar","8":"product_cat-tabeller","10":"first","11":"instock","12":"sale","13":"taxable","14":"shipping-taxable","15":"purchasable","16":"product-type-simple"},"yoast_head":"<!-- This site is optimized with the Yoast SEO plugin v25.4 - https:\/\/yoast.com\/wordpress\/plugins\/seo\/ -->\n<title>TRUUSK St\u00e5ende Spegel V\u00e4ggspegel - Helkroppsspegel inkl. V\u00e4ggf\u00e4ste - 50x4x151,5 cm - Svart - TRUUSK - Hem, Tr\u00e4dg\u00e5rd &amp; Fritid<\/title>\n<meta name=\"robots\" content=\"index, follow, max-snippet:-1, max-image-preview:large, max-video-preview:-1\" \/>\n<link rel=\"canonical\" href=\"https:\/\/truusk.store\/sv\/produkt\/truusk-staende-spegel-vaggspegel-helkroppsspegel-inkl-vaggfaste-50x4x1515-cm-svart\/\" \/>\n<meta property=\"og:locale\" content=\"sv_SE\" \/>\n<meta property=\"og:type\" content=\"article\" \/>\n<meta property=\"og:title\" content=\"TRUUSK St\u00e5ende Spegel V\u00e4ggspegel - Helkroppsspegel inkl. V\u00e4ggf\u00e4ste - 50x4x151,5 cm - Svart - TRUUSK - Hem, Tr\u00e4dg\u00e5rd &amp; Fritid\" \/>\n<meta property=\"og:description\" content=\"Den st\u00e5ende spegeln med ljus presenterar din sk\u00f6nhet fr\u00e5n topp till t\u00e5. Med en knapptryckning kan du justera ljusets f\u00e4rg...\" \/>\n<meta property=\"og:url\" content=\"https:\/\/truusk.store\/sv\/produkt\/truusk-staende-spegel-vaggspegel-helkroppsspegel-inkl-vaggfaste-50x4x1515-cm-svart\/\" \/>\n<meta property=\"og:site_name\" content=\"TRUUSK - Hem, Tr\u00e4dg\u00e5rd &amp; Fritid\" \/>\n<meta property=\"article:modified_time\" content=\"2026-03-12T08:36:35+00:00\" \/>\n<meta property=\"og:image\" content=\"https:\/\/i0.wp.com\/truusk.se\/wp-content\/uploads\/2024\/02\/staende-spegel-vaggspegel-helkroppsspegel-inklusive-vaggfaste-50-x-4-x-1515-cm-svart-10.webp?fit=800%2C800&ssl=1\" \/>\n\t<meta property=\"og:image:width\" content=\"800\" \/>\n\t<meta property=\"og:image:height\" content=\"800\" \/>\n\t<meta property=\"og:image:type\" content=\"image\/webp\" \/>\n<meta name=\"twitter:card\" content=\"summary_large_image\" \/>\n<meta name=\"twitter:label1\" content=\"Ber\u00e4knad l\u00e4stid\" \/>\n\t<meta name=\"twitter:data1\" content=\"1 minut\" \/>\n<!-- \/ Yoast SEO plugin. -->","yoast_head_json":{"title":"TRUUSK St\u00e5ende Spegel V\u00e4ggspegel - Helkroppsspegel inkl. V\u00e4ggf\u00e4ste - 50x4x151,5 cm - Svart - TRUUSK - Hem, Tr\u00e4dg\u00e5rd &amp; Fritid","robots":{"index":"index","follow":"follow","max-snippet":"max-snippet:-1","max-image-preview":"max-image-preview:large","max-video-preview":"max-video-preview:-1"},"canonical":"https:\/\/truusk.store\/sv\/produkt\/truusk-staende-spegel-vaggspegel-helkroppsspegel-inkl-vaggfaste-50x4x1515-cm-svart\/","og_locale":"sv_SE","og_type":"article","og_title":"TRUUSK St\u00e5ende Spegel V\u00e4ggspegel - Helkroppsspegel inkl. V\u00e4ggf\u00e4ste - 50x4x151,5 cm - Svart - TRUUSK - Hem, Tr\u00e4dg\u00e5rd &amp; Fritid","og_description":"Den st\u00e5ende spegeln med ljus presenterar din sk\u00f6nhet fr\u00e5n topp till t\u00e5. Med en knapptryckning kan du justera ljusets f\u00e4rg...","og_url":"https:\/\/truusk.store\/sv\/produkt\/truusk-staende-spegel-vaggspegel-helkroppsspegel-inkl-vaggfaste-50x4x1515-cm-svart\/","og_site_name":"TRUUSK - Hem, Tr\u00e4dg\u00e5rd &amp; Fritid","article_modified_time":"2026-03-12T08:36:35+00:00","og_image":[{"width":800,"height":800,"url":"https:\/\/i0.wp.com\/truusk.se\/wp-content\/uploads\/2024\/02\/staende-spegel-vaggspegel-helkroppsspegel-inklusive-vaggfaste-50-x-4-x-1515-cm-svart-10.webp?fit=800%2C800&ssl=1","type":"image\/webp"}],"twitter_card":"summary_large_image","twitter_misc":{"Ber\u00e4knad l\u00e4stid":"1 minut"},"schema":{"@context":"https:\/\/schema.org","@graph":[{"@type":"WebPage","@id":"https:\/\/truusk.store\/sv\/produkt\/truusk-staende-spegel-vaggspegel-helkroppsspegel-inkl-vaggfaste-50x4x1515-cm-svart\/","url":"https:\/\/truusk.store\/sv\/produkt\/truusk-staende-spegel-vaggspegel-helkroppsspegel-inkl-vaggfaste-50x4x1515-cm-svart\/","name":"TRUUSK St\u00e5ende Spegel V\u00e4ggspegel - Helkroppsspegel inkl. V\u00e4ggf\u00e4ste - 50x4x151,5 cm - Svart - TRUUSK - Hem, Tr\u00e4dg\u00e5rd &amp; Fritid","isPartOf":{"@id":"https:\/\/truusk.store\/sv\/#website"},"primaryImageOfPage":{"@id":"https:\/\/truusk.store\/sv\/produkt\/truusk-staende-spegel-vaggspegel-helkroppsspegel-inkl-vaggfaste-50x4x1515-cm-svart\/#primaryimage"},"image":{"@id":"https:\/\/truusk.store\/sv\/produkt\/truusk-staende-spegel-vaggspegel-helkroppsspegel-inkl-vaggfaste-50x4x1515-cm-svart\/#primaryimage"},"thumbnailUrl":"https:\/\/i0.wp.com\/truusk.store\/wp-content\/uploads\/2024\/02\/staende-spegel-vaggspegel-helkroppsspegel-inklusive-vaggfaste-50-x-4-x-1515-cm-svart-10.webp?fit=800%2C800&ssl=1","datePublished":"2024-02-14T06:59:41+00:00","dateModified":"2026-03-12T08:36:35+00:00","breadcrumb":{"@id":"https:\/\/truusk.store\/sv\/produkt\/truusk-staende-spegel-vaggspegel-helkroppsspegel-inkl-vaggfaste-50x4x1515-cm-svart\/#breadcrumb"},"inLanguage":"sv-SE","potentialAction":[{"@type":"ReadAction","target":["https:\/\/truusk.store\/sv\/produkt\/truusk-staende-spegel-vaggspegel-helkroppsspegel-inkl-vaggfaste-50x4x1515-cm-svart\/"]}]},{"@type":"ImageObject","inLanguage":"sv-SE","@id":"https:\/\/truusk.store\/sv\/produkt\/truusk-staende-spegel-vaggspegel-helkroppsspegel-inkl-vaggfaste-50x4x1515-cm-svart\/#primaryimage","url":"https:\/\/i0.wp.com\/truusk.store\/wp-content\/uploads\/2024\/02\/staende-spegel-vaggspegel-helkroppsspegel-inklusive-vaggfaste-50-x-4-x-1515-cm-svart-10.webp?fit=800%2C800&ssl=1","contentUrl":"https:\/\/i0.wp.com\/truusk.store\/wp-content\/uploads\/2024\/02\/staende-spegel-vaggspegel-helkroppsspegel-inklusive-vaggfaste-50-x-4-x-1515-cm-svart-10.webp?fit=800%2C800&ssl=1","width":800,"height":800,"caption":"St\u00e5ende Spegel V\u00e4ggspegel Helkroppsspegel Inklusive V\u00e4ggf\u00e4ste, 50 X 4 X 151,5 Cm, Svart 1"},{"@type":"BreadcrumbList","@id":"https:\/\/truusk.store\/sv\/produkt\/truusk-staende-spegel-vaggspegel-helkroppsspegel-inkl-vaggfaste-50x4x1515-cm-svart\/#breadcrumb","itemListElement":[{"@type":"ListItem","position":1,"name":"Home","item":"https:\/\/truusk.store\/sv\/"},{"@type":"ListItem","position":2,"name":"Shop","item":"https:\/\/truusk.store\/shop\/"},{"@type":"ListItem","position":3,"name":"TRUUSK St\u00e5ende Spegel V\u00e4ggspegel &#8211; Helkroppsspegel inkl. V\u00e4ggf\u00e4ste &#8211; 50x4x151,5 cm &#8211; Svart"}]},{"@type":"WebSite","@id":"https:\/\/truusk.store\/sv\/#website","url":"https:\/\/truusk.store\/sv\/","name":"TRUUSK - Hem, Tr\u00e4dg\u00e5rd & Fritid","description":"","publisher":{"@id":"https:\/\/truusk.store\/sv\/#organization"},"potentialAction":[{"@type":"SearchAction","target":{"@type":"EntryPoint","urlTemplate":"https:\/\/truusk.store\/sv\/?s={search_term_string}"},"query-input":{"@type":"PropertyValueSpecification","valueRequired":true,"valueName":"search_term_string"}}],"inLanguage":"sv-SE"},{"@type":"Organization","@id":"https:\/\/truusk.store\/sv\/#organization","name":"TRUUSK - Hem, Tr\u00e4dg\u00e5rd & Fritid","url":"https:\/\/truusk.store\/sv\/","logo":{"@type":"ImageObject","inLanguage":"sv-SE","@id":"https:\/\/truusk.store\/sv\/#\/schema\/logo\/image\/","url":"https:\/\/i0.wp.com\/truusk.store\/wp-content\/uploads\/2026\/03\/cropped-TRUUSK.png?fit=2032%2C917&ssl=1","contentUrl":"https:\/\/i0.wp.com\/truusk.store\/wp-content\/uploads\/2026\/03\/cropped-TRUUSK.png?fit=2032%2C917&ssl=1","width":2032,"height":917,"caption":"TRUUSK - Hem, Tr\u00e4dg\u00e5rd & Fritid"},"image":{"@id":"https:\/\/truusk.store\/sv\/#\/schema\/logo\/image\/"}}]}},"jetpack_sharing_enabled":true,"_links":{"self":[{"href":"https:\/\/truusk.store\/sv\/wp-json\/wp\/v2\/product\/48491","targetHints":{"allow":["GET"]}}],"collection":[{"href":"https:\/\/truusk.store\/sv\/wp-json\/wp\/v2\/product"}],"about":[{"href":"https:\/\/truusk.store\/sv\/wp-json\/wp\/v2\/types\/product"}],"wp:featuredmedia":[{"embeddable":true,"href":"https:\/\/truusk.store\/sv\/wp-json\/wp\/v2\/media\/48492"}],"wp:attachment":[{"href":"https:\/\/truusk.store\/sv\/wp-json\/wp\/v2\/media?parent=48491"}],"wp:term":[{"taxonomy":"product_brand","embeddable":true,"href":"https:\/\/truusk.store\/sv\/wp-json\/wp\/v2\/product_brand?post=48491"},{"taxonomy":"product_cat","embeddable":true,"href":"https:\/\/truusk.store\/sv\/wp-json\/wp\/v2\/product_cat?post=48491"},{"taxonomy":"product_tag","embeddable":true,"href":"https:\/\/truusk.store\/sv\/wp-json\/wp\/v2\/product_tag?post=48491"}],"curies":[{"name":"wp","href":"https:\/\/api.w.org\/{rel}","templated":true}]}}