{"id":48502,"date":"2024-02-14T08:00:03","date_gmt":"2024-02-14T07:00:03","guid":{"rendered":"https:\/\/truusk.store\/product\/barbord-barbord-bord-for-2-personer-60-x-60-x-102-cm-svart\/"},"modified":"2026-03-12T09:36:37","modified_gmt":"2026-03-12T08:36:37","slug":"truusk-barbord-for-2-personer-60x60x102-cm-svart-praktisk-och-stilren-perfekt-for-hemmabruk","status":"publish","type":"product","link":"https:\/\/truusk.store\/sv\/produkt\/truusk-barbord-for-2-personer-60x60x102-cm-svart-praktisk-och-stilren-perfekt-for-hemmabruk\/","title":{"rendered":"TRUUSK Barbord f\u00f6r 2 personer &#8211; 60x60x102 cm &#8211; Svart &#8211; Praktisk och stilren &#8211; Perfekt f\u00f6r hemmabruk"},"content":{"rendered":"<p>Detta barbord g\u00f6r stunder av njutning s\u00e5 avslappnade och stilfulla som du vill. Dess eleganta, runda form och m\u00e5lade bordsskiva ger den ett klassiskt utseende. Den pulverlackerade st\u00e5lramen ger stabilitet och st\u00f6d, medan de halkfria golvskydden ger extra grepp. Perfekt f\u00f6r att g\u00f6ra drinkar till g\u00e4sterna eller njuta av ditt morgonkaffe eller middag med din partner.<\/p>\n<h3>Beskrivning:<\/h3>\n<ul>\n<li>Modern design med rena linjer och en sl\u00e4t bordsskiva<\/li>\n<li>L\u00e4mplig f\u00f6r tv\u00e5 personer, perfekt f\u00f6r mindre hemmabarer och matplatser<\/li>\n<li>Rymlig rund bordsskiva f\u00f6r mat och dryck<\/li>\n<li>Stor och rund bas av pulverlackerat st\u00e5l f\u00f6r stabilitet<\/li>\n<li>MDF bordsskiva med lack f\u00f6r skonsamt skydd<\/li>\n<li>Montering kr\u00e4vs<\/li>\n<\/ul>\n<h3>Teknisk data:<\/h3>\n<ul>\n<li>Svart f\u00e4rg<\/li>\n<li>Material: MDF, st\u00e5l<\/li>\n<li>Bordsm\u00e5tt: 60 x 102H cm<\/li>\n<li>Rekommenderad h\u00f6jd p\u00e5 barstolar: 61-70 cm (ing\u00e5r ej)<\/li>\n<li>Passar minsta utrymme: 140 x 140 cm<\/li>\n<li>Viktkapacitet: 15 kg<\/li>\n<\/ul>\n<h3>Leveransens omfattning:<\/h3>\n<ul>\n<li>1 x barbord<\/li>\n<li>1 x manuell<\/li>\n<\/ul>\n","protected":false},"excerpt":{"rendered":"<p>Detta barbord g\u00f6r stunder av njutning s\u00e5 avslappnade och stilfulla som du vill. Dess eleganta, runda form och m\u00e5lade bordsskiva&#8230;<\/p>\n","protected":false},"featured_media":48503,"template":"","meta":[],"product_brand":[],"product_cat":[511,485,501],"product_tag":[],"class_list":{"0":"post-48502","1":"product","2":"type-product","3":"status-publish","4":"has-post-thumbnail","6":"product_cat-barbord","7":"product_cat-hus-bo","8":"product_cat-tabeller","10":"first","11":"instock","12":"sale","13":"taxable","14":"shipping-taxable","15":"purchasable","16":"product-type-simple"},"yoast_head":"<!-- This site is optimized with the Yoast SEO plugin v25.4 - https:\/\/yoast.com\/wordpress\/plugins\/seo\/ -->\n<title>TRUUSK Barbord f\u00f6r 2 personer - 60x60x102 cm - Svart - Praktisk och stilren - Perfekt f\u00f6r hemmabruk - TRUUSK - Hem, Tr\u00e4dg\u00e5rd &amp; Fritid<\/title>\n<meta name=\"robots\" content=\"index, follow, max-snippet:-1, max-image-preview:large, max-video-preview:-1\" \/>\n<link rel=\"canonical\" href=\"https:\/\/truusk.store\/sv\/produkt\/truusk-barbord-for-2-personer-60x60x102-cm-svart-praktisk-och-stilren-perfekt-for-hemmabruk\/\" \/>\n<meta property=\"og:locale\" content=\"sv_SE\" \/>\n<meta property=\"og:type\" content=\"article\" \/>\n<meta property=\"og:title\" content=\"TRUUSK Barbord f\u00f6r 2 personer - 60x60x102 cm - Svart - Praktisk och stilren - Perfekt f\u00f6r hemmabruk - TRUUSK - Hem, Tr\u00e4dg\u00e5rd &amp; Fritid\" \/>\n<meta property=\"og:description\" content=\"Detta barbord g\u00f6r stunder av njutning s\u00e5 avslappnade och stilfulla som du vill. Dess eleganta, runda form och m\u00e5lade bordsskiva...\" \/>\n<meta property=\"og:url\" content=\"https:\/\/truusk.store\/sv\/produkt\/truusk-barbord-for-2-personer-60x60x102-cm-svart-praktisk-och-stilren-perfekt-for-hemmabruk\/\" \/>\n<meta property=\"og:site_name\" content=\"TRUUSK - Hem, Tr\u00e4dg\u00e5rd &amp; Fritid\" \/>\n<meta property=\"article:modified_time\" content=\"2026-03-12T08:36:37+00:00\" \/>\n<meta property=\"og:image\" content=\"https:\/\/i0.wp.com\/truusk.se\/wp-content\/uploads\/2024\/02\/barbord-barbord-bord-for-2-personer-60-x-60-x-102-cm-svart.webp?fit=800%2C800&ssl=1\" \/>\n\t<meta property=\"og:image:width\" content=\"800\" \/>\n\t<meta property=\"og:image:height\" content=\"800\" \/>\n\t<meta property=\"og:image:type\" content=\"image\/webp\" \/>\n<meta name=\"twitter:card\" content=\"summary_large_image\" \/>\n<meta name=\"twitter:label1\" content=\"Ber\u00e4knad l\u00e4stid\" \/>\n\t<meta name=\"twitter:data1\" content=\"1 minut\" \/>\n<!-- \/ Yoast SEO plugin. -->","yoast_head_json":{"title":"TRUUSK Barbord f\u00f6r 2 personer - 60x60x102 cm - Svart - Praktisk och stilren - Perfekt f\u00f6r hemmabruk - TRUUSK - Hem, Tr\u00e4dg\u00e5rd &amp; Fritid","robots":{"index":"index","follow":"follow","max-snippet":"max-snippet:-1","max-image-preview":"max-image-preview:large","max-video-preview":"max-video-preview:-1"},"canonical":"https:\/\/truusk.store\/sv\/produkt\/truusk-barbord-for-2-personer-60x60x102-cm-svart-praktisk-och-stilren-perfekt-for-hemmabruk\/","og_locale":"sv_SE","og_type":"article","og_title":"TRUUSK Barbord f\u00f6r 2 personer - 60x60x102 cm - Svart - Praktisk och stilren - Perfekt f\u00f6r hemmabruk - TRUUSK - Hem, Tr\u00e4dg\u00e5rd &amp; Fritid","og_description":"Detta barbord g\u00f6r stunder av njutning s\u00e5 avslappnade och stilfulla som du vill. Dess eleganta, runda form och m\u00e5lade bordsskiva...","og_url":"https:\/\/truusk.store\/sv\/produkt\/truusk-barbord-for-2-personer-60x60x102-cm-svart-praktisk-och-stilren-perfekt-for-hemmabruk\/","og_site_name":"TRUUSK - Hem, Tr\u00e4dg\u00e5rd &amp; Fritid","article_modified_time":"2026-03-12T08:36:37+00:00","og_image":[{"width":800,"height":800,"url":"https:\/\/i0.wp.com\/truusk.se\/wp-content\/uploads\/2024\/02\/barbord-barbord-bord-for-2-personer-60-x-60-x-102-cm-svart.webp?fit=800%2C800&ssl=1","type":"image\/webp"}],"twitter_card":"summary_large_image","twitter_misc":{"Ber\u00e4knad l\u00e4stid":"1 minut"},"schema":{"@context":"https:\/\/schema.org","@graph":[{"@type":"WebPage","@id":"https:\/\/truusk.store\/sv\/produkt\/truusk-barbord-for-2-personer-60x60x102-cm-svart-praktisk-och-stilren-perfekt-for-hemmabruk\/","url":"https:\/\/truusk.store\/sv\/produkt\/truusk-barbord-for-2-personer-60x60x102-cm-svart-praktisk-och-stilren-perfekt-for-hemmabruk\/","name":"TRUUSK Barbord f\u00f6r 2 personer - 60x60x102 cm - Svart - Praktisk och stilren - Perfekt f\u00f6r hemmabruk - TRUUSK - Hem, Tr\u00e4dg\u00e5rd &amp; Fritid","isPartOf":{"@id":"https:\/\/truusk.store\/sv\/#website"},"primaryImageOfPage":{"@id":"https:\/\/truusk.store\/sv\/produkt\/truusk-barbord-for-2-personer-60x60x102-cm-svart-praktisk-och-stilren-perfekt-for-hemmabruk\/#primaryimage"},"image":{"@id":"https:\/\/truusk.store\/sv\/produkt\/truusk-barbord-for-2-personer-60x60x102-cm-svart-praktisk-och-stilren-perfekt-for-hemmabruk\/#primaryimage"},"thumbnailUrl":"https:\/\/i0.wp.com\/truusk.store\/wp-content\/uploads\/2024\/02\/barbord-barbord-bord-for-2-personer-60-x-60-x-102-cm-svart.webp?fit=800%2C800&ssl=1","datePublished":"2024-02-14T07:00:03+00:00","dateModified":"2026-03-12T08:36:37+00:00","breadcrumb":{"@id":"https:\/\/truusk.store\/sv\/produkt\/truusk-barbord-for-2-personer-60x60x102-cm-svart-praktisk-och-stilren-perfekt-for-hemmabruk\/#breadcrumb"},"inLanguage":"sv-SE","potentialAction":[{"@type":"ReadAction","target":["https:\/\/truusk.store\/sv\/produkt\/truusk-barbord-for-2-personer-60x60x102-cm-svart-praktisk-och-stilren-perfekt-for-hemmabruk\/"]}]},{"@type":"ImageObject","inLanguage":"sv-SE","@id":"https:\/\/truusk.store\/sv\/produkt\/truusk-barbord-for-2-personer-60x60x102-cm-svart-praktisk-och-stilren-perfekt-for-hemmabruk\/#primaryimage","url":"https:\/\/i0.wp.com\/truusk.store\/wp-content\/uploads\/2024\/02\/barbord-barbord-bord-for-2-personer-60-x-60-x-102-cm-svart.webp?fit=800%2C800&ssl=1","contentUrl":"https:\/\/i0.wp.com\/truusk.store\/wp-content\/uploads\/2024\/02\/barbord-barbord-bord-for-2-personer-60-x-60-x-102-cm-svart.webp?fit=800%2C800&ssl=1","width":800,"height":800,"caption":"Barbord, Barbord, Bord F\u00f6r 2 Personer, 60 X 60 X 102 Cm, Svart 1"},{"@type":"BreadcrumbList","@id":"https:\/\/truusk.store\/sv\/produkt\/truusk-barbord-for-2-personer-60x60x102-cm-svart-praktisk-och-stilren-perfekt-for-hemmabruk\/#breadcrumb","itemListElement":[{"@type":"ListItem","position":1,"name":"Home","item":"https:\/\/truusk.store\/sv\/"},{"@type":"ListItem","position":2,"name":"Shop","item":"https:\/\/truusk.store\/shop\/"},{"@type":"ListItem","position":3,"name":"TRUUSK Barbord f\u00f6r 2 personer &#8211; 60x60x102 cm &#8211; Svart &#8211; Praktisk och stilren &#8211; Perfekt f\u00f6r hemmabruk"}]},{"@type":"WebSite","@id":"https:\/\/truusk.store\/sv\/#website","url":"https:\/\/truusk.store\/sv\/","name":"TRUUSK - Hem, Tr\u00e4dg\u00e5rd & Fritid","description":"","publisher":{"@id":"https:\/\/truusk.store\/sv\/#organization"},"potentialAction":[{"@type":"SearchAction","target":{"@type":"EntryPoint","urlTemplate":"https:\/\/truusk.store\/sv\/?s={search_term_string}"},"query-input":{"@type":"PropertyValueSpecification","valueRequired":true,"valueName":"search_term_string"}}],"inLanguage":"sv-SE"},{"@type":"Organization","@id":"https:\/\/truusk.store\/sv\/#organization","name":"TRUUSK - Hem, Tr\u00e4dg\u00e5rd & Fritid","url":"https:\/\/truusk.store\/sv\/","logo":{"@type":"ImageObject","inLanguage":"sv-SE","@id":"https:\/\/truusk.store\/sv\/#\/schema\/logo\/image\/","url":"https:\/\/i0.wp.com\/truusk.store\/wp-content\/uploads\/2026\/03\/cropped-TRUUSK.png?fit=2032%2C917&ssl=1","contentUrl":"https:\/\/i0.wp.com\/truusk.store\/wp-content\/uploads\/2026\/03\/cropped-TRUUSK.png?fit=2032%2C917&ssl=1","width":2032,"height":917,"caption":"TRUUSK - Hem, Tr\u00e4dg\u00e5rd & Fritid"},"image":{"@id":"https:\/\/truusk.store\/sv\/#\/schema\/logo\/image\/"}}]}},"jetpack_sharing_enabled":true,"_links":{"self":[{"href":"https:\/\/truusk.store\/sv\/wp-json\/wp\/v2\/product\/48502","targetHints":{"allow":["GET"]}}],"collection":[{"href":"https:\/\/truusk.store\/sv\/wp-json\/wp\/v2\/product"}],"about":[{"href":"https:\/\/truusk.store\/sv\/wp-json\/wp\/v2\/types\/product"}],"wp:featuredmedia":[{"embeddable":true,"href":"https:\/\/truusk.store\/sv\/wp-json\/wp\/v2\/media\/48503"}],"wp:attachment":[{"href":"https:\/\/truusk.store\/sv\/wp-json\/wp\/v2\/media?parent=48502"}],"wp:term":[{"taxonomy":"product_brand","embeddable":true,"href":"https:\/\/truusk.store\/sv\/wp-json\/wp\/v2\/product_brand?post=48502"},{"taxonomy":"product_cat","embeddable":true,"href":"https:\/\/truusk.store\/sv\/wp-json\/wp\/v2\/product_cat?post=48502"},{"taxonomy":"product_tag","embeddable":true,"href":"https:\/\/truusk.store\/sv\/wp-json\/wp\/v2\/product_tag?post=48502"}],"curies":[{"name":"wp","href":"https:\/\/api.w.org\/{rel}","templated":true}]}}