{"id":48548,"date":"2024-02-14T08:02:27","date_gmt":"2024-02-14T07:02:27","guid":{"rendered":"https:\/\/truusk.store\/product\/koksskap-buffe-2-lador-2-skapsfack-klassisk-design-vit-morkbrun-76-x-38-x-182-cm\/"},"modified":"2026-03-12T09:36:40","modified_gmt":"2026-03-12T08:36:40","slug":"truusk-koksskap-och-buffe-klassisk-design-vit-och-morkbrun-76-x-38-x-182-cm","status":"publish","type":"product","link":"https:\/\/truusk.store\/sv\/produkt\/truusk-koksskap-och-buffe-klassisk-design-vit-och-morkbrun-76-x-38-x-182-cm\/","title":{"rendered":"TRUUSK K\u00f6kssk\u00e5p och Buff\u00e9 &#8211; Klassisk Design &#8211; Vit och M\u00f6rkbrun &#8211; 76 x 38 x 182 cm"},"content":{"rendered":"<p>Gillar du att laga mat, men har ont om lagringsutrymme? Detta klassiska, eleganta buff\u00e9sk\u00e5p kommer till unds\u00e4ttning och f\u00f6rvandlar ditt k\u00f6k fr\u00e5n kaotiskt till klart p\u00e5 nolltid. Inget mer att stapla grytor och kastruller och m\u00f6dosamt s\u00f6ka efter soppgrytan fr\u00e5n baksidan. Denna k\u00f6ksbuff\u00e9 ger dig tillr\u00e4ckligt med utrymme f\u00f6r att f\u00f6rvara allt utan anstr\u00e4ngning s\u00e5 att du kan koncentrera dig p\u00e5 matlagningen.<\/p>\n<h3>Beskrivning:<\/h3>\n<ul>\n<li>Klassisk design med f\u00f6nsterd\u00f6rrar, dekorativa knoppar och staket<\/li>\n<li>L\u00e5dor med handtag och sl\u00e4ta metallskenor f\u00f6r f\u00f6rvaring av servetter, handdukar och bestick<\/li>\n<li>Justerbara hyllor p\u00e5 buff\u00e9sk\u00e5pet g\u00f6r det m\u00f6jligt att f\u00f6rvara st\u00f6rre f\u00f6rem\u00e5l utan att beh\u00f6va oroa sig f\u00f6r om de fortfarande f\u00e5r plats<\/li>\n<li>Den tysta mjukst\u00e4ngningsmekanismen hindrar d\u00f6rrarna fr\u00e5n att sl\u00e5 igen<\/li>\n<li>Tippskydd och halkfria fotkuddar i f\u00f6rvaringssk\u00e5pet garanterar s\u00e4kerhet och stabilitet<\/li>\n<li>Den m\u00e5lade ytan \u00e4r l\u00e4tt att reng\u00f6ra<\/li>\n<li>Montering kr\u00e4vs<\/li>\n<\/ul>\n<h3>Teknisk data:<\/h3>\n<ul>\n<li>F\u00e4rg: Vit+M\u00f6rkbrun<\/li>\n<li>Material: MDF, h\u00e4rdat glas<\/li>\n<li>\u00d6vergripande m\u00e5tt: 76L x 38W x 182H cm<\/li>\n<li>\u00d6vre sk\u00e5pets innerm\u00e5tt: 67W x 25D x 26H cm (enkel v\u00e5ning)<\/li>\n<li>M\u00e5tt p\u00e5 b\u00e4nkskiva: 67W x 35D x 36H cm<\/li>\n<li>Innerm\u00e5tt p\u00e5 l\u00e5dorna: 28W x 28,5D x 10H cm<\/li>\n<li>M\u00e5tt undersk\u00e5p: 67W x 33D x 28H (\u00f6verst)\/26 (botten) cm<\/li>\n<li>Avst\u00e5nd fr\u00e5n marken: 10 cm<\/li>\n<li>Lastkapacitet: 90 kg (totalt), 20 kg (b\u00e4nkskiva), 10 kg (hylla), 5 kg (l\u00e5da)<\/li>\n<\/ul>\n<h3>Leveransens omfattning:<\/h3>\n<ul>\n<li>1 x K\u00f6kssk\u00e5p<\/li>\n<li>1 x Instruktioner<\/li>\n<\/ul>\n","protected":false},"excerpt":{"rendered":"<p>Gillar du att laga mat, men har ont om lagringsutrymme? Detta klassiska, eleganta buff\u00e9sk\u00e5p kommer till unds\u00e4ttning och f\u00f6rvandlar ditt&#8230;<\/p>\n","protected":false},"featured_media":48549,"template":"","meta":[],"product_brand":[],"product_cat":[485,534,528],"product_tag":[],"class_list":{"0":"post-48548","1":"product","2":"type-product","3":"status-publish","4":"has-post-thumbnail","6":"product_cat-hus-bo","7":"product_cat-koksskap","8":"product_cat-skap-byraer","10":"first","11":"instock","12":"sale","13":"taxable","14":"shipping-taxable","15":"purchasable","16":"product-type-simple"},"yoast_head":"<!-- This site is optimized with the Yoast SEO plugin v25.4 - https:\/\/yoast.com\/wordpress\/plugins\/seo\/ -->\n<title>TRUUSK K\u00f6kssk\u00e5p och Buff\u00e9 - Klassisk Design - Vit och M\u00f6rkbrun - 76 x 38 x 182 cm - TRUUSK - Hem, Tr\u00e4dg\u00e5rd &amp; Fritid<\/title>\n<meta name=\"robots\" content=\"index, follow, max-snippet:-1, max-image-preview:large, max-video-preview:-1\" \/>\n<link rel=\"canonical\" href=\"https:\/\/truusk.store\/sv\/produkt\/truusk-koksskap-och-buffe-klassisk-design-vit-och-morkbrun-76-x-38-x-182-cm\/\" \/>\n<meta property=\"og:locale\" content=\"sv_SE\" \/>\n<meta property=\"og:type\" content=\"article\" \/>\n<meta property=\"og:title\" content=\"TRUUSK K\u00f6kssk\u00e5p och Buff\u00e9 - Klassisk Design - Vit och M\u00f6rkbrun - 76 x 38 x 182 cm - TRUUSK - Hem, Tr\u00e4dg\u00e5rd &amp; Fritid\" \/>\n<meta property=\"og:description\" content=\"Gillar du att laga mat, men har ont om lagringsutrymme? Detta klassiska, eleganta buff\u00e9sk\u00e5p kommer till unds\u00e4ttning och f\u00f6rvandlar ditt...\" \/>\n<meta property=\"og:url\" content=\"https:\/\/truusk.store\/sv\/produkt\/truusk-koksskap-och-buffe-klassisk-design-vit-och-morkbrun-76-x-38-x-182-cm\/\" \/>\n<meta property=\"og:site_name\" content=\"TRUUSK - Hem, Tr\u00e4dg\u00e5rd &amp; Fritid\" \/>\n<meta property=\"article:modified_time\" content=\"2026-03-12T08:36:40+00:00\" \/>\n<meta property=\"og:image\" content=\"https:\/\/i0.wp.com\/truusk.se\/wp-content\/uploads\/2024\/02\/koksskap-buffe-2-lador-2-skapsfack-klassisk-design-vit-morkbrun-76-x-38-x-182-cm.webp?fit=800%2C800&ssl=1\" \/>\n\t<meta property=\"og:image:width\" content=\"800\" \/>\n\t<meta property=\"og:image:height\" content=\"800\" \/>\n\t<meta property=\"og:image:type\" content=\"image\/webp\" \/>\n<meta name=\"twitter:card\" content=\"summary_large_image\" \/>\n<meta name=\"twitter:label1\" content=\"Ber\u00e4knad l\u00e4stid\" \/>\n\t<meta name=\"twitter:data1\" content=\"1 minut\" \/>\n<!-- \/ Yoast SEO plugin. -->","yoast_head_json":{"title":"TRUUSK K\u00f6kssk\u00e5p och Buff\u00e9 - Klassisk Design - Vit och M\u00f6rkbrun - 76 x 38 x 182 cm - TRUUSK - Hem, Tr\u00e4dg\u00e5rd &amp; Fritid","robots":{"index":"index","follow":"follow","max-snippet":"max-snippet:-1","max-image-preview":"max-image-preview:large","max-video-preview":"max-video-preview:-1"},"canonical":"https:\/\/truusk.store\/sv\/produkt\/truusk-koksskap-och-buffe-klassisk-design-vit-och-morkbrun-76-x-38-x-182-cm\/","og_locale":"sv_SE","og_type":"article","og_title":"TRUUSK K\u00f6kssk\u00e5p och Buff\u00e9 - Klassisk Design - Vit och M\u00f6rkbrun - 76 x 38 x 182 cm - TRUUSK - Hem, Tr\u00e4dg\u00e5rd &amp; Fritid","og_description":"Gillar du att laga mat, men har ont om lagringsutrymme? Detta klassiska, eleganta buff\u00e9sk\u00e5p kommer till unds\u00e4ttning och f\u00f6rvandlar ditt...","og_url":"https:\/\/truusk.store\/sv\/produkt\/truusk-koksskap-och-buffe-klassisk-design-vit-och-morkbrun-76-x-38-x-182-cm\/","og_site_name":"TRUUSK - Hem, Tr\u00e4dg\u00e5rd &amp; Fritid","article_modified_time":"2026-03-12T08:36:40+00:00","og_image":[{"width":800,"height":800,"url":"https:\/\/i0.wp.com\/truusk.se\/wp-content\/uploads\/2024\/02\/koksskap-buffe-2-lador-2-skapsfack-klassisk-design-vit-morkbrun-76-x-38-x-182-cm.webp?fit=800%2C800&ssl=1","type":"image\/webp"}],"twitter_card":"summary_large_image","twitter_misc":{"Ber\u00e4knad l\u00e4stid":"1 minut"},"schema":{"@context":"https:\/\/schema.org","@graph":[{"@type":"WebPage","@id":"https:\/\/truusk.store\/sv\/produkt\/truusk-koksskap-och-buffe-klassisk-design-vit-och-morkbrun-76-x-38-x-182-cm\/","url":"https:\/\/truusk.store\/sv\/produkt\/truusk-koksskap-och-buffe-klassisk-design-vit-och-morkbrun-76-x-38-x-182-cm\/","name":"TRUUSK K\u00f6kssk\u00e5p och Buff\u00e9 - Klassisk Design - Vit och M\u00f6rkbrun - 76 x 38 x 182 cm - TRUUSK - Hem, Tr\u00e4dg\u00e5rd &amp; Fritid","isPartOf":{"@id":"https:\/\/truusk.store\/sv\/#website"},"primaryImageOfPage":{"@id":"https:\/\/truusk.store\/sv\/produkt\/truusk-koksskap-och-buffe-klassisk-design-vit-och-morkbrun-76-x-38-x-182-cm\/#primaryimage"},"image":{"@id":"https:\/\/truusk.store\/sv\/produkt\/truusk-koksskap-och-buffe-klassisk-design-vit-och-morkbrun-76-x-38-x-182-cm\/#primaryimage"},"thumbnailUrl":"https:\/\/i0.wp.com\/truusk.store\/wp-content\/uploads\/2024\/02\/koksskap-buffe-2-lador-2-skapsfack-klassisk-design-vit-morkbrun-76-x-38-x-182-cm.webp?fit=800%2C800&ssl=1","datePublished":"2024-02-14T07:02:27+00:00","dateModified":"2026-03-12T08:36:40+00:00","breadcrumb":{"@id":"https:\/\/truusk.store\/sv\/produkt\/truusk-koksskap-och-buffe-klassisk-design-vit-och-morkbrun-76-x-38-x-182-cm\/#breadcrumb"},"inLanguage":"sv-SE","potentialAction":[{"@type":"ReadAction","target":["https:\/\/truusk.store\/sv\/produkt\/truusk-koksskap-och-buffe-klassisk-design-vit-och-morkbrun-76-x-38-x-182-cm\/"]}]},{"@type":"ImageObject","inLanguage":"sv-SE","@id":"https:\/\/truusk.store\/sv\/produkt\/truusk-koksskap-och-buffe-klassisk-design-vit-och-morkbrun-76-x-38-x-182-cm\/#primaryimage","url":"https:\/\/i0.wp.com\/truusk.store\/wp-content\/uploads\/2024\/02\/koksskap-buffe-2-lador-2-skapsfack-klassisk-design-vit-morkbrun-76-x-38-x-182-cm.webp?fit=800%2C800&ssl=1","contentUrl":"https:\/\/i0.wp.com\/truusk.store\/wp-content\/uploads\/2024\/02\/koksskap-buffe-2-lador-2-skapsfack-klassisk-design-vit-morkbrun-76-x-38-x-182-cm.webp?fit=800%2C800&ssl=1","width":800,"height":800,"caption":"K\u00f6kssk\u00e5p, Buff\u00e9, 2 L\u00e5dor, 2 Sk\u00e5psfack, Klassisk Design, Vit + M\u00f6rkbrun, 76 X 38 X 182 Cm 1"},{"@type":"BreadcrumbList","@id":"https:\/\/truusk.store\/sv\/produkt\/truusk-koksskap-och-buffe-klassisk-design-vit-och-morkbrun-76-x-38-x-182-cm\/#breadcrumb","itemListElement":[{"@type":"ListItem","position":1,"name":"Home","item":"https:\/\/truusk.store\/sv\/"},{"@type":"ListItem","position":2,"name":"Shop","item":"https:\/\/truusk.store\/shop\/"},{"@type":"ListItem","position":3,"name":"TRUUSK K\u00f6kssk\u00e5p och Buff\u00e9 &#8211; Klassisk Design &#8211; Vit och M\u00f6rkbrun &#8211; 76 x 38 x 182 cm"}]},{"@type":"WebSite","@id":"https:\/\/truusk.store\/sv\/#website","url":"https:\/\/truusk.store\/sv\/","name":"TRUUSK - Hem, Tr\u00e4dg\u00e5rd & Fritid","description":"","publisher":{"@id":"https:\/\/truusk.store\/sv\/#organization"},"potentialAction":[{"@type":"SearchAction","target":{"@type":"EntryPoint","urlTemplate":"https:\/\/truusk.store\/sv\/?s={search_term_string}"},"query-input":{"@type":"PropertyValueSpecification","valueRequired":true,"valueName":"search_term_string"}}],"inLanguage":"sv-SE"},{"@type":"Organization","@id":"https:\/\/truusk.store\/sv\/#organization","name":"TRUUSK - Hem, Tr\u00e4dg\u00e5rd & Fritid","url":"https:\/\/truusk.store\/sv\/","logo":{"@type":"ImageObject","inLanguage":"sv-SE","@id":"https:\/\/truusk.store\/sv\/#\/schema\/logo\/image\/","url":"https:\/\/i0.wp.com\/truusk.store\/wp-content\/uploads\/2026\/03\/cropped-TRUUSK.png?fit=2032%2C917&ssl=1","contentUrl":"https:\/\/i0.wp.com\/truusk.store\/wp-content\/uploads\/2026\/03\/cropped-TRUUSK.png?fit=2032%2C917&ssl=1","width":2032,"height":917,"caption":"TRUUSK - Hem, Tr\u00e4dg\u00e5rd & Fritid"},"image":{"@id":"https:\/\/truusk.store\/sv\/#\/schema\/logo\/image\/"}}]}},"jetpack_sharing_enabled":true,"_links":{"self":[{"href":"https:\/\/truusk.store\/sv\/wp-json\/wp\/v2\/product\/48548","targetHints":{"allow":["GET"]}}],"collection":[{"href":"https:\/\/truusk.store\/sv\/wp-json\/wp\/v2\/product"}],"about":[{"href":"https:\/\/truusk.store\/sv\/wp-json\/wp\/v2\/types\/product"}],"wp:featuredmedia":[{"embeddable":true,"href":"https:\/\/truusk.store\/sv\/wp-json\/wp\/v2\/media\/48549"}],"wp:attachment":[{"href":"https:\/\/truusk.store\/sv\/wp-json\/wp\/v2\/media?parent=48548"}],"wp:term":[{"taxonomy":"product_brand","embeddable":true,"href":"https:\/\/truusk.store\/sv\/wp-json\/wp\/v2\/product_brand?post=48548"},{"taxonomy":"product_cat","embeddable":true,"href":"https:\/\/truusk.store\/sv\/wp-json\/wp\/v2\/product_cat?post=48548"},{"taxonomy":"product_tag","embeddable":true,"href":"https:\/\/truusk.store\/sv\/wp-json\/wp\/v2\/product_tag?post=48548"}],"curies":[{"name":"wp","href":"https:\/\/api.w.org\/{rel}","templated":true}]}}