{"id":48609,"date":"2024-02-14T08:04:58","date_gmt":"2024-02-14T07:04:58","guid":{"rendered":"https:\/\/truusk.store\/product\/forvaringslada-set-om-3-hopfallbar-med-hjul-60-x-42-x-34-cm-vit\/"},"modified":"2026-03-12T09:37:13","modified_gmt":"2026-03-12T08:37:13","slug":"truusk-forvaringslada-set-om-3-hopfallbar-med-hjul-60-x-42-x-34-cm-vit","status":"publish","type":"product","link":"https:\/\/truusk.store\/sv\/produkt\/truusk-forvaringslada-set-om-3-hopfallbar-med-hjul-60-x-42-x-34-cm-vit\/","title":{"rendered":"TRUUSK F\u00f6rvaringsl\u00e5da Set om 3 &#8211; Hopf\u00e4llbar med hjul &#8211; 60 x 42 x 34 cm &#8211; Vit"},"content":{"rendered":"<p>F\u00f6rvaringsl\u00e5dorna \u00e4r en m\u00e5ngsidig f\u00f6rvaringsl\u00f6sning. Oavsett om du beh\u00f6ver extra f\u00f6rvaringsutrymme i vardagsrummet, kontoret eller till och med i bilen \u00e4r denna f\u00f6rvaringsbox r\u00e4tt l\u00f6sning f\u00f6r dig. Den vikbara designen g\u00f6r den l\u00e4tt att transportera och bekv\u00e4m att f\u00f6rvara n\u00e4r den inte anv\u00e4nds. Du kan hitta och f\u00f6rvara dina saker i alla situationer tack vare enkel \u00e5tkomst. P\u00e5 s\u00e5 s\u00e4tt kan du anv\u00e4nda ditt lagringsutrymme effektivt.<\/p>\n<h3>Beskrivning:<\/h3>\n<ul>\n<li>Hopf\u00e4llbar design f\u00f6r enkel transport och f\u00f6rvaring<\/li>\n<li>5-sidig \u00e5tkomst f\u00f6r bekv\u00e4m borttagning och f\u00f6rvaring<\/li>\n<li>Utrustad med fyra hjul f\u00f6r enkel r\u00f6rlighet<\/li>\n<li>R\u00e4flad topp f\u00f6r s\u00e4ker stapling av flera enheter<\/li>\n<li>Tillverkad av robust och s\u00e4kert PP-material<\/li>\n<li>Varje d\u00f6rr \u00e4r utrustad med sp\u00e4rrar f\u00f6r att f\u00f6rhindra att f\u00f6rem\u00e5l faller ut<\/li>\n<li>Ett avtagbart dammgaller och ventilationsh\u00e5l i topppanelen<\/li>\n<li>L\u00e4mplig f\u00f6r vardagsrum, kontor, bilf\u00f6rr\u00e5d med mera<\/li>\n<li>Ingen montering kr\u00e4vs<\/li>\n<\/ul>\n<h3>Teknisk data:<\/h3>\n<ul>\n<li>F\u00e4rg vit<\/li>\n<li>Material: Plast<\/li>\n<li>\u00d6vergripande m\u00e5tt: 60W x 42D x 34H cm<\/li>\n<li>Vikta m\u00e5tt: 60W x 42D x 8H cm<\/li>\n<li>Innerm\u00e5tt: 56W x 38,5D x 32H cm<\/li>\n<li>Kapacitet: 69 liter<\/li>\n<li>Lastkapacitet: 50 kg (interi\u00f6r), 30 kg (\u00f6verst)<\/li>\n<\/ul>\n<h3>Leveransens omfattning:<\/h3>\n<ul>\n<li>1 x f\u00f6rvaringsbox<\/li>\n<li>1 x manuell<\/li>\n<\/ul>\n","protected":false},"excerpt":{"rendered":"<p>F\u00f6rvaringsl\u00e5dorna \u00e4r en m\u00e5ngsidig f\u00f6rvaringsl\u00f6sning. Oavsett om du beh\u00f6ver extra f\u00f6rvaringsutrymme i vardagsrummet, kontoret eller till och med i bilen&#8230;<\/p>\n","protected":false},"featured_media":48610,"template":"","meta":[],"product_brand":[],"product_cat":[485,541,537],"product_tag":[],"class_list":{"0":"post-48609","1":"product","2":"type-product","3":"status-publish","4":"has-post-thumbnail","6":"product_cat-hus-bo","7":"product_cat-sits-kistor","8":"product_cat-sittplatser-bankar","10":"first","11":"instock","12":"sale","13":"taxable","14":"shipping-taxable","15":"purchasable","16":"product-type-simple"},"yoast_head":"<!-- This site is optimized with the Yoast SEO plugin v25.4 - https:\/\/yoast.com\/wordpress\/plugins\/seo\/ -->\n<title>TRUUSK F\u00f6rvaringsl\u00e5da Set om 3 - Hopf\u00e4llbar med hjul - 60 x 42 x 34 cm - Vit - TRUUSK - Hem, Tr\u00e4dg\u00e5rd &amp; Fritid<\/title>\n<meta name=\"robots\" content=\"index, follow, max-snippet:-1, max-image-preview:large, max-video-preview:-1\" \/>\n<link rel=\"canonical\" href=\"https:\/\/truusk.store\/sv\/produkt\/truusk-forvaringslada-set-om-3-hopfallbar-med-hjul-60-x-42-x-34-cm-vit\/\" \/>\n<meta property=\"og:locale\" content=\"sv_SE\" \/>\n<meta property=\"og:type\" content=\"article\" \/>\n<meta property=\"og:title\" content=\"TRUUSK F\u00f6rvaringsl\u00e5da Set om 3 - Hopf\u00e4llbar med hjul - 60 x 42 x 34 cm - Vit - TRUUSK - Hem, Tr\u00e4dg\u00e5rd &amp; Fritid\" \/>\n<meta property=\"og:description\" content=\"F\u00f6rvaringsl\u00e5dorna \u00e4r en m\u00e5ngsidig f\u00f6rvaringsl\u00f6sning. Oavsett om du beh\u00f6ver extra f\u00f6rvaringsutrymme i vardagsrummet, kontoret eller till och med i bilen...\" \/>\n<meta property=\"og:url\" content=\"https:\/\/truusk.store\/sv\/produkt\/truusk-forvaringslada-set-om-3-hopfallbar-med-hjul-60-x-42-x-34-cm-vit\/\" \/>\n<meta property=\"og:site_name\" content=\"TRUUSK - Hem, Tr\u00e4dg\u00e5rd &amp; Fritid\" \/>\n<meta property=\"article:modified_time\" content=\"2026-03-12T08:37:13+00:00\" \/>\n<meta property=\"og:image\" content=\"https:\/\/i0.wp.com\/truusk.se\/wp-content\/uploads\/2024\/02\/forvaringslada-set-om-3-hopfallbar-med-hjul-60-x-42-x-34-cm-vit.webp?fit=800%2C800&ssl=1\" \/>\n\t<meta property=\"og:image:width\" content=\"800\" \/>\n\t<meta property=\"og:image:height\" content=\"800\" \/>\n\t<meta property=\"og:image:type\" content=\"image\/webp\" \/>\n<meta name=\"twitter:card\" content=\"summary_large_image\" \/>\n<meta name=\"twitter:label1\" content=\"Ber\u00e4knad l\u00e4stid\" \/>\n\t<meta name=\"twitter:data1\" content=\"1 minut\" \/>\n<!-- \/ Yoast SEO plugin. -->","yoast_head_json":{"title":"TRUUSK F\u00f6rvaringsl\u00e5da Set om 3 - Hopf\u00e4llbar med hjul - 60 x 42 x 34 cm - Vit - TRUUSK - Hem, Tr\u00e4dg\u00e5rd &amp; Fritid","robots":{"index":"index","follow":"follow","max-snippet":"max-snippet:-1","max-image-preview":"max-image-preview:large","max-video-preview":"max-video-preview:-1"},"canonical":"https:\/\/truusk.store\/sv\/produkt\/truusk-forvaringslada-set-om-3-hopfallbar-med-hjul-60-x-42-x-34-cm-vit\/","og_locale":"sv_SE","og_type":"article","og_title":"TRUUSK F\u00f6rvaringsl\u00e5da Set om 3 - Hopf\u00e4llbar med hjul - 60 x 42 x 34 cm - Vit - TRUUSK - Hem, Tr\u00e4dg\u00e5rd &amp; Fritid","og_description":"F\u00f6rvaringsl\u00e5dorna \u00e4r en m\u00e5ngsidig f\u00f6rvaringsl\u00f6sning. Oavsett om du beh\u00f6ver extra f\u00f6rvaringsutrymme i vardagsrummet, kontoret eller till och med i bilen...","og_url":"https:\/\/truusk.store\/sv\/produkt\/truusk-forvaringslada-set-om-3-hopfallbar-med-hjul-60-x-42-x-34-cm-vit\/","og_site_name":"TRUUSK - Hem, Tr\u00e4dg\u00e5rd &amp; Fritid","article_modified_time":"2026-03-12T08:37:13+00:00","og_image":[{"width":800,"height":800,"url":"https:\/\/i0.wp.com\/truusk.se\/wp-content\/uploads\/2024\/02\/forvaringslada-set-om-3-hopfallbar-med-hjul-60-x-42-x-34-cm-vit.webp?fit=800%2C800&ssl=1","type":"image\/webp"}],"twitter_card":"summary_large_image","twitter_misc":{"Ber\u00e4knad l\u00e4stid":"1 minut"},"schema":{"@context":"https:\/\/schema.org","@graph":[{"@type":"WebPage","@id":"https:\/\/truusk.store\/sv\/produkt\/truusk-forvaringslada-set-om-3-hopfallbar-med-hjul-60-x-42-x-34-cm-vit\/","url":"https:\/\/truusk.store\/sv\/produkt\/truusk-forvaringslada-set-om-3-hopfallbar-med-hjul-60-x-42-x-34-cm-vit\/","name":"TRUUSK F\u00f6rvaringsl\u00e5da Set om 3 - Hopf\u00e4llbar med hjul - 60 x 42 x 34 cm - Vit - TRUUSK - Hem, Tr\u00e4dg\u00e5rd &amp; Fritid","isPartOf":{"@id":"https:\/\/truusk.store\/sv\/#website"},"primaryImageOfPage":{"@id":"https:\/\/truusk.store\/sv\/produkt\/truusk-forvaringslada-set-om-3-hopfallbar-med-hjul-60-x-42-x-34-cm-vit\/#primaryimage"},"image":{"@id":"https:\/\/truusk.store\/sv\/produkt\/truusk-forvaringslada-set-om-3-hopfallbar-med-hjul-60-x-42-x-34-cm-vit\/#primaryimage"},"thumbnailUrl":"https:\/\/i0.wp.com\/truusk.store\/wp-content\/uploads\/2024\/02\/forvaringslada-set-om-3-hopfallbar-med-hjul-60-x-42-x-34-cm-vit.webp?fit=800%2C800&ssl=1","datePublished":"2024-02-14T07:04:58+00:00","dateModified":"2026-03-12T08:37:13+00:00","breadcrumb":{"@id":"https:\/\/truusk.store\/sv\/produkt\/truusk-forvaringslada-set-om-3-hopfallbar-med-hjul-60-x-42-x-34-cm-vit\/#breadcrumb"},"inLanguage":"sv-SE","potentialAction":[{"@type":"ReadAction","target":["https:\/\/truusk.store\/sv\/produkt\/truusk-forvaringslada-set-om-3-hopfallbar-med-hjul-60-x-42-x-34-cm-vit\/"]}]},{"@type":"ImageObject","inLanguage":"sv-SE","@id":"https:\/\/truusk.store\/sv\/produkt\/truusk-forvaringslada-set-om-3-hopfallbar-med-hjul-60-x-42-x-34-cm-vit\/#primaryimage","url":"https:\/\/i0.wp.com\/truusk.store\/wp-content\/uploads\/2024\/02\/forvaringslada-set-om-3-hopfallbar-med-hjul-60-x-42-x-34-cm-vit.webp?fit=800%2C800&ssl=1","contentUrl":"https:\/\/i0.wp.com\/truusk.store\/wp-content\/uploads\/2024\/02\/forvaringslada-set-om-3-hopfallbar-med-hjul-60-x-42-x-34-cm-vit.webp?fit=800%2C800&ssl=1","width":800,"height":800,"caption":"F\u00f6rvaringsl\u00e5da, Set Om 3, Hopf\u00e4llbar, Med Hjul, 60 X 42 X 34 Cm, Vit 1"},{"@type":"BreadcrumbList","@id":"https:\/\/truusk.store\/sv\/produkt\/truusk-forvaringslada-set-om-3-hopfallbar-med-hjul-60-x-42-x-34-cm-vit\/#breadcrumb","itemListElement":[{"@type":"ListItem","position":1,"name":"Home","item":"https:\/\/truusk.store\/sv\/"},{"@type":"ListItem","position":2,"name":"Shop","item":"https:\/\/truusk.store\/shop\/"},{"@type":"ListItem","position":3,"name":"TRUUSK F\u00f6rvaringsl\u00e5da Set om 3 &#8211; Hopf\u00e4llbar med hjul &#8211; 60 x 42 x 34 cm &#8211; Vit"}]},{"@type":"WebSite","@id":"https:\/\/truusk.store\/sv\/#website","url":"https:\/\/truusk.store\/sv\/","name":"TRUUSK - Hem, Tr\u00e4dg\u00e5rd & Fritid","description":"","publisher":{"@id":"https:\/\/truusk.store\/sv\/#organization"},"potentialAction":[{"@type":"SearchAction","target":{"@type":"EntryPoint","urlTemplate":"https:\/\/truusk.store\/sv\/?s={search_term_string}"},"query-input":{"@type":"PropertyValueSpecification","valueRequired":true,"valueName":"search_term_string"}}],"inLanguage":"sv-SE"},{"@type":"Organization","@id":"https:\/\/truusk.store\/sv\/#organization","name":"TRUUSK - Hem, Tr\u00e4dg\u00e5rd & Fritid","url":"https:\/\/truusk.store\/sv\/","logo":{"@type":"ImageObject","inLanguage":"sv-SE","@id":"https:\/\/truusk.store\/sv\/#\/schema\/logo\/image\/","url":"https:\/\/i0.wp.com\/truusk.store\/wp-content\/uploads\/2026\/03\/cropped-TRUUSK.png?fit=2032%2C917&ssl=1","contentUrl":"https:\/\/i0.wp.com\/truusk.store\/wp-content\/uploads\/2026\/03\/cropped-TRUUSK.png?fit=2032%2C917&ssl=1","width":2032,"height":917,"caption":"TRUUSK - Hem, Tr\u00e4dg\u00e5rd & Fritid"},"image":{"@id":"https:\/\/truusk.store\/sv\/#\/schema\/logo\/image\/"}}]}},"jetpack_sharing_enabled":true,"_links":{"self":[{"href":"https:\/\/truusk.store\/sv\/wp-json\/wp\/v2\/product\/48609","targetHints":{"allow":["GET"]}}],"collection":[{"href":"https:\/\/truusk.store\/sv\/wp-json\/wp\/v2\/product"}],"about":[{"href":"https:\/\/truusk.store\/sv\/wp-json\/wp\/v2\/types\/product"}],"wp:featuredmedia":[{"embeddable":true,"href":"https:\/\/truusk.store\/sv\/wp-json\/wp\/v2\/media\/48610"}],"wp:attachment":[{"href":"https:\/\/truusk.store\/sv\/wp-json\/wp\/v2\/media?parent=48609"}],"wp:term":[{"taxonomy":"product_brand","embeddable":true,"href":"https:\/\/truusk.store\/sv\/wp-json\/wp\/v2\/product_brand?post=48609"},{"taxonomy":"product_cat","embeddable":true,"href":"https:\/\/truusk.store\/sv\/wp-json\/wp\/v2\/product_cat?post=48609"},{"taxonomy":"product_tag","embeddable":true,"href":"https:\/\/truusk.store\/sv\/wp-json\/wp\/v2\/product_tag?post=48609"}],"curies":[{"name":"wp","href":"https:\/\/api.w.org\/{rel}","templated":true}]}}