{"id":48616,"date":"2024-02-14T08:05:16","date_gmt":"2024-02-14T07:05:16","guid":{"rendered":"https:\/\/truusk.store\/product\/badmintonnat-justerbart-i-hojdled-hopfallbart-med-barvaska-310m-svart-blatt\/"},"modified":"2026-03-12T09:37:14","modified_gmt":"2026-03-12T08:37:14","slug":"truusk-badmintonnat-justerbar-hojd-hopfallbar-med-barkasse-310m-svart-blatt","status":"publish","type":"product","link":"https:\/\/truusk.store\/sv\/produkt\/truusk-badmintonnat-justerbar-hojd-hopfallbar-med-barkasse-310m-svart-blatt\/","title":{"rendered":"TRUUSK Badmintonn\u00e4t &#8211; Justerbar h\u00f6jd &#8211; Hopf\u00e4llbar &#8211; Med b\u00e4rkasse &#8211; 3,10m &#8211; Svart\/bl\u00e5tt"},"content":{"rendered":"<p>F\u00f6r alla som \u00e4lskar tr\u00e4ning, tr\u00e4ning och att ha kul med v\u00e4nner \u00e4r det b\u00e4rbara badmintonn\u00e4tet det perfekta valet. Den robusta och p\u00e5litliga metallramen i tv\u00e5 delar kan justeras till tre olika h\u00f6jder f\u00f6r att passa spelare. Det l\u00e5nga n\u00e4tet kan enkelt f\u00e4stas p\u00e5 ramen och n\u00e4tet kan enkelt f\u00f6rvaras i den praktiska b\u00e4rv\u00e4skan och tas med \u00f6verallt, vare sig det \u00e4r till v\u00e4nner, till parken eller till och med till stranden.<\/p>\n<h3>Beskrivning:<\/h3>\n<ul>\n<li>H\u00f6jdjusterbar fr\u00e5n 107 till 155 cm f\u00f6r badminton, tennis, pickleball<\/li>\n<li>Robust metallram, rosts\u00e4ker<\/li>\n<li>Snabb inst\u00e4llning med tydligt markerade sidoslingor<\/li>\n<li>Med stabiliserande f\u00f6tter f\u00f6r flexibel anv\u00e4ndning<\/li>\n<li>Inkluderar b\u00e4rv\u00e4ska<\/li>\n<\/ul>\n<h3>Teknisk data:<\/h3>\n<ul>\n<li>F\u00e4rg bl\u00e5<\/li>\n<li>Material: metall, PE, Oxford polyester<\/li>\n<li>\u00d6vergripande m\u00e5tt: 310L x 103W x 107-155H cm<\/li>\n<li>Storlek hoprullad: 310L x 72W cm<\/li>\n<li>Maskstorlek: 4L x 4W cm<\/li>\n<\/ul>\n<h3>Leveransens omfattning:<\/h3>\n<ul>\n<li>1 x Badmintonn\u00e4t med stativ<\/li>\n<li>1 x B\u00e4rv\u00e4ska<\/li>\n<li>1 x Instruktioner<\/li>\n<\/ul>\n","protected":false},"excerpt":{"rendered":"<p>F\u00f6r alla som \u00e4lskar tr\u00e4ning, tr\u00e4ning och att ha kul med v\u00e4nner \u00e4r det b\u00e4rbara badmintonn\u00e4tet det perfekta valet. Den&#8230;<\/p>\n","protected":false},"featured_media":48617,"template":"","meta":[],"product_brand":[],"product_cat":[669,647],"product_tag":[],"class_list":{"0":"post-48616","1":"product","2":"type-product","3":"status-publish","4":"has-post-thumbnail","6":"product_cat-bollsporter","7":"product_cat-sport-fritid","9":"first","10":"instock","11":"sale","12":"taxable","13":"shipping-taxable","14":"purchasable","15":"product-type-simple"},"yoast_head":"<!-- This site is optimized with the Yoast SEO plugin v25.4 - https:\/\/yoast.com\/wordpress\/plugins\/seo\/ -->\n<title>TRUUSK Badmintonn\u00e4t - Justerbar h\u00f6jd - Hopf\u00e4llbar - Med b\u00e4rkasse - 3,10m - Svart\/bl\u00e5tt - TRUUSK - Hem, Tr\u00e4dg\u00e5rd &amp; Fritid<\/title>\n<meta name=\"robots\" content=\"index, follow, max-snippet:-1, max-image-preview:large, max-video-preview:-1\" \/>\n<link rel=\"canonical\" href=\"https:\/\/truusk.store\/sv\/produkt\/truusk-badmintonnat-justerbar-hojd-hopfallbar-med-barkasse-310m-svart-blatt\/\" \/>\n<meta property=\"og:locale\" content=\"sv_SE\" \/>\n<meta property=\"og:type\" content=\"article\" \/>\n<meta property=\"og:title\" content=\"TRUUSK Badmintonn\u00e4t - Justerbar h\u00f6jd - Hopf\u00e4llbar - Med b\u00e4rkasse - 3,10m - Svart\/bl\u00e5tt - TRUUSK - Hem, Tr\u00e4dg\u00e5rd &amp; Fritid\" \/>\n<meta property=\"og:description\" content=\"F\u00f6r alla som \u00e4lskar tr\u00e4ning, tr\u00e4ning och att ha kul med v\u00e4nner \u00e4r det b\u00e4rbara badmintonn\u00e4tet det perfekta valet. Den...\" \/>\n<meta property=\"og:url\" content=\"https:\/\/truusk.store\/sv\/produkt\/truusk-badmintonnat-justerbar-hojd-hopfallbar-med-barkasse-310m-svart-blatt\/\" \/>\n<meta property=\"og:site_name\" content=\"TRUUSK - Hem, Tr\u00e4dg\u00e5rd &amp; Fritid\" \/>\n<meta property=\"article:modified_time\" content=\"2026-03-12T08:37:14+00:00\" \/>\n<meta property=\"og:image\" content=\"https:\/\/i0.wp.com\/truusk.se\/wp-content\/uploads\/2024\/02\/badmintonnat-justerbart-i-hojdled-hopfallbart-med-barvaska-310m-svart-blatt.webp?fit=800%2C800&ssl=1\" \/>\n\t<meta property=\"og:image:width\" content=\"800\" \/>\n\t<meta property=\"og:image:height\" content=\"800\" \/>\n\t<meta property=\"og:image:type\" content=\"image\/webp\" \/>\n<meta name=\"twitter:card\" content=\"summary_large_image\" \/>\n<meta name=\"twitter:label1\" content=\"Ber\u00e4knad l\u00e4stid\" \/>\n\t<meta name=\"twitter:data1\" content=\"1 minut\" \/>\n<!-- \/ Yoast SEO plugin. -->","yoast_head_json":{"title":"TRUUSK Badmintonn\u00e4t - Justerbar h\u00f6jd - Hopf\u00e4llbar - Med b\u00e4rkasse - 3,10m - Svart\/bl\u00e5tt - TRUUSK - Hem, Tr\u00e4dg\u00e5rd &amp; Fritid","robots":{"index":"index","follow":"follow","max-snippet":"max-snippet:-1","max-image-preview":"max-image-preview:large","max-video-preview":"max-video-preview:-1"},"canonical":"https:\/\/truusk.store\/sv\/produkt\/truusk-badmintonnat-justerbar-hojd-hopfallbar-med-barkasse-310m-svart-blatt\/","og_locale":"sv_SE","og_type":"article","og_title":"TRUUSK Badmintonn\u00e4t - Justerbar h\u00f6jd - Hopf\u00e4llbar - Med b\u00e4rkasse - 3,10m - Svart\/bl\u00e5tt - TRUUSK - Hem, Tr\u00e4dg\u00e5rd &amp; Fritid","og_description":"F\u00f6r alla som \u00e4lskar tr\u00e4ning, tr\u00e4ning och att ha kul med v\u00e4nner \u00e4r det b\u00e4rbara badmintonn\u00e4tet det perfekta valet. Den...","og_url":"https:\/\/truusk.store\/sv\/produkt\/truusk-badmintonnat-justerbar-hojd-hopfallbar-med-barkasse-310m-svart-blatt\/","og_site_name":"TRUUSK - Hem, Tr\u00e4dg\u00e5rd &amp; Fritid","article_modified_time":"2026-03-12T08:37:14+00:00","og_image":[{"width":800,"height":800,"url":"https:\/\/i0.wp.com\/truusk.se\/wp-content\/uploads\/2024\/02\/badmintonnat-justerbart-i-hojdled-hopfallbart-med-barvaska-310m-svart-blatt.webp?fit=800%2C800&ssl=1","type":"image\/webp"}],"twitter_card":"summary_large_image","twitter_misc":{"Ber\u00e4knad l\u00e4stid":"1 minut"},"schema":{"@context":"https:\/\/schema.org","@graph":[{"@type":"WebPage","@id":"https:\/\/truusk.store\/sv\/produkt\/truusk-badmintonnat-justerbar-hojd-hopfallbar-med-barkasse-310m-svart-blatt\/","url":"https:\/\/truusk.store\/sv\/produkt\/truusk-badmintonnat-justerbar-hojd-hopfallbar-med-barkasse-310m-svart-blatt\/","name":"TRUUSK Badmintonn\u00e4t - Justerbar h\u00f6jd - Hopf\u00e4llbar - Med b\u00e4rkasse - 3,10m - Svart\/bl\u00e5tt - TRUUSK - Hem, Tr\u00e4dg\u00e5rd &amp; Fritid","isPartOf":{"@id":"https:\/\/truusk.store\/sv\/#website"},"primaryImageOfPage":{"@id":"https:\/\/truusk.store\/sv\/produkt\/truusk-badmintonnat-justerbar-hojd-hopfallbar-med-barkasse-310m-svart-blatt\/#primaryimage"},"image":{"@id":"https:\/\/truusk.store\/sv\/produkt\/truusk-badmintonnat-justerbar-hojd-hopfallbar-med-barkasse-310m-svart-blatt\/#primaryimage"},"thumbnailUrl":"https:\/\/i0.wp.com\/truusk.store\/wp-content\/uploads\/2024\/02\/badmintonnat-justerbart-i-hojdled-hopfallbart-med-barvaska-310m-svart-blatt.webp?fit=800%2C800&ssl=1","datePublished":"2024-02-14T07:05:16+00:00","dateModified":"2026-03-12T08:37:14+00:00","breadcrumb":{"@id":"https:\/\/truusk.store\/sv\/produkt\/truusk-badmintonnat-justerbar-hojd-hopfallbar-med-barkasse-310m-svart-blatt\/#breadcrumb"},"inLanguage":"sv-SE","potentialAction":[{"@type":"ReadAction","target":["https:\/\/truusk.store\/sv\/produkt\/truusk-badmintonnat-justerbar-hojd-hopfallbar-med-barkasse-310m-svart-blatt\/"]}]},{"@type":"ImageObject","inLanguage":"sv-SE","@id":"https:\/\/truusk.store\/sv\/produkt\/truusk-badmintonnat-justerbar-hojd-hopfallbar-med-barkasse-310m-svart-blatt\/#primaryimage","url":"https:\/\/i0.wp.com\/truusk.store\/wp-content\/uploads\/2024\/02\/badmintonnat-justerbart-i-hojdled-hopfallbart-med-barvaska-310m-svart-blatt.webp?fit=800%2C800&ssl=1","contentUrl":"https:\/\/i0.wp.com\/truusk.store\/wp-content\/uploads\/2024\/02\/badmintonnat-justerbart-i-hojdled-hopfallbart-med-barvaska-310m-svart-blatt.webp?fit=800%2C800&ssl=1","width":800,"height":800,"caption":"Badmintonn\u00e4t, Justerbart I H\u00f6jdled, Hopf\u00e4llbart, Med B\u00e4rv\u00e4ska, 3,10m, Svart\/bl\u00e5tt 1"},{"@type":"BreadcrumbList","@id":"https:\/\/truusk.store\/sv\/produkt\/truusk-badmintonnat-justerbar-hojd-hopfallbar-med-barkasse-310m-svart-blatt\/#breadcrumb","itemListElement":[{"@type":"ListItem","position":1,"name":"Home","item":"https:\/\/truusk.store\/sv\/"},{"@type":"ListItem","position":2,"name":"Shop","item":"https:\/\/truusk.store\/shop\/"},{"@type":"ListItem","position":3,"name":"TRUUSK Badmintonn\u00e4t &#8211; Justerbar h\u00f6jd &#8211; Hopf\u00e4llbar &#8211; Med b\u00e4rkasse &#8211; 3,10m &#8211; Svart\/bl\u00e5tt"}]},{"@type":"WebSite","@id":"https:\/\/truusk.store\/sv\/#website","url":"https:\/\/truusk.store\/sv\/","name":"TRUUSK - Hem, Tr\u00e4dg\u00e5rd & Fritid","description":"","publisher":{"@id":"https:\/\/truusk.store\/sv\/#organization"},"potentialAction":[{"@type":"SearchAction","target":{"@type":"EntryPoint","urlTemplate":"https:\/\/truusk.store\/sv\/?s={search_term_string}"},"query-input":{"@type":"PropertyValueSpecification","valueRequired":true,"valueName":"search_term_string"}}],"inLanguage":"sv-SE"},{"@type":"Organization","@id":"https:\/\/truusk.store\/sv\/#organization","name":"TRUUSK - Hem, Tr\u00e4dg\u00e5rd & Fritid","url":"https:\/\/truusk.store\/sv\/","logo":{"@type":"ImageObject","inLanguage":"sv-SE","@id":"https:\/\/truusk.store\/sv\/#\/schema\/logo\/image\/","url":"https:\/\/i0.wp.com\/truusk.store\/wp-content\/uploads\/2026\/03\/cropped-TRUUSK.png?fit=2032%2C917&ssl=1","contentUrl":"https:\/\/i0.wp.com\/truusk.store\/wp-content\/uploads\/2026\/03\/cropped-TRUUSK.png?fit=2032%2C917&ssl=1","width":2032,"height":917,"caption":"TRUUSK - Hem, Tr\u00e4dg\u00e5rd & Fritid"},"image":{"@id":"https:\/\/truusk.store\/sv\/#\/schema\/logo\/image\/"}}]}},"jetpack_sharing_enabled":true,"_links":{"self":[{"href":"https:\/\/truusk.store\/sv\/wp-json\/wp\/v2\/product\/48616","targetHints":{"allow":["GET"]}}],"collection":[{"href":"https:\/\/truusk.store\/sv\/wp-json\/wp\/v2\/product"}],"about":[{"href":"https:\/\/truusk.store\/sv\/wp-json\/wp\/v2\/types\/product"}],"wp:featuredmedia":[{"embeddable":true,"href":"https:\/\/truusk.store\/sv\/wp-json\/wp\/v2\/media\/48617"}],"wp:attachment":[{"href":"https:\/\/truusk.store\/sv\/wp-json\/wp\/v2\/media?parent=48616"}],"wp:term":[{"taxonomy":"product_brand","embeddable":true,"href":"https:\/\/truusk.store\/sv\/wp-json\/wp\/v2\/product_brand?post=48616"},{"taxonomy":"product_cat","embeddable":true,"href":"https:\/\/truusk.store\/sv\/wp-json\/wp\/v2\/product_cat?post=48616"},{"taxonomy":"product_tag","embeddable":true,"href":"https:\/\/truusk.store\/sv\/wp-json\/wp\/v2\/product_tag?post=48616"}],"curies":[{"name":"wp","href":"https:\/\/api.w.org\/{rel}","templated":true}]}}