{"id":48683,"date":"2024-02-14T08:10:40","date_gmt":"2024-02-14T07:10:40","guid":{"rendered":"https:\/\/truusk.store\/product\/katthus-utomhus-katthus-katthus-vaderbestandigt-1-fonster-1-ingang-85x50-x-685-cm-orangegron\/"},"modified":"2026-03-12T09:37:20","modified_gmt":"2026-03-12T08:37:20","slug":"truusk-utomhus-kattstuga-vaderbestandig-1-fonster-1-ingang-85x50x685-cm-orangegron","status":"publish","type":"product","link":"https:\/\/truusk.store\/sv\/produkt\/truusk-utomhus-kattstuga-vaderbestandig-1-fonster-1-ingang-85x50x685-cm-orangegron\/","title":{"rendered":"TRUUSK Utomhus Kattstuga &#8211; V\u00e4derbest\u00e4ndig &#8211; 1 F\u00f6nster &#8211; 1 Ing\u00e5ng &#8211; 85x50x68,5 cm &#8211; Orange+gr\u00f6n"},"content":{"rendered":"<p>Skapa en mysig tillflyktsort f\u00f6r din katt med v\u00e5rt katthus. Med sin unika design erbjuder den ditt \u00e4lskade husdjur en mysig tillflyktsort. Allroundisoleringen skapar ett bekv\u00e4mt utrymme och ser till att din katt alltid \u00e4r varm. Med ett f\u00f6nster och en ytterd\u00f6rr till det lilla djurhuset kan din fyrbenta v\u00e4n komma och g\u00e5 som de vill.<\/p>\n<h3>Beskrivning:<\/h3>\n<ul>\n<li>Med allroundisolering p\u00e5 alla 6 sidor som h\u00e5ller en behaglig temperatur<\/li>\n<li>Katthusets g\u00e5ngj\u00e4rnstak och avtagbara golv g\u00f6r det l\u00e4tt att komma \u00e5t och reng\u00f6ra katthuset<\/li>\n<li>Det sluttande asfalttaket p\u00e5 Katzenh\u00f6hle erbjuder skydd mot v\u00e4der och vind<\/li>\n<li>En gardin och ytterd\u00f6rr ger din katt avskildhet och tillg\u00e5ng<\/li>\n<li>Tillverkad av en grantr\u00e4struktur f\u00f6r h\u00e5llbarhet<\/li>\n<li>L\u00e4mplig f\u00f6r 1-2 katter, upp till 5 kg vardera<\/li>\n<li>Montering kr\u00e4vs<\/li>\n<\/ul>\n<h3>Teknisk data:<\/h3>\n<ul>\n<li>F\u00e4rgen orange<\/li>\n<li>Material: gran, skum<\/li>\n<li>\u00d6vergripande m\u00e5tt: 85L x 50W x 68,5Hcm (med takfot). H\u00f6jd p\u00e5 takfoten bak: 62 cm<\/li>\n<li>Husets huvudm\u00e5tt: 80L x 45W x 45H cm<\/li>\n<li>Innerm\u00e5tt: 73L x 40W x 41,5H cm<\/li>\n<li>Mittentr\u00e9m\u00e5tt: 18,5W x 20H cm<\/li>\n<li>M\u00e5tt p\u00e5 \u00f6ppningen: 18W x 22H cm<\/li>\n<li>M\u00e5tt p\u00e5 d\u00f6rrens takfot: 22,5W x 9,5D x 6H cm<\/li>\n<li>H\u00f6jd \u00f6ver marken: 21 cm<\/li>\n<\/ul>\n<h3>Leveransens omfattning:<\/h3>\n<ul>\n<li>1 x Katthus<\/li>\n<li>1 x manuell<\/li>\n<\/ul>\n","protected":false},"excerpt":{"rendered":"<p>Skapa en mysig tillflyktsort f\u00f6r din katt med v\u00e5rt katthus. Med sin unika design erbjuder den ditt \u00e4lskade husdjur en&#8230;<\/p>\n","protected":false},"featured_media":48684,"template":"","meta":[],"product_brand":[],"product_cat":[573,591,588],"product_tag":[],"class_list":{"0":"post-48683","1":"product","2":"type-product","3":"status-publish","4":"has-post-thumbnail","6":"product_cat-husdjursmaterial","7":"product_cat-katthus","8":"product_cat-katttillbehor","10":"first","11":"instock","12":"sale","13":"taxable","14":"shipping-taxable","15":"purchasable","16":"product-type-simple"},"yoast_head":"<!-- This site is optimized with the Yoast SEO plugin v25.4 - https:\/\/yoast.com\/wordpress\/plugins\/seo\/ -->\n<title>TRUUSK Utomhus Kattstuga - V\u00e4derbest\u00e4ndig - 1 F\u00f6nster - 1 Ing\u00e5ng - 85x50x68,5 cm - Orange+gr\u00f6n - TRUUSK - Hem, Tr\u00e4dg\u00e5rd &amp; Fritid<\/title>\n<meta name=\"robots\" content=\"index, follow, max-snippet:-1, max-image-preview:large, max-video-preview:-1\" \/>\n<link rel=\"canonical\" href=\"https:\/\/truusk.store\/sv\/produkt\/truusk-utomhus-kattstuga-vaderbestandig-1-fonster-1-ingang-85x50x685-cm-orangegron\/\" \/>\n<meta property=\"og:locale\" content=\"sv_SE\" \/>\n<meta property=\"og:type\" content=\"article\" \/>\n<meta property=\"og:title\" content=\"TRUUSK Utomhus Kattstuga - V\u00e4derbest\u00e4ndig - 1 F\u00f6nster - 1 Ing\u00e5ng - 85x50x68,5 cm - Orange+gr\u00f6n - TRUUSK - Hem, Tr\u00e4dg\u00e5rd &amp; Fritid\" \/>\n<meta property=\"og:description\" content=\"Skapa en mysig tillflyktsort f\u00f6r din katt med v\u00e5rt katthus. Med sin unika design erbjuder den ditt \u00e4lskade husdjur en...\" \/>\n<meta property=\"og:url\" content=\"https:\/\/truusk.store\/sv\/produkt\/truusk-utomhus-kattstuga-vaderbestandig-1-fonster-1-ingang-85x50x685-cm-orangegron\/\" \/>\n<meta property=\"og:site_name\" content=\"TRUUSK - Hem, Tr\u00e4dg\u00e5rd &amp; Fritid\" \/>\n<meta property=\"article:modified_time\" content=\"2026-03-12T08:37:20+00:00\" \/>\n<meta property=\"og:image\" content=\"https:\/\/i0.wp.com\/truusk.se\/wp-content\/uploads\/2024\/02\/katthus-utomhus-katthus-katthus-vaderbestandigt-1-fonster-1-ingang-85x50-x-685-cm-orangegron.webp?fit=800%2C800&ssl=1\" \/>\n\t<meta property=\"og:image:width\" content=\"800\" \/>\n\t<meta property=\"og:image:height\" content=\"800\" \/>\n\t<meta property=\"og:image:type\" content=\"image\/webp\" \/>\n<meta name=\"twitter:card\" content=\"summary_large_image\" \/>\n<meta name=\"twitter:label1\" content=\"Ber\u00e4knad l\u00e4stid\" \/>\n\t<meta name=\"twitter:data1\" content=\"1 minut\" \/>\n<!-- \/ Yoast SEO plugin. -->","yoast_head_json":{"title":"TRUUSK Utomhus Kattstuga - V\u00e4derbest\u00e4ndig - 1 F\u00f6nster - 1 Ing\u00e5ng - 85x50x68,5 cm - Orange+gr\u00f6n - TRUUSK - Hem, Tr\u00e4dg\u00e5rd &amp; Fritid","robots":{"index":"index","follow":"follow","max-snippet":"max-snippet:-1","max-image-preview":"max-image-preview:large","max-video-preview":"max-video-preview:-1"},"canonical":"https:\/\/truusk.store\/sv\/produkt\/truusk-utomhus-kattstuga-vaderbestandig-1-fonster-1-ingang-85x50x685-cm-orangegron\/","og_locale":"sv_SE","og_type":"article","og_title":"TRUUSK Utomhus Kattstuga - V\u00e4derbest\u00e4ndig - 1 F\u00f6nster - 1 Ing\u00e5ng - 85x50x68,5 cm - Orange+gr\u00f6n - TRUUSK - Hem, Tr\u00e4dg\u00e5rd &amp; Fritid","og_description":"Skapa en mysig tillflyktsort f\u00f6r din katt med v\u00e5rt katthus. Med sin unika design erbjuder den ditt \u00e4lskade husdjur en...","og_url":"https:\/\/truusk.store\/sv\/produkt\/truusk-utomhus-kattstuga-vaderbestandig-1-fonster-1-ingang-85x50x685-cm-orangegron\/","og_site_name":"TRUUSK - Hem, Tr\u00e4dg\u00e5rd &amp; Fritid","article_modified_time":"2026-03-12T08:37:20+00:00","og_image":[{"width":800,"height":800,"url":"https:\/\/i0.wp.com\/truusk.se\/wp-content\/uploads\/2024\/02\/katthus-utomhus-katthus-katthus-vaderbestandigt-1-fonster-1-ingang-85x50-x-685-cm-orangegron.webp?fit=800%2C800&ssl=1","type":"image\/webp"}],"twitter_card":"summary_large_image","twitter_misc":{"Ber\u00e4knad l\u00e4stid":"1 minut"},"schema":{"@context":"https:\/\/schema.org","@graph":[{"@type":"WebPage","@id":"https:\/\/truusk.store\/sv\/produkt\/truusk-utomhus-kattstuga-vaderbestandig-1-fonster-1-ingang-85x50x685-cm-orangegron\/","url":"https:\/\/truusk.store\/sv\/produkt\/truusk-utomhus-kattstuga-vaderbestandig-1-fonster-1-ingang-85x50x685-cm-orangegron\/","name":"TRUUSK Utomhus Kattstuga - V\u00e4derbest\u00e4ndig - 1 F\u00f6nster - 1 Ing\u00e5ng - 85x50x68,5 cm - Orange+gr\u00f6n - TRUUSK - Hem, Tr\u00e4dg\u00e5rd &amp; Fritid","isPartOf":{"@id":"https:\/\/truusk.store\/sv\/#website"},"primaryImageOfPage":{"@id":"https:\/\/truusk.store\/sv\/produkt\/truusk-utomhus-kattstuga-vaderbestandig-1-fonster-1-ingang-85x50x685-cm-orangegron\/#primaryimage"},"image":{"@id":"https:\/\/truusk.store\/sv\/produkt\/truusk-utomhus-kattstuga-vaderbestandig-1-fonster-1-ingang-85x50x685-cm-orangegron\/#primaryimage"},"thumbnailUrl":"https:\/\/i0.wp.com\/truusk.store\/wp-content\/uploads\/2024\/02\/katthus-utomhus-katthus-katthus-vaderbestandigt-1-fonster-1-ingang-85x50-x-685-cm-orangegron.webp?fit=800%2C800&ssl=1","datePublished":"2024-02-14T07:10:40+00:00","dateModified":"2026-03-12T08:37:20+00:00","breadcrumb":{"@id":"https:\/\/truusk.store\/sv\/produkt\/truusk-utomhus-kattstuga-vaderbestandig-1-fonster-1-ingang-85x50x685-cm-orangegron\/#breadcrumb"},"inLanguage":"sv-SE","potentialAction":[{"@type":"ReadAction","target":["https:\/\/truusk.store\/sv\/produkt\/truusk-utomhus-kattstuga-vaderbestandig-1-fonster-1-ingang-85x50x685-cm-orangegron\/"]}]},{"@type":"ImageObject","inLanguage":"sv-SE","@id":"https:\/\/truusk.store\/sv\/produkt\/truusk-utomhus-kattstuga-vaderbestandig-1-fonster-1-ingang-85x50x685-cm-orangegron\/#primaryimage","url":"https:\/\/i0.wp.com\/truusk.store\/wp-content\/uploads\/2024\/02\/katthus-utomhus-katthus-katthus-vaderbestandigt-1-fonster-1-ingang-85x50-x-685-cm-orangegron.webp?fit=800%2C800&ssl=1","contentUrl":"https:\/\/i0.wp.com\/truusk.store\/wp-content\/uploads\/2024\/02\/katthus-utomhus-katthus-katthus-vaderbestandigt-1-fonster-1-ingang-85x50-x-685-cm-orangegron.webp?fit=800%2C800&ssl=1","width":800,"height":800,"caption":"Katthus Utomhus Katthus Katthus, V\u00e4derbest\u00e4ndigt, 1 F\u00f6nster, 1 Ing\u00e5ng, 85x50 X 68,5 Cm, Orange+gr\u00f6n 1"},{"@type":"BreadcrumbList","@id":"https:\/\/truusk.store\/sv\/produkt\/truusk-utomhus-kattstuga-vaderbestandig-1-fonster-1-ingang-85x50x685-cm-orangegron\/#breadcrumb","itemListElement":[{"@type":"ListItem","position":1,"name":"Home","item":"https:\/\/truusk.store\/sv\/"},{"@type":"ListItem","position":2,"name":"Shop","item":"https:\/\/truusk.store\/shop\/"},{"@type":"ListItem","position":3,"name":"TRUUSK Utomhus Kattstuga &#8211; V\u00e4derbest\u00e4ndig &#8211; 1 F\u00f6nster &#8211; 1 Ing\u00e5ng &#8211; 85x50x68,5 cm &#8211; Orange+gr\u00f6n"}]},{"@type":"WebSite","@id":"https:\/\/truusk.store\/sv\/#website","url":"https:\/\/truusk.store\/sv\/","name":"TRUUSK - Hem, Tr\u00e4dg\u00e5rd & Fritid","description":"","publisher":{"@id":"https:\/\/truusk.store\/sv\/#organization"},"potentialAction":[{"@type":"SearchAction","target":{"@type":"EntryPoint","urlTemplate":"https:\/\/truusk.store\/sv\/?s={search_term_string}"},"query-input":{"@type":"PropertyValueSpecification","valueRequired":true,"valueName":"search_term_string"}}],"inLanguage":"sv-SE"},{"@type":"Organization","@id":"https:\/\/truusk.store\/sv\/#organization","name":"TRUUSK - Hem, Tr\u00e4dg\u00e5rd & Fritid","url":"https:\/\/truusk.store\/sv\/","logo":{"@type":"ImageObject","inLanguage":"sv-SE","@id":"https:\/\/truusk.store\/sv\/#\/schema\/logo\/image\/","url":"https:\/\/i0.wp.com\/truusk.store\/wp-content\/uploads\/2026\/03\/cropped-TRUUSK.png?fit=2032%2C917&ssl=1","contentUrl":"https:\/\/i0.wp.com\/truusk.store\/wp-content\/uploads\/2026\/03\/cropped-TRUUSK.png?fit=2032%2C917&ssl=1","width":2032,"height":917,"caption":"TRUUSK - Hem, Tr\u00e4dg\u00e5rd & Fritid"},"image":{"@id":"https:\/\/truusk.store\/sv\/#\/schema\/logo\/image\/"}}]}},"jetpack_sharing_enabled":true,"_links":{"self":[{"href":"https:\/\/truusk.store\/sv\/wp-json\/wp\/v2\/product\/48683","targetHints":{"allow":["GET"]}}],"collection":[{"href":"https:\/\/truusk.store\/sv\/wp-json\/wp\/v2\/product"}],"about":[{"href":"https:\/\/truusk.store\/sv\/wp-json\/wp\/v2\/types\/product"}],"wp:featuredmedia":[{"embeddable":true,"href":"https:\/\/truusk.store\/sv\/wp-json\/wp\/v2\/media\/48684"}],"wp:attachment":[{"href":"https:\/\/truusk.store\/sv\/wp-json\/wp\/v2\/media?parent=48683"}],"wp:term":[{"taxonomy":"product_brand","embeddable":true,"href":"https:\/\/truusk.store\/sv\/wp-json\/wp\/v2\/product_brand?post=48683"},{"taxonomy":"product_cat","embeddable":true,"href":"https:\/\/truusk.store\/sv\/wp-json\/wp\/v2\/product_cat?post=48683"},{"taxonomy":"product_tag","embeddable":true,"href":"https:\/\/truusk.store\/sv\/wp-json\/wp\/v2\/product_tag?post=48683"}],"curies":[{"name":"wp","href":"https:\/\/api.w.org\/{rel}","templated":true}]}}