{"id":48697,"date":"2024-02-14T08:11:22","date_gmt":"2024-02-14T07:11:22","guid":{"rendered":"https:\/\/truusk.store\/product\/multifunktionsvagn-koksvagn-3-hyllor-4-hjul-45-cm-x-306-cm-x-79-cm-vit\/"},"modified":"2026-03-12T09:37:23","modified_gmt":"2026-03-12T08:37:23","slug":"truusk-multifunktionsvagn-koksvagn-3-hyllor-4-hjul-45-cm-x-306-cm-x-79-cm-vit","status":"publish","type":"product","link":"https:\/\/truusk.store\/sv\/produkt\/truusk-multifunktionsvagn-koksvagn-3-hyllor-4-hjul-45-cm-x-306-cm-x-79-cm-vit\/","title":{"rendered":"TRUUSK Multifunktionsvagn K\u00f6ksvagn &#8211; 3 Hyllor &#8211; 4 Hjul &#8211; 45 cm x 30,6 cm x 79 cm &#8211; Vit"},"content":{"rendered":"<p>Denna kompakta vagn \u00e4r idealisk f\u00f6r sm\u00e5 utrymmen d\u00e4r mer f\u00f6rvaringsutrymme kr\u00e4vs. N\u00e4tkorgarna och sidokrokarna erbjuder gott om plats f\u00f6r olika livsmedel eller tillbeh\u00f6r. Utrustad med l\u00e4ttdragbara handtag f\u00f6r enkel transport. Fyra mjukt l\u00f6pande hjul med tv\u00e5 bromsar g\u00f6r att du kan flytta nischvagnen dit du beh\u00f6ver den. Den kan anv\u00e4ndas som badrumsvagn, servicevagn, k\u00f6ksvagn och tv\u00e4ttvagn.<\/p>\n<h3>Beskrivning:<\/h3>\n<ul>\n<li>3 hyllor med f\u00f6rvaringsvagn f\u00f6r tillbeh\u00f6r och tillbeh\u00f6r<\/li>\n<li>4 mjukt l\u00f6pande hjul f\u00f6r r\u00f6rlighet, varav 2 \u00e4r l\u00e5sbara<\/li>\n<li>Integrerade handtag f\u00f6r bekv\u00e4m hantering<\/li>\n<li>Nischvagnens lackerade st\u00e5lram \u00e4r robust och l\u00e4tt att reng\u00f6ra<\/li>\n<li>Montering kr\u00e4vs<\/li>\n<\/ul>\n<h3>Teknisk data:<\/h3>\n<ul>\n<li>F\u00e4rg vit<\/li>\n<li>Material: st\u00e5l<\/li>\n<li>\u00d6vergripande m\u00e5tt: 45L x 30,6B x 79H cm<\/li>\n<li>Storlek f\u00f6r f\u00f6rvaringskorg: 41,5W x 30,6D x 7,5H cm, 40,5W x 29,6D x 7H cm, 39,5W x 28,6D x 6,5H cm<\/li>\n<li>Viktkapacitet: 9 kg (hel), 3 kg (varje niv\u00e5)<\/li>\n<\/ul>\n<h3>Leveransens omfattning:<\/h3>\n<ul>\n<li>1 x k\u00f6ksvagn<\/li>\n<li>1 x manuell<\/li>\n<\/ul>\n","protected":false},"excerpt":{"rendered":"<p>Denna kompakta vagn \u00e4r idealisk f\u00f6r sm\u00e5 utrymmen d\u00e4r mer f\u00f6rvaringsutrymme kr\u00e4vs. N\u00e4tkorgarna och sidokrokarna erbjuder gott om plats f\u00f6r&#8230;<\/p>\n","protected":false},"featured_media":48698,"template":"","meta":[],"product_brand":[],"product_cat":[485,503,501],"product_tag":[],"class_list":{"0":"post-48697","1":"product","2":"type-product","3":"status-publish","4":"has-post-thumbnail","6":"product_cat-hus-bo","7":"product_cat-serveringsvagn","8":"product_cat-tabeller","10":"first","11":"instock","12":"sale","13":"taxable","14":"shipping-taxable","15":"purchasable","16":"product-type-simple"},"yoast_head":"<!-- This site is optimized with the Yoast SEO plugin v25.4 - https:\/\/yoast.com\/wordpress\/plugins\/seo\/ -->\n<title>TRUUSK Multifunktionsvagn K\u00f6ksvagn - 3 Hyllor - 4 Hjul - 45 cm x 30,6 cm x 79 cm - Vit - TRUUSK - Hem, Tr\u00e4dg\u00e5rd &amp; Fritid<\/title>\n<meta name=\"robots\" content=\"index, follow, max-snippet:-1, max-image-preview:large, max-video-preview:-1\" \/>\n<link rel=\"canonical\" href=\"https:\/\/truusk.store\/sv\/produkt\/truusk-multifunktionsvagn-koksvagn-3-hyllor-4-hjul-45-cm-x-306-cm-x-79-cm-vit\/\" \/>\n<meta property=\"og:locale\" content=\"sv_SE\" \/>\n<meta property=\"og:type\" content=\"article\" \/>\n<meta property=\"og:title\" content=\"TRUUSK Multifunktionsvagn K\u00f6ksvagn - 3 Hyllor - 4 Hjul - 45 cm x 30,6 cm x 79 cm - Vit - TRUUSK - Hem, Tr\u00e4dg\u00e5rd &amp; Fritid\" \/>\n<meta property=\"og:description\" content=\"Denna kompakta vagn \u00e4r idealisk f\u00f6r sm\u00e5 utrymmen d\u00e4r mer f\u00f6rvaringsutrymme kr\u00e4vs. N\u00e4tkorgarna och sidokrokarna erbjuder gott om plats f\u00f6r...\" \/>\n<meta property=\"og:url\" content=\"https:\/\/truusk.store\/sv\/produkt\/truusk-multifunktionsvagn-koksvagn-3-hyllor-4-hjul-45-cm-x-306-cm-x-79-cm-vit\/\" \/>\n<meta property=\"og:site_name\" content=\"TRUUSK - Hem, Tr\u00e4dg\u00e5rd &amp; Fritid\" \/>\n<meta property=\"article:modified_time\" content=\"2026-03-12T08:37:23+00:00\" \/>\n<meta property=\"og:image\" content=\"https:\/\/i0.wp.com\/truusk.se\/wp-content\/uploads\/2024\/02\/multifunktionsvagn-koksvagn-3-hyllor-4-hjul-45-cm-x-306-cm-x-79-cm-vit.webp?fit=800%2C800&ssl=1\" \/>\n\t<meta property=\"og:image:width\" content=\"800\" \/>\n\t<meta property=\"og:image:height\" content=\"800\" \/>\n\t<meta property=\"og:image:type\" content=\"image\/webp\" \/>\n<meta name=\"twitter:card\" content=\"summary_large_image\" \/>\n<meta name=\"twitter:label1\" content=\"Ber\u00e4knad l\u00e4stid\" \/>\n\t<meta name=\"twitter:data1\" content=\"1 minut\" \/>\n<!-- \/ Yoast SEO plugin. -->","yoast_head_json":{"title":"TRUUSK Multifunktionsvagn K\u00f6ksvagn - 3 Hyllor - 4 Hjul - 45 cm x 30,6 cm x 79 cm - Vit - TRUUSK - Hem, Tr\u00e4dg\u00e5rd &amp; Fritid","robots":{"index":"index","follow":"follow","max-snippet":"max-snippet:-1","max-image-preview":"max-image-preview:large","max-video-preview":"max-video-preview:-1"},"canonical":"https:\/\/truusk.store\/sv\/produkt\/truusk-multifunktionsvagn-koksvagn-3-hyllor-4-hjul-45-cm-x-306-cm-x-79-cm-vit\/","og_locale":"sv_SE","og_type":"article","og_title":"TRUUSK Multifunktionsvagn K\u00f6ksvagn - 3 Hyllor - 4 Hjul - 45 cm x 30,6 cm x 79 cm - Vit - TRUUSK - Hem, Tr\u00e4dg\u00e5rd &amp; Fritid","og_description":"Denna kompakta vagn \u00e4r idealisk f\u00f6r sm\u00e5 utrymmen d\u00e4r mer f\u00f6rvaringsutrymme kr\u00e4vs. N\u00e4tkorgarna och sidokrokarna erbjuder gott om plats f\u00f6r...","og_url":"https:\/\/truusk.store\/sv\/produkt\/truusk-multifunktionsvagn-koksvagn-3-hyllor-4-hjul-45-cm-x-306-cm-x-79-cm-vit\/","og_site_name":"TRUUSK - Hem, Tr\u00e4dg\u00e5rd &amp; Fritid","article_modified_time":"2026-03-12T08:37:23+00:00","og_image":[{"width":800,"height":800,"url":"https:\/\/i0.wp.com\/truusk.se\/wp-content\/uploads\/2024\/02\/multifunktionsvagn-koksvagn-3-hyllor-4-hjul-45-cm-x-306-cm-x-79-cm-vit.webp?fit=800%2C800&ssl=1","type":"image\/webp"}],"twitter_card":"summary_large_image","twitter_misc":{"Ber\u00e4knad l\u00e4stid":"1 minut"},"schema":{"@context":"https:\/\/schema.org","@graph":[{"@type":"WebPage","@id":"https:\/\/truusk.store\/sv\/produkt\/truusk-multifunktionsvagn-koksvagn-3-hyllor-4-hjul-45-cm-x-306-cm-x-79-cm-vit\/","url":"https:\/\/truusk.store\/sv\/produkt\/truusk-multifunktionsvagn-koksvagn-3-hyllor-4-hjul-45-cm-x-306-cm-x-79-cm-vit\/","name":"TRUUSK Multifunktionsvagn K\u00f6ksvagn - 3 Hyllor - 4 Hjul - 45 cm x 30,6 cm x 79 cm - Vit - TRUUSK - Hem, Tr\u00e4dg\u00e5rd &amp; Fritid","isPartOf":{"@id":"https:\/\/truusk.store\/sv\/#website"},"primaryImageOfPage":{"@id":"https:\/\/truusk.store\/sv\/produkt\/truusk-multifunktionsvagn-koksvagn-3-hyllor-4-hjul-45-cm-x-306-cm-x-79-cm-vit\/#primaryimage"},"image":{"@id":"https:\/\/truusk.store\/sv\/produkt\/truusk-multifunktionsvagn-koksvagn-3-hyllor-4-hjul-45-cm-x-306-cm-x-79-cm-vit\/#primaryimage"},"thumbnailUrl":"https:\/\/i0.wp.com\/truusk.store\/wp-content\/uploads\/2024\/02\/multifunktionsvagn-koksvagn-3-hyllor-4-hjul-45-cm-x-306-cm-x-79-cm-vit.webp?fit=800%2C800&ssl=1","datePublished":"2024-02-14T07:11:22+00:00","dateModified":"2026-03-12T08:37:23+00:00","breadcrumb":{"@id":"https:\/\/truusk.store\/sv\/produkt\/truusk-multifunktionsvagn-koksvagn-3-hyllor-4-hjul-45-cm-x-306-cm-x-79-cm-vit\/#breadcrumb"},"inLanguage":"sv-SE","potentialAction":[{"@type":"ReadAction","target":["https:\/\/truusk.store\/sv\/produkt\/truusk-multifunktionsvagn-koksvagn-3-hyllor-4-hjul-45-cm-x-306-cm-x-79-cm-vit\/"]}]},{"@type":"ImageObject","inLanguage":"sv-SE","@id":"https:\/\/truusk.store\/sv\/produkt\/truusk-multifunktionsvagn-koksvagn-3-hyllor-4-hjul-45-cm-x-306-cm-x-79-cm-vit\/#primaryimage","url":"https:\/\/i0.wp.com\/truusk.store\/wp-content\/uploads\/2024\/02\/multifunktionsvagn-koksvagn-3-hyllor-4-hjul-45-cm-x-306-cm-x-79-cm-vit.webp?fit=800%2C800&ssl=1","contentUrl":"https:\/\/i0.wp.com\/truusk.store\/wp-content\/uploads\/2024\/02\/multifunktionsvagn-koksvagn-3-hyllor-4-hjul-45-cm-x-306-cm-x-79-cm-vit.webp?fit=800%2C800&ssl=1","width":800,"height":800,"caption":"Multifunktionsvagn K\u00f6ksvagn, 3 Hyllor, 4 Hjul, 45 Cm X 30,6 Cm X 79 Cm, Vit 1"},{"@type":"BreadcrumbList","@id":"https:\/\/truusk.store\/sv\/produkt\/truusk-multifunktionsvagn-koksvagn-3-hyllor-4-hjul-45-cm-x-306-cm-x-79-cm-vit\/#breadcrumb","itemListElement":[{"@type":"ListItem","position":1,"name":"Home","item":"https:\/\/truusk.store\/sv\/"},{"@type":"ListItem","position":2,"name":"Shop","item":"https:\/\/truusk.store\/shop\/"},{"@type":"ListItem","position":3,"name":"TRUUSK Multifunktionsvagn K\u00f6ksvagn &#8211; 3 Hyllor &#8211; 4 Hjul &#8211; 45 cm x 30,6 cm x 79 cm &#8211; Vit"}]},{"@type":"WebSite","@id":"https:\/\/truusk.store\/sv\/#website","url":"https:\/\/truusk.store\/sv\/","name":"TRUUSK - Hem, Tr\u00e4dg\u00e5rd & Fritid","description":"","publisher":{"@id":"https:\/\/truusk.store\/sv\/#organization"},"potentialAction":[{"@type":"SearchAction","target":{"@type":"EntryPoint","urlTemplate":"https:\/\/truusk.store\/sv\/?s={search_term_string}"},"query-input":{"@type":"PropertyValueSpecification","valueRequired":true,"valueName":"search_term_string"}}],"inLanguage":"sv-SE"},{"@type":"Organization","@id":"https:\/\/truusk.store\/sv\/#organization","name":"TRUUSK - Hem, Tr\u00e4dg\u00e5rd & Fritid","url":"https:\/\/truusk.store\/sv\/","logo":{"@type":"ImageObject","inLanguage":"sv-SE","@id":"https:\/\/truusk.store\/sv\/#\/schema\/logo\/image\/","url":"https:\/\/i0.wp.com\/truusk.store\/wp-content\/uploads\/2026\/03\/cropped-TRUUSK.png?fit=2032%2C917&ssl=1","contentUrl":"https:\/\/i0.wp.com\/truusk.store\/wp-content\/uploads\/2026\/03\/cropped-TRUUSK.png?fit=2032%2C917&ssl=1","width":2032,"height":917,"caption":"TRUUSK - Hem, Tr\u00e4dg\u00e5rd & Fritid"},"image":{"@id":"https:\/\/truusk.store\/sv\/#\/schema\/logo\/image\/"}}]}},"jetpack_sharing_enabled":true,"_links":{"self":[{"href":"https:\/\/truusk.store\/sv\/wp-json\/wp\/v2\/product\/48697","targetHints":{"allow":["GET"]}}],"collection":[{"href":"https:\/\/truusk.store\/sv\/wp-json\/wp\/v2\/product"}],"about":[{"href":"https:\/\/truusk.store\/sv\/wp-json\/wp\/v2\/types\/product"}],"wp:featuredmedia":[{"embeddable":true,"href":"https:\/\/truusk.store\/sv\/wp-json\/wp\/v2\/media\/48698"}],"wp:attachment":[{"href":"https:\/\/truusk.store\/sv\/wp-json\/wp\/v2\/media?parent=48697"}],"wp:term":[{"taxonomy":"product_brand","embeddable":true,"href":"https:\/\/truusk.store\/sv\/wp-json\/wp\/v2\/product_brand?post=48697"},{"taxonomy":"product_cat","embeddable":true,"href":"https:\/\/truusk.store\/sv\/wp-json\/wp\/v2\/product_cat?post=48697"},{"taxonomy":"product_tag","embeddable":true,"href":"https:\/\/truusk.store\/sv\/wp-json\/wp\/v2\/product_tag?post=48697"}],"curies":[{"name":"wp","href":"https:\/\/api.w.org\/{rel}","templated":true}]}}