{"id":48715,"date":"2024-02-14T08:12:22","date_gmt":"2024-02-14T07:12:22","guid":{"rendered":"https:\/\/truusk.store\/product\/vattenkokare-54-cm-grillgaller-varmande-galler-hylla-askfack-termometer-55-x-65-x-89-cm-svart\/"},"modified":"2026-03-12T09:37:26","modified_gmt":"2026-03-12T08:37:26","slug":"truusk-vattenkokare-med-grillgaller-varmande-galler-hylla-askfack-termometer-55-x-65-x-89-cm-svart","status":"publish","type":"product","link":"https:\/\/truusk.store\/sv\/produkt\/truusk-vattenkokare-med-grillgaller-varmande-galler-hylla-askfack-termometer-55-x-65-x-89-cm-svart\/","title":{"rendered":"TRUUSK Vattenkokare med Grillgaller &#8211; V\u00e4rmande galler &#8211; Hylla &#8211; Askfack &#8211; Termometer &#8211; 55 x 65 x 89 cm &#8211; Svart"},"content":{"rendered":"<p>Bjud in dina v\u00e4nner och njut av en god grill i din egen tr\u00e4dg\u00e5rd! Denna gener\u00f6st byggda grill ger plats f\u00f6r upp till sju hamburgerbiffar samtidigt. Med praktisk hylla f\u00f6r grillredskap och sidokrokar f\u00f6r grillt\u00e5ng etc. Den utdragbara askf\u00e5ngaren underl\u00e4ttar reng\u00f6ringen, samtidigt som den integrerade termometern och luftventilerna m\u00f6jligg\u00f6r exakt temperaturkontroll. S\u00e5 skapas of\u00f6rgl\u00f6mliga grillstunder!<\/p>\n<h3>Beskrivning:<\/h3>\n<ul>\n<li>Locket lagrar v\u00e4rme och ger den grillade maten l\u00e4ckra r\u00f6kiga aromer<\/li>\n<li>Inkluderar v\u00e4rmest\u00e4ll f\u00f6r extra flexibilitet vid grillning<\/li>\n<li>L\u00e4ttl\u00e4st termometer visar inomhustemperaturen i Celsius<\/li>\n<li>L\u00e4tt justerbara ventilations\u00f6ppningar g\u00f6r att du kan kontrollera temperaturen utan att beh\u00f6va lyfta p\u00e5 locket<\/li>\n<li>Askf\u00e5ngare under kolbass\u00e4ngen f\u00f6r enkel reng\u00f6ring<\/li>\n<li>Utrustad med hjul och handtag f\u00f6r enkel transport<\/li>\n<li>Sidokrokar och bottenhylla ger praktiska f\u00f6rvaringsm\u00f6jligheter<\/li>\n<li>Montering kr\u00e4vs<\/li>\n<\/ul>\n<h3>Teknisk data:<\/h3>\n<ul>\n<li>Svart f\u00e4rg<\/li>\n<li>Material: metall, plast<\/li>\n<li>Br\u00e4nsle: tr\u00e4kol<\/li>\n<li>V\u00e4rmebest\u00e4ndighet: 600 C (1112 F)<\/li>\n<li>\u00d6vergripande m\u00e5tt: 55L x 65W x 89H cm<\/li>\n<li>Grillgallrets storlek: 54 cm<\/li>\n<li>V\u00e4rmest\u00e4ll storlek: 41L x 28,5W cm<\/li>\n<li>Grillytans h\u00f6jd: 70 cm<\/li>\n<li>Storlek p\u00e5 kolgallret: 39 cm<\/li>\n<li>Storlek p\u00e5 askuppsamlingsfacket: 21 x 14H cm<\/li>\n<li>Storlek p\u00e5 f\u00f6rvaringsutrymmet: 44,5L x 48,5W cm<\/li>\n<li>Hjuldiameter: 15 cm<\/li>\n<li>Lastkapacitet: (totalt) 15 kg, (grillst\u00e4ll) 5 kg, (v\u00e4rmest\u00e4ll) 2 kg<\/li>\n<li>Rekommenderad m\u00e4ngd kol: 1,8 kg, 70 % av kolgallret<\/li>\n<\/ul>\n<h3>Leveransens omfattning:<\/h3>\n<ul>\n<li>1 x grill<\/li>\n<li>1 x Grillst\u00e4ll<\/li>\n<li>1 x V\u00e4rmest\u00e4ll<\/li>\n<li>1 x kolgaller<\/li>\n<li>1 x manuell<\/li>\n<\/ul>\n","protected":false},"excerpt":{"rendered":"<p>Bjud in dina v\u00e4nner och njut av en god grill i din egen tr\u00e4dg\u00e5rd! Denna gener\u00f6st byggda grill ger plats&#8230;<\/p>\n","protected":false},"featured_media":48716,"template":"","meta":[],"product_brand":[],"product_cat":[440,439,435],"product_tag":[],"class_list":{"0":"post-48715","1":"product","2":"type-product","3":"status-publish","4":"has-post-thumbnail","6":"product_cat-grillar","7":"product_cat-grillning-uppvarmning","8":"product_cat-tradgard-och-terrass","10":"first","11":"instock","12":"sale","13":"taxable","14":"shipping-taxable","15":"purchasable","16":"product-type-simple"},"yoast_head":"<!-- This site is optimized with the Yoast SEO plugin v25.4 - https:\/\/yoast.com\/wordpress\/plugins\/seo\/ -->\n<title>TRUUSK Vattenkokare med Grillgaller - V\u00e4rmande galler - Hylla - Askfack - Termometer - 55 x 65 x 89 cm - Svart - TRUUSK - Hem, Tr\u00e4dg\u00e5rd &amp; Fritid<\/title>\n<meta name=\"robots\" content=\"index, follow, max-snippet:-1, max-image-preview:large, max-video-preview:-1\" \/>\n<link rel=\"canonical\" href=\"https:\/\/truusk.store\/sv\/produkt\/truusk-vattenkokare-med-grillgaller-varmande-galler-hylla-askfack-termometer-55-x-65-x-89-cm-svart\/\" \/>\n<meta property=\"og:locale\" content=\"sv_SE\" \/>\n<meta property=\"og:type\" content=\"article\" \/>\n<meta property=\"og:title\" content=\"TRUUSK Vattenkokare med Grillgaller - V\u00e4rmande galler - Hylla - Askfack - Termometer - 55 x 65 x 89 cm - Svart - TRUUSK - Hem, Tr\u00e4dg\u00e5rd &amp; Fritid\" \/>\n<meta property=\"og:description\" content=\"Bjud in dina v\u00e4nner och njut av en god grill i din egen tr\u00e4dg\u00e5rd! Denna gener\u00f6st byggda grill ger plats...\" \/>\n<meta property=\"og:url\" content=\"https:\/\/truusk.store\/sv\/produkt\/truusk-vattenkokare-med-grillgaller-varmande-galler-hylla-askfack-termometer-55-x-65-x-89-cm-svart\/\" \/>\n<meta property=\"og:site_name\" content=\"TRUUSK - Hem, Tr\u00e4dg\u00e5rd &amp; Fritid\" \/>\n<meta property=\"article:modified_time\" content=\"2026-03-12T08:37:26+00:00\" \/>\n<meta property=\"og:image\" content=\"https:\/\/i0.wp.com\/truusk.se\/wp-content\/uploads\/2024\/02\/vattenkokare-54-cm-grillgaller-varmande-galler-hylla-askfack-termometer-55-x-65-x-89-cm-svart.webp?fit=800%2C800&ssl=1\" \/>\n\t<meta property=\"og:image:width\" content=\"800\" \/>\n\t<meta property=\"og:image:height\" content=\"800\" \/>\n\t<meta property=\"og:image:type\" content=\"image\/webp\" \/>\n<meta name=\"twitter:card\" content=\"summary_large_image\" \/>\n<meta name=\"twitter:label1\" content=\"Ber\u00e4knad l\u00e4stid\" \/>\n\t<meta name=\"twitter:data1\" content=\"1 minut\" \/>\n<!-- \/ Yoast SEO plugin. -->","yoast_head_json":{"title":"TRUUSK Vattenkokare med Grillgaller - V\u00e4rmande galler - Hylla - Askfack - Termometer - 55 x 65 x 89 cm - Svart - TRUUSK - Hem, Tr\u00e4dg\u00e5rd &amp; Fritid","robots":{"index":"index","follow":"follow","max-snippet":"max-snippet:-1","max-image-preview":"max-image-preview:large","max-video-preview":"max-video-preview:-1"},"canonical":"https:\/\/truusk.store\/sv\/produkt\/truusk-vattenkokare-med-grillgaller-varmande-galler-hylla-askfack-termometer-55-x-65-x-89-cm-svart\/","og_locale":"sv_SE","og_type":"article","og_title":"TRUUSK Vattenkokare med Grillgaller - V\u00e4rmande galler - Hylla - Askfack - Termometer - 55 x 65 x 89 cm - Svart - TRUUSK - Hem, Tr\u00e4dg\u00e5rd &amp; Fritid","og_description":"Bjud in dina v\u00e4nner och njut av en god grill i din egen tr\u00e4dg\u00e5rd! Denna gener\u00f6st byggda grill ger plats...","og_url":"https:\/\/truusk.store\/sv\/produkt\/truusk-vattenkokare-med-grillgaller-varmande-galler-hylla-askfack-termometer-55-x-65-x-89-cm-svart\/","og_site_name":"TRUUSK - Hem, Tr\u00e4dg\u00e5rd &amp; Fritid","article_modified_time":"2026-03-12T08:37:26+00:00","og_image":[{"width":800,"height":800,"url":"https:\/\/i0.wp.com\/truusk.se\/wp-content\/uploads\/2024\/02\/vattenkokare-54-cm-grillgaller-varmande-galler-hylla-askfack-termometer-55-x-65-x-89-cm-svart.webp?fit=800%2C800&ssl=1","type":"image\/webp"}],"twitter_card":"summary_large_image","twitter_misc":{"Ber\u00e4knad l\u00e4stid":"1 minut"},"schema":{"@context":"https:\/\/schema.org","@graph":[{"@type":"WebPage","@id":"https:\/\/truusk.store\/sv\/produkt\/truusk-vattenkokare-med-grillgaller-varmande-galler-hylla-askfack-termometer-55-x-65-x-89-cm-svart\/","url":"https:\/\/truusk.store\/sv\/produkt\/truusk-vattenkokare-med-grillgaller-varmande-galler-hylla-askfack-termometer-55-x-65-x-89-cm-svart\/","name":"TRUUSK Vattenkokare med Grillgaller - V\u00e4rmande galler - Hylla - Askfack - Termometer - 55 x 65 x 89 cm - Svart - TRUUSK - Hem, Tr\u00e4dg\u00e5rd &amp; Fritid","isPartOf":{"@id":"https:\/\/truusk.store\/sv\/#website"},"primaryImageOfPage":{"@id":"https:\/\/truusk.store\/sv\/produkt\/truusk-vattenkokare-med-grillgaller-varmande-galler-hylla-askfack-termometer-55-x-65-x-89-cm-svart\/#primaryimage"},"image":{"@id":"https:\/\/truusk.store\/sv\/produkt\/truusk-vattenkokare-med-grillgaller-varmande-galler-hylla-askfack-termometer-55-x-65-x-89-cm-svart\/#primaryimage"},"thumbnailUrl":"https:\/\/i0.wp.com\/truusk.store\/wp-content\/uploads\/2024\/02\/vattenkokare-54-cm-grillgaller-varmande-galler-hylla-askfack-termometer-55-x-65-x-89-cm-svart.webp?fit=800%2C800&ssl=1","datePublished":"2024-02-14T07:12:22+00:00","dateModified":"2026-03-12T08:37:26+00:00","breadcrumb":{"@id":"https:\/\/truusk.store\/sv\/produkt\/truusk-vattenkokare-med-grillgaller-varmande-galler-hylla-askfack-termometer-55-x-65-x-89-cm-svart\/#breadcrumb"},"inLanguage":"sv-SE","potentialAction":[{"@type":"ReadAction","target":["https:\/\/truusk.store\/sv\/produkt\/truusk-vattenkokare-med-grillgaller-varmande-galler-hylla-askfack-termometer-55-x-65-x-89-cm-svart\/"]}]},{"@type":"ImageObject","inLanguage":"sv-SE","@id":"https:\/\/truusk.store\/sv\/produkt\/truusk-vattenkokare-med-grillgaller-varmande-galler-hylla-askfack-termometer-55-x-65-x-89-cm-svart\/#primaryimage","url":"https:\/\/i0.wp.com\/truusk.store\/wp-content\/uploads\/2024\/02\/vattenkokare-54-cm-grillgaller-varmande-galler-hylla-askfack-termometer-55-x-65-x-89-cm-svart.webp?fit=800%2C800&ssl=1","contentUrl":"https:\/\/i0.wp.com\/truusk.store\/wp-content\/uploads\/2024\/02\/vattenkokare-54-cm-grillgaller-varmande-galler-hylla-askfack-termometer-55-x-65-x-89-cm-svart.webp?fit=800%2C800&ssl=1","width":800,"height":800,"caption":"Vattenkokare, 54 Cm Grillgaller, V\u00e4rmande Galler, Hylla, Askfack, Termometer, 55 X 65 X 89 Cm, Svart 1"},{"@type":"BreadcrumbList","@id":"https:\/\/truusk.store\/sv\/produkt\/truusk-vattenkokare-med-grillgaller-varmande-galler-hylla-askfack-termometer-55-x-65-x-89-cm-svart\/#breadcrumb","itemListElement":[{"@type":"ListItem","position":1,"name":"Home","item":"https:\/\/truusk.store\/sv\/"},{"@type":"ListItem","position":2,"name":"Shop","item":"https:\/\/truusk.store\/shop\/"},{"@type":"ListItem","position":3,"name":"TRUUSK Vattenkokare med Grillgaller &#8211; V\u00e4rmande galler &#8211; Hylla &#8211; Askfack &#8211; Termometer &#8211; 55 x 65 x 89 cm &#8211; Svart"}]},{"@type":"WebSite","@id":"https:\/\/truusk.store\/sv\/#website","url":"https:\/\/truusk.store\/sv\/","name":"TRUUSK - Hem, Tr\u00e4dg\u00e5rd & Fritid","description":"","publisher":{"@id":"https:\/\/truusk.store\/sv\/#organization"},"potentialAction":[{"@type":"SearchAction","target":{"@type":"EntryPoint","urlTemplate":"https:\/\/truusk.store\/sv\/?s={search_term_string}"},"query-input":{"@type":"PropertyValueSpecification","valueRequired":true,"valueName":"search_term_string"}}],"inLanguage":"sv-SE"},{"@type":"Organization","@id":"https:\/\/truusk.store\/sv\/#organization","name":"TRUUSK - Hem, Tr\u00e4dg\u00e5rd & Fritid","url":"https:\/\/truusk.store\/sv\/","logo":{"@type":"ImageObject","inLanguage":"sv-SE","@id":"https:\/\/truusk.store\/sv\/#\/schema\/logo\/image\/","url":"https:\/\/i0.wp.com\/truusk.store\/wp-content\/uploads\/2026\/03\/cropped-TRUUSK.png?fit=2032%2C917&ssl=1","contentUrl":"https:\/\/i0.wp.com\/truusk.store\/wp-content\/uploads\/2026\/03\/cropped-TRUUSK.png?fit=2032%2C917&ssl=1","width":2032,"height":917,"caption":"TRUUSK - Hem, Tr\u00e4dg\u00e5rd & Fritid"},"image":{"@id":"https:\/\/truusk.store\/sv\/#\/schema\/logo\/image\/"}}]}},"jetpack_sharing_enabled":true,"_links":{"self":[{"href":"https:\/\/truusk.store\/sv\/wp-json\/wp\/v2\/product\/48715","targetHints":{"allow":["GET"]}}],"collection":[{"href":"https:\/\/truusk.store\/sv\/wp-json\/wp\/v2\/product"}],"about":[{"href":"https:\/\/truusk.store\/sv\/wp-json\/wp\/v2\/types\/product"}],"wp:featuredmedia":[{"embeddable":true,"href":"https:\/\/truusk.store\/sv\/wp-json\/wp\/v2\/media\/48716"}],"wp:attachment":[{"href":"https:\/\/truusk.store\/sv\/wp-json\/wp\/v2\/media?parent=48715"}],"wp:term":[{"taxonomy":"product_brand","embeddable":true,"href":"https:\/\/truusk.store\/sv\/wp-json\/wp\/v2\/product_brand?post=48715"},{"taxonomy":"product_cat","embeddable":true,"href":"https:\/\/truusk.store\/sv\/wp-json\/wp\/v2\/product_cat?post=48715"},{"taxonomy":"product_tag","embeddable":true,"href":"https:\/\/truusk.store\/sv\/wp-json\/wp\/v2\/product_tag?post=48715"}],"curies":[{"name":"wp","href":"https:\/\/api.w.org\/{rel}","templated":true}]}}