{"id":48729,"date":"2024-02-14T08:13:05","date_gmt":"2024-02-14T07:13:05","guid":{"rendered":"https:\/\/truusk.store\/product\/puppy-run-puppy-inhagnad-djurholje-hopfallbar-lasbar-dorr-vaderbestandig-8-paneler-svart-2\/"},"modified":"2026-03-12T09:37:28","modified_gmt":"2026-03-12T08:37:28","slug":"truusk-hundgard-och-husdjursbur-hopfallbar-med-lasbar-dorr-vaderbestandig-8-paneler-svart","status":"publish","type":"product","link":"https:\/\/truusk.store\/sv\/produkt\/truusk-hundgard-och-husdjursbur-hopfallbar-med-lasbar-dorr-vaderbestandig-8-paneler-svart\/","title":{"rendered":"TRUUSK Hundg\u00e5rd och Husdjursbur &#8211; Hopf\u00e4llbar med L\u00e5sbar D\u00f6rr &#8211; V\u00e4derbest\u00e4ndig &#8211; 8 Paneler &#8211; Svart"},"content":{"rendered":"<p>Denna utomhuskapsling kan placeras inomhus eller utomhus. Det erbjuder dina husdjur en s\u00e4ker och skyddad plats att leka, \u00e4ta och f\u00e5 en frisk fl\u00e4kt. Frihjulet best\u00e5r av 8 gallerpaneler som s\u00e4kert kan f\u00e4stas i marken med markspikar. Ett l\u00e5s p\u00e5 entr\u00e9d\u00f6rren g\u00f6r sk\u00e5pet utrymningss\u00e4kert. Denna inh\u00e4gnad erbjuder dina husdjur en v\u00e4lkommen f\u00f6r\u00e4ndring.<\/p>\n<h3>Beskrivning:<\/h3>\n<ul>\n<li>Det fyrkantiga r\u00f6ret \u00e4r stabilt och h\u00e5llbart. Det s\u00e4kerst\u00e4ller en h\u00f6g niv\u00e5 av stabilitet<\/li>\n<li>Gallerelementen m\u00f6jligg\u00f6r god ventilation<\/li>\n<li>De robusta gallerpanelerna \u00e4r l\u00e4tta att sk\u00f6ta och l\u00e4tta att reng\u00f6ra<\/li>\n<li>Utrymningss\u00e4ker tack vare en l\u00e5sbar d\u00f6rr<\/li>\n<li>V\u00e4derbest\u00e4ndig pip, idealisk f\u00f6r inomhus- och utomhusbruk<\/li>\n<li>L\u00e4tt att s\u00e4tta upp och demontera<\/li>\n<li>Kapslingen \u00e4r hopf\u00e4llbar och kan f\u00f6rvaras f\u00f6r att spara utrymme<\/li>\n<li>Kan ut\u00f6kas med ytterligare rutelement<\/li>\n<\/ul>\n<h3>Teknisk data:<\/h3>\n<ul>\n<li>Material: st\u00e5ltr\u00e5d<\/li>\n<li>Svart f\u00e4rg<\/li>\n<li>M\u00e5tt per v\u00e4ggelement: 80W x 60H cm<\/li>\n<li>M\u00e5tt: 32,5W x 42,5D cm<\/li>\n<li>Tillbeh\u00f6r: 8 jordstolpar<\/li>\n<li>M\u00e5tt p\u00e5 horisontella st\u00e4nger: 4,2 mm<\/li>\n<li>Vertikalt avst\u00e5nd mellan st\u00e4ngerna: 3,4 cm<\/li>\n<li>D\u00f6rrsp\u00e4rr: 4,2 mm<\/li>\n<\/ul>\n<h3>Leveransens omfattning:<\/h3>\n<ul>\n<li>1 x utomhuskapsling;<\/li>\n<\/ul>\n","protected":false},"excerpt":{"rendered":"<p>Denna utomhuskapsling kan placeras inomhus eller utomhus. Det erbjuder dina husdjur en s\u00e4ker och skyddad plats att leka, \u00e4ta och&#8230;<\/p>\n","protected":false},"featured_media":48730,"template":"","meta":[],"product_brand":[],"product_cat":[573,597,600],"product_tag":[],"class_list":{"0":"post-48729","1":"product","2":"type-product","3":"status-publish","4":"has-post-thumbnail","6":"product_cat-husdjursmaterial","7":"product_cat-sma-djurtillbehor","8":"product_cat-utomhusholje","10":"first","11":"instock","12":"sale","13":"taxable","14":"shipping-taxable","15":"purchasable","16":"product-type-simple"},"yoast_head":"<!-- This site is optimized with the Yoast SEO plugin v25.4 - https:\/\/yoast.com\/wordpress\/plugins\/seo\/ -->\n<title>TRUUSK Hundg\u00e5rd och Husdjursbur - Hopf\u00e4llbar med L\u00e5sbar D\u00f6rr - V\u00e4derbest\u00e4ndig - 8 Paneler - Svart - TRUUSK - Hem, Tr\u00e4dg\u00e5rd &amp; Fritid<\/title>\n<meta name=\"robots\" content=\"index, follow, max-snippet:-1, max-image-preview:large, max-video-preview:-1\" \/>\n<link rel=\"canonical\" href=\"https:\/\/truusk.store\/sv\/produkt\/truusk-hundgard-och-husdjursbur-hopfallbar-med-lasbar-dorr-vaderbestandig-8-paneler-svart\/\" \/>\n<meta property=\"og:locale\" content=\"sv_SE\" \/>\n<meta property=\"og:type\" content=\"article\" \/>\n<meta property=\"og:title\" content=\"TRUUSK Hundg\u00e5rd och Husdjursbur - Hopf\u00e4llbar med L\u00e5sbar D\u00f6rr - V\u00e4derbest\u00e4ndig - 8 Paneler - Svart - TRUUSK - Hem, Tr\u00e4dg\u00e5rd &amp; Fritid\" \/>\n<meta property=\"og:description\" content=\"Denna utomhuskapsling kan placeras inomhus eller utomhus. Det erbjuder dina husdjur en s\u00e4ker och skyddad plats att leka, \u00e4ta och...\" \/>\n<meta property=\"og:url\" content=\"https:\/\/truusk.store\/sv\/produkt\/truusk-hundgard-och-husdjursbur-hopfallbar-med-lasbar-dorr-vaderbestandig-8-paneler-svart\/\" \/>\n<meta property=\"og:site_name\" content=\"TRUUSK - Hem, Tr\u00e4dg\u00e5rd &amp; Fritid\" \/>\n<meta property=\"article:modified_time\" content=\"2026-03-12T08:37:28+00:00\" \/>\n<meta property=\"og:image\" content=\"https:\/\/i0.wp.com\/truusk.se\/wp-content\/uploads\/2024\/02\/puppy-run-puppy-inhagnad-djurholje-hopfallbar-lasbar-dorr-vaderbestandig-8-paneler-svart-10.webp?fit=800%2C800&ssl=1\" \/>\n\t<meta property=\"og:image:width\" content=\"800\" \/>\n\t<meta property=\"og:image:height\" content=\"800\" \/>\n\t<meta property=\"og:image:type\" content=\"image\/webp\" \/>\n<meta name=\"twitter:card\" content=\"summary_large_image\" \/>\n<meta name=\"twitter:label1\" content=\"Ber\u00e4knad l\u00e4stid\" \/>\n\t<meta name=\"twitter:data1\" content=\"1 minut\" \/>\n<!-- \/ Yoast SEO plugin. -->","yoast_head_json":{"title":"TRUUSK Hundg\u00e5rd och Husdjursbur - Hopf\u00e4llbar med L\u00e5sbar D\u00f6rr - V\u00e4derbest\u00e4ndig - 8 Paneler - Svart - TRUUSK - Hem, Tr\u00e4dg\u00e5rd &amp; Fritid","robots":{"index":"index","follow":"follow","max-snippet":"max-snippet:-1","max-image-preview":"max-image-preview:large","max-video-preview":"max-video-preview:-1"},"canonical":"https:\/\/truusk.store\/sv\/produkt\/truusk-hundgard-och-husdjursbur-hopfallbar-med-lasbar-dorr-vaderbestandig-8-paneler-svart\/","og_locale":"sv_SE","og_type":"article","og_title":"TRUUSK Hundg\u00e5rd och Husdjursbur - Hopf\u00e4llbar med L\u00e5sbar D\u00f6rr - V\u00e4derbest\u00e4ndig - 8 Paneler - Svart - TRUUSK - Hem, Tr\u00e4dg\u00e5rd &amp; Fritid","og_description":"Denna utomhuskapsling kan placeras inomhus eller utomhus. Det erbjuder dina husdjur en s\u00e4ker och skyddad plats att leka, \u00e4ta och...","og_url":"https:\/\/truusk.store\/sv\/produkt\/truusk-hundgard-och-husdjursbur-hopfallbar-med-lasbar-dorr-vaderbestandig-8-paneler-svart\/","og_site_name":"TRUUSK - Hem, Tr\u00e4dg\u00e5rd &amp; Fritid","article_modified_time":"2026-03-12T08:37:28+00:00","og_image":[{"width":800,"height":800,"url":"https:\/\/i0.wp.com\/truusk.se\/wp-content\/uploads\/2024\/02\/puppy-run-puppy-inhagnad-djurholje-hopfallbar-lasbar-dorr-vaderbestandig-8-paneler-svart-10.webp?fit=800%2C800&ssl=1","type":"image\/webp"}],"twitter_card":"summary_large_image","twitter_misc":{"Ber\u00e4knad l\u00e4stid":"1 minut"},"schema":{"@context":"https:\/\/schema.org","@graph":[{"@type":"WebPage","@id":"https:\/\/truusk.store\/sv\/produkt\/truusk-hundgard-och-husdjursbur-hopfallbar-med-lasbar-dorr-vaderbestandig-8-paneler-svart\/","url":"https:\/\/truusk.store\/sv\/produkt\/truusk-hundgard-och-husdjursbur-hopfallbar-med-lasbar-dorr-vaderbestandig-8-paneler-svart\/","name":"TRUUSK Hundg\u00e5rd och Husdjursbur - Hopf\u00e4llbar med L\u00e5sbar D\u00f6rr - V\u00e4derbest\u00e4ndig - 8 Paneler - Svart - TRUUSK - Hem, Tr\u00e4dg\u00e5rd &amp; Fritid","isPartOf":{"@id":"https:\/\/truusk.store\/sv\/#website"},"primaryImageOfPage":{"@id":"https:\/\/truusk.store\/sv\/produkt\/truusk-hundgard-och-husdjursbur-hopfallbar-med-lasbar-dorr-vaderbestandig-8-paneler-svart\/#primaryimage"},"image":{"@id":"https:\/\/truusk.store\/sv\/produkt\/truusk-hundgard-och-husdjursbur-hopfallbar-med-lasbar-dorr-vaderbestandig-8-paneler-svart\/#primaryimage"},"thumbnailUrl":"https:\/\/i0.wp.com\/truusk.store\/wp-content\/uploads\/2024\/02\/puppy-run-puppy-inhagnad-djurholje-hopfallbar-lasbar-dorr-vaderbestandig-8-paneler-svart-10.webp?fit=800%2C800&ssl=1","datePublished":"2024-02-14T07:13:05+00:00","dateModified":"2026-03-12T08:37:28+00:00","breadcrumb":{"@id":"https:\/\/truusk.store\/sv\/produkt\/truusk-hundgard-och-husdjursbur-hopfallbar-med-lasbar-dorr-vaderbestandig-8-paneler-svart\/#breadcrumb"},"inLanguage":"sv-SE","potentialAction":[{"@type":"ReadAction","target":["https:\/\/truusk.store\/sv\/produkt\/truusk-hundgard-och-husdjursbur-hopfallbar-med-lasbar-dorr-vaderbestandig-8-paneler-svart\/"]}]},{"@type":"ImageObject","inLanguage":"sv-SE","@id":"https:\/\/truusk.store\/sv\/produkt\/truusk-hundgard-och-husdjursbur-hopfallbar-med-lasbar-dorr-vaderbestandig-8-paneler-svart\/#primaryimage","url":"https:\/\/i0.wp.com\/truusk.store\/wp-content\/uploads\/2024\/02\/puppy-run-puppy-inhagnad-djurholje-hopfallbar-lasbar-dorr-vaderbestandig-8-paneler-svart-10.webp?fit=800%2C800&ssl=1","contentUrl":"https:\/\/i0.wp.com\/truusk.store\/wp-content\/uploads\/2024\/02\/puppy-run-puppy-inhagnad-djurholje-hopfallbar-lasbar-dorr-vaderbestandig-8-paneler-svart-10.webp?fit=800%2C800&ssl=1","width":800,"height":800,"caption":"Puppy Run Puppy Inh\u00e4gnad Djurh\u00f6lje, Hopf\u00e4llbar, L\u00e5sbar D\u00f6rr, V\u00e4derbest\u00e4ndig, 8 Paneler, Svart 1"},{"@type":"BreadcrumbList","@id":"https:\/\/truusk.store\/sv\/produkt\/truusk-hundgard-och-husdjursbur-hopfallbar-med-lasbar-dorr-vaderbestandig-8-paneler-svart\/#breadcrumb","itemListElement":[{"@type":"ListItem","position":1,"name":"Home","item":"https:\/\/truusk.store\/sv\/"},{"@type":"ListItem","position":2,"name":"Shop","item":"https:\/\/truusk.store\/shop\/"},{"@type":"ListItem","position":3,"name":"TRUUSK Hundg\u00e5rd och Husdjursbur &#8211; Hopf\u00e4llbar med L\u00e5sbar D\u00f6rr &#8211; V\u00e4derbest\u00e4ndig &#8211; 8 Paneler &#8211; Svart"}]},{"@type":"WebSite","@id":"https:\/\/truusk.store\/sv\/#website","url":"https:\/\/truusk.store\/sv\/","name":"TRUUSK - Hem, Tr\u00e4dg\u00e5rd & Fritid","description":"","publisher":{"@id":"https:\/\/truusk.store\/sv\/#organization"},"potentialAction":[{"@type":"SearchAction","target":{"@type":"EntryPoint","urlTemplate":"https:\/\/truusk.store\/sv\/?s={search_term_string}"},"query-input":{"@type":"PropertyValueSpecification","valueRequired":true,"valueName":"search_term_string"}}],"inLanguage":"sv-SE"},{"@type":"Organization","@id":"https:\/\/truusk.store\/sv\/#organization","name":"TRUUSK - Hem, Tr\u00e4dg\u00e5rd & Fritid","url":"https:\/\/truusk.store\/sv\/","logo":{"@type":"ImageObject","inLanguage":"sv-SE","@id":"https:\/\/truusk.store\/sv\/#\/schema\/logo\/image\/","url":"https:\/\/i0.wp.com\/truusk.store\/wp-content\/uploads\/2026\/03\/cropped-TRUUSK.png?fit=2032%2C917&ssl=1","contentUrl":"https:\/\/i0.wp.com\/truusk.store\/wp-content\/uploads\/2026\/03\/cropped-TRUUSK.png?fit=2032%2C917&ssl=1","width":2032,"height":917,"caption":"TRUUSK - Hem, Tr\u00e4dg\u00e5rd & Fritid"},"image":{"@id":"https:\/\/truusk.store\/sv\/#\/schema\/logo\/image\/"}}]}},"jetpack_sharing_enabled":true,"_links":{"self":[{"href":"https:\/\/truusk.store\/sv\/wp-json\/wp\/v2\/product\/48729","targetHints":{"allow":["GET"]}}],"collection":[{"href":"https:\/\/truusk.store\/sv\/wp-json\/wp\/v2\/product"}],"about":[{"href":"https:\/\/truusk.store\/sv\/wp-json\/wp\/v2\/types\/product"}],"wp:featuredmedia":[{"embeddable":true,"href":"https:\/\/truusk.store\/sv\/wp-json\/wp\/v2\/media\/48730"}],"wp:attachment":[{"href":"https:\/\/truusk.store\/sv\/wp-json\/wp\/v2\/media?parent=48729"}],"wp:term":[{"taxonomy":"product_brand","embeddable":true,"href":"https:\/\/truusk.store\/sv\/wp-json\/wp\/v2\/product_brand?post=48729"},{"taxonomy":"product_cat","embeddable":true,"href":"https:\/\/truusk.store\/sv\/wp-json\/wp\/v2\/product_cat?post=48729"},{"taxonomy":"product_tag","embeddable":true,"href":"https:\/\/truusk.store\/sv\/wp-json\/wp\/v2\/product_tag?post=48729"}],"curies":[{"name":"wp","href":"https:\/\/api.w.org\/{rel}","templated":true}]}}