{"id":48740,"date":"2024-02-14T08:13:28","date_gmt":"2024-02-14T07:13:28","guid":{"rendered":"https:\/\/truusk.store\/product\/sangbord-skandinavisk-design-stor-lada-vattenfast-farg-40-x-38-x-58-cm-vit\/"},"modified":"2026-03-12T09:37:29","modified_gmt":"2026-03-12T08:37:29","slug":"truusk-sangbord-skandinavisk-design-stor-lada-vattenfast-farg-40-x-38-x-58-cm-vit","status":"publish","type":"product","link":"https:\/\/truusk.store\/sv\/produkt\/truusk-sangbord-skandinavisk-design-stor-lada-vattenfast-farg-40-x-38-x-58-cm-vit\/","title":{"rendered":"TRUUSK S\u00e4ngbord &#8211; Skandinavisk Design &#8211; Stor L\u00e5da &#8211; Vattenfast F\u00e4rg &#8211; 40 x 38 x 58 cm &#8211; Vit"},"content":{"rendered":"<p>De rena linjerna i detta nattduksbord ger din interi\u00f6r en fr\u00e4sch, modern k\u00e4nsla. Med en rymlig l\u00e5da och ett \u00f6ppet f\u00f6rvaringsfack \u00e4r detta s\u00e4ngbord den perfekta lilla hj\u00e4lpredan bredvid s\u00e4ngen. Men sidobordets enkla design g\u00f6r det ocks\u00e5 m\u00e5ngsidigt och passar l\u00e4tt in i vardagsrummet eller andra rum. Tack vare den vatten- och smutsavvisande f\u00e4rgen \u00e4r reng\u00f6ring en barnlek.<\/p>\n<h3>Beskrivning:<\/h3>\n<ul>\n<li>Ren och enkel design av s\u00e4ngbordet i skandinavisk stil som passar olika inredningsstilar<\/li>\n<li>Kan anv\u00e4ndas flexibelt som s\u00e4ngbord eller sidobord f\u00f6r att utnyttja utrymmet optimalt<\/li>\n<li>Tillverkad av massivt tr\u00e4 och MDF-paneler p\u00e5 nattduksbordet f\u00f6r l\u00e5ngvarig stabilitet och h\u00e5llbarhet<\/li>\n<li>L\u00e5dan och det \u00f6ppna f\u00f6rvaringsfacket p\u00e5 s\u00e4ngbordet erbjuder tillr\u00e4ckligt med f\u00f6rvaringsutrymme f\u00f6r personliga saker<\/li>\n<li>Vatten- och smutsavvisande f\u00e4rg m\u00f6jligg\u00f6r enkel reng\u00f6ring och sk\u00f6tsel<\/li>\n<\/ul>\n<h3>Teknisk data:<\/h3>\n<ul>\n<li>F\u00e4rg: Vit+Gr\u00e5+Naturlig<\/li>\n<li>Material: tr\u00e4, MDF<\/li>\n<li>Totala m\u00e5tt: 40L x 38W x 58H cm<\/li>\n<li>M\u00e5tt \u00f6ppet fack: 36,5L x 36W x 19,5H cm<\/li>\n<li>M\u00e5tt l\u00e5da: 33,5L x 27,5W x 10H cm<\/li>\n<li>Lastkapacitet: 50 kg<\/li>\n<\/ul>\n<h3>Leveransens omfattning:<\/h3>\n<ul>\n<li>1 x S\u00e4ngbord<\/li>\n<li>1 x monteringsanvisning<\/li>\n<\/ul>\n","protected":false},"excerpt":{"rendered":"<p>De rena linjerna i detta nattduksbord ger din interi\u00f6r en fr\u00e4sch, modern k\u00e4nsla. Med en rymlig l\u00e5da och ett \u00f6ppet&#8230;<\/p>\n","protected":false},"featured_media":48741,"template":"","meta":[],"product_brand":[],"product_cat":[485,506,501],"product_tag":[],"class_list":{"0":"post-48740","1":"product","2":"type-product","3":"status-publish","4":"has-post-thumbnail","6":"product_cat-hus-bo","7":"product_cat-nattduksbord","8":"product_cat-tabeller","10":"first","11":"instock","12":"sale","13":"taxable","14":"shipping-taxable","15":"purchasable","16":"product-type-simple"},"yoast_head":"<!-- This site is optimized with the Yoast SEO plugin v25.4 - https:\/\/yoast.com\/wordpress\/plugins\/seo\/ -->\n<title>TRUUSK S\u00e4ngbord - Skandinavisk Design - Stor L\u00e5da - Vattenfast F\u00e4rg - 40 x 38 x 58 cm - Vit - TRUUSK - Hem, Tr\u00e4dg\u00e5rd &amp; Fritid<\/title>\n<meta name=\"robots\" content=\"index, follow, max-snippet:-1, max-image-preview:large, max-video-preview:-1\" \/>\n<link rel=\"canonical\" href=\"https:\/\/truusk.store\/sv\/produkt\/truusk-sangbord-skandinavisk-design-stor-lada-vattenfast-farg-40-x-38-x-58-cm-vit\/\" \/>\n<meta property=\"og:locale\" content=\"sv_SE\" \/>\n<meta property=\"og:type\" content=\"article\" \/>\n<meta property=\"og:title\" content=\"TRUUSK S\u00e4ngbord - Skandinavisk Design - Stor L\u00e5da - Vattenfast F\u00e4rg - 40 x 38 x 58 cm - Vit - TRUUSK - Hem, Tr\u00e4dg\u00e5rd &amp; Fritid\" \/>\n<meta property=\"og:description\" content=\"De rena linjerna i detta nattduksbord ger din interi\u00f6r en fr\u00e4sch, modern k\u00e4nsla. Med en rymlig l\u00e5da och ett \u00f6ppet...\" \/>\n<meta property=\"og:url\" content=\"https:\/\/truusk.store\/sv\/produkt\/truusk-sangbord-skandinavisk-design-stor-lada-vattenfast-farg-40-x-38-x-58-cm-vit\/\" \/>\n<meta property=\"og:site_name\" content=\"TRUUSK - Hem, Tr\u00e4dg\u00e5rd &amp; Fritid\" \/>\n<meta property=\"article:modified_time\" content=\"2026-03-12T08:37:29+00:00\" \/>\n<meta property=\"og:image\" content=\"https:\/\/i0.wp.com\/truusk.se\/wp-content\/uploads\/2024\/02\/sangbord-skandinavisk-design-stor-lada-vattenfast-farg-40-x-38-x-58-cm-vit.webp?fit=800%2C800&ssl=1\" \/>\n\t<meta property=\"og:image:width\" content=\"800\" \/>\n\t<meta property=\"og:image:height\" content=\"800\" \/>\n\t<meta property=\"og:image:type\" content=\"image\/webp\" \/>\n<meta name=\"twitter:card\" content=\"summary_large_image\" \/>\n<meta name=\"twitter:label1\" content=\"Ber\u00e4knad l\u00e4stid\" \/>\n\t<meta name=\"twitter:data1\" content=\"1 minut\" \/>\n<!-- \/ Yoast SEO plugin. -->","yoast_head_json":{"title":"TRUUSK S\u00e4ngbord - Skandinavisk Design - Stor L\u00e5da - Vattenfast F\u00e4rg - 40 x 38 x 58 cm - Vit - TRUUSK - Hem, Tr\u00e4dg\u00e5rd &amp; Fritid","robots":{"index":"index","follow":"follow","max-snippet":"max-snippet:-1","max-image-preview":"max-image-preview:large","max-video-preview":"max-video-preview:-1"},"canonical":"https:\/\/truusk.store\/sv\/produkt\/truusk-sangbord-skandinavisk-design-stor-lada-vattenfast-farg-40-x-38-x-58-cm-vit\/","og_locale":"sv_SE","og_type":"article","og_title":"TRUUSK S\u00e4ngbord - Skandinavisk Design - Stor L\u00e5da - Vattenfast F\u00e4rg - 40 x 38 x 58 cm - Vit - TRUUSK - Hem, Tr\u00e4dg\u00e5rd &amp; Fritid","og_description":"De rena linjerna i detta nattduksbord ger din interi\u00f6r en fr\u00e4sch, modern k\u00e4nsla. Med en rymlig l\u00e5da och ett \u00f6ppet...","og_url":"https:\/\/truusk.store\/sv\/produkt\/truusk-sangbord-skandinavisk-design-stor-lada-vattenfast-farg-40-x-38-x-58-cm-vit\/","og_site_name":"TRUUSK - Hem, Tr\u00e4dg\u00e5rd &amp; Fritid","article_modified_time":"2026-03-12T08:37:29+00:00","og_image":[{"width":800,"height":800,"url":"https:\/\/i0.wp.com\/truusk.se\/wp-content\/uploads\/2024\/02\/sangbord-skandinavisk-design-stor-lada-vattenfast-farg-40-x-38-x-58-cm-vit.webp?fit=800%2C800&ssl=1","type":"image\/webp"}],"twitter_card":"summary_large_image","twitter_misc":{"Ber\u00e4knad l\u00e4stid":"1 minut"},"schema":{"@context":"https:\/\/schema.org","@graph":[{"@type":"WebPage","@id":"https:\/\/truusk.store\/sv\/produkt\/truusk-sangbord-skandinavisk-design-stor-lada-vattenfast-farg-40-x-38-x-58-cm-vit\/","url":"https:\/\/truusk.store\/sv\/produkt\/truusk-sangbord-skandinavisk-design-stor-lada-vattenfast-farg-40-x-38-x-58-cm-vit\/","name":"TRUUSK S\u00e4ngbord - Skandinavisk Design - Stor L\u00e5da - Vattenfast F\u00e4rg - 40 x 38 x 58 cm - Vit - TRUUSK - Hem, Tr\u00e4dg\u00e5rd &amp; Fritid","isPartOf":{"@id":"https:\/\/truusk.store\/sv\/#website"},"primaryImageOfPage":{"@id":"https:\/\/truusk.store\/sv\/produkt\/truusk-sangbord-skandinavisk-design-stor-lada-vattenfast-farg-40-x-38-x-58-cm-vit\/#primaryimage"},"image":{"@id":"https:\/\/truusk.store\/sv\/produkt\/truusk-sangbord-skandinavisk-design-stor-lada-vattenfast-farg-40-x-38-x-58-cm-vit\/#primaryimage"},"thumbnailUrl":"https:\/\/i0.wp.com\/truusk.store\/wp-content\/uploads\/2024\/02\/sangbord-skandinavisk-design-stor-lada-vattenfast-farg-40-x-38-x-58-cm-vit.webp?fit=800%2C800&ssl=1","datePublished":"2024-02-14T07:13:28+00:00","dateModified":"2026-03-12T08:37:29+00:00","breadcrumb":{"@id":"https:\/\/truusk.store\/sv\/produkt\/truusk-sangbord-skandinavisk-design-stor-lada-vattenfast-farg-40-x-38-x-58-cm-vit\/#breadcrumb"},"inLanguage":"sv-SE","potentialAction":[{"@type":"ReadAction","target":["https:\/\/truusk.store\/sv\/produkt\/truusk-sangbord-skandinavisk-design-stor-lada-vattenfast-farg-40-x-38-x-58-cm-vit\/"]}]},{"@type":"ImageObject","inLanguage":"sv-SE","@id":"https:\/\/truusk.store\/sv\/produkt\/truusk-sangbord-skandinavisk-design-stor-lada-vattenfast-farg-40-x-38-x-58-cm-vit\/#primaryimage","url":"https:\/\/i0.wp.com\/truusk.store\/wp-content\/uploads\/2024\/02\/sangbord-skandinavisk-design-stor-lada-vattenfast-farg-40-x-38-x-58-cm-vit.webp?fit=800%2C800&ssl=1","contentUrl":"https:\/\/i0.wp.com\/truusk.store\/wp-content\/uploads\/2024\/02\/sangbord-skandinavisk-design-stor-lada-vattenfast-farg-40-x-38-x-58-cm-vit.webp?fit=800%2C800&ssl=1","width":800,"height":800,"caption":"S\u00e4ngbord, Skandinavisk Design, Stor L\u00e5da, Vattenfast F\u00e4rg, 40 X 38 X 58 Cm, Vit 1"},{"@type":"BreadcrumbList","@id":"https:\/\/truusk.store\/sv\/produkt\/truusk-sangbord-skandinavisk-design-stor-lada-vattenfast-farg-40-x-38-x-58-cm-vit\/#breadcrumb","itemListElement":[{"@type":"ListItem","position":1,"name":"Home","item":"https:\/\/truusk.store\/sv\/"},{"@type":"ListItem","position":2,"name":"Shop","item":"https:\/\/truusk.store\/shop\/"},{"@type":"ListItem","position":3,"name":"TRUUSK S\u00e4ngbord &#8211; Skandinavisk Design &#8211; Stor L\u00e5da &#8211; Vattenfast F\u00e4rg &#8211; 40 x 38 x 58 cm &#8211; Vit"}]},{"@type":"WebSite","@id":"https:\/\/truusk.store\/sv\/#website","url":"https:\/\/truusk.store\/sv\/","name":"TRUUSK - Hem, Tr\u00e4dg\u00e5rd & Fritid","description":"","publisher":{"@id":"https:\/\/truusk.store\/sv\/#organization"},"potentialAction":[{"@type":"SearchAction","target":{"@type":"EntryPoint","urlTemplate":"https:\/\/truusk.store\/sv\/?s={search_term_string}"},"query-input":{"@type":"PropertyValueSpecification","valueRequired":true,"valueName":"search_term_string"}}],"inLanguage":"sv-SE"},{"@type":"Organization","@id":"https:\/\/truusk.store\/sv\/#organization","name":"TRUUSK - Hem, Tr\u00e4dg\u00e5rd & Fritid","url":"https:\/\/truusk.store\/sv\/","logo":{"@type":"ImageObject","inLanguage":"sv-SE","@id":"https:\/\/truusk.store\/sv\/#\/schema\/logo\/image\/","url":"https:\/\/i0.wp.com\/truusk.store\/wp-content\/uploads\/2026\/03\/cropped-TRUUSK.png?fit=2032%2C917&ssl=1","contentUrl":"https:\/\/i0.wp.com\/truusk.store\/wp-content\/uploads\/2026\/03\/cropped-TRUUSK.png?fit=2032%2C917&ssl=1","width":2032,"height":917,"caption":"TRUUSK - Hem, Tr\u00e4dg\u00e5rd & Fritid"},"image":{"@id":"https:\/\/truusk.store\/sv\/#\/schema\/logo\/image\/"}}]}},"jetpack_sharing_enabled":true,"_links":{"self":[{"href":"https:\/\/truusk.store\/sv\/wp-json\/wp\/v2\/product\/48740","targetHints":{"allow":["GET"]}}],"collection":[{"href":"https:\/\/truusk.store\/sv\/wp-json\/wp\/v2\/product"}],"about":[{"href":"https:\/\/truusk.store\/sv\/wp-json\/wp\/v2\/types\/product"}],"wp:featuredmedia":[{"embeddable":true,"href":"https:\/\/truusk.store\/sv\/wp-json\/wp\/v2\/media\/48741"}],"wp:attachment":[{"href":"https:\/\/truusk.store\/sv\/wp-json\/wp\/v2\/media?parent=48740"}],"wp:term":[{"taxonomy":"product_brand","embeddable":true,"href":"https:\/\/truusk.store\/sv\/wp-json\/wp\/v2\/product_brand?post=48740"},{"taxonomy":"product_cat","embeddable":true,"href":"https:\/\/truusk.store\/sv\/wp-json\/wp\/v2\/product_cat?post=48740"},{"taxonomy":"product_tag","embeddable":true,"href":"https:\/\/truusk.store\/sv\/wp-json\/wp\/v2\/product_tag?post=48740"}],"curies":[{"name":"wp","href":"https:\/\/api.w.org\/{rel}","templated":true}]}}