{"id":48754,"date":"2024-02-14T08:14:00","date_gmt":"2024-02-14T07:14:00","guid":{"rendered":"https:\/\/truusk.store\/product\/3-m-fribarande-paraply-tiltbart-roterande-handvev-vindhuva-metallstang-morkgra\/"},"modified":"2026-03-12T09:37:31","modified_gmt":"2026-03-12T08:37:31","slug":"truusk-3-m-fribarande-paraply-tiltbart-roterande-handvev-vindhuva-metallstang-morkgra","status":"publish","type":"product","link":"https:\/\/truusk.store\/sv\/produkt\/truusk-3-m-fribarande-paraply-tiltbart-roterande-handvev-vindhuva-metallstang-morkgra\/","title":{"rendered":"TRUUSK 3 M Frib\u00e4rande Paraply &#8211; Tiltbart &#8211; Roterande &#8211; Handvev &#8211; Vindhuva &#8211; Metallst\u00e5ng &#8211; M\u00f6rkgr\u00e5"},"content":{"rendered":"<p>F\u00f6rdjupa dig i soldr\u00e4nkta dagar, skyddad av v\u00e5rt frib\u00e4rande paraply! Med \u00e5tta robusta fj\u00e4derben f\u00f6r p\u00e5litlig stabilitet, erbjuder den inte bara skydd, utan ocks\u00e5 ett elegant utseende. Tack vare den smidiga vevmekanismen kan du enkelt f\u00e5 det perfekta skuggaomr\u00e5det. Och n\u00e4r solen r\u00f6r p\u00e5 sig kan du enkelt vrida uteplatsparaplyet tack vare den roterande masten. Skapa ett litet skuggparadis f\u00f6r dig sj\u00e4lv &#8211; mitt i din egen tr\u00e4dg\u00e5rd!<\/p>\n<h3>Beskrivning:<\/h3>\n<ul>\n<li>Fritt justerbart paraply ger \u00f6nskad nyansvinkel<\/li>\n<li>Paraplyst\u00e5ngen roterar 360 grader f\u00f6r att skydda dig fr\u00e5n solen hela dagen<\/li>\n<li>Vindhuva och \u00e5tta metallstag ser till att paraplyet f\u00f6rblir stabilt \u00e4ven i bl\u00e5siga f\u00f6rh\u00e5llanden<\/li>\n<li>Tillverkad av h\u00f6gkvalitativ polyester och en pulverlackerad metallram f\u00f6r stabilitet<\/li>\n<li>Kardborref\u00e4sten p\u00e5 paraplystr\u00e4vorna g\u00f6r det m\u00f6jligt att f\u00e4sta \u00e4lvljus eller andra dekorativa element<\/li>\n<li>Remmar f\u00f6r att h\u00e5lla tyget s\u00e4kert n\u00e4r det inte anv\u00e4nds<\/li>\n<li>Montering kr\u00e4vs<\/li>\n<\/ul>\n<h3>Teknisk data:<\/h3>\n<ul>\n<li>F\u00e4rg: M\u00f6rkgr\u00e5<\/li>\n<li>Material: metall, 100% polyester<\/li>\n<li>\u00d6vergripande m\u00e5tt: 294 x 242H cm<\/li>\n<li>Paraplyh\u00f6jd (l\u00e4gsta punkt): 190 cm<\/li>\n<li>M\u00e5tt tv\u00e4rfot: 100L x 100W x 4,5H cm<\/li>\n<li>OBS 1: Erforderlig paraplyvikt p\u00e5 80 kg ing\u00e5r ej. L\u00e4mpliga paraplyvikter: 84D-070. Kontakta kundtj\u00e4nst f\u00f6r produktl\u00e4nkar om du beh\u00f6ver dem.<\/li>\n<li>OBS 2: Anv\u00e4nd inte tr\u00e4dg\u00e5rdsparaplyet i extremt v\u00e4der (stark vind, kraftigt regn, sn\u00f6)<\/li>\n<\/ul>\n<h3>Leveransens omfattning:<\/h3>\n<ul>\n<li>1 x frib\u00e4rande paraply<\/li>\n<li>1 x skruvsats<\/li>\n<li>1 x Instruktioner<\/li>\n<\/ul>\n","protected":false},"excerpt":{"rendered":"<p>F\u00f6rdjupa dig i soldr\u00e4nkta dagar, skyddad av v\u00e5rt frib\u00e4rande paraply! Med \u00e5tta robusta fj\u00e4derben f\u00f6r p\u00e5litlig stabilitet, erbjuder den inte&#8230;<\/p>\n","protected":false},"featured_media":48755,"template":"","meta":[],"product_brand":[],"product_cat":[472,471,435],"product_tag":[],"class_list":{"0":"post-48754","1":"product","2":"type-product","3":"status-publish","4":"has-post-thumbnail","6":"product_cat-parasoller","7":"product_cat-solskydd-integritetsskydd","8":"product_cat-tradgard-och-terrass","10":"first","11":"instock","12":"sale","13":"taxable","14":"shipping-taxable","15":"purchasable","16":"product-type-simple"},"yoast_head":"<!-- This site is optimized with the Yoast SEO plugin v25.4 - https:\/\/yoast.com\/wordpress\/plugins\/seo\/ -->\n<title>TRUUSK 3 M Frib\u00e4rande Paraply - Tiltbart - Roterande - Handvev - Vindhuva - Metallst\u00e5ng - M\u00f6rkgr\u00e5 - TRUUSK - Hem, Tr\u00e4dg\u00e5rd &amp; Fritid<\/title>\n<meta name=\"robots\" content=\"index, follow, max-snippet:-1, max-image-preview:large, max-video-preview:-1\" \/>\n<link rel=\"canonical\" href=\"https:\/\/truusk.store\/sv\/produkt\/truusk-3-m-fribarande-paraply-tiltbart-roterande-handvev-vindhuva-metallstang-morkgra\/\" \/>\n<meta property=\"og:locale\" content=\"sv_SE\" \/>\n<meta property=\"og:type\" content=\"article\" \/>\n<meta property=\"og:title\" content=\"TRUUSK 3 M Frib\u00e4rande Paraply - Tiltbart - Roterande - Handvev - Vindhuva - Metallst\u00e5ng - M\u00f6rkgr\u00e5 - TRUUSK - Hem, Tr\u00e4dg\u00e5rd &amp; Fritid\" \/>\n<meta property=\"og:description\" content=\"F\u00f6rdjupa dig i soldr\u00e4nkta dagar, skyddad av v\u00e5rt frib\u00e4rande paraply! Med \u00e5tta robusta fj\u00e4derben f\u00f6r p\u00e5litlig stabilitet, erbjuder den inte...\" \/>\n<meta property=\"og:url\" content=\"https:\/\/truusk.store\/sv\/produkt\/truusk-3-m-fribarande-paraply-tiltbart-roterande-handvev-vindhuva-metallstang-morkgra\/\" \/>\n<meta property=\"og:site_name\" content=\"TRUUSK - Hem, Tr\u00e4dg\u00e5rd &amp; Fritid\" \/>\n<meta property=\"article:modified_time\" content=\"2026-03-12T08:37:31+00:00\" \/>\n<meta property=\"og:image\" content=\"https:\/\/i0.wp.com\/truusk.se\/wp-content\/uploads\/2024\/02\/3-m-fribarande-paraply-tiltbart-roterande-handvev-vindhuva-metallstang-morkgra.webp?fit=800%2C800&ssl=1\" \/>\n\t<meta property=\"og:image:width\" content=\"800\" \/>\n\t<meta property=\"og:image:height\" content=\"800\" \/>\n\t<meta property=\"og:image:type\" content=\"image\/webp\" \/>\n<meta name=\"twitter:card\" content=\"summary_large_image\" \/>\n<meta name=\"twitter:label1\" content=\"Ber\u00e4knad l\u00e4stid\" \/>\n\t<meta name=\"twitter:data1\" content=\"1 minut\" \/>\n<!-- \/ Yoast SEO plugin. -->","yoast_head_json":{"title":"TRUUSK 3 M Frib\u00e4rande Paraply - Tiltbart - Roterande - Handvev - Vindhuva - Metallst\u00e5ng - M\u00f6rkgr\u00e5 - TRUUSK - Hem, Tr\u00e4dg\u00e5rd &amp; Fritid","robots":{"index":"index","follow":"follow","max-snippet":"max-snippet:-1","max-image-preview":"max-image-preview:large","max-video-preview":"max-video-preview:-1"},"canonical":"https:\/\/truusk.store\/sv\/produkt\/truusk-3-m-fribarande-paraply-tiltbart-roterande-handvev-vindhuva-metallstang-morkgra\/","og_locale":"sv_SE","og_type":"article","og_title":"TRUUSK 3 M Frib\u00e4rande Paraply - Tiltbart - Roterande - Handvev - Vindhuva - Metallst\u00e5ng - M\u00f6rkgr\u00e5 - TRUUSK - Hem, Tr\u00e4dg\u00e5rd &amp; Fritid","og_description":"F\u00f6rdjupa dig i soldr\u00e4nkta dagar, skyddad av v\u00e5rt frib\u00e4rande paraply! Med \u00e5tta robusta fj\u00e4derben f\u00f6r p\u00e5litlig stabilitet, erbjuder den inte...","og_url":"https:\/\/truusk.store\/sv\/produkt\/truusk-3-m-fribarande-paraply-tiltbart-roterande-handvev-vindhuva-metallstang-morkgra\/","og_site_name":"TRUUSK - Hem, Tr\u00e4dg\u00e5rd &amp; Fritid","article_modified_time":"2026-03-12T08:37:31+00:00","og_image":[{"width":800,"height":800,"url":"https:\/\/i0.wp.com\/truusk.se\/wp-content\/uploads\/2024\/02\/3-m-fribarande-paraply-tiltbart-roterande-handvev-vindhuva-metallstang-morkgra.webp?fit=800%2C800&ssl=1","type":"image\/webp"}],"twitter_card":"summary_large_image","twitter_misc":{"Ber\u00e4knad l\u00e4stid":"1 minut"},"schema":{"@context":"https:\/\/schema.org","@graph":[{"@type":"WebPage","@id":"https:\/\/truusk.store\/sv\/produkt\/truusk-3-m-fribarande-paraply-tiltbart-roterande-handvev-vindhuva-metallstang-morkgra\/","url":"https:\/\/truusk.store\/sv\/produkt\/truusk-3-m-fribarande-paraply-tiltbart-roterande-handvev-vindhuva-metallstang-morkgra\/","name":"TRUUSK 3 M Frib\u00e4rande Paraply - Tiltbart - Roterande - Handvev - Vindhuva - Metallst\u00e5ng - M\u00f6rkgr\u00e5 - TRUUSK - Hem, Tr\u00e4dg\u00e5rd &amp; Fritid","isPartOf":{"@id":"https:\/\/truusk.store\/sv\/#website"},"primaryImageOfPage":{"@id":"https:\/\/truusk.store\/sv\/produkt\/truusk-3-m-fribarande-paraply-tiltbart-roterande-handvev-vindhuva-metallstang-morkgra\/#primaryimage"},"image":{"@id":"https:\/\/truusk.store\/sv\/produkt\/truusk-3-m-fribarande-paraply-tiltbart-roterande-handvev-vindhuva-metallstang-morkgra\/#primaryimage"},"thumbnailUrl":"https:\/\/i0.wp.com\/truusk.store\/wp-content\/uploads\/2024\/02\/3-m-fribarande-paraply-tiltbart-roterande-handvev-vindhuva-metallstang-morkgra.webp?fit=800%2C800&ssl=1","datePublished":"2024-02-14T07:14:00+00:00","dateModified":"2026-03-12T08:37:31+00:00","breadcrumb":{"@id":"https:\/\/truusk.store\/sv\/produkt\/truusk-3-m-fribarande-paraply-tiltbart-roterande-handvev-vindhuva-metallstang-morkgra\/#breadcrumb"},"inLanguage":"sv-SE","potentialAction":[{"@type":"ReadAction","target":["https:\/\/truusk.store\/sv\/produkt\/truusk-3-m-fribarande-paraply-tiltbart-roterande-handvev-vindhuva-metallstang-morkgra\/"]}]},{"@type":"ImageObject","inLanguage":"sv-SE","@id":"https:\/\/truusk.store\/sv\/produkt\/truusk-3-m-fribarande-paraply-tiltbart-roterande-handvev-vindhuva-metallstang-morkgra\/#primaryimage","url":"https:\/\/i0.wp.com\/truusk.store\/wp-content\/uploads\/2024\/02\/3-m-fribarande-paraply-tiltbart-roterande-handvev-vindhuva-metallstang-morkgra.webp?fit=800%2C800&ssl=1","contentUrl":"https:\/\/i0.wp.com\/truusk.store\/wp-content\/uploads\/2024\/02\/3-m-fribarande-paraply-tiltbart-roterande-handvev-vindhuva-metallstang-morkgra.webp?fit=800%2C800&ssl=1","width":800,"height":800,"caption":"3 M Frib\u00e4rande Paraply, Tiltbart, Roterande, Handvev, Vindhuva, Metallst\u00e5ng, M\u00f6rkgr\u00e5 1"},{"@type":"BreadcrumbList","@id":"https:\/\/truusk.store\/sv\/produkt\/truusk-3-m-fribarande-paraply-tiltbart-roterande-handvev-vindhuva-metallstang-morkgra\/#breadcrumb","itemListElement":[{"@type":"ListItem","position":1,"name":"Home","item":"https:\/\/truusk.store\/sv\/"},{"@type":"ListItem","position":2,"name":"Shop","item":"https:\/\/truusk.store\/shop\/"},{"@type":"ListItem","position":3,"name":"TRUUSK 3 M Frib\u00e4rande Paraply &#8211; Tiltbart &#8211; Roterande &#8211; Handvev &#8211; Vindhuva &#8211; Metallst\u00e5ng &#8211; M\u00f6rkgr\u00e5"}]},{"@type":"WebSite","@id":"https:\/\/truusk.store\/sv\/#website","url":"https:\/\/truusk.store\/sv\/","name":"TRUUSK - Hem, Tr\u00e4dg\u00e5rd & Fritid","description":"","publisher":{"@id":"https:\/\/truusk.store\/sv\/#organization"},"potentialAction":[{"@type":"SearchAction","target":{"@type":"EntryPoint","urlTemplate":"https:\/\/truusk.store\/sv\/?s={search_term_string}"},"query-input":{"@type":"PropertyValueSpecification","valueRequired":true,"valueName":"search_term_string"}}],"inLanguage":"sv-SE"},{"@type":"Organization","@id":"https:\/\/truusk.store\/sv\/#organization","name":"TRUUSK - Hem, Tr\u00e4dg\u00e5rd & Fritid","url":"https:\/\/truusk.store\/sv\/","logo":{"@type":"ImageObject","inLanguage":"sv-SE","@id":"https:\/\/truusk.store\/sv\/#\/schema\/logo\/image\/","url":"https:\/\/i0.wp.com\/truusk.store\/wp-content\/uploads\/2026\/03\/cropped-TRUUSK.png?fit=2032%2C917&ssl=1","contentUrl":"https:\/\/i0.wp.com\/truusk.store\/wp-content\/uploads\/2026\/03\/cropped-TRUUSK.png?fit=2032%2C917&ssl=1","width":2032,"height":917,"caption":"TRUUSK - Hem, Tr\u00e4dg\u00e5rd & Fritid"},"image":{"@id":"https:\/\/truusk.store\/sv\/#\/schema\/logo\/image\/"}}]}},"jetpack_sharing_enabled":true,"_links":{"self":[{"href":"https:\/\/truusk.store\/sv\/wp-json\/wp\/v2\/product\/48754","targetHints":{"allow":["GET"]}}],"collection":[{"href":"https:\/\/truusk.store\/sv\/wp-json\/wp\/v2\/product"}],"about":[{"href":"https:\/\/truusk.store\/sv\/wp-json\/wp\/v2\/types\/product"}],"wp:featuredmedia":[{"embeddable":true,"href":"https:\/\/truusk.store\/sv\/wp-json\/wp\/v2\/media\/48755"}],"wp:attachment":[{"href":"https:\/\/truusk.store\/sv\/wp-json\/wp\/v2\/media?parent=48754"}],"wp:term":[{"taxonomy":"product_brand","embeddable":true,"href":"https:\/\/truusk.store\/sv\/wp-json\/wp\/v2\/product_brand?post=48754"},{"taxonomy":"product_cat","embeddable":true,"href":"https:\/\/truusk.store\/sv\/wp-json\/wp\/v2\/product_cat?post=48754"},{"taxonomy":"product_tag","embeddable":true,"href":"https:\/\/truusk.store\/sv\/wp-json\/wp\/v2\/product_tag?post=48754"}],"curies":[{"name":"wp","href":"https:\/\/api.w.org\/{rel}","templated":true}]}}