{"id":48782,"date":"2024-02-14T08:15:19","date_gmt":"2024-02-14T07:15:19","guid":{"rendered":"https:\/\/truusk.store\/product\/matningsstation-upphojda-foderskalar-foderskalar-av-rostfritt-stal-405-x-22-x-39-cm-svart-silver\/"},"modified":"2026-03-12T09:38:07","modified_gmt":"2026-03-12T08:38:07","slug":"truusk-matningsstation-for-upphojda-foderskalar-rostfritt-stal-405-x-22-x-39-cm-svart-silver","status":"publish","type":"product","link":"https:\/\/truusk.store\/sv\/produkt\/truusk-matningsstation-for-upphojda-foderskalar-rostfritt-stal-405-x-22-x-39-cm-svart-silver\/","title":{"rendered":"TRUUSK Matningsstation f\u00f6r Upph\u00f6jda Fodersk\u00e5lar &#8211; Rostfritt St\u00e5l &#8211; 40,5 x 22 x 39 cm &#8211; Svart &amp; Silver"},"content":{"rendered":"<p>Med v\u00e5r f\u00f6rh\u00f6jda hundsk\u00e5l kan du sk\u00e4mma bort din fyrbenta v\u00e4n som en kung. Den justerbara h\u00f6jden ger en skr\u00e4ddarsydd matupplevelse och fr\u00e4mjar b\u00e4ttre h\u00e5llning och matsm\u00e4ltning. Men det \u00e4r inte allt! V\u00e5r matsk\u00e5l har en unik metallplatta i form av ett ben. S\u00e5 du kan anpassa den med din hunds namn. Praktisk, elegant och precis vad ditt husdjur f\u00f6rtj\u00e4nar.<\/p>\n<h3>Beskrivning:<\/h3>\n<ul>\n<li>H\u00f6jden kan enkelt justeras f\u00f6r att passa hundar i olika storlekar, fr\u00e5n 25 till 60 cm axelh\u00f6jd<\/li>\n<li>Personifiera ditt husdjurs sk\u00e5l med den unika benformade metallplattan f\u00f6r deras namn<\/li>\n<li>Med tv\u00e5 avtagbara rostfria knappar f\u00f6r enkel reng\u00f6ring<\/li>\n<li>Tillverkad av st\u00e5lr\u00f6r och paneler<\/li>\n<li>H\u00e5ll ditt husdjurs matplats organiserad och elegant med den benformade metallplattan f\u00f6r deras namn<\/li>\n<li>Enkel montering kr\u00e4vs<\/li>\n<\/ul>\n<h3>Teknisk data:<\/h3>\n<ul>\n<li>Svart f\u00e4rg<\/li>\n<li>Material: st\u00e5lr\u00f6r, pl\u00e5t<\/li>\n<li>\u00d6vergripande m\u00e5tt: 40,5L x 22W x 39H cm<\/li>\n<li>Justerbar h\u00f6jd (ovan mark): 11-33 cm<\/li>\n<li>Sk\u00e5lens storlek: 17 x 6Hcm<\/li>\n<li>Sk\u00e5lens kapacitet: 900 ml<\/li>\n<li>Benplattans storlek: 15L x 6W cm<\/li>\n<\/ul>\n<h3>Leveransens omfattning:<\/h3>\n<ul>\n<li>1 x foderstation f\u00f6r husdjur<\/li>\n<li>2 x sk\u00e5l i rostfritt st\u00e5l<\/li>\n<li>1 x manuell<\/li>\n<\/ul>\n","protected":false},"excerpt":{"rendered":"<p>Med v\u00e5r f\u00f6rh\u00f6jda hundsk\u00e5l kan du sk\u00e4mma bort din fyrbenta v\u00e4n som en kung. Den justerbara h\u00f6jden ger en skr\u00e4ddarsydd&#8230;<\/p>\n","protected":false},"featured_media":48783,"template":"","meta":[],"product_brand":[],"product_cat":[574,573,580],"product_tag":[],"class_list":{"0":"post-48782","1":"product","2":"type-product","3":"status-publish","4":"has-post-thumbnail","6":"product_cat-hundtillbehor","7":"product_cat-husdjursmaterial","8":"product_cat-matskalar","10":"first","11":"instock","12":"sale","13":"taxable","14":"shipping-taxable","15":"purchasable","16":"product-type-simple"},"yoast_head":"<!-- This site is optimized with the Yoast SEO plugin v25.4 - https:\/\/yoast.com\/wordpress\/plugins\/seo\/ -->\n<title>TRUUSK Matningsstation f\u00f6r Upph\u00f6jda Fodersk\u00e5lar - Rostfritt St\u00e5l - 40,5 x 22 x 39 cm - Svart &amp; Silver - TRUUSK - Hem, Tr\u00e4dg\u00e5rd &amp; Fritid<\/title>\n<meta name=\"robots\" content=\"index, follow, max-snippet:-1, max-image-preview:large, max-video-preview:-1\" \/>\n<link rel=\"canonical\" href=\"https:\/\/truusk.store\/sv\/produkt\/truusk-matningsstation-for-upphojda-foderskalar-rostfritt-stal-405-x-22-x-39-cm-svart-silver\/\" \/>\n<meta property=\"og:locale\" content=\"sv_SE\" \/>\n<meta property=\"og:type\" content=\"article\" \/>\n<meta property=\"og:title\" content=\"TRUUSK Matningsstation f\u00f6r Upph\u00f6jda Fodersk\u00e5lar - Rostfritt St\u00e5l - 40,5 x 22 x 39 cm - Svart &amp; Silver - TRUUSK - Hem, Tr\u00e4dg\u00e5rd &amp; Fritid\" \/>\n<meta property=\"og:description\" content=\"Med v\u00e5r f\u00f6rh\u00f6jda hundsk\u00e5l kan du sk\u00e4mma bort din fyrbenta v\u00e4n som en kung. Den justerbara h\u00f6jden ger en skr\u00e4ddarsydd...\" \/>\n<meta property=\"og:url\" content=\"https:\/\/truusk.store\/sv\/produkt\/truusk-matningsstation-for-upphojda-foderskalar-rostfritt-stal-405-x-22-x-39-cm-svart-silver\/\" \/>\n<meta property=\"og:site_name\" content=\"TRUUSK - Hem, Tr\u00e4dg\u00e5rd &amp; Fritid\" \/>\n<meta property=\"article:modified_time\" content=\"2026-03-12T08:38:07+00:00\" \/>\n<meta property=\"og:image\" content=\"https:\/\/i0.wp.com\/truusk.se\/wp-content\/uploads\/2024\/02\/matningsstation-upphojda-foderskalar-foderskalar-av-rostfritt-stal-405-x-22-x-39-cm-svart-silver.webp?fit=800%2C800&ssl=1\" \/>\n\t<meta property=\"og:image:width\" content=\"800\" \/>\n\t<meta property=\"og:image:height\" content=\"800\" \/>\n\t<meta property=\"og:image:type\" content=\"image\/webp\" \/>\n<meta name=\"twitter:card\" content=\"summary_large_image\" \/>\n<meta name=\"twitter:label1\" content=\"Ber\u00e4knad l\u00e4stid\" \/>\n\t<meta name=\"twitter:data1\" content=\"1 minut\" \/>\n<!-- \/ Yoast SEO plugin. -->","yoast_head_json":{"title":"TRUUSK Matningsstation f\u00f6r Upph\u00f6jda Fodersk\u00e5lar - Rostfritt St\u00e5l - 40,5 x 22 x 39 cm - Svart &amp; Silver - TRUUSK - Hem, Tr\u00e4dg\u00e5rd &amp; Fritid","robots":{"index":"index","follow":"follow","max-snippet":"max-snippet:-1","max-image-preview":"max-image-preview:large","max-video-preview":"max-video-preview:-1"},"canonical":"https:\/\/truusk.store\/sv\/produkt\/truusk-matningsstation-for-upphojda-foderskalar-rostfritt-stal-405-x-22-x-39-cm-svart-silver\/","og_locale":"sv_SE","og_type":"article","og_title":"TRUUSK Matningsstation f\u00f6r Upph\u00f6jda Fodersk\u00e5lar - Rostfritt St\u00e5l - 40,5 x 22 x 39 cm - Svart &amp; Silver - TRUUSK - Hem, Tr\u00e4dg\u00e5rd &amp; Fritid","og_description":"Med v\u00e5r f\u00f6rh\u00f6jda hundsk\u00e5l kan du sk\u00e4mma bort din fyrbenta v\u00e4n som en kung. Den justerbara h\u00f6jden ger en skr\u00e4ddarsydd...","og_url":"https:\/\/truusk.store\/sv\/produkt\/truusk-matningsstation-for-upphojda-foderskalar-rostfritt-stal-405-x-22-x-39-cm-svart-silver\/","og_site_name":"TRUUSK - Hem, Tr\u00e4dg\u00e5rd &amp; Fritid","article_modified_time":"2026-03-12T08:38:07+00:00","og_image":[{"width":800,"height":800,"url":"https:\/\/i0.wp.com\/truusk.se\/wp-content\/uploads\/2024\/02\/matningsstation-upphojda-foderskalar-foderskalar-av-rostfritt-stal-405-x-22-x-39-cm-svart-silver.webp?fit=800%2C800&ssl=1","type":"image\/webp"}],"twitter_card":"summary_large_image","twitter_misc":{"Ber\u00e4knad l\u00e4stid":"1 minut"},"schema":{"@context":"https:\/\/schema.org","@graph":[{"@type":"WebPage","@id":"https:\/\/truusk.store\/sv\/produkt\/truusk-matningsstation-for-upphojda-foderskalar-rostfritt-stal-405-x-22-x-39-cm-svart-silver\/","url":"https:\/\/truusk.store\/sv\/produkt\/truusk-matningsstation-for-upphojda-foderskalar-rostfritt-stal-405-x-22-x-39-cm-svart-silver\/","name":"TRUUSK Matningsstation f\u00f6r Upph\u00f6jda Fodersk\u00e5lar - Rostfritt St\u00e5l - 40,5 x 22 x 39 cm - Svart &amp; Silver - TRUUSK - Hem, Tr\u00e4dg\u00e5rd &amp; Fritid","isPartOf":{"@id":"https:\/\/truusk.store\/sv\/#website"},"primaryImageOfPage":{"@id":"https:\/\/truusk.store\/sv\/produkt\/truusk-matningsstation-for-upphojda-foderskalar-rostfritt-stal-405-x-22-x-39-cm-svart-silver\/#primaryimage"},"image":{"@id":"https:\/\/truusk.store\/sv\/produkt\/truusk-matningsstation-for-upphojda-foderskalar-rostfritt-stal-405-x-22-x-39-cm-svart-silver\/#primaryimage"},"thumbnailUrl":"https:\/\/i0.wp.com\/truusk.store\/wp-content\/uploads\/2024\/02\/matningsstation-upphojda-foderskalar-foderskalar-av-rostfritt-stal-405-x-22-x-39-cm-svart-silver.webp?fit=800%2C800&ssl=1","datePublished":"2024-02-14T07:15:19+00:00","dateModified":"2026-03-12T08:38:07+00:00","breadcrumb":{"@id":"https:\/\/truusk.store\/sv\/produkt\/truusk-matningsstation-for-upphojda-foderskalar-rostfritt-stal-405-x-22-x-39-cm-svart-silver\/#breadcrumb"},"inLanguage":"sv-SE","potentialAction":[{"@type":"ReadAction","target":["https:\/\/truusk.store\/sv\/produkt\/truusk-matningsstation-for-upphojda-foderskalar-rostfritt-stal-405-x-22-x-39-cm-svart-silver\/"]}]},{"@type":"ImageObject","inLanguage":"sv-SE","@id":"https:\/\/truusk.store\/sv\/produkt\/truusk-matningsstation-for-upphojda-foderskalar-rostfritt-stal-405-x-22-x-39-cm-svart-silver\/#primaryimage","url":"https:\/\/i0.wp.com\/truusk.store\/wp-content\/uploads\/2024\/02\/matningsstation-upphojda-foderskalar-foderskalar-av-rostfritt-stal-405-x-22-x-39-cm-svart-silver.webp?fit=800%2C800&ssl=1","contentUrl":"https:\/\/i0.wp.com\/truusk.store\/wp-content\/uploads\/2024\/02\/matningsstation-upphojda-foderskalar-foderskalar-av-rostfritt-stal-405-x-22-x-39-cm-svart-silver.webp?fit=800%2C800&ssl=1","width":800,"height":800,"caption":"Matningsstation Upph\u00f6jda Fodersk\u00e5lar, Fodersk\u00e5lar Av Rostfritt St\u00e5l, 40,5 X 22 X 39 Cm, Svart + Silver 1"},{"@type":"BreadcrumbList","@id":"https:\/\/truusk.store\/sv\/produkt\/truusk-matningsstation-for-upphojda-foderskalar-rostfritt-stal-405-x-22-x-39-cm-svart-silver\/#breadcrumb","itemListElement":[{"@type":"ListItem","position":1,"name":"Home","item":"https:\/\/truusk.store\/sv\/"},{"@type":"ListItem","position":2,"name":"Shop","item":"https:\/\/truusk.store\/shop\/"},{"@type":"ListItem","position":3,"name":"TRUUSK Matningsstation f\u00f6r Upph\u00f6jda Fodersk\u00e5lar &#8211; Rostfritt St\u00e5l &#8211; 40,5 x 22 x 39 cm &#8211; Svart &amp; Silver"}]},{"@type":"WebSite","@id":"https:\/\/truusk.store\/sv\/#website","url":"https:\/\/truusk.store\/sv\/","name":"TRUUSK - Hem, Tr\u00e4dg\u00e5rd & Fritid","description":"","publisher":{"@id":"https:\/\/truusk.store\/sv\/#organization"},"potentialAction":[{"@type":"SearchAction","target":{"@type":"EntryPoint","urlTemplate":"https:\/\/truusk.store\/sv\/?s={search_term_string}"},"query-input":{"@type":"PropertyValueSpecification","valueRequired":true,"valueName":"search_term_string"}}],"inLanguage":"sv-SE"},{"@type":"Organization","@id":"https:\/\/truusk.store\/sv\/#organization","name":"TRUUSK - Hem, Tr\u00e4dg\u00e5rd & Fritid","url":"https:\/\/truusk.store\/sv\/","logo":{"@type":"ImageObject","inLanguage":"sv-SE","@id":"https:\/\/truusk.store\/sv\/#\/schema\/logo\/image\/","url":"https:\/\/i0.wp.com\/truusk.store\/wp-content\/uploads\/2026\/03\/cropped-TRUUSK.png?fit=2032%2C917&ssl=1","contentUrl":"https:\/\/i0.wp.com\/truusk.store\/wp-content\/uploads\/2026\/03\/cropped-TRUUSK.png?fit=2032%2C917&ssl=1","width":2032,"height":917,"caption":"TRUUSK - Hem, Tr\u00e4dg\u00e5rd & Fritid"},"image":{"@id":"https:\/\/truusk.store\/sv\/#\/schema\/logo\/image\/"}}]}},"jetpack_sharing_enabled":true,"_links":{"self":[{"href":"https:\/\/truusk.store\/sv\/wp-json\/wp\/v2\/product\/48782","targetHints":{"allow":["GET"]}}],"collection":[{"href":"https:\/\/truusk.store\/sv\/wp-json\/wp\/v2\/product"}],"about":[{"href":"https:\/\/truusk.store\/sv\/wp-json\/wp\/v2\/types\/product"}],"wp:featuredmedia":[{"embeddable":true,"href":"https:\/\/truusk.store\/sv\/wp-json\/wp\/v2\/media\/48783"}],"wp:attachment":[{"href":"https:\/\/truusk.store\/sv\/wp-json\/wp\/v2\/media?parent=48782"}],"wp:term":[{"taxonomy":"product_brand","embeddable":true,"href":"https:\/\/truusk.store\/sv\/wp-json\/wp\/v2\/product_brand?post=48782"},{"taxonomy":"product_cat","embeddable":true,"href":"https:\/\/truusk.store\/sv\/wp-json\/wp\/v2\/product_cat?post=48782"},{"taxonomy":"product_tag","embeddable":true,"href":"https:\/\/truusk.store\/sv\/wp-json\/wp\/v2\/product_tag?post=48782"}],"curies":[{"name":"wp","href":"https:\/\/api.w.org\/{rel}","templated":true}]}}